{"id":2756,"date":"2018-09-09T22:57:01","date_gmt":"2018-09-09T21:57:01","guid":{"rendered":"http:\/\/greenchalets.com\/it\/?page_id=2756"},"modified":"2025-08-03T20:37:01","modified_gmt":"2025-08-03T19:37:01","slug":"chalets-saint-aygulf-type-a","status":"publish","type":"page","link":"https:\/\/greenchalets.com\/it\/chalets-saint-aygulf-type-a\/","title":{"rendered":"Chalets Saint Aygulf Type A"},"content":{"rendered":"<div class=\"fusion-fullwidth fullwidth-box fusion-builder-row-1 nonhundred-percent-fullwidth non-hundred-percent-height-scrolling\" style=\"--awb-border-radius-top-left:0px;--awb-border-radius-top-right:0px;--awb-border-radius-bottom-right:0px;--awb-border-radius-bottom-left:0px;--awb-flex-wrap:wrap;\" ><div class=\"fusion-builder-row fusion-row\"><div class=\"fusion-layout-column fusion_builder_column fusion-builder-column-0 fusion_builder_column_1_1 1_1 fusion-one-full fusion-column-first fusion-column-last\" style=\"--awb-bg-size:cover;--awb-margin-bottom:0px;\"><div class=\"fusion-column-wrapper fusion-flex-column-wrapper-legacy\">\n<div class=\"fusion-slider-revolution rev_slider_wrapper\">\t\t\t<!-- START Saint Aygulf REVOLUTION SLIDER 6.6.20 --><p class=\"rs-p-wp-fix\"><\/p>\n\t\t\t<rs-module-wrap id=\"rev_slider_15_1_wrapper\" data-source=\"gallery\" style=\"visibility:hidden;background:transparent;padding:0;margin:0px auto;margin-top:0;margin-bottom:0;\">\n\t\t\t\t<rs-module id=\"rev_slider_15_1\" style=\"\" data-version=\"6.6.20\">\n\t\t\t\t\t<rs-slides style=\"overflow: hidden; position: absolute;\">\n\t\t\t\t\t\t<rs-slide style=\"position: absolute;\" data-key=\"rs-26\" data-title=\"Slide\" data-anim=\"r:0;\" data-in=\"o:0;\" data-out=\"a:false;\">\n\t\t\t\t\t\t\t<img decoding=\"async\" src=\"\/\/greenchalets.com\/it\/wp-content\/plugins\/revslider\/public\/assets\/assets\/dummy.png\" alt=\"\" title=\"Chalets Saint Aygulf Type A\" class=\"rev-slidebg tp-rs-img rs-lazyload\" data-lazyload=\"\/\/greenchalets.com\/wp-content\/uploads\/2017\/11\/HOOFDFOTO-st-aygulf-strand-greenchalets-L-ws.jpg\" data-no-retina>\n<!--\n\t\t\t\t\t\t\t--><rs-layer\n\t\t\t\t\t\t\t\tid=\"slider-15-slide-26-layer-1\" \n\t\t\t\t\t\t\t\tclass=\"boxshadow\"\n\t\t\t\t\t\t\t\tdata-type=\"text\"\n\t\t\t\t\t\t\t\tdata-color=\"rgba(255, 255, 255, 1)\"\n\t\t\t\t\t\t\t\tdata-rsp_ch=\"on\"\n\t\t\t\t\t\t\t\tdata-xy=\"xo:18px;yo:166px;\"\n\t\t\t\t\t\t\t\tdata-text=\"w:normal;s:48;l:53;fw:600;\"\n\t\t\t\t\t\t\t\tdata-dim=\"w:313px;h:53px;\"\n\t\t\t\t\t\t\t\tdata-padding=\"l:5;\"\n\t\t\t\t\t\t\t\tdata-frame_0=\"tp:600;\"\n\t\t\t\t\t\t\t\tdata-frame_1=\"tp:600;e:power2.inOut;st:500;sR:500;\"\n\t\t\t\t\t\t\t\tdata-frame_999=\"o:0;tp:600;e:nothing;st:w;sR:8200;\"\n\t\t\t\t\t\t\t\tstyle=\"z-index:5;font-family:'Trebuchet MS', 'Helvetica', 'sans-serif';-moz-box-shadow:0px 0px 20px rgba(0, 0, 0, 0.5);-webkit-box-shadow:0px 0px 20px rgba(0, 0, 0, 0.5);box-shadow:0px 0px 20px rgba(0, 0, 0, 0.5);\"\n\t\t\t\t\t\t\t>COTE D'AZUR \n\t\t\t\t\t\t\t<\/rs-layer><!--\n\n\t\t\t\t\t\t\t--><rs-layer\n\t\t\t\t\t\t\t\tid=\"slider-15-slide-26-layer-2\" \n\t\t\t\t\t\t\t\tclass=\"boxshadow\"\n\t\t\t\t\t\t\t\tdata-type=\"text\"\n\t\t\t\t\t\t\t\tdata-color=\"rgba(255, 255, 255, 1)\"\n\t\t\t\t\t\t\t\tdata-rsp_ch=\"on\"\n\t\t\t\t\t\t\t\tdata-xy=\"xo:230px,230px,230px,245px;yo:237px,237px,237px,112px;\"\n\t\t\t\t\t\t\t\tdata-text=\"s:42;l:47;fw:900;a:center;\"\n\t\t\t\t\t\t\t\tdata-dim=\"w:295px,295px,295px,220px;\"\n\t\t\t\t\t\t\t\tdata-frame_0=\"tp:600;\"\n\t\t\t\t\t\t\t\tdata-frame_1=\"tp:600;e:power2.inOut;st:500;sR:500;\"\n\t\t\t\t\t\t\t\tdata-frame_999=\"o:0;tp:600;e:nothing;st:w;sR:8200;\"\n\t\t\t\t\t\t\t\tstyle=\"z-index:6;font-family:'Trebuchet MS', 'Helvetica', 'sans-serif';-moz-box-shadow:0px 0px 20px rgba(0, 0, 0, 0.5);-webkit-box-shadow:0px 0px 20px rgba(0, 0, 0, 0.5);box-shadow:0px 0px 20px rgba(0, 0, 0, 0.5);\"\n\t\t\t\t\t\t\t>SAINT AYGULF \n\t\t\t\t\t\t\t<\/rs-layer><!--\n-->\t\t\t\t\t\t<\/rs-slide>\n\t\t\t\t\t<\/rs-slides>\n\t\t\t\t<\/rs-module>\n\t\t\t\t<script>\n\t\t\t\t\tsetREVStartSize({c: 'rev_slider_15_1',rl:[1240,1024,778,480],el:[300,300,300,300],gw:[1600,1600,778,480],gh:[300,300,300,300],type:'standard',justify:'',layout:'fullwidth',mh:\"0\"});if (window.RS_MODULES!==undefined && window.RS_MODULES.modules!==undefined && window.RS_MODULES.modules[\"revslider151\"]!==undefined) {window.RS_MODULES.modules[\"revslider151\"].once = false;window.revapi15 = undefined;if (window.RS_MODULES.checkMinimal!==undefined) window.RS_MODULES.checkMinimal()}\n\t\t\t\t<\/script>\n\t\t\t<\/rs-module-wrap>\n\t\t\t<!-- END REVOLUTION SLIDER -->\n<\/div><div class=\"fusion-clearfix\"><\/div><\/div><\/div><div class=\"fusion-layout-column fusion_builder_column fusion-builder-column-1 fusion_builder_column_1_5 1_5 fusion-one-fifth fusion-column-first\" style=\"--awb-bg-size:cover;--awb-margin-top:30px;width:20%;width:calc(20% - ( ( 4% + 4% + 4% + 4% ) * 0.2 ) );margin-right: 4%;\"><div class=\"fusion-column-wrapper fusion-flex-column-wrapper-legacy\"><div class=\"fusion-image-element in-legacy-container\" style=\"--awb-caption-title-font-family:var(--h2_typography-font-family);--awb-caption-title-font-weight:var(--h2_typography-font-weight);--awb-caption-title-font-style:var(--h2_typography-font-style);--awb-caption-title-size:var(--h2_typography-font-size);--awb-caption-title-transform:var(--h2_typography-text-transform);--awb-caption-title-line-height:var(--h2_typography-line-height);--awb-caption-title-letter-spacing:var(--h2_typography-letter-spacing);\"><span class=\" fusion-imageframe imageframe-dropshadow imageframe-1 hover-type-none\" style=\"-webkit-box-shadow: 3px 3px 7px rgba(0,0,0,0.3);box-shadow: 3px 3px 7px rgba(0,0,0,0.3);\"><a href=\"https:\/\/greenchalets.com\/wp-content\/uploads\/2017\/11\/691-chalet-st-aygulf-Greenchalets.jpg\" class=\"fusion-lightbox\" data-rel=\"iLightbox[ac084a74857e2aba1e0]\"><img decoding=\"async\" alt=\"Chalets Saint Aygulf type A\" src=\"https:\/\/greenchalets.com\/wp-content\/uploads\/2017\/11\/691-chalet-st-aygulf-Greenchalets-LP-1024x768.jpg\" class=\"img-responsive\"\/><\/a><\/span><\/div><div class=\"fusion-clearfix\"><\/div><\/div><\/div><div class=\"fusion-layout-column fusion_builder_column fusion-builder-column-2 fusion_builder_column_1_5 1_5 fusion-one-fifth\" style=\"--awb-bg-size:cover;--awb-margin-top:30px;width:20%;width:calc(20% - ( ( 4% + 4% + 4% + 4% ) * 0.2 ) );margin-right: 4%;\"><div class=\"fusion-column-wrapper fusion-flex-column-wrapper-legacy\"><div class=\"fusion-image-element in-legacy-container\" style=\"--awb-caption-title-font-family:var(--h2_typography-font-family);--awb-caption-title-font-weight:var(--h2_typography-font-weight);--awb-caption-title-font-style:var(--h2_typography-font-style);--awb-caption-title-size:var(--h2_typography-font-size);--awb-caption-title-transform:var(--h2_typography-text-transform);--awb-caption-title-line-height:var(--h2_typography-line-height);--awb-caption-title-letter-spacing:var(--h2_typography-letter-spacing);\"><span class=\" fusion-imageframe imageframe-dropshadow imageframe-2 hover-type-none\" style=\"-webkit-box-shadow: 3px 3px 7px rgba(0,0,0,0.3);box-shadow: 3px 3px 7px rgba(0,0,0,0.3);\"><a href=\"https:\/\/greenchalets.com\/wp-content\/uploads\/2017\/11\/chalet-st-aygulf-veranda-6-pers..jpg\" class=\"fusion-lightbox\" data-rel=\"iLightbox[6e799631cd3be60bf45]\"><img decoding=\"async\" alt=\"Chalets Saint Aygulf type A\" src=\"https:\/\/greenchalets.com\/wp-content\/uploads\/2017\/11\/chalet-st-aygulf-veranda-6-pers.-LP-1024x768.jpg\" class=\"img-responsive\"\/><\/a><\/span><\/div><div class=\"fusion-clearfix\"><\/div><\/div><\/div><div class=\"fusion-layout-column fusion_builder_column fusion-builder-column-3 fusion_builder_column_1_5 1_5 fusion-one-fifth\" style=\"--awb-bg-size:cover;--awb-margin-top:30px;width:20%;width:calc(20% - ( ( 4% + 4% + 4% + 4% ) * 0.2 ) );margin-right: 4%;\"><div class=\"fusion-column-wrapper fusion-flex-column-wrapper-legacy\"><div class=\"fusion-image-element in-legacy-container\" style=\"--awb-caption-title-font-family:var(--h2_typography-font-family);--awb-caption-title-font-weight:var(--h2_typography-font-weight);--awb-caption-title-font-style:var(--h2_typography-font-style);--awb-caption-title-size:var(--h2_typography-font-size);--awb-caption-title-transform:var(--h2_typography-text-transform);--awb-caption-title-line-height:var(--h2_typography-line-height);--awb-caption-title-letter-spacing:var(--h2_typography-letter-spacing);\"><span class=\" fusion-imageframe imageframe-dropshadow imageframe-3 hover-type-none\" style=\"-webkit-box-shadow: 3px 3px 7px rgba(0,0,0,0.3);box-shadow: 3px 3px 7px rgba(0,0,0,0.3);\"><a href=\"https:\/\/greenchalets.com\/wp-content\/uploads\/2017\/11\/ch-st-aygulf-plage-keuken-6-pers.-greenchalets-L-ws.jpg\" class=\"fusion-lightbox\" data-rel=\"iLightbox[904b2ff9c743ff41a6b]\"><img decoding=\"async\" alt=\"Chalets Saint Aygulf type A\" src=\"https:\/\/greenchalets.com\/wp-content\/uploads\/2017\/11\/ch-st-aygulf-plage-keuken-6-pers.-greenchalets-L-ws-LP-1024x768.jpg\" class=\"img-responsive\"\/><\/a><\/span><\/div><div class=\"fusion-clearfix\"><\/div><\/div><\/div><div class=\"fusion-layout-column fusion_builder_column fusion-builder-column-4 fusion_builder_column_1_5 1_5 fusion-one-fifth\" style=\"--awb-bg-size:cover;--awb-margin-top:30px;width:20%;width:calc(20% - ( ( 4% + 4% + 4% + 4% ) * 0.2 ) );margin-right: 4%;\"><div class=\"fusion-column-wrapper fusion-flex-column-wrapper-legacy\"><div class=\"fusion-image-element in-legacy-container\" style=\"--awb-caption-title-font-family:var(--h2_typography-font-family);--awb-caption-title-font-weight:var(--h2_typography-font-weight);--awb-caption-title-font-style:var(--h2_typography-font-style);--awb-caption-title-size:var(--h2_typography-font-size);--awb-caption-title-transform:var(--h2_typography-text-transform);--awb-caption-title-line-height:var(--h2_typography-line-height);--awb-caption-title-letter-spacing:var(--h2_typography-letter-spacing);\"><span class=\" fusion-imageframe imageframe-dropshadow imageframe-4 hover-type-none\" style=\"-webkit-box-shadow: 3px 3px 7px rgba(0,0,0,0.3);box-shadow: 3px 3px 7px rgba(0,0,0,0.3);\"><a href=\"https:\/\/greenchalets.com\/wp-content\/uploads\/2017\/11\/ch-st-aygulf-plage-badkamer-6-pers.-L-ws.jpg\" class=\"fusion-lightbox\" data-rel=\"iLightbox[ac5857391c00c8d3495]\"><img decoding=\"async\" alt=\"Chalets Saint Aygulf type A\" src=\"https:\/\/greenchalets.com\/wp-content\/uploads\/2017\/11\/ch-st-aygulf-plage-badkamer-6-pers.-L-ws-LP-1024x768.jpg\" class=\"img-responsive\"\/><\/a><\/span><\/div><div class=\"fusion-clearfix\"><\/div><\/div><\/div><div class=\"fusion-layout-column fusion_builder_column fusion-builder-column-5 fusion_builder_column_1_5 1_5 fusion-one-fifth fusion-column-last\" style=\"--awb-bg-size:cover;--awb-margin-top:30px;width:20%;width:calc(20% - ( ( 4% + 4% + 4% + 4% ) * 0.2 ) );\"><div class=\"fusion-column-wrapper fusion-flex-column-wrapper-legacy\"><div class=\"fusion-image-element in-legacy-container\" style=\"--awb-caption-title-font-family:var(--h2_typography-font-family);--awb-caption-title-font-weight:var(--h2_typography-font-weight);--awb-caption-title-font-style:var(--h2_typography-font-style);--awb-caption-title-size:var(--h2_typography-font-size);--awb-caption-title-transform:var(--h2_typography-text-transform);--awb-caption-title-line-height:var(--h2_typography-line-height);--awb-caption-title-letter-spacing:var(--h2_typography-letter-spacing);\"><span class=\" fusion-imageframe imageframe-dropshadow imageframe-5 hover-type-none\" style=\"-webkit-box-shadow: 3px 3px 7px rgba(0,0,0,0.3);box-shadow: 3px 3px 7px rgba(0,0,0,0.3);\"><a href=\"https:\/\/greenchalets.com\/wp-content\/uploads\/2017\/11\/ch-st-aygulf-plage-slk-2-3-6-pers-greenchalets.jpg\" class=\"fusion-lightbox\" data-rel=\"iLightbox[84281f6ce8d66b2fbce]\"><img decoding=\"async\" alt=\"Chalets Saint Aygulf type A\" src=\"https:\/\/greenchalets.com\/wp-content\/uploads\/2017\/11\/ch-st-aygulf-plage-slk-2-3-6-pers-greenchalets-LP-1024x768.jpg\" class=\"img-responsive\"\/><\/a><\/span><\/div><div class=\"fusion-clearfix\"><\/div><\/div><\/div><div class=\"fusion-layout-column fusion_builder_column fusion-builder-column-6 fusion_builder_column_1_4 1_4 fusion-one-fourth fusion-column-first\" style=\"--awb-bg-size:cover;width:25%;width:calc(25% - ( ( 4% ) * 0.25 ) );margin-right: 4%;\"><div class=\"fusion-column-wrapper fusion-flex-column-wrapper-legacy\"><div class=\"fusion-text fusion-text-1\"><p><a href=\"https:\/\/www.facebook.com\/greenchalets\" target=\"_blank\" rel=\"noopener noreferrer\"><img decoding=\"async\" class=\"alignnone size-full wp-image-696\" src=\"https:\/\/greenchalets.com\/wp-content\/uploads\/2016\/01\/facebook.png\" alt=\"facebook\" \/><\/a><\/p>\n<\/div><div class=\"fusion-text fusion-text-2\"><p><a href=\"https:\/\/greenchalets.com\/it\/prices-saint-aygulf\/\"><img decoding=\"async\" class=\"alignnone wp-image-5589 size-full\" src=\"https:\/\/greenchalets.com\/wp-content\/uploads\/sites\/5\/2016\/01\/ArrowIT-Prix.png\" alt=\"ArrowNL\" width=\"121\" height=\"35\" \/><\/a><\/p>\n<p><a href=\"https:\/\/greenchalets.com\/it\/contatto-greenchalets-italia\/\"><img decoding=\"async\" class=\"alignnone wp-image-5589 size-full\" src=\"https:\/\/greenchalets.com\/wp-content\/uploads\/sites\/5\/2016\/01\/ArrowIT-Ora-Riserva.png\" alt=\"ArrowFR\" width=\"121\" height=\"35\" \/><\/a><\/p>\n<\/div><div class=\"fusion-widget-area awb-widget-area-element fusion-widget-area-1 fusion-content-widget-area\" style=\"--awb-title-size:13px;--awb-title-color:#318d08;--awb-padding:0px 0px 0px 0px;\"><div id=\"nav_menu-8\" class=\"widget widget_nav_menu\"><div class=\"menu-page-menu-saint-aygulf-it-container\"><ul id=\"menu-page-menu-saint-aygulf-it\" class=\"menu\"><li id=\"menu-item-2765\" class=\"menu-item menu-item-type-post_type menu-item-object-page menu-item-2765\"><a href=\"https:\/\/greenchalets.com\/it\/chalets-saint-aygulf-type-a\/\">Saint Aygulf chalet A<\/a><\/li>\n<li id=\"menu-item-2768\" class=\"menu-item menu-item-type-post_type menu-item-object-page menu-item-2768\"><a href=\"https:\/\/greenchalets.com\/it\/casa-mobile-st-aygulf-type-s\/\">Saint Aygulf casa mobile S<\/a><\/li>\n<li id=\"menu-item-2764\" class=\"menu-item menu-item-type-post_type menu-item-object-page menu-item-2764\"><a href=\"https:\/\/greenchalets.com\/it\/campeggio-saint-aygulf-plage-cote-dazur\/\">Campeggio Saint Aygulf plage<\/a><\/li>\n<li id=\"menu-item-2767\" class=\"menu-item menu-item-type-post_type menu-item-object-page menu-item-2767\"><a href=\"https:\/\/greenchalets.com\/it\/posizione-greenchalets-saint-aygulf\/\">Posizione Greenchalets Saint Aygulf<\/a><\/li>\n<li id=\"menu-item-2766\" class=\"menu-item menu-item-type-post_type menu-item-object-page menu-item-2766\"><a href=\"https:\/\/greenchalets.com\/it\/dintorni-saint-aygulf\/\">Dintorni del Saint Aygulf<\/a><\/li>\n<\/ul><\/div><\/div><div class=\"fusion-additional-widget-content\"><\/div><\/div><div class=\"fusion-clearfix\"><\/div><\/div><\/div><div class=\"fusion-layout-column fusion_builder_column fusion-builder-column-7 fusion_builder_column_2_3 2_3 fusion-two-third fusion-column-last\" style=\"--awb-bg-size:cover;width:66.666666666667%;width:calc(66.666666666667% - ( ( 4% ) * 0.66666666666667 ) );\"><div class=\"fusion-column-wrapper fusion-flex-column-wrapper-legacy\"><div class=\"fusion-text fusion-text-3\"><h1>CHALETS SAINT AYGULF TYPE A<\/h1>\n<\/div><div class=\"fusion-builder-row fusion-builder-row-inner fusion-row\"><div class=\"fusion-layout-column fusion_builder_column_inner fusion-builder-nested-column-0 fusion_builder_column_inner_1_2 1_2 fusion-one-half fusion-column-first\" style=\"--awb-bg-size:cover;width:50%;width:calc(50% - ( ( 4% ) * 0.5 ) );margin-right: 4%;\"><div class=\"fusion-column-wrapper fusion-flex-column-wrapper-legacy\"><div class=\"fusion-text fusion-text-4\"><p><strong>Chalet di lusso per 6 persone in spaziosi.<\/strong><\/p>\n<p>Tutti gli chalet di Greenchalets sono su un campo sopraelevato che si affaccia sul bellissimo campeggio. La posizione \u00e8 centrale e in aggiunta tutte le strutture sono raggiungibili a piedi. D&#8217;altra parte, \u00e8 una buona distanza dal ristorante e dai bar, che ti d\u00e0 una buona notte di sonno.<\/p>\n<p>Chalet di classificazione Saint Aygulf di tipo A<\/p>\n<p>Gli chalet Saint Aygulf di tipo A sono dotati di ogni comfort e completamente attrezzati per 6 persone. Non solo gli chalet hanno il proprio bagno con doccia, toilette e lavandino, ma questo tipo ha anche un soggiorno con cucina a vista. Ci sono tre camere da letto e c&#8217;\u00e8 anche una grande veranda coperta con sala da pranzo e salotto. Ti vedi seduto?<\/p>\n<p>Come le case mobili Saint Aygulf di tipo S, gli chalet del tipo A Saint Aygulf dispongono tutti di aria condizionata. Inoltre, \u00e8 possibile parcheggiare proprio accanto al residence a causa delle ampie piazzole attorno allo chalet.<\/p>\n<\/div><div class=\"fusion-clearfix\"><\/div><\/div><\/div><div class=\"fusion-layout-column fusion_builder_column_inner fusion-builder-nested-column-1 fusion_builder_column_inner_1_2 1_2 fusion-one-half fusion-column-last\" style=\"--awb-bg-size:cover;width:50%;width:calc(50% - ( ( 4% ) * 0.5 ) );\"><div class=\"fusion-column-wrapper fusion-flex-column-wrapper-legacy\"><div class=\"fusion-text fusion-text-5\"><p><strong>Informazioni pratiche Greenchalets<\/strong><\/p>\n<p>Tutti gli chalet sono completamente attrezzati per 6 persone e comprendono: piumoni (tutti 1 persona), cuscini, macchina da caff\u00e8 standard, bollitore, forno a microonde e aria condizionata (a pagamento). In termini di mobili da giardino, c&#8217;\u00e8 un tavolo, sedie, un set da salotto, due sedie a sdraio e un appendiabiti.<\/p>\n<\/div><div class=\"fusion-clearfix\"><\/div><\/div><\/div><\/div><div class=\"fusion-clearfix\"><\/div><\/div><\/div><\/div><\/div>\n","protected":false},"excerpt":{"rendered":"","protected":false},"author":3,"featured_media":0,"parent":0,"menu_order":0,"comment_status":"closed","ping_status":"closed","template":"","meta":{"footnotes":""},"class_list":["post-2756","page","type-page","status-publish","hentry"],"yoast_head":"<!-- This site is optimized with the Yoast SEO plugin v27.4 - https:\/\/yoast.com\/product\/yoast-seo-wordpress\/ -->\n<title>Chalets Saint Aygulf Type A - Greenchalets IT<\/title>\n<meta name=\"robots\" content=\"index, follow, max-snippet:-1, max-image-preview:large, max-video-preview:-1\" \/>\n<link rel=\"canonical\" href=\"https:\/\/greenchalets.com\/it\/chalets-saint-aygulf-type-a\/\" \/>\n<meta property=\"og:locale\" content=\"nl_NL\" \/>\n<meta property=\"og:type\" content=\"article\" \/>\n<meta property=\"og:title\" content=\"Chalets Saint Aygulf Type A - Greenchalets IT\" \/>\n<meta property=\"og:url\" content=\"https:\/\/greenchalets.com\/it\/chalets-saint-aygulf-type-a\/\" \/>\n<meta property=\"og:site_name\" content=\"Greenchalets IT\" \/>\n<meta property=\"article:modified_time\" content=\"2025-08-03T19:37:01+00:00\" \/>\n<meta property=\"og:image\" content=\"https:\/\/greenchalets.com\/wp-content\/uploads\/2016\/01\/facebook.png\" \/>\n<meta name=\"twitter:card\" content=\"summary_large_image\" \/>\n<meta name=\"twitter:label1\" content=\"Geschatte leestijd\" \/>\n\t<meta name=\"twitter:data1\" content=\"4 minuten\" \/>\n<script type=\"application\/ld+json\" class=\"yoast-schema-graph\">{\"@context\":\"https:\\\/\\\/schema.org\",\"@graph\":[{\"@type\":\"WebPage\",\"@id\":\"https:\\\/\\\/greenchalets.com\\\/it\\\/chalets-saint-aygulf-type-a\\\/\",\"url\":\"https:\\\/\\\/greenchalets.com\\\/it\\\/chalets-saint-aygulf-type-a\\\/\",\"name\":\"Chalets Saint Aygulf Type A - Greenchalets IT\",\"isPartOf\":{\"@id\":\"https:\\\/\\\/greenchalets.com\\\/it\\\/#website\"},\"primaryImageOfPage\":{\"@id\":\"https:\\\/\\\/greenchalets.com\\\/it\\\/chalets-saint-aygulf-type-a\\\/#primaryimage\"},\"image\":{\"@id\":\"https:\\\/\\\/greenchalets.com\\\/it\\\/chalets-saint-aygulf-type-a\\\/#primaryimage\"},\"thumbnailUrl\":\"https:\\\/\\\/greenchalets.com\\\/wp-content\\\/uploads\\\/2016\\\/01\\\/facebook.png\",\"datePublished\":\"2018-09-09T21:57:01+00:00\",\"dateModified\":\"2025-08-03T19:37:01+00:00\",\"breadcrumb\":{\"@id\":\"https:\\\/\\\/greenchalets.com\\\/it\\\/chalets-saint-aygulf-type-a\\\/#breadcrumb\"},\"inLanguage\":\"nl-NL\",\"potentialAction\":[{\"@type\":\"ReadAction\",\"target\":[\"https:\\\/\\\/greenchalets.com\\\/it\\\/chalets-saint-aygulf-type-a\\\/\"]}]},{\"@type\":\"ImageObject\",\"inLanguage\":\"nl-NL\",\"@id\":\"https:\\\/\\\/greenchalets.com\\\/it\\\/chalets-saint-aygulf-type-a\\\/#primaryimage\",\"url\":\"https:\\\/\\\/greenchalets.com\\\/wp-content\\\/uploads\\\/2016\\\/01\\\/facebook.png\",\"contentUrl\":\"https:\\\/\\\/greenchalets.com\\\/wp-content\\\/uploads\\\/2016\\\/01\\\/facebook.png\"},{\"@type\":\"BreadcrumbList\",\"@id\":\"https:\\\/\\\/greenchalets.com\\\/it\\\/chalets-saint-aygulf-type-a\\\/#breadcrumb\",\"itemListElement\":[{\"@type\":\"ListItem\",\"position\":1,\"name\":\"Home\",\"item\":\"https:\\\/\\\/greenchalets.com\\\/it\\\/\"},{\"@type\":\"ListItem\",\"position\":2,\"name\":\"Chalets Saint Aygulf Type A\"}]},{\"@type\":\"WebSite\",\"@id\":\"https:\\\/\\\/greenchalets.com\\\/it\\\/#website\",\"url\":\"https:\\\/\\\/greenchalets.com\\\/it\\\/\",\"name\":\"Greenchalets IT\",\"description\":\"Greenchalets Vacanze in campeggio case mobili\",\"potentialAction\":[{\"@type\":\"SearchAction\",\"target\":{\"@type\":\"EntryPoint\",\"urlTemplate\":\"https:\\\/\\\/greenchalets.com\\\/it\\\/?s={search_term_string}\"},\"query-input\":{\"@type\":\"PropertyValueSpecification\",\"valueRequired\":true,\"valueName\":\"search_term_string\"}}],\"inLanguage\":\"nl-NL\"}]}<\/script>\n<!-- \/ Yoast SEO plugin. -->","yoast_head_json":{"title":"Chalets Saint Aygulf Type A - Greenchalets IT","robots":{"index":"index","follow":"follow","max-snippet":"max-snippet:-1","max-image-preview":"max-image-preview:large","max-video-preview":"max-video-preview:-1"},"canonical":"https:\/\/greenchalets.com\/it\/chalets-saint-aygulf-type-a\/","og_locale":"nl_NL","og_type":"article","og_title":"Chalets Saint Aygulf Type A - Greenchalets IT","og_url":"https:\/\/greenchalets.com\/it\/chalets-saint-aygulf-type-a\/","og_site_name":"Greenchalets IT","article_modified_time":"2025-08-03T19:37:01+00:00","og_image":[{"url":"https:\/\/greenchalets.com\/wp-content\/uploads\/2016\/01\/facebook.png","type":"","width":"","height":""}],"twitter_card":"summary_large_image","twitter_misc":{"Geschatte leestijd":"4 minuten"},"schema":{"@context":"https:\/\/schema.org","@graph":[{"@type":"WebPage","@id":"https:\/\/greenchalets.com\/it\/chalets-saint-aygulf-type-a\/","url":"https:\/\/greenchalets.com\/it\/chalets-saint-aygulf-type-a\/","name":"Chalets Saint Aygulf Type A - Greenchalets IT","isPartOf":{"@id":"https:\/\/greenchalets.com\/it\/#website"},"primaryImageOfPage":{"@id":"https:\/\/greenchalets.com\/it\/chalets-saint-aygulf-type-a\/#primaryimage"},"image":{"@id":"https:\/\/greenchalets.com\/it\/chalets-saint-aygulf-type-a\/#primaryimage"},"thumbnailUrl":"https:\/\/greenchalets.com\/wp-content\/uploads\/2016\/01\/facebook.png","datePublished":"2018-09-09T21:57:01+00:00","dateModified":"2025-08-03T19:37:01+00:00","breadcrumb":{"@id":"https:\/\/greenchalets.com\/it\/chalets-saint-aygulf-type-a\/#breadcrumb"},"inLanguage":"nl-NL","potentialAction":[{"@type":"ReadAction","target":["https:\/\/greenchalets.com\/it\/chalets-saint-aygulf-type-a\/"]}]},{"@type":"ImageObject","inLanguage":"nl-NL","@id":"https:\/\/greenchalets.com\/it\/chalets-saint-aygulf-type-a\/#primaryimage","url":"https:\/\/greenchalets.com\/wp-content\/uploads\/2016\/01\/facebook.png","contentUrl":"https:\/\/greenchalets.com\/wp-content\/uploads\/2016\/01\/facebook.png"},{"@type":"BreadcrumbList","@id":"https:\/\/greenchalets.com\/it\/chalets-saint-aygulf-type-a\/#breadcrumb","itemListElement":[{"@type":"ListItem","position":1,"name":"Home","item":"https:\/\/greenchalets.com\/it\/"},{"@type":"ListItem","position":2,"name":"Chalets Saint Aygulf Type A"}]},{"@type":"WebSite","@id":"https:\/\/greenchalets.com\/it\/#website","url":"https:\/\/greenchalets.com\/it\/","name":"Greenchalets IT","description":"Greenchalets Vacanze in campeggio case mobili","potentialAction":[{"@type":"SearchAction","target":{"@type":"EntryPoint","urlTemplate":"https:\/\/greenchalets.com\/it\/?s={search_term_string}"},"query-input":{"@type":"PropertyValueSpecification","valueRequired":true,"valueName":"search_term_string"}}],"inLanguage":"nl-NL"}]}},"_links":{"self":[{"href":"https:\/\/greenchalets.com\/it\/wp-json\/wp\/v2\/pages\/2756","targetHints":{"allow":["GET"]}}],"collection":[{"href":"https:\/\/greenchalets.com\/it\/wp-json\/wp\/v2\/pages"}],"about":[{"href":"https:\/\/greenchalets.com\/it\/wp-json\/wp\/v2\/types\/page"}],"author":[{"embeddable":true,"href":"https:\/\/greenchalets.com\/it\/wp-json\/wp\/v2\/users\/3"}],"replies":[{"embeddable":true,"href":"https:\/\/greenchalets.com\/it\/wp-json\/wp\/v2\/comments?post=2756"}],"version-history":[{"count":0,"href":"https:\/\/greenchalets.com\/it\/wp-json\/wp\/v2\/pages\/2756\/revisions"}],"wp:attachment":[{"href":"https:\/\/greenchalets.com\/it\/wp-json\/wp\/v2\/media?parent=2756"}],"curies":[{"name":"wp","href":"https:\/\/api.w.org\/{rel}","templated":true}]}}