{"id":62,"date":"2015-12-16T21:27:22","date_gmt":"2015-12-16T21:27:22","guid":{"rendered":"http:\/\/greenchalets.com\/?page_id=62"},"modified":"2025-03-23T12:47:46","modified_gmt":"2025-03-23T11:47:46","slug":"methode","status":"publish","type":"page","link":"https:\/\/greenchalets.com\/fr\/methode\/","title":{"rendered":"Methode Greenchalets"},"content":{"rendered":"<div class=\"fusion-fullwidth fullwidth-box fusion-builder-row-1 nonhundred-percent-fullwidth non-hundred-percent-height-scrolling\" style=\"--awb-border-radius-top-left:0px;--awb-border-radius-top-right:0px;--awb-border-radius-bottom-right:0px;--awb-border-radius-bottom-left:0px;--awb-flex-wrap:wrap;\" ><div class=\"fusion-builder-row fusion-row\"><div class=\"fusion-layout-column fusion_builder_column fusion-builder-column-0 fusion_builder_column_1_1 1_1 fusion-one-full fusion-column-first fusion-column-last\" style=\"--awb-bg-size:cover;--awb-margin-bottom:0px;\"><div class=\"fusion-column-wrapper fusion-flex-column-wrapper-legacy\">\n<div class=\"fusion-slider-revolution rev_slider_wrapper\">\t\t\t<!-- START Werkwijze REVOLUTION SLIDER 6.6.20 --><p class=\"rs-p-wp-fix\"><\/p>\n\t\t\t<rs-module-wrap id=\"rev_slider_6_1_wrapper\" data-source=\"gallery\" style=\"visibility:hidden;background:transparent;padding:0;margin:0px auto;margin-top:0;margin-bottom:0;\">\n\t\t\t\t<rs-module id=\"rev_slider_6_1\" style=\"\" data-version=\"6.6.20\">\n\t\t\t\t\t<rs-slides style=\"overflow: hidden; position: absolute;\">\n\t\t\t\t\t\t<rs-slide style=\"position: absolute;\" data-key=\"rs-8\" data-title=\"Slide\" data-anim=\"adpr:false;\">\n\t\t\t\t\t\t\t<img decoding=\"async\" src=\"\/\/greenchalets.com\/fr\/wp-content\/plugins\/revslider\/public\/assets\/assets\/dummy.png\" alt=\"\" title=\"Werkwijze-slider\" width=\"2048\" height=\"502\" class=\"rev-slidebg tp-rs-img rs-lazyload\" data-lazyload=\"\/\/greenchalets.com\/fr\/wp-content\/uploads\/sites\/4\/2016\/08\/Werkwijze-slider.jpg\" data-no-retina>\n<!---->\t\t\t\t\t\t<\/rs-slide>\n\t\t\t\t\t<\/rs-slides>\n\t\t\t\t<\/rs-module>\n\t\t\t\t<script>\n\t\t\t\t\tsetREVStartSize({c: 'rev_slider_6_1',rl:[1240,1024,778,480],el:[],gw:[1600,1600,778,480],gh:[355,355,300,300],type:'standard',justify:'',layout:'fullwidth',mh:\"0\"});if (window.RS_MODULES!==undefined && window.RS_MODULES.modules!==undefined && window.RS_MODULES.modules[\"revslider61\"]!==undefined) {window.RS_MODULES.modules[\"revslider61\"].once = false;window.revapi6 = undefined;if (window.RS_MODULES.checkMinimal!==undefined) window.RS_MODULES.checkMinimal()}\n\t\t\t\t<\/script>\n\t\t\t<\/rs-module-wrap>\n\t\t\t<!-- END REVOLUTION SLIDER -->\n<\/div><div class=\"fusion-clearfix\"><\/div><\/div><\/div><div class=\"fusion-layout-column fusion_builder_column fusion-builder-column-1 fusion_builder_column_2_3 2_3 fusion-two-third fusion-column-first\" style=\"--awb-bg-size:cover;width:66.666666666667%;width:calc(66.666666666667% - ( ( 4% ) * 0.66666666666667 ) );margin-right: 4%;\"><div class=\"fusion-column-wrapper fusion-flex-column-wrapper-legacy\"><div class=\"fusion-text fusion-text-1\"><h1>M\u00c9THODE Greenchalets<\/h1>\n<\/div><div class=\"fusion-clearfix\"><\/div><\/div><\/div><div class=\"fusion-layout-column fusion_builder_column fusion-builder-column-2 fusion_builder_column_1_3 1_3 fusion-one-third fusion-column-last\" style=\"--awb-bg-size:cover;width:33.333333333333%;width:calc(33.333333333333% - ( ( 4% ) * 0.33333333333333 ) );\"><div class=\"fusion-column-wrapper fusion-flex-column-wrapper-legacy\"><div class=\"fusion-clearfix\"><\/div><\/div><\/div><div class=\"fusion-layout-column fusion_builder_column fusion-builder-column-3 fusion_builder_column_1_3 1_3 fusion-one-third fusion-column-first\" style=\"--awb-bg-size:cover;width:33.333333333333%;width:calc(33.333333333333% - ( ( 4% + 4% ) * 0.33333333333333 ) );margin-right: 4%;\"><div class=\"fusion-column-wrapper fusion-flex-column-wrapper-legacy\"><div class=\"fusion-text fusion-text-2\"><p>Arriv\u00e9e et d\u00e9part quotidien est possible tout au long de la saison.<br \/>\nLe nettoyage finale est obligatoire pour toute la saison.<br \/>\nLes frais sont de \u20ac 75, &#8211; par emplacement.<\/p>\n<p>Toutes les chambres disposent de 5 pi\u00e8ces uniques de couettes \/ couvertures et d&#8217;oreillers.<br \/>\nVous devez prendre vos draps housse, housses de couette, taies d&#8217;oreiller et serviettes de bain ou les louer pour 12,- \u20ac par personne (r\u00e9server \u00e0 l&#8217;avance).<br \/>\nVous louez le chalet \u00e0 l&#8217;arriv\u00e9e, en principe, \u00e0 partir de 16h00. Le jour du d\u00e9part, vous devez partir du chalet avant 10h00.<br \/>\n\u00c0 l&#8217;arriv\u00e9e, vous devez payer max 1,- \u20ac, une taxe de s\u00e9jour &#8211; par adulte et par nuit. les enfants de moins de 14 ans ne doivent pas payer.<br \/>\nIl est possible de r\u00e9server un lit pour enfant et \/ ou une chaise haute.<br \/>\nTous les logements disposent d&#8217;une machine \u00e0 caf\u00e9 standard.<\/p>\n<\/div><div class=\"fusion-clearfix\"><\/div><\/div><\/div><div class=\"fusion-layout-column fusion_builder_column fusion-builder-column-4 fusion_builder_column_1_3 1_3 fusion-one-third\" style=\"--awb-bg-size:cover;width:33.333333333333%;width:calc(33.333333333333% - ( ( 4% + 4% ) * 0.33333333333333 ) );margin-right: 4%;\"><div class=\"fusion-column-wrapper fusion-flex-column-wrapper-legacy\"><div class=\"fusion-text fusion-text-3\"><p>Les prix sont bas\u00e9s sur un maximum de 5 personnes. La charge pour une personne suppl\u00e9mentaire est de \u20ac 5, &#8211; par nuit.<br \/>\nDans certains chalets, les animaux sont accept\u00e9s pour \u20ac 5, &#8211; par nuit. Certains campings demandent une contribution suppl\u00e9mentaire \u00e0 l&#8217;enregistrement si vous vous enregistrez avec un animal de compagnie.<\/p>\n<p><strong>R\u00e9servation \/ Paiement<\/strong><br \/>\nVous pouvez r\u00e9server par mail ou par t\u00e9l\u00e9phone.<br \/>\nVotre r\u00e9servation est faite apr\u00e8s confirmation par mail.<br \/>\nD\u00e8s r\u00e9ception de la r\u00e9servation, nous vous demandons de payer (avec un minimum de \u20ac 100, -) un d\u00e9p\u00f4t de 25% du totale. Le solde doit \u00eatre pay\u00e9 4 semaines avant le d\u00e9part.<br \/>\nApr\u00e8s le paiement de la totalit\u00e9 du montant vous recevrez une preuve de la r\u00e9servation. Vous donnez cela \u00e0 la r\u00e9ception du camping.<br \/>\nL&#8217;employ\u00e9 de la r\u00e9ception vous donnera les cl\u00e9s du chalet, apr\u00e8s avoir d\u00e9pos\u00e9 100 \u20ac d&#8217;acompte.<br \/>\nVous pouvez arriver jusqu&#8217;\u00e0 20 heures au camping.<br \/>\nNous vous souhaitons un agr\u00e9able s\u00e9jour dans un de nos chalets!<\/p>\n<\/div><div class=\"fusion-clearfix\"><\/div><\/div><\/div><div class=\"fusion-layout-column fusion_builder_column fusion-builder-column-5 fusion_builder_column_1_4 1_4 fusion-one-fourth fusion-column-last\" style=\"--awb-bg-size:cover;width:25%;width:calc(25% - ( ( 4% + 4% ) * 0.25 ) );\"><div class=\"fusion-column-wrapper fusion-flex-column-wrapper-legacy\"><div class=\"fusion-text fusion-text-4\"><p><a href=\"https:\/\/www.facebook.com\/greenchalets\" target=\"_blank\" rel=\"noopener noreferrer\"><img decoding=\"async\" class=\"alignnone size-full wp-image-696\" src=\"https:\/\/greenchalets.com\/wp-content\/uploads\/2016\/01\/facebook.png\" alt=\"facebook\" \/><\/a><\/p>\n<\/div><div class=\"fusion-text fusion-text-5\"><p><a href=\"https:\/\/www.greenchalets.com\/fr\/contact\/\"><img decoding=\"async\" class=\"alignnone size-full wp-image-5589\" src=\"https:\/\/greenchalets.com\/wp-content\/uploads\/sites\/4\/2016\/01\/ArrowFR.png\" alt=\"ArrowFR\" width=\"121\" height=\"35\" \/><\/a><\/p>\n<\/div><div class=\"fusion-clearfix\"><\/div><\/div><\/div><div class=\"fusion-layout-column fusion_builder_column fusion-builder-column-6 fusion_builder_column_2_3 2_3 fusion-two-third fusion-column-first\" style=\"--awb-bg-size:cover;width:66.666666666667%;width:calc(66.666666666667% - ( ( 4% ) * 0.66666666666667 ) );margin-right: 4%;\"><div class=\"fusion-column-wrapper fusion-flex-column-wrapper-legacy\"><div class=\"fusion-text fusion-text-6\"><h2>GREENCHALETS<\/h2>\n<p>Pour les chalets et les mobiles homes sur la belle Lago di Lugano dans la r\u00e9gion italienne en Toscane sur la M\u00e9diterran\u00e9e et \u00e0 Roquebrune sur Argens sur la C\u00f4te d&#8217;Azur. Pour les r\u00e9servations, s&#8217;il vous pla\u00eet utiliser notre adresse e-mail <a href=\"mailto:info@greenchalets.com\">info@greenchalets.com<\/a> ou appelez-nous 0031 (0)6 30 48 75 40.<\/p>\n<\/div><div class=\"fusion-clearfix\"><\/div><\/div><\/div><\/div><\/div>\n","protected":false},"excerpt":{"rendered":"","protected":false},"author":1,"featured_media":0,"parent":0,"menu_order":0,"comment_status":"closed","ping_status":"closed","template":"","meta":{"footnotes":""},"class_list":["post-62","page","type-page","status-publish","hentry"],"yoast_head":"<!-- This site is optimized with the Yoast SEO plugin v27.4 - https:\/\/yoast.com\/product\/yoast-seo-wordpress\/ -->\n<title>Methode Greenchalets - Greenchalets FR<\/title>\n<meta name=\"description\" content=\"Arriv\u00e9e et d\u00e9part quotidien est possible tout au long de la saison. Le nettoyage finale est obligatoire pour toute la saison \u00e0 Viareggio, Porlezza et de Roquebrune sur Argens.methode Greenchalets\" \/>\n<meta name=\"robots\" content=\"index, follow, max-snippet:-1, max-image-preview:large, max-video-preview:-1\" \/>\n<link rel=\"canonical\" href=\"https:\/\/greenchalets.com\/fr\/methode\/\" \/>\n<meta property=\"og:locale\" content=\"nl_NL\" \/>\n<meta property=\"og:type\" content=\"article\" \/>\n<meta property=\"og:title\" content=\"Methode Greenchalets - Greenchalets FR\" \/>\n<meta property=\"og:description\" content=\"Arriv\u00e9e et d\u00e9part quotidien est possible tout au long de la saison. Le nettoyage finale est obligatoire pour toute la saison \u00e0 Viareggio, Porlezza et de Roquebrune sur Argens.methode Greenchalets\" \/>\n<meta property=\"og:url\" content=\"https:\/\/greenchalets.com\/fr\/methode\/\" \/>\n<meta property=\"og:site_name\" content=\"Greenchalets FR\" \/>\n<meta property=\"article:modified_time\" content=\"2025-03-23T11:47:46+00:00\" \/>\n<meta name=\"twitter:card\" content=\"summary_large_image\" \/>\n<meta name=\"twitter:label1\" content=\"Geschatte leestijd\" \/>\n\t<meta name=\"twitter:data1\" content=\"3 minuten\" \/>\n<script type=\"application\/ld+json\" class=\"yoast-schema-graph\">{\"@context\":\"https:\\\/\\\/schema.org\",\"@graph\":[{\"@type\":\"WebPage\",\"@id\":\"https:\\\/\\\/greenchalets.com\\\/fr\\\/methode\\\/\",\"url\":\"https:\\\/\\\/greenchalets.com\\\/fr\\\/methode\\\/\",\"name\":\"Methode Greenchalets - Greenchalets FR\",\"isPartOf\":{\"@id\":\"https:\\\/\\\/greenchalets.com\\\/fr\\\/#website\"},\"primaryImageOfPage\":{\"@id\":\"https:\\\/\\\/greenchalets.com\\\/fr\\\/methode\\\/#primaryimage\"},\"image\":{\"@id\":\"https:\\\/\\\/greenchalets.com\\\/fr\\\/methode\\\/#primaryimage\"},\"thumbnailUrl\":\"https:\\\/\\\/greenchalets.com\\\/wp-content\\\/uploads\\\/2016\\\/01\\\/facebook.png\",\"datePublished\":\"2015-12-16T21:27:22+00:00\",\"dateModified\":\"2025-03-23T11:47:46+00:00\",\"description\":\"Arriv\u00e9e et d\u00e9part quotidien est possible tout au long de la saison. Le nettoyage finale est obligatoire pour toute la saison \u00e0 Viareggio, Porlezza et de Roquebrune sur Argens.methode Greenchalets\",\"breadcrumb\":{\"@id\":\"https:\\\/\\\/greenchalets.com\\\/fr\\\/methode\\\/#breadcrumb\"},\"inLanguage\":\"nl-NL\",\"potentialAction\":[{\"@type\":\"ReadAction\",\"target\":[\"https:\\\/\\\/greenchalets.com\\\/fr\\\/methode\\\/\"]}]},{\"@type\":\"ImageObject\",\"inLanguage\":\"nl-NL\",\"@id\":\"https:\\\/\\\/greenchalets.com\\\/fr\\\/methode\\\/#primaryimage\",\"url\":\"https:\\\/\\\/greenchalets.com\\\/wp-content\\\/uploads\\\/2016\\\/01\\\/facebook.png\",\"contentUrl\":\"https:\\\/\\\/greenchalets.com\\\/wp-content\\\/uploads\\\/2016\\\/01\\\/facebook.png\"},{\"@type\":\"BreadcrumbList\",\"@id\":\"https:\\\/\\\/greenchalets.com\\\/fr\\\/methode\\\/#breadcrumb\",\"itemListElement\":[{\"@type\":\"ListItem\",\"position\":1,\"name\":\"Home\",\"item\":\"https:\\\/\\\/greenchalets.com\\\/fr\\\/\"},{\"@type\":\"ListItem\",\"position\":2,\"name\":\"Methode Greenchalets\"}]},{\"@type\":\"WebSite\",\"@id\":\"https:\\\/\\\/greenchalets.com\\\/fr\\\/#website\",\"url\":\"https:\\\/\\\/greenchalets.com\\\/fr\\\/\",\"name\":\"Greenchalets FR\",\"description\":\"Greenchalets Mobil-homes camping Vacances\",\"potentialAction\":[{\"@type\":\"SearchAction\",\"target\":{\"@type\":\"EntryPoint\",\"urlTemplate\":\"https:\\\/\\\/greenchalets.com\\\/fr\\\/?s={search_term_string}\"},\"query-input\":{\"@type\":\"PropertyValueSpecification\",\"valueRequired\":true,\"valueName\":\"search_term_string\"}}],\"inLanguage\":\"nl-NL\"}]}<\/script>\n<!-- \/ Yoast SEO plugin. -->","yoast_head_json":{"title":"Methode Greenchalets - Greenchalets FR","description":"Arriv\u00e9e et d\u00e9part quotidien est possible tout au long de la saison. Le nettoyage finale est obligatoire pour toute la saison \u00e0 Viareggio, Porlezza et de Roquebrune sur Argens.methode Greenchalets","robots":{"index":"index","follow":"follow","max-snippet":"max-snippet:-1","max-image-preview":"max-image-preview:large","max-video-preview":"max-video-preview:-1"},"canonical":"https:\/\/greenchalets.com\/fr\/methode\/","og_locale":"nl_NL","og_type":"article","og_title":"Methode Greenchalets - Greenchalets FR","og_description":"Arriv\u00e9e et d\u00e9part quotidien est possible tout au long de la saison. Le nettoyage finale est obligatoire pour toute la saison \u00e0 Viareggio, Porlezza et de Roquebrune sur Argens.methode Greenchalets","og_url":"https:\/\/greenchalets.com\/fr\/methode\/","og_site_name":"Greenchalets FR","article_modified_time":"2025-03-23T11:47:46+00:00","twitter_card":"summary_large_image","twitter_misc":{"Geschatte leestijd":"3 minuten"},"schema":{"@context":"https:\/\/schema.org","@graph":[{"@type":"WebPage","@id":"https:\/\/greenchalets.com\/fr\/methode\/","url":"https:\/\/greenchalets.com\/fr\/methode\/","name":"Methode Greenchalets - Greenchalets FR","isPartOf":{"@id":"https:\/\/greenchalets.com\/fr\/#website"},"primaryImageOfPage":{"@id":"https:\/\/greenchalets.com\/fr\/methode\/#primaryimage"},"image":{"@id":"https:\/\/greenchalets.com\/fr\/methode\/#primaryimage"},"thumbnailUrl":"https:\/\/greenchalets.com\/wp-content\/uploads\/2016\/01\/facebook.png","datePublished":"2015-12-16T21:27:22+00:00","dateModified":"2025-03-23T11:47:46+00:00","description":"Arriv\u00e9e et d\u00e9part quotidien est possible tout au long de la saison. Le nettoyage finale est obligatoire pour toute la saison \u00e0 Viareggio, Porlezza et de Roquebrune sur Argens.methode Greenchalets","breadcrumb":{"@id":"https:\/\/greenchalets.com\/fr\/methode\/#breadcrumb"},"inLanguage":"nl-NL","potentialAction":[{"@type":"ReadAction","target":["https:\/\/greenchalets.com\/fr\/methode\/"]}]},{"@type":"ImageObject","inLanguage":"nl-NL","@id":"https:\/\/greenchalets.com\/fr\/methode\/#primaryimage","url":"https:\/\/greenchalets.com\/wp-content\/uploads\/2016\/01\/facebook.png","contentUrl":"https:\/\/greenchalets.com\/wp-content\/uploads\/2016\/01\/facebook.png"},{"@type":"BreadcrumbList","@id":"https:\/\/greenchalets.com\/fr\/methode\/#breadcrumb","itemListElement":[{"@type":"ListItem","position":1,"name":"Home","item":"https:\/\/greenchalets.com\/fr\/"},{"@type":"ListItem","position":2,"name":"Methode Greenchalets"}]},{"@type":"WebSite","@id":"https:\/\/greenchalets.com\/fr\/#website","url":"https:\/\/greenchalets.com\/fr\/","name":"Greenchalets FR","description":"Greenchalets Mobil-homes camping Vacances","potentialAction":[{"@type":"SearchAction","target":{"@type":"EntryPoint","urlTemplate":"https:\/\/greenchalets.com\/fr\/?s={search_term_string}"},"query-input":{"@type":"PropertyValueSpecification","valueRequired":true,"valueName":"search_term_string"}}],"inLanguage":"nl-NL"}]}},"_links":{"self":[{"href":"https:\/\/greenchalets.com\/fr\/wp-json\/wp\/v2\/pages\/62","targetHints":{"allow":["GET"]}}],"collection":[{"href":"https:\/\/greenchalets.com\/fr\/wp-json\/wp\/v2\/pages"}],"about":[{"href":"https:\/\/greenchalets.com\/fr\/wp-json\/wp\/v2\/types\/page"}],"author":[{"embeddable":true,"href":"https:\/\/greenchalets.com\/fr\/wp-json\/wp\/v2\/users\/1"}],"replies":[{"embeddable":true,"href":"https:\/\/greenchalets.com\/fr\/wp-json\/wp\/v2\/comments?post=62"}],"version-history":[{"count":24,"href":"https:\/\/greenchalets.com\/fr\/wp-json\/wp\/v2\/pages\/62\/revisions"}],"predecessor-version":[{"id":3885,"href":"https:\/\/greenchalets.com\/fr\/wp-json\/wp\/v2\/pages\/62\/revisions\/3885"}],"wp:attachment":[{"href":"https:\/\/greenchalets.com\/fr\/wp-json\/wp\/v2\/media?parent=62"}],"curies":[{"name":"wp","href":"https:\/\/api.w.org\/{rel}","templated":true}]}}