{"id":58,"date":"2015-12-16T21:25:37","date_gmt":"2015-12-16T21:25:37","guid":{"rendered":"http:\/\/greenchalets.com\/?page_id=58"},"modified":"2025-09-04T18:51:30","modified_gmt":"2025-09-04T17:51:30","slug":"chalets-mobil-home-prix-roquebrune-cote-dazur","status":"publish","type":"page","link":"https:\/\/greenchalets.com\/fr\/chalets-mobil-home-prix-roquebrune-cote-dazur\/","title":{"rendered":"Prix Roquebrune cote d&#8217;azur"},"content":{"rendered":"<div class=\"fusion-fullwidth fullwidth-box fusion-builder-row-1 nonhundred-percent-fullwidth non-hundred-percent-height-scrolling\" style=\"--awb-border-radius-top-left:0px;--awb-border-radius-top-right:0px;--awb-border-radius-bottom-right:0px;--awb-border-radius-bottom-left:0px;--awb-flex-wrap:wrap;\" ><div class=\"fusion-builder-row fusion-row\"><div class=\"fusion-layout-column fusion_builder_column fusion-builder-column-0 fusion_builder_column_1_1 1_1 fusion-one-full fusion-column-first fusion-column-last\" style=\"--awb-bg-size:cover;--awb-margin-bottom:0px;\"><div class=\"fusion-column-wrapper fusion-flex-column-wrapper-legacy\">\n<div class=\"fusion-slider-revolution rev_slider_wrapper\">\t\t\t<!-- START Cote d\\\\\\\\\\\\\\\\\\\\\\\\\\\\\\\\\\\\\\\\\\\\\\\\\\\\\\\\\\\\\\\\\\\\\\\\\\\\\\\\\\\\\\\\\\\\\\\\\\\\\\\\\\\\\\\\\\\\\\\\\\\\\\&#039;Azur REVOLUTION SLIDER 6.6.20 --><p class=\"rs-p-wp-fix\"><\/p>\n\t\t\t<rs-module-wrap id=\"rev_slider_2_1_wrapper\" data-source=\"gallery\" style=\"visibility:hidden;background:transparent;padding:0;margin:0px auto;margin-top:0;margin-bottom:0;\">\n\t\t\t\t<rs-module id=\"rev_slider_2_1\" style=\"\" data-version=\"6.6.20\">\n\t\t\t\t\t<rs-slides style=\"overflow: hidden; position: absolute;\">\n\t\t\t\t\t\t<rs-slide style=\"position: absolute;\" data-key=\"rs-2\" data-title=\"Slide\" data-in=\"o:1;\" data-out=\"o:1;\">\n\t\t\t\t\t\t\t<img decoding=\"async\" src=\"\/\/greenchalets.com\/fr\/wp-content\/plugins\/revslider\/public\/assets\/assets\/dummy.png\" alt=\"\" title=\"kustline-azur-bw\" width=\"1900\" height=\"634\" class=\"rev-slidebg tp-rs-img rs-lazyload\" data-lazyload=\"\/\/greenchalets.com\/fr\/wp-content\/uploads\/sites\/4\/2016\/08\/kustline-azur-bw.jpg\" data-bg=\"p:center top;\" data-no-retina>\n<!--\n\t\t\t\t\t\t\t--><rs-layer\n\t\t\t\t\t\t\t\tid=\"slider-2-slide-2-layer-1\" \n\t\t\t\t\t\t\t\tclass=\"boxshadow\"\n\t\t\t\t\t\t\t\tdata-type=\"text\"\n\t\t\t\t\t\t\t\tdata-color=\"rgba(255,255,255,1)\"\n\t\t\t\t\t\t\t\tdata-rsp_ch=\"on\"\n\t\t\t\t\t\t\t\tdata-xy=\"xo:52px,52px,52px,14px;yo:183px;\"\n\t\t\t\t\t\t\t\tdata-text=\"w:normal;s:48;l:51;fw:600;a:center;\"\n\t\t\t\t\t\t\t\tdata-dim=\"w:345px;h:51px;\"\n\t\t\t\t\t\t\t\tdata-frame_0=\"tp:600;\"\n\t\t\t\t\t\t\t\tdata-frame_1=\"tp:600;e:power2.inOut;st:0;sp:270;\"\n\t\t\t\t\t\t\t\tdata-frame_999=\"o:0;tp:600;e:nothing;st:w;sp:250;sR:8730;\"\n\t\t\t\t\t\t\t\tstyle=\"z-index:5;font-family:'Trebuchet MS', 'Helvetica', 'sans-serif';-moz-box-shadow:0px 0px 20px rgba(0, 0, 0, 0.5);-webkit-box-shadow:0px 0px 20px rgba(0, 0, 0, 0.5);box-shadow:0px 0px 20px rgba(0, 0, 0, 0.5);type:text;\"\n\t\t\t\t\t\t\t>COTE D'AZUR \n\t\t\t\t\t\t\t<\/rs-layer><!--\n\n\t\t\t\t\t\t\t--><rs-layer\n\t\t\t\t\t\t\t\tid=\"slider-2-slide-2-layer-2\" \n\t\t\t\t\t\t\t\tclass=\"boxshadow\"\n\t\t\t\t\t\t\t\tdata-type=\"text\"\n\t\t\t\t\t\t\t\tdata-color=\"rgba(255,255,255,1)\"\n\t\t\t\t\t\t\t\tdata-rsp_ch=\"on\"\n\t\t\t\t\t\t\t\tdata-xy=\"xo:251px,251px,251px,-23px;yo:240px,240px,240px,245px;\"\n\t\t\t\t\t\t\t\tdata-text=\"w:normal;s:36;l:42;fw:900;a:center;\"\n\t\t\t\t\t\t\t\tdata-dim=\"w:524px;h:44px;\"\n\t\t\t\t\t\t\t\tdata-frame_0=\"tp:600;\"\n\t\t\t\t\t\t\t\tdata-frame_1=\"tp:600;e:power2.inOut;st:500;sR:500;\"\n\t\t\t\t\t\t\t\tdata-frame_999=\"o:0;tp:600;e:nothing;st:w;sR:8200;\"\n\t\t\t\t\t\t\t\tstyle=\"z-index:6;font-family:'Trebuchet MS', 'Helvetica', 'sans-serif';-moz-box-shadow:0px 0px 20px rgba(0, 0, 0, 0.5);-webkit-box-shadow:0px 0px 20px rgba(0, 0, 0, 0.5);box-shadow:0px 0px 20px rgba(0, 0, 0, 0.5);type:text;\"\n\t\t\t\t\t\t\t>ROQUEBRUNE SUR ARGENS \n\t\t\t\t\t\t\t<\/rs-layer><!--\n-->\t\t\t\t\t\t<\/rs-slide>\n\t\t\t\t\t<\/rs-slides>\n\t\t\t\t<\/rs-module>\n\t\t\t\t<script>\n\t\t\t\t\tsetREVStartSize({c: 'rev_slider_2_1',rl:[1240,1024,778,480],el:[],gw:[1600,1600,778,480],gh:[300,300,300,300],type:'standard',justify:'',layout:'fullwidth',mh:\"0\"});if (window.RS_MODULES!==undefined && window.RS_MODULES.modules!==undefined && window.RS_MODULES.modules[\"revslider21\"]!==undefined) {window.RS_MODULES.modules[\"revslider21\"].once = false;window.revapi2 = undefined;if (window.RS_MODULES.checkMinimal!==undefined) window.RS_MODULES.checkMinimal()}\n\t\t\t\t<\/script>\n\t\t\t<\/rs-module-wrap>\n\t\t\t<!-- END REVOLUTION SLIDER -->\n<\/div><div class=\"fusion-text fusion-text-1\"><\/div><div class=\"fusion-clearfix\"><\/div><\/div><\/div><div class=\"fusion-layout-column fusion_builder_column fusion-builder-column-1 fusion_builder_column_1_4 1_4 fusion-one-fourth fusion-column-first\" style=\"--awb-bg-size:cover;--awb-margin-top:30px;width:25%;width:calc(25% - ( ( 4% ) * 0.25 ) );margin-right: 4%;\"><div class=\"fusion-column-wrapper fusion-flex-column-wrapper-legacy\"><div class=\"fusion-text fusion-text-2\"><p><a href=\"https:\/\/www.facebook.com\/greenchalets\" target=\"_blank\" rel=\"noopener noreferrer\"><img decoding=\"async\" class=\"alignnone size-full wp-image-696\" src=\"https:\/\/greenchalets.com\/wp-content\/uploads\/2016\/01\/facebook.png\" alt=\"facebook\" \/><\/a><\/p>\n<\/div><div class=\"fusion-text fusion-text-3\"><p><a href=\"https:\/\/www.greenchalets.com\/fr\/contact\/\"><img decoding=\"async\" class=\"alignnone size-full wp-image-5589\" src=\"https:\/\/greenchalets.com\/wp-content\/uploads\/sites\/4\/2016\/01\/ArrowFR.png\" alt=\"ArrowFR\" width=\"121\" height=\"35\" \/><\/a><\/p>\n<\/div><div class=\"fusion-widget-area awb-widget-area-element fusion-widget-area-1 fusion-content-widget-area\" style=\"--awb-title-size:13px;--awb-title-color:#318d08;--awb-padding:0px 0px 0px 0px;\"><section id=\"nav_menu-4\" class=\"widget pojo-sidebar widget_nav_menu\"><div class=\"widget-inner\"><div class=\"menu-cote-dazur-roquebrune-fr-container\"><ul id=\"menu-cote-dazur-roquebrune-fr\" class=\"menu\"><li id=\"menu-item-561\" class=\"menu-item menu-item-type-post_type menu-item-object-page menu-item-561\"><a href=\"https:\/\/greenchalets.com\/fr\/chalets-s-cote-dazur-camping-lei-suves\/\">Roquebrune sur Argens mobilhome S<\/a><\/li>\n<li id=\"menu-item-560\" class=\"menu-item menu-item-type-post_type menu-item-object-page menu-item-560\"><a href=\"https:\/\/greenchalets.com\/fr\/chalet-c-cote-dazur\/\">Roquebrune sur Argens mobilhome C<\/a><\/li>\n<li id=\"menu-item-535\" class=\"menu-item menu-item-type-post_type menu-item-object-page menu-item-535\"><a href=\"https:\/\/greenchalets.com\/fr\/camping-lei-suves-cote-dazur\/\">Camping Lei Suves Roquebrune<\/a><\/li>\n<li id=\"menu-item-557\" class=\"menu-item menu-item-type-post_type menu-item-object-page menu-item-557\"><a href=\"https:\/\/greenchalets.com\/fr\/lieu-greenchalets-cote-dazur\/\">Lieu Greenchalets Roquebrune<\/a><\/li>\n<li id=\"menu-item-558\" class=\"menu-item menu-item-type-post_type menu-item-object-page menu-item-558\"><a href=\"https:\/\/greenchalets.com\/fr\/les-environs-de-roquebrune-sur-argens\/\">Les environs de Roquebrune<\/a><\/li>\n<\/ul><\/div><\/div><\/section><div class=\"fusion-additional-widget-content\"><\/div><\/div><div class=\"fusion-clearfix\"><\/div><\/div><\/div><div class=\"fusion-layout-column fusion_builder_column fusion-builder-column-2 fusion_builder_column_3_4 3_4 fusion-three-fourth fusion-column-last\" style=\"--awb-bg-size:cover;--awb-margin-top:30px;width:75%;width:calc(75% - ( ( 4% ) * 0.75 ) );\"><div class=\"fusion-column-wrapper fusion-flex-column-wrapper-legacy\"><div class=\"fusion-text fusion-text-4\"><h2 style=\"text-align: center;\">France &#8211; Cote d&#8217;Azur &#8211; Roquebrune sur Argens<\/h2>\n<p style=\"text-align: center;\"><strong>Renseignez-vous toujours sur nos offres sp\u00e9ciales, r\u00e9ductions de derni\u00e8re minute, r\u00e9ductions pour les personnes \u00e2g\u00e9es ou les clients r\u00e9guliers.<\/strong><\/p>\n<p style=\"text-align: center;\"><strong>Prix excl. 75,- euro de nettoyage finale.<\/strong><\/p>\n<p style=\"text-align: center;\"><strong>Air conditionn\u00e9 10, &#8211; euro par jour (facultatif).<\/strong><\/p>\n<p>\u00a0 \u00a0 \u00a0 \u00a0 \u00a0 \u00a0 \u00a0 \u00a0 \u00a0 \u00a0 \u00a0 \u00a0 \u00a0 \u00a0 \u00a0 \u00a0 \u00a0 \u00a0 \u00a0 \u00a0 \u00a0 \u00a0 \u00a0 \u00a0 \u00a0 \u00a0 \u00a0 \u00a0 \u00a0 \u00a0 \u00a0 \u00a0 \u00a0 \u00a0 \u00a0 \u00a0 \u00a0 \u00a0 \u00a0 \u00a0 \u00a0 \u00a0 \u00a0 \u00a0 \u00a0 \u00a0 \u00a0 \u00a0 \u00a0 \u00a0<strong> Animaux de compagnie\u00a0 10,- euro par nuit (facultatif)<\/strong><\/p>\n<p style=\"text-align: center;\"><strong>Linge de lit 12, &#8211; euro par personne (facultatif).<\/strong><\/p>\n<p style=\"text-align: center;\"><strong>Serviettes 12, &#8211; euro par personne (facultatif).<\/strong><\/p>\n<p style=\"text-align: center;\"><strong>Taxe de s\u00e9jour 0,86 euros\u00a0 (&gt;18) + 0,50 euros ECO tax. par personne et par nuit (Sur place).<\/strong><\/p>\n<p style=\"text-align: center;\"><strong> Arriv\u00e9es et d\u00e9parts quotidiens pendant toute la saison.<\/strong><\/p>\n<p style=\"text-align: center;\"><strong>S\u00e9jour minimum de deux nuits.<\/strong><\/p>\n<\/div><div class=\"fusion-text fusion-text-5\"><table width=\"1291\">\n<tbody>\n<tr>\n<td width=\"241\"><\/td>\n<td width=\"256\"><\/td>\n<td width=\"280\"><\/td>\n<td width=\"222\"><\/td>\n<td width=\"107\"><\/td>\n<td width=\"124\"><\/td>\n<td width=\"61\"><\/td>\n<\/tr>\n<tr>\n<td><\/td>\n<td><\/td>\n<td>2 slaapkamers \/ 2 bedroom<\/td>\n<td>2 slaapkamers \/ 2 bedroom<\/td>\n<td><\/td>\n<td>3 slaapkamers\/ 3 bedroom<\/td>\n<td><\/td>\n<\/tr>\n<tr>\n<td>Roquebrune<\/td>\n<td>Ex TB\/ TT<\/td>\n<td>Mobilehome Type C Retro 4<\/td>\n<td>\u00a0\u00a0 Mobilehome Type S 2 slk new\u00a0 5p<\/td>\n<td><\/td>\n<td>\u00a0\u00a0 Mobilehome Type S 3 slk new\u00a0 6p<\/td>\n<td><\/td>\n<\/tr>\n<tr>\n<td>2026<\/td>\n<td>ex eindschoonmaak\/<\/td>\n<td>Nacht<\/td>\n<td>Nacht<\/td>\n<td><\/td>\n<td>Nacht<\/td>\n<td><\/td>\n<\/tr>\n<tr>\n<td><\/td>\n<td>final cleaning.<\/td>\n<td>Night Nuit<\/td>\n<td>Night Nuit<\/td>\n<td><\/td>\n<td>Night Nuit<\/td>\n<td><\/td>\n<\/tr>\n<tr>\n<td><\/td>\n<td><\/td>\n<td><\/td>\n<td><\/td>\n<td><\/td>\n<td><\/td>\n<td><\/td>\n<\/tr>\n<tr>\n<td><\/td>\n<td width=\"256\"><\/td>\n<td><\/td>\n<td><\/td>\n<td><\/td>\n<td><\/td>\n<td><\/td>\n<\/tr>\n<tr>\n<td width=\"241\">3-04-26<\/td>\n<td width=\"256\">24-04-26<\/td>\n<td>\u20ac 55,00<\/td>\n<td>\u20ac 65,00<\/td>\n<td><\/td>\n<td>\u20ac 75,00<\/td>\n<td><\/td>\n<\/tr>\n<tr>\n<td width=\"241\">25-04-26<\/td>\n<td width=\"256\">13-05-26<\/td>\n<td>\u20ac 65,00<\/td>\n<td>\u20ac 75,00<\/td>\n<td><\/td>\n<td>\u20ac 85,00<\/td>\n<td><\/td>\n<\/tr>\n<tr>\n<td width=\"241\">14-05-26<\/td>\n<td width=\"256\">16-05-26<\/td>\n<td>\u20ac 95,00<\/td>\n<td>\u20ac 105,00<\/td>\n<td><\/td>\n<td>\u20ac 115,00<\/td>\n<td><\/td>\n<\/tr>\n<tr>\n<td width=\"241\">17-05-26<\/td>\n<td width=\"256\">21-05-26<\/td>\n<td>\u20ac 65,00<\/td>\n<td>\u20ac 75,00<\/td>\n<td><\/td>\n<td>\u20ac 85,00<\/td>\n<td><\/td>\n<\/tr>\n<tr>\n<td width=\"241\">22-05-26<\/td>\n<td width=\"256\">25-05-26<\/td>\n<td>\u20ac 95,00<\/td>\n<td>\u20ac 105,00<\/td>\n<td><\/td>\n<td>\u20ac 115,00<\/td>\n<td><\/td>\n<\/tr>\n<tr>\n<td width=\"241\">26-05-26<\/td>\n<td width=\"256\">12-06-26<\/td>\n<td>\u20ac 70,00<\/td>\n<td>\u20ac 80,00<\/td>\n<td><\/td>\n<td>\u20ac 85,00<\/td>\n<td><\/td>\n<\/tr>\n<tr>\n<td width=\"241\">13-06-26<\/td>\n<td width=\"256\">3-07-26<\/td>\n<td>\u20ac 75,00<\/td>\n<td>\u20ac 85,00<\/td>\n<td><\/td>\n<td>\u20ac 95,00<\/td>\n<td><\/td>\n<\/tr>\n<tr>\n<td width=\"241\">4-07-26<\/td>\n<td width=\"256\">10-07-26<\/td>\n<td>\u20ac 85,00<\/td>\n<td>\u20ac 95,00<\/td>\n<td><\/td>\n<td>\u20ac 105,00<\/td>\n<td><\/td>\n<\/tr>\n<tr>\n<td width=\"241\">11-07-26<\/td>\n<td width=\"256\">22-08-26<\/td>\n<td>\u20ac 180,00<\/td>\n<td>\u20ac 200,00<\/td>\n<td><\/td>\n<td>\u20ac 220,00<\/td>\n<td><\/td>\n<\/tr>\n<tr>\n<td width=\"241\">23-08-26<\/td>\n<td width=\"256\">29-08-26<\/td>\n<td>\u20ac 150,00<\/td>\n<td>\u20ac 160,00<\/td>\n<td><\/td>\n<td>\u20ac 170,00<\/td>\n<td><\/td>\n<\/tr>\n<tr>\n<td width=\"241\">30-08-26<\/td>\n<td width=\"256\">12-09-26<\/td>\n<td>\u20ac 75,00<\/td>\n<td>\u20ac 85,00<\/td>\n<td><\/td>\n<td>\u20ac 95,00<\/td>\n<td><\/td>\n<\/tr>\n<tr>\n<td>13-09-26<\/td>\n<td>26-09-26<\/td>\n<td>\u20ac 65,00<\/td>\n<td>\u20ac 75,00<\/td>\n<td><\/td>\n<td>\u20ac 85,00<\/td>\n<td><\/td>\n<\/tr>\n<tr>\n<td>27-09-26<\/td>\n<td>10-10-26<\/td>\n<td>\u20ac 55,00<\/td>\n<td>\u20ac 65,00<\/td>\n<td><\/td>\n<td>\u20ac 75,00<\/td>\n<td><\/td>\n<\/tr>\n<\/tbody>\n<\/table>\n<\/div><div class=\"fusion-sep-clear\"><\/div><div class=\"fusion-separator fusion-full-width-sep\" style=\"margin-left: auto;margin-right: auto;margin-top:10px;margin-bottom:10px;width:100%;\"><\/div><div class=\"fusion-sep-clear\"><\/div><div class=\"fusion-clearfix\"><\/div><\/div><\/div><\/div><\/div>\n","protected":false},"excerpt":{"rendered":"","protected":false},"author":1,"featured_media":0,"parent":0,"menu_order":0,"comment_status":"closed","ping_status":"closed","template":"","meta":{"footnotes":""},"class_list":["post-58","page","type-page","status-publish","hentry"],"yoast_head":"<!-- This site is optimized with the Yoast SEO plugin v27.4 - https:\/\/yoast.com\/product\/yoast-seo-wordpress\/ -->\n<title>chalets mobil home prix Roquebrune cote d&#039;azur.<\/title>\n<meta name=\"description\" content=\"chalets mobil home prix Roquebrune cote d&#039;azur. Chalets at mobil home sur camping &quot;Lei Suves&quot;\" \/>\n<meta name=\"robots\" content=\"index, follow, max-snippet:-1, max-image-preview:large, max-video-preview:-1\" \/>\n<link rel=\"canonical\" href=\"https:\/\/greenchalets.com\/fr\/chalets-mobil-home-prix-roquebrune-cote-dazur\/\" \/>\n<meta property=\"og:locale\" content=\"nl_NL\" \/>\n<meta property=\"og:type\" content=\"article\" \/>\n<meta property=\"og:title\" content=\"chalets mobil home prix Roquebrune cote d&#039;azur.\" \/>\n<meta property=\"og:description\" content=\"chalets mobil home prix Roquebrune cote d&#039;azur. Chalets at mobil home sur camping &quot;Lei Suves&quot;\" \/>\n<meta property=\"og:url\" content=\"https:\/\/greenchalets.com\/fr\/chalets-mobil-home-prix-roquebrune-cote-dazur\/\" \/>\n<meta property=\"og:site_name\" content=\"Greenchalets FR\" \/>\n<meta property=\"article:modified_time\" content=\"2025-09-04T17:51:30+00:00\" \/>\n<meta name=\"twitter:card\" content=\"summary_large_image\" \/>\n<meta name=\"twitter:label1\" content=\"Geschatte leestijd\" \/>\n\t<meta name=\"twitter:data1\" content=\"2 minuten\" \/>\n<script type=\"application\/ld+json\" class=\"yoast-schema-graph\">{\"@context\":\"https:\\\/\\\/schema.org\",\"@graph\":[{\"@type\":\"WebPage\",\"@id\":\"https:\\\/\\\/greenchalets.com\\\/fr\\\/chalets-mobil-home-prix-roquebrune-cote-dazur\\\/\",\"url\":\"https:\\\/\\\/greenchalets.com\\\/fr\\\/chalets-mobil-home-prix-roquebrune-cote-dazur\\\/\",\"name\":\"chalets mobil home prix Roquebrune cote d'azur.\",\"isPartOf\":{\"@id\":\"https:\\\/\\\/greenchalets.com\\\/fr\\\/#website\"},\"primaryImageOfPage\":{\"@id\":\"https:\\\/\\\/greenchalets.com\\\/fr\\\/chalets-mobil-home-prix-roquebrune-cote-dazur\\\/#primaryimage\"},\"image\":{\"@id\":\"https:\\\/\\\/greenchalets.com\\\/fr\\\/chalets-mobil-home-prix-roquebrune-cote-dazur\\\/#primaryimage\"},\"thumbnailUrl\":\"https:\\\/\\\/greenchalets.com\\\/wp-content\\\/uploads\\\/2016\\\/01\\\/facebook.png\",\"datePublished\":\"2015-12-16T21:25:37+00:00\",\"dateModified\":\"2025-09-04T17:51:30+00:00\",\"description\":\"chalets mobil home prix Roquebrune cote d'azur. Chalets at mobil home sur camping \\\"Lei Suves\\\"\",\"breadcrumb\":{\"@id\":\"https:\\\/\\\/greenchalets.com\\\/fr\\\/chalets-mobil-home-prix-roquebrune-cote-dazur\\\/#breadcrumb\"},\"inLanguage\":\"nl-NL\",\"potentialAction\":[{\"@type\":\"ReadAction\",\"target\":[\"https:\\\/\\\/greenchalets.com\\\/fr\\\/chalets-mobil-home-prix-roquebrune-cote-dazur\\\/\"]}]},{\"@type\":\"ImageObject\",\"inLanguage\":\"nl-NL\",\"@id\":\"https:\\\/\\\/greenchalets.com\\\/fr\\\/chalets-mobil-home-prix-roquebrune-cote-dazur\\\/#primaryimage\",\"url\":\"https:\\\/\\\/greenchalets.com\\\/wp-content\\\/uploads\\\/2016\\\/01\\\/facebook.png\",\"contentUrl\":\"https:\\\/\\\/greenchalets.com\\\/wp-content\\\/uploads\\\/2016\\\/01\\\/facebook.png\"},{\"@type\":\"BreadcrumbList\",\"@id\":\"https:\\\/\\\/greenchalets.com\\\/fr\\\/chalets-mobil-home-prix-roquebrune-cote-dazur\\\/#breadcrumb\",\"itemListElement\":[{\"@type\":\"ListItem\",\"position\":1,\"name\":\"Home\",\"item\":\"https:\\\/\\\/greenchalets.com\\\/fr\\\/\"},{\"@type\":\"ListItem\",\"position\":2,\"name\":\"Prix Roquebrune cote d&#8217;azur\"}]},{\"@type\":\"WebSite\",\"@id\":\"https:\\\/\\\/greenchalets.com\\\/fr\\\/#website\",\"url\":\"https:\\\/\\\/greenchalets.com\\\/fr\\\/\",\"name\":\"Greenchalets FR\",\"description\":\"Greenchalets Mobil-homes camping Vacances\",\"potentialAction\":[{\"@type\":\"SearchAction\",\"target\":{\"@type\":\"EntryPoint\",\"urlTemplate\":\"https:\\\/\\\/greenchalets.com\\\/fr\\\/?s={search_term_string}\"},\"query-input\":{\"@type\":\"PropertyValueSpecification\",\"valueRequired\":true,\"valueName\":\"search_term_string\"}}],\"inLanguage\":\"nl-NL\"}]}<\/script>\n<!-- \/ Yoast SEO plugin. -->","yoast_head_json":{"title":"chalets mobil home prix Roquebrune cote d'azur.","description":"chalets mobil home prix Roquebrune cote d'azur. Chalets at mobil home sur camping \"Lei Suves\"","robots":{"index":"index","follow":"follow","max-snippet":"max-snippet:-1","max-image-preview":"max-image-preview:large","max-video-preview":"max-video-preview:-1"},"canonical":"https:\/\/greenchalets.com\/fr\/chalets-mobil-home-prix-roquebrune-cote-dazur\/","og_locale":"nl_NL","og_type":"article","og_title":"chalets mobil home prix Roquebrune cote d'azur.","og_description":"chalets mobil home prix Roquebrune cote d'azur. Chalets at mobil home sur camping \"Lei Suves\"","og_url":"https:\/\/greenchalets.com\/fr\/chalets-mobil-home-prix-roquebrune-cote-dazur\/","og_site_name":"Greenchalets FR","article_modified_time":"2025-09-04T17:51:30+00:00","twitter_card":"summary_large_image","twitter_misc":{"Geschatte leestijd":"2 minuten"},"schema":{"@context":"https:\/\/schema.org","@graph":[{"@type":"WebPage","@id":"https:\/\/greenchalets.com\/fr\/chalets-mobil-home-prix-roquebrune-cote-dazur\/","url":"https:\/\/greenchalets.com\/fr\/chalets-mobil-home-prix-roquebrune-cote-dazur\/","name":"chalets mobil home prix Roquebrune cote d'azur.","isPartOf":{"@id":"https:\/\/greenchalets.com\/fr\/#website"},"primaryImageOfPage":{"@id":"https:\/\/greenchalets.com\/fr\/chalets-mobil-home-prix-roquebrune-cote-dazur\/#primaryimage"},"image":{"@id":"https:\/\/greenchalets.com\/fr\/chalets-mobil-home-prix-roquebrune-cote-dazur\/#primaryimage"},"thumbnailUrl":"https:\/\/greenchalets.com\/wp-content\/uploads\/2016\/01\/facebook.png","datePublished":"2015-12-16T21:25:37+00:00","dateModified":"2025-09-04T17:51:30+00:00","description":"chalets mobil home prix Roquebrune cote d'azur. Chalets at mobil home sur camping \"Lei Suves\"","breadcrumb":{"@id":"https:\/\/greenchalets.com\/fr\/chalets-mobil-home-prix-roquebrune-cote-dazur\/#breadcrumb"},"inLanguage":"nl-NL","potentialAction":[{"@type":"ReadAction","target":["https:\/\/greenchalets.com\/fr\/chalets-mobil-home-prix-roquebrune-cote-dazur\/"]}]},{"@type":"ImageObject","inLanguage":"nl-NL","@id":"https:\/\/greenchalets.com\/fr\/chalets-mobil-home-prix-roquebrune-cote-dazur\/#primaryimage","url":"https:\/\/greenchalets.com\/wp-content\/uploads\/2016\/01\/facebook.png","contentUrl":"https:\/\/greenchalets.com\/wp-content\/uploads\/2016\/01\/facebook.png"},{"@type":"BreadcrumbList","@id":"https:\/\/greenchalets.com\/fr\/chalets-mobil-home-prix-roquebrune-cote-dazur\/#breadcrumb","itemListElement":[{"@type":"ListItem","position":1,"name":"Home","item":"https:\/\/greenchalets.com\/fr\/"},{"@type":"ListItem","position":2,"name":"Prix Roquebrune cote d&#8217;azur"}]},{"@type":"WebSite","@id":"https:\/\/greenchalets.com\/fr\/#website","url":"https:\/\/greenchalets.com\/fr\/","name":"Greenchalets FR","description":"Greenchalets Mobil-homes camping Vacances","potentialAction":[{"@type":"SearchAction","target":{"@type":"EntryPoint","urlTemplate":"https:\/\/greenchalets.com\/fr\/?s={search_term_string}"},"query-input":{"@type":"PropertyValueSpecification","valueRequired":true,"valueName":"search_term_string"}}],"inLanguage":"nl-NL"}]}},"_links":{"self":[{"href":"https:\/\/greenchalets.com\/fr\/wp-json\/wp\/v2\/pages\/58","targetHints":{"allow":["GET"]}}],"collection":[{"href":"https:\/\/greenchalets.com\/fr\/wp-json\/wp\/v2\/pages"}],"about":[{"href":"https:\/\/greenchalets.com\/fr\/wp-json\/wp\/v2\/types\/page"}],"author":[{"embeddable":true,"href":"https:\/\/greenchalets.com\/fr\/wp-json\/wp\/v2\/users\/1"}],"replies":[{"embeddable":true,"href":"https:\/\/greenchalets.com\/fr\/wp-json\/wp\/v2\/comments?post=58"}],"version-history":[{"count":33,"href":"https:\/\/greenchalets.com\/fr\/wp-json\/wp\/v2\/pages\/58\/revisions"}],"predecessor-version":[{"id":3929,"href":"https:\/\/greenchalets.com\/fr\/wp-json\/wp\/v2\/pages\/58\/revisions\/3929"}],"wp:attachment":[{"href":"https:\/\/greenchalets.com\/fr\/wp-json\/wp\/v2\/media?parent=58"}],"curies":[{"name":"wp","href":"https:\/\/api.w.org\/{rel}","templated":true}]}}