{"id":52,"date":"2015-12-16T21:22:24","date_gmt":"2015-12-16T21:22:24","guid":{"rendered":"http:\/\/greenchalets.com\/?page_id=52"},"modified":"2025-06-08T09:44:32","modified_gmt":"2025-06-08T08:44:32","slug":"environs-viareggio-toscane","status":"publish","type":"page","link":"https:\/\/greenchalets.com\/fr\/environs-viareggio-toscane\/","title":{"rendered":"environs Viareggio &#8211; Toscane"},"content":{"rendered":"<div class=\"fusion-fullwidth fullwidth-box fusion-builder-row-1 nonhundred-percent-fullwidth non-hundred-percent-height-scrolling\" style=\"--awb-border-radius-top-left:0px;--awb-border-radius-top-right:0px;--awb-border-radius-bottom-right:0px;--awb-border-radius-bottom-left:0px;--awb-flex-wrap:wrap;\" ><div class=\"fusion-builder-row fusion-row\"><div class=\"fusion-layout-column fusion_builder_column fusion-builder-column-0 fusion_builder_column_1_1 1_1 fusion-one-full fusion-column-first fusion-column-last\" style=\"--awb-bg-size:cover;--awb-margin-bottom:0px;\"><div class=\"fusion-column-wrapper fusion-flex-column-wrapper-legacy\">\n<div class=\"fusion-slider-revolution rev_slider_wrapper\">\t\t\t<!-- START Toscane NL REVOLUTION SLIDER 6.6.20 --><p class=\"rs-p-wp-fix\"><\/p>\n\t\t\t<rs-module-wrap id=\"rev_slider_5_1_wrapper\" data-source=\"gallery\" style=\"visibility:hidden;background:transparent;padding:0;margin:0px auto;margin-top:0;margin-bottom:0;\">\n\t\t\t\t<rs-module id=\"rev_slider_5_1\" style=\"\" data-version=\"6.6.20\">\n\t\t\t\t\t<rs-slides style=\"overflow: hidden; position: absolute;\">\n\t\t\t\t\t\t<rs-slide style=\"position: absolute;\" data-key=\"rs-7\" data-title=\"Slide\" data-anim=\"adpr:false;\">\n\t\t\t\t\t\t\t<img decoding=\"async\" src=\"\/\/greenchalets.com\/fr\/wp-content\/plugins\/revslider\/public\/assets\/assets\/dummy.png\" alt=\"\" title=\"viareggio-header\" width=\"1600\" height=\"300\" class=\"rev-slidebg tp-rs-img rs-lazyload\" data-lazyload=\"\/\/greenchalets.com\/fr\/wp-content\/uploads\/sites\/4\/2016\/08\/viareggio-header.png\" data-bg=\"p:center top;\" data-no-retina>\n<!--\n\t\t\t\t\t\t\t--><rs-layer\n\t\t\t\t\t\t\t\tid=\"slider-5-slide-7-layer-1\" \n\t\t\t\t\t\t\t\tclass=\"boxshadow\"\n\t\t\t\t\t\t\t\tdata-type=\"text\"\n\t\t\t\t\t\t\t\tdata-color=\"rgba(255,255,255,1)\"\n\t\t\t\t\t\t\t\tdata-rsp_ch=\"on\"\n\t\t\t\t\t\t\t\tdata-xy=\"xo:41px;yo:10px;\"\n\t\t\t\t\t\t\t\tdata-text=\"w:normal;s:45;l:51;fw:800;a:center;\"\n\t\t\t\t\t\t\t\tdata-dim=\"w:213px;h:51px;\"\n\t\t\t\t\t\t\t\tdata-frame_0=\"tp:600;\"\n\t\t\t\t\t\t\t\tdata-frame_1=\"tp:600;e:power2.inOut;st:610;sp:270;sR:610;\"\n\t\t\t\t\t\t\t\tdata-frame_999=\"o:0;tp:600;e:nothing;st:w;sp:260;sR:8120;\"\n\t\t\t\t\t\t\t\tstyle=\"z-index:5;font-family:'Trebuchet MS', 'Helvetica', 'sans-serif';-moz-box-shadow:0px 0px 20px rgba(0, 0, 0, 0.5);-webkit-box-shadow:0px 0px 20px rgba(0, 0, 0, 0.5);box-shadow:0px 0px 20px rgba(0, 0, 0, 0.5);type:text;\"\n\t\t\t\t\t\t\t>TOSCANE \n\t\t\t\t\t\t\t<\/rs-layer><!--\n\n\t\t\t\t\t\t\t--><rs-layer\n\t\t\t\t\t\t\t\tid=\"slider-5-slide-7-layer-2\" \n\t\t\t\t\t\t\t\tclass=\"boxshadow\"\n\t\t\t\t\t\t\t\tdata-type=\"text\"\n\t\t\t\t\t\t\t\tdata-color=\"rgba(255,255,255,1)\"\n\t\t\t\t\t\t\t\tdata-rsp_ch=\"on\"\n\t\t\t\t\t\t\t\tdata-xy=\"xo:206px;yo:71px;\"\n\t\t\t\t\t\t\t\tdata-text=\"w:normal;s:36;l:37;fw:900;a:center;\"\n\t\t\t\t\t\t\t\tdata-dim=\"w:200px;h:40px;\"\n\t\t\t\t\t\t\t\tdata-frame_0=\"tp:600;\"\n\t\t\t\t\t\t\t\tdata-frame_1=\"tp:600;e:power2.inOut;st:610;sR:610;\"\n\t\t\t\t\t\t\t\tdata-frame_999=\"o:0;tp:600;e:nothing;st:w;sR:8090;\"\n\t\t\t\t\t\t\t\tstyle=\"z-index:6;font-family:'Trebuchet MS', 'Helvetica', 'sans-serif';-moz-box-shadow:0px 0px 20px rgba(0, 0, 0, 0.5);-webkit-box-shadow:0px 0px 20px rgba(0, 0, 0, 0.5);box-shadow:0px 0px 20px rgba(0, 0, 0, 0.5);type:text;\"\n\t\t\t\t\t\t\t>VIAREGGIO \n\t\t\t\t\t\t\t<\/rs-layer><!--\n-->\t\t\t\t\t\t<\/rs-slide>\n\t\t\t\t\t<\/rs-slides>\n\t\t\t\t<\/rs-module>\n\t\t\t\t<script>\n\t\t\t\t\tsetREVStartSize({c: 'rev_slider_5_1',rl:[1240,1024,778,480],el:[],gw:[1600,1600,778,480],gh:[300,300,300,300],type:'standard',justify:'',layout:'fullwidth',mh:\"0\"});if (window.RS_MODULES!==undefined && window.RS_MODULES.modules!==undefined && window.RS_MODULES.modules[\"revslider51\"]!==undefined) {window.RS_MODULES.modules[\"revslider51\"].once = false;window.revapi5 = undefined;if (window.RS_MODULES.checkMinimal!==undefined) window.RS_MODULES.checkMinimal()}\n\t\t\t\t<\/script>\n\t\t\t<\/rs-module-wrap>\n\t\t\t<!-- END REVOLUTION SLIDER -->\n<\/div><div class=\"fusion-clearfix\"><\/div><\/div><\/div><div class=\"fusion-layout-column fusion_builder_column fusion-builder-column-1 fusion_builder_column_1_5 1_5 fusion-one-fifth fusion-column-first\" style=\"--awb-bg-size:cover;--awb-margin-top:30px;width:20%;width:calc(20% - ( ( 4% + 4% + 4% + 4% ) * 0.2 ) );margin-right: 4%;\"><div class=\"fusion-column-wrapper fusion-flex-column-wrapper-legacy\"><div class=\"fusion-image-element in-legacy-container\" style=\"--awb-caption-title-font-family:var(--h2_typography-font-family);--awb-caption-title-font-weight:var(--h2_typography-font-weight);--awb-caption-title-font-style:var(--h2_typography-font-style);--awb-caption-title-size:var(--h2_typography-font-size);--awb-caption-title-transform:var(--h2_typography-text-transform);--awb-caption-title-line-height:var(--h2_typography-line-height);--awb-caption-title-letter-spacing:var(--h2_typography-letter-spacing);\"><span class=\" fusion-imageframe imageframe-none imageframe-1 hover-type-none\"><a href=\"https:\/\/greenchalets.com\/wp-content\/uploads\/2016\/01\/lucca-greenchalets-x.jpg\" class=\"fusion-lightbox\" data-rel=\"iLightbox[11717b9c4fe2f29b128]\"><img decoding=\"async\" src=\"https:\/\/greenchalets.com\/wp-content\/uploads\/2016\/01\/lucca-greenchalets-x-vk.jpg\" alt class=\"img-responsive\"\/><\/a><\/span><\/div><div class=\"fusion-clearfix\"><\/div><\/div><\/div><div class=\"fusion-layout-column fusion_builder_column fusion-builder-column-2 fusion_builder_column_1_5 1_5 fusion-one-fifth\" style=\"--awb-bg-size:cover;--awb-margin-top:30px;width:20%;width:calc(20% - ( ( 4% + 4% + 4% + 4% ) * 0.2 ) );margin-right: 4%;\"><div class=\"fusion-column-wrapper fusion-flex-column-wrapper-legacy\"><div class=\"fusion-image-element in-legacy-container\" style=\"--awb-caption-title-font-family:var(--h2_typography-font-family);--awb-caption-title-font-weight:var(--h2_typography-font-weight);--awb-caption-title-font-style:var(--h2_typography-font-style);--awb-caption-title-size:var(--h2_typography-font-size);--awb-caption-title-transform:var(--h2_typography-text-transform);--awb-caption-title-line-height:var(--h2_typography-line-height);--awb-caption-title-letter-spacing:var(--h2_typography-letter-spacing);\"><span class=\" fusion-imageframe imageframe-none imageframe-2 hover-type-none\"><a href=\"https:\/\/greenchalets.com\/wp-content\/uploads\/2016\/01\/omgeving-Viareggio-lerici-greenchalets-x.jpg\" class=\"fusion-lightbox\" data-rel=\"iLightbox[92e1cf4d32b208817e2]\"><img decoding=\"async\" src=\"https:\/\/greenchalets.com\/wp-content\/uploads\/2016\/01\/omgeving-Viareggio-lerici-greenchalets-x-vk.jpg\" alt class=\"img-responsive\"\/><\/a><\/span><\/div><div class=\"fusion-clearfix\"><\/div><\/div><\/div><div class=\"fusion-layout-column fusion_builder_column fusion-builder-column-3 fusion_builder_column_1_5 1_5 fusion-one-fifth\" style=\"--awb-bg-size:cover;--awb-margin-top:30px;width:20%;width:calc(20% - ( ( 4% + 4% + 4% + 4% ) * 0.2 ) );margin-right: 4%;\"><div class=\"fusion-column-wrapper fusion-flex-column-wrapper-legacy\"><div class=\"fusion-image-element in-legacy-container\" style=\"--awb-caption-title-font-family:var(--h2_typography-font-family);--awb-caption-title-font-weight:var(--h2_typography-font-weight);--awb-caption-title-font-style:var(--h2_typography-font-style);--awb-caption-title-size:var(--h2_typography-font-size);--awb-caption-title-transform:var(--h2_typography-text-transform);--awb-caption-title-line-height:var(--h2_typography-line-height);--awb-caption-title-letter-spacing:var(--h2_typography-letter-spacing);\"><span class=\" fusion-imageframe imageframe-none imageframe-3 hover-type-none\"><a href=\"https:\/\/greenchalets.com\/wp-content\/uploads\/2016\/01\/omgeving-Viareggio-pisa-x.jpg\" class=\"fusion-lightbox\" data-rel=\"iLightbox[6726b0423ae051c3189]\"><img decoding=\"async\" src=\"https:\/\/greenchalets.com\/wp-content\/uploads\/2016\/01\/omgeving-Viareggio-pisa-x-vk.jpg\" alt class=\"img-responsive\"\/><\/a><\/span><\/div><div class=\"fusion-clearfix\"><\/div><\/div><\/div><div class=\"fusion-layout-column fusion_builder_column fusion-builder-column-4 fusion_builder_column_1_5 1_5 fusion-one-fifth\" style=\"--awb-bg-size:cover;--awb-margin-top:30px;width:20%;width:calc(20% - ( ( 4% + 4% + 4% + 4% ) * 0.2 ) );margin-right: 4%;\"><div class=\"fusion-column-wrapper fusion-flex-column-wrapper-legacy\"><div class=\"fusion-image-element in-legacy-container\" style=\"--awb-caption-title-font-family:var(--h2_typography-font-family);--awb-caption-title-font-weight:var(--h2_typography-font-weight);--awb-caption-title-font-style:var(--h2_typography-font-style);--awb-caption-title-size:var(--h2_typography-font-size);--awb-caption-title-transform:var(--h2_typography-text-transform);--awb-caption-title-line-height:var(--h2_typography-line-height);--awb-caption-title-letter-spacing:var(--h2_typography-letter-spacing);\"><span class=\" fusion-imageframe imageframe-none imageframe-4 hover-type-none\"><a href=\"https:\/\/greenchalets.com\/wp-content\/uploads\/2016\/01\/viareggio-1.jpg\" class=\"fusion-lightbox\" data-rel=\"iLightbox[ca9412ea8ba3b0dadc6]\"><img decoding=\"async\" src=\"https:\/\/greenchalets.com\/wp-content\/uploads\/2016\/01\/viareggio-1-vk.jpg\" alt class=\"img-responsive\"\/><\/a><\/span><\/div><div class=\"fusion-clearfix\"><\/div><\/div><\/div><div class=\"fusion-layout-column fusion_builder_column fusion-builder-column-5 fusion_builder_column_1_5 1_5 fusion-one-fifth fusion-column-last\" style=\"--awb-bg-size:cover;--awb-margin-top:30px;width:20%;width:calc(20% - ( ( 4% + 4% + 4% + 4% ) * 0.2 ) );\"><div class=\"fusion-column-wrapper fusion-flex-column-wrapper-legacy\"><div class=\"fusion-image-element in-legacy-container\" style=\"--awb-caption-title-font-family:var(--h2_typography-font-family);--awb-caption-title-font-weight:var(--h2_typography-font-weight);--awb-caption-title-font-style:var(--h2_typography-font-style);--awb-caption-title-size:var(--h2_typography-font-size);--awb-caption-title-transform:var(--h2_typography-text-transform);--awb-caption-title-line-height:var(--h2_typography-line-height);--awb-caption-title-letter-spacing:var(--h2_typography-letter-spacing);\"><span class=\" fusion-imageframe imageframe-none imageframe-5 hover-type-none\"><a href=\"https:\/\/greenchalets.com\/wp-content\/uploads\/2016\/01\/viareggio-greenchalets-boten-1-x.jpg\" class=\"fusion-lightbox\" data-rel=\"iLightbox[2b1176c19175439c3f6]\"><img decoding=\"async\" src=\"https:\/\/greenchalets.com\/wp-content\/uploads\/2016\/01\/viareggio-greenchalets-boten-1-x-vk.jpg\" alt class=\"img-responsive\"\/><\/a><\/span><\/div><div class=\"fusion-clearfix\"><\/div><\/div><\/div><div class=\"fusion-layout-column fusion_builder_column fusion-builder-column-6 fusion_builder_column_1_4 1_4 fusion-one-fourth fusion-column-first\" style=\"--awb-bg-size:cover;width:25%;width:calc(25% - ( ( 4% ) * 0.25 ) );margin-right: 4%;\"><div class=\"fusion-column-wrapper fusion-flex-column-wrapper-legacy\"><div class=\"fusion-text fusion-text-1\"><p><a href=\"https:\/\/www.facebook.com\/greenchalets\" target=\"_blank\" rel=\"noopener noreferrer\"><img decoding=\"async\" class=\"alignnone size-full wp-image-696\" src=\"https:\/\/greenchalets.com\/wp-content\/uploads\/2016\/01\/facebook.png\" alt=\"facebook\" \/><\/a><\/p>\n<\/div><div class=\"fusion-text fusion-text-2\"><p><a href=\"https:\/\/greenchalets.com\/fr\/prix-viareggio-toscane-mobilhome-greenchalets\/\"><img decoding=\"async\" class=\"alignnone wp-image-5589 size-full\" src=\"https:\/\/greenchalets.com\/wp-content\/uploads\/sites\/4\/2016\/01\/ArrowFR-Prix.png\" alt=\"ArrowNL\" width=\"121\" height=\"35\" \/><\/a><\/p>\n<\/div><div class=\"fusion-widget-area awb-widget-area-element fusion-widget-area-1 fusion-content-widget-area\" style=\"--awb-title-size:13px;--awb-title-color:#318d08;--awb-padding:0px 0px 0px 0px;\"><section id=\"nav_menu-5\" class=\"widget pojo-sidebar widget_nav_menu\"><div class=\"widget-inner\"><div class=\"menu-toscane-fr-container\"><ul id=\"menu-toscane-fr\" class=\"menu\"><li id=\"menu-item-559\" class=\"menu-item menu-item-type-post_type menu-item-object-page menu-item-559\"><a href=\"https:\/\/greenchalets.com\/fr\/mobile-home-viareggio-toscane\/\">Viareggio Toscane mobilhome S<\/a><\/li>\n<li id=\"menu-item-553\" class=\"menu-item menu-item-type-post_type menu-item-object-page menu-item-553\"><a href=\"https:\/\/greenchalets.com\/fr\/camping-paradiso-viereggio-toscane\/\">Camping Paradiso Viareggio Toscane<\/a><\/li>\n<li id=\"menu-item-556\" class=\"menu-item menu-item-type-post_type menu-item-object-page menu-item-556\"><a href=\"https:\/\/greenchalets.com\/fr\/lieu-greenchalets-viareggio\/\">Lieu Greenchalets Viareggio<\/a><\/li>\n<li id=\"menu-item-555\" class=\"menu-item menu-item-type-post_type menu-item-object-page menu-item-555\"><a href=\"https:\/\/greenchalets.com\/fr\/environs-viareggio-toscane\/\">Les environs de Viareggio &#8211; Toscane<\/a><\/li>\n<\/ul><\/div><\/div><\/section><div class=\"fusion-additional-widget-content\"><\/div><\/div><div class=\"fusion-clearfix\"><\/div><\/div><\/div><div class=\"fusion-layout-column fusion_builder_column fusion-builder-column-7 fusion_builder_column_2_3 2_3 fusion-two-third fusion-column-last\" style=\"--awb-bg-size:cover;width:66.666666666667%;width:calc(66.666666666667% - ( ( 4% ) * 0.66666666666667 ) );\"><div class=\"fusion-column-wrapper fusion-flex-column-wrapper-legacy\"><div class=\"fusion-text fusion-text-3\"><h1>LES ENVIRONS DE\u00a0TOSCANE<\/h1>\n<\/div><div class=\"fusion-builder-row fusion-builder-row-inner fusion-row\"><div class=\"fusion-layout-column fusion_builder_column_inner fusion-builder-nested-column-0 fusion_builder_column_inner_1_2 1_2 fusion-one-half fusion-column-first\" style=\"--awb-bg-size:cover;width:50%;width:calc(50% - ( ( 4% ) * 0.5 ) );margin-right: 4%;\"><div class=\"fusion-column-wrapper fusion-flex-column-wrapper-legacy\"><div class=\"fusion-text fusion-text-4\"><p>Viareggio est internationalement connue comme station baln\u00e9aire sur la mer Ligure.<\/p>\n<p>Les grands h\u00f4tels et les caf\u00e9s sont caract\u00e9ris\u00e9s par un style Art Nouveau et le port semble \u00eatre une vitrine pour les yachts co\u00fbteux.<br \/>\nEn raison des larges plages de sable, des brises fra\u00eeches de l&#8217;oc\u00e9an et bars de plage confortables, la plage est tr\u00e8s agr\u00e9able dans cette station bien-aim\u00e9e pour les enfants.<br \/>\nEntre le centre de Viareggio et Lido di Camaiore se trouve un boulevard de trois kilom\u00e8tres de long avec ses boutiques de grandes marques de v\u00eatements, caf\u00e9s confortables et les c\u00e9l\u00e8bres gelateria italienne. Les magasins sont ouverts jusqu&#8217;\u00e0 tard dans la soir\u00e9e.<br \/>\nA Viareggio vous pouvez combiner vacances \u00e0 la plage avec de belles excursions culturelles parfaits.<br \/>\nVisitez la com\u00e9die musicale Festival Puccini en Juillet et Ao\u00fbt \u00e0 Torre del Lago Puccini, une ville dans la municipalit\u00e9 de Viareggio.<br \/>\nSi vous voulez voir plus de la Toscane il y a des lieux c\u00e9l\u00e8bres comme Lucques, Pise et Sienne \u00e0 proximit\u00e9.<br \/>\nPar exemple, aller louer un v\u00e9lo pour 4 personnes avec la famille et rouler environ 4 km de long sur la muraille de Lucca!<\/p>\n<\/div><div class=\"fusion-clearfix\"><\/div><\/div><\/div><div class=\"fusion-layout-column fusion_builder_column_inner fusion-builder-nested-column-1 fusion_builder_column_inner_1_2 1_2 fusion-one-half fusion-column-last\" style=\"--awb-bg-size:cover;width:50%;width:calc(50% - ( ( 4% ) * 0.5 ) );\"><div class=\"fusion-column-wrapper fusion-flex-column-wrapper-legacy\"><div class=\"fusion-text fusion-text-5\"><p>Pise doit sa renomm\u00e9e, bien s\u00fbr, \u00e0 la tour pench\u00e9e sur la c\u00e9l\u00e8bre Piazza dei Miracolio, mais Pise a aussi l&#8217;une des plus grandes universit\u00e9s en Italie, ce qui en fait une ville d&#8217;\u00e9tudiants anim\u00e9e.<\/p>\n<p>Ou allez une journ\u00e9e dans la capitale provinciale de la Toscane, Florence &#8230; avec ses nombreux mus\u00e9es, le magnifique centre avec le c\u00e9l\u00e8bre pont du film, Le Parfum.<br \/>\nUn peu plus au nord de Viareggio on y trouve le Cinque Terre. Il se compose de cinq villages pittoresques uniques qui peuvent \u00eatre visit\u00e9s par train ou par bateau. Un beau sentier pour se promener, la Via dell&#8217;Amore, relie les villages entre eux.<br \/>\nDans les environs de Pise il y a le parc d&#8217;attractions Piccole Mondo, construit par la famille Fornaciai qui a une longue exp\u00e9rience dans la mise en place de man\u00e8ges pour les enfants.<br \/>\nIls sont fiers d&#8217;avoir le plus grand toboggan de la Toscane.<br \/>\nMais il y a plus de parcs comme le Parc de Pinocchio \u00e0 Collodi, le parc pr\u00e9historique Peccioli ou le zoo de Pistoia.<\/p>\n<\/div><div class=\"fusion-clearfix\"><\/div><\/div><\/div><\/div><div class=\"fusion-clearfix\"><\/div><\/div><\/div><\/div><\/div>\n","protected":false},"excerpt":{"rendered":"","protected":false},"author":1,"featured_media":0,"parent":0,"menu_order":0,"comment_status":"closed","ping_status":"closed","template":"","meta":{"footnotes":""},"class_list":["post-52","page","type-page","status-publish","hentry"],"yoast_head":"<!-- This site is optimized with the Yoast SEO plugin v27.4 - https:\/\/yoast.com\/product\/yoast-seo-wordpress\/ -->\n<title>environs Viareggio - Toscane<\/title>\n<meta name=\"description\" content=\"environs Viareggio - Toscane En raison des larges plages de sable, des brises fra\u00eeches de l&#039;oc\u00e9an et bars de plage confortables\" \/>\n<meta name=\"robots\" content=\"index, follow, max-snippet:-1, max-image-preview:large, max-video-preview:-1\" \/>\n<link rel=\"canonical\" href=\"https:\/\/greenchalets.com\/fr\/environs-viareggio-toscane\/\" \/>\n<meta property=\"og:locale\" content=\"nl_NL\" \/>\n<meta property=\"og:type\" content=\"article\" \/>\n<meta property=\"og:title\" content=\"environs Viareggio - Toscane\" \/>\n<meta property=\"og:description\" content=\"environs Viareggio - Toscane En raison des larges plages de sable, des brises fra\u00eeches de l&#039;oc\u00e9an et bars de plage confortables\" \/>\n<meta property=\"og:url\" content=\"https:\/\/greenchalets.com\/fr\/environs-viareggio-toscane\/\" \/>\n<meta property=\"og:site_name\" content=\"Greenchalets FR\" \/>\n<meta property=\"article:modified_time\" content=\"2025-06-08T08:44:32+00:00\" \/>\n<meta property=\"og:image\" content=\"https:\/\/greenchalets.com\/wp-content\/uploads\/2016\/01\/facebook.png\" \/>\n<meta name=\"twitter:card\" content=\"summary_large_image\" \/>\n<meta name=\"twitter:label1\" content=\"Geschatte leestijd\" \/>\n\t<meta name=\"twitter:data1\" content=\"4 minuten\" \/>\n<script type=\"application\/ld+json\" class=\"yoast-schema-graph\">{\"@context\":\"https:\\\/\\\/schema.org\",\"@graph\":[{\"@type\":\"WebPage\",\"@id\":\"https:\\\/\\\/greenchalets.com\\\/fr\\\/environs-viareggio-toscane\\\/\",\"url\":\"https:\\\/\\\/greenchalets.com\\\/fr\\\/environs-viareggio-toscane\\\/\",\"name\":\"environs Viareggio - Toscane\",\"isPartOf\":{\"@id\":\"https:\\\/\\\/greenchalets.com\\\/fr\\\/#website\"},\"primaryImageOfPage\":{\"@id\":\"https:\\\/\\\/greenchalets.com\\\/fr\\\/environs-viareggio-toscane\\\/#primaryimage\"},\"image\":{\"@id\":\"https:\\\/\\\/greenchalets.com\\\/fr\\\/environs-viareggio-toscane\\\/#primaryimage\"},\"thumbnailUrl\":\"https:\\\/\\\/greenchalets.com\\\/wp-content\\\/uploads\\\/2016\\\/01\\\/facebook.png\",\"datePublished\":\"2015-12-16T21:22:24+00:00\",\"dateModified\":\"2025-06-08T08:44:32+00:00\",\"description\":\"environs Viareggio - Toscane En raison des larges plages de sable, des brises fra\u00eeches de l'oc\u00e9an et bars de plage confortables\",\"breadcrumb\":{\"@id\":\"https:\\\/\\\/greenchalets.com\\\/fr\\\/environs-viareggio-toscane\\\/#breadcrumb\"},\"inLanguage\":\"nl-NL\",\"potentialAction\":[{\"@type\":\"ReadAction\",\"target\":[\"https:\\\/\\\/greenchalets.com\\\/fr\\\/environs-viareggio-toscane\\\/\"]}]},{\"@type\":\"ImageObject\",\"inLanguage\":\"nl-NL\",\"@id\":\"https:\\\/\\\/greenchalets.com\\\/fr\\\/environs-viareggio-toscane\\\/#primaryimage\",\"url\":\"https:\\\/\\\/greenchalets.com\\\/wp-content\\\/uploads\\\/2016\\\/01\\\/facebook.png\",\"contentUrl\":\"https:\\\/\\\/greenchalets.com\\\/wp-content\\\/uploads\\\/2016\\\/01\\\/facebook.png\"},{\"@type\":\"BreadcrumbList\",\"@id\":\"https:\\\/\\\/greenchalets.com\\\/fr\\\/environs-viareggio-toscane\\\/#breadcrumb\",\"itemListElement\":[{\"@type\":\"ListItem\",\"position\":1,\"name\":\"Home\",\"item\":\"https:\\\/\\\/greenchalets.com\\\/fr\\\/\"},{\"@type\":\"ListItem\",\"position\":2,\"name\":\"environs Viareggio &#8211; Toscane\"}]},{\"@type\":\"WebSite\",\"@id\":\"https:\\\/\\\/greenchalets.com\\\/fr\\\/#website\",\"url\":\"https:\\\/\\\/greenchalets.com\\\/fr\\\/\",\"name\":\"Greenchalets FR\",\"description\":\"Greenchalets Mobil-homes camping Vacances\",\"potentialAction\":[{\"@type\":\"SearchAction\",\"target\":{\"@type\":\"EntryPoint\",\"urlTemplate\":\"https:\\\/\\\/greenchalets.com\\\/fr\\\/?s={search_term_string}\"},\"query-input\":{\"@type\":\"PropertyValueSpecification\",\"valueRequired\":true,\"valueName\":\"search_term_string\"}}],\"inLanguage\":\"nl-NL\"}]}<\/script>\n<!-- \/ Yoast SEO plugin. -->","yoast_head_json":{"title":"environs Viareggio - Toscane","description":"environs Viareggio - Toscane En raison des larges plages de sable, des brises fra\u00eeches de l'oc\u00e9an et bars de plage confortables","robots":{"index":"index","follow":"follow","max-snippet":"max-snippet:-1","max-image-preview":"max-image-preview:large","max-video-preview":"max-video-preview:-1"},"canonical":"https:\/\/greenchalets.com\/fr\/environs-viareggio-toscane\/","og_locale":"nl_NL","og_type":"article","og_title":"environs Viareggio - Toscane","og_description":"environs Viareggio - Toscane En raison des larges plages de sable, des brises fra\u00eeches de l'oc\u00e9an et bars de plage confortables","og_url":"https:\/\/greenchalets.com\/fr\/environs-viareggio-toscane\/","og_site_name":"Greenchalets FR","article_modified_time":"2025-06-08T08:44:32+00:00","og_image":[{"url":"https:\/\/greenchalets.com\/wp-content\/uploads\/2016\/01\/facebook.png","type":"","width":"","height":""}],"twitter_card":"summary_large_image","twitter_misc":{"Geschatte leestijd":"4 minuten"},"schema":{"@context":"https:\/\/schema.org","@graph":[{"@type":"WebPage","@id":"https:\/\/greenchalets.com\/fr\/environs-viareggio-toscane\/","url":"https:\/\/greenchalets.com\/fr\/environs-viareggio-toscane\/","name":"environs Viareggio - Toscane","isPartOf":{"@id":"https:\/\/greenchalets.com\/fr\/#website"},"primaryImageOfPage":{"@id":"https:\/\/greenchalets.com\/fr\/environs-viareggio-toscane\/#primaryimage"},"image":{"@id":"https:\/\/greenchalets.com\/fr\/environs-viareggio-toscane\/#primaryimage"},"thumbnailUrl":"https:\/\/greenchalets.com\/wp-content\/uploads\/2016\/01\/facebook.png","datePublished":"2015-12-16T21:22:24+00:00","dateModified":"2025-06-08T08:44:32+00:00","description":"environs Viareggio - Toscane En raison des larges plages de sable, des brises fra\u00eeches de l'oc\u00e9an et bars de plage confortables","breadcrumb":{"@id":"https:\/\/greenchalets.com\/fr\/environs-viareggio-toscane\/#breadcrumb"},"inLanguage":"nl-NL","potentialAction":[{"@type":"ReadAction","target":["https:\/\/greenchalets.com\/fr\/environs-viareggio-toscane\/"]}]},{"@type":"ImageObject","inLanguage":"nl-NL","@id":"https:\/\/greenchalets.com\/fr\/environs-viareggio-toscane\/#primaryimage","url":"https:\/\/greenchalets.com\/wp-content\/uploads\/2016\/01\/facebook.png","contentUrl":"https:\/\/greenchalets.com\/wp-content\/uploads\/2016\/01\/facebook.png"},{"@type":"BreadcrumbList","@id":"https:\/\/greenchalets.com\/fr\/environs-viareggio-toscane\/#breadcrumb","itemListElement":[{"@type":"ListItem","position":1,"name":"Home","item":"https:\/\/greenchalets.com\/fr\/"},{"@type":"ListItem","position":2,"name":"environs Viareggio &#8211; Toscane"}]},{"@type":"WebSite","@id":"https:\/\/greenchalets.com\/fr\/#website","url":"https:\/\/greenchalets.com\/fr\/","name":"Greenchalets FR","description":"Greenchalets Mobil-homes camping Vacances","potentialAction":[{"@type":"SearchAction","target":{"@type":"EntryPoint","urlTemplate":"https:\/\/greenchalets.com\/fr\/?s={search_term_string}"},"query-input":{"@type":"PropertyValueSpecification","valueRequired":true,"valueName":"search_term_string"}}],"inLanguage":"nl-NL"}]}},"_links":{"self":[{"href":"https:\/\/greenchalets.com\/fr\/wp-json\/wp\/v2\/pages\/52","targetHints":{"allow":["GET"]}}],"collection":[{"href":"https:\/\/greenchalets.com\/fr\/wp-json\/wp\/v2\/pages"}],"about":[{"href":"https:\/\/greenchalets.com\/fr\/wp-json\/wp\/v2\/types\/page"}],"author":[{"embeddable":true,"href":"https:\/\/greenchalets.com\/fr\/wp-json\/wp\/v2\/users\/1"}],"replies":[{"embeddable":true,"href":"https:\/\/greenchalets.com\/fr\/wp-json\/wp\/v2\/comments?post=52"}],"version-history":[{"count":10,"href":"https:\/\/greenchalets.com\/fr\/wp-json\/wp\/v2\/pages\/52\/revisions"}],"predecessor-version":[{"id":3904,"href":"https:\/\/greenchalets.com\/fr\/wp-json\/wp\/v2\/pages\/52\/revisions\/3904"}],"wp:attachment":[{"href":"https:\/\/greenchalets.com\/fr\/wp-json\/wp\/v2\/media?parent=52"}],"curies":[{"name":"wp","href":"https:\/\/api.w.org\/{rel}","templated":true}]}}