{"id":3360,"date":"2019-11-01T00:00:30","date_gmt":"2019-10-31T23:00:30","guid":{"rendered":"http:\/\/greenchalets.com\/fr\/?page_id=3360"},"modified":"2023-11-13T10:54:59","modified_gmt":"2023-11-13T09:54:59","slug":"prix-platjo-daro","status":"publish","type":"page","link":"https:\/\/greenchalets.com\/fr\/prix-platjo-daro\/","title":{"rendered":"Prix Platjo d&#8217;Aro"},"content":{"rendered":"<div class=\"fusion-fullwidth fullwidth-box fusion-builder-row-1 nonhundred-percent-fullwidth non-hundred-percent-height-scrolling\" style=\"--awb-border-radius-top-left:0px;--awb-border-radius-top-right:0px;--awb-border-radius-bottom-right:0px;--awb-border-radius-bottom-left:0px;--awb-flex-wrap:wrap;\" ><div class=\"fusion-builder-row fusion-row\"><div class=\"fusion-layout-column fusion_builder_column fusion-builder-column-0 fusion_builder_column_1_1 1_1 fusion-one-full fusion-column-first fusion-column-last\" style=\"--awb-bg-size:cover;--awb-margin-bottom:0px;\"><div class=\"fusion-column-wrapper fusion-flex-column-wrapper-legacy\">\n<div class=\"fusion-slider-revolution rev_slider_wrapper\">\t\t\t<!-- START Palamos REVOLUTION SLIDER 6.6.20 --><p class=\"rs-p-wp-fix\"><\/p>\n\t\t\t<rs-module-wrap id=\"rev_slider_13_1_wrapper\" data-source=\"gallery\" style=\"visibility:hidden;background:transparent;padding:0;margin:0px auto;margin-top:0;margin-bottom:0;\">\n\t\t\t\t<rs-module id=\"rev_slider_13_1\" style=\"\" data-version=\"6.6.20\">\n\t\t\t\t\t<rs-slides style=\"overflow: hidden; position: absolute;\">\n\t\t\t\t\t\t<rs-slide style=\"position: absolute;\" data-key=\"rs-24\" data-title=\"Slide\" data-anim=\"r:0;\" data-in=\"o:0;\" data-out=\"a:false;\">\n\t\t\t\t\t\t\t<img decoding=\"async\" src=\"\/\/greenchalets.com\/fr\/wp-content\/plugins\/revslider\/public\/assets\/assets\/dummy.png\" alt=\"\" title=\"platja-daro-spanje.jpg\" width=\"1200\" height=\"347\" class=\"rev-slidebg tp-rs-img rs-lazyload\" data-lazyload=\"\/\/greenchalets.com\/fr\/wp-content\/uploads\/sites\/4\/revslider\/Palamos-nieuw\/platja-daro-spanje.jpg\" data-no-retina>\n<!--\n\t\t\t\t\t\t\t--><rs-layer\n\t\t\t\t\t\t\t\tid=\"slider-13-slide-24-layer-1\" \n\t\t\t\t\t\t\t\tclass=\"boxshadow\"\n\t\t\t\t\t\t\t\tdata-type=\"text\"\n\t\t\t\t\t\t\t\tdata-color=\"rgba(255, 255, 255, 1)\"\n\t\t\t\t\t\t\t\tdata-rsp_ch=\"on\"\n\t\t\t\t\t\t\t\tdata-xy=\"xo:181px;yo:202px;\"\n\t\t\t\t\t\t\t\tdata-text=\"w:normal;s:48;l:51;fw:600;\"\n\t\t\t\t\t\t\t\tdata-dim=\"w:330px;\"\n\t\t\t\t\t\t\t\tdata-padding=\"l:5;\"\n\t\t\t\t\t\t\t\tdata-frame_0=\"tp:600;\"\n\t\t\t\t\t\t\t\tdata-frame_1=\"tp:600;e:power2.inOut;st:500;sR:500;\"\n\t\t\t\t\t\t\t\tdata-frame_999=\"o:0;tp:600;e:nothing;st:w;sR:8200;\"\n\t\t\t\t\t\t\t\tstyle=\"z-index:5;font-family:'Trebuchet MS', 'Helvetica', 'sans-serif';-moz-box-shadow:0px 0px 20px rgba(0, 0, 0, 0.5);-webkit-box-shadow:0px 0px 20px rgba(0, 0, 0, 0.5);box-shadow:0px 0px 20px rgba(0, 0, 0, 0.5);\"\n\t\t\t\t\t\t\t>COSTA BRAVA \n\t\t\t\t\t\t\t<\/rs-layer><!--\n-->\t\t\t\t\t\t<\/rs-slide>\n\t\t\t\t\t<\/rs-slides>\n\t\t\t\t<\/rs-module>\n\t\t\t\t<script>\n\t\t\t\t\tsetREVStartSize({c: 'rev_slider_13_1',rl:[1240,1024,778,480],el:[300,300,300,300],gw:[1600,1600,778,480],gh:[300,300,300,300],type:'standard',justify:'',layout:'fullwidth',mh:\"0\"});if (window.RS_MODULES!==undefined && window.RS_MODULES.modules!==undefined && window.RS_MODULES.modules[\"revslider131\"]!==undefined) {window.RS_MODULES.modules[\"revslider131\"].once = false;window.revapi13 = undefined;if (window.RS_MODULES.checkMinimal!==undefined) window.RS_MODULES.checkMinimal()}\n\t\t\t\t<\/script>\n\t\t\t<\/rs-module-wrap>\n\t\t\t<!-- END REVOLUTION SLIDER -->\n<\/div><div class=\"fusion-clearfix\"><\/div><\/div><\/div><div class=\"fusion-layout-column fusion_builder_column fusion-builder-column-1 fusion_builder_column_1_4 1_4 fusion-one-fourth fusion-column-first\" style=\"--awb-bg-size:cover;--awb-margin-top:30px;width:25%;width:calc(25% - ( ( 4% ) * 0.25 ) );margin-right: 4%;\"><div class=\"fusion-column-wrapper fusion-flex-column-wrapper-legacy\"><div class=\"fusion-text fusion-text-1\"><p><a href=\"https:\/\/www.facebook.com\/greenchalets\" target=\"_blank\" rel=\"noopener noreferrer\"><img decoding=\"async\" class=\"alignnone size-full wp-image-696\" src=\"https:\/\/greenchalets.com\/wp-content\/uploads\/2016\/01\/facebook.png\" alt=\"facebook\" \/><\/a><\/p>\n<\/div><div class=\"fusion-text fusion-text-2\"><p><a href=\"https:\/\/www.greenchalets.com\/fr\/contact\/\"><img decoding=\"async\" class=\"alignnone size-full wp-image-5589\" src=\"https:\/\/greenchalets.com\/wp-content\/uploads\/sites\/4\/2016\/01\/ArrowFR.png\" alt=\"ArrowFR\" width=\"121\" height=\"35\" \/><\/a><\/p>\n<\/div><div class=\"fusion-widget-area awb-widget-area-element fusion-widget-area-1 fusion-content-widget-area\" style=\"--awb-title-size:13px;--awb-title-color:#318d08;--awb-padding:0px 0px 0px 0px;\"><div id=\"nav_menu-11\" class=\"widget widget_nav_menu\"><div class=\"menu-platja-daro-fr-container\"><ul id=\"menu-platja-daro-fr\" class=\"menu\"><li id=\"menu-item-3350\" class=\"menu-item menu-item-type-post_type menu-item-object-page menu-item-3350\"><a href=\"https:\/\/greenchalets.com\/fr\/mobilhome-castell-platja-daro\/\">Castell Platja d\u2019Aro mobilhome S<\/a><\/li>\n<li id=\"menu-item-3349\" class=\"menu-item menu-item-type-post_type menu-item-object-page menu-item-3349\"><a href=\"https:\/\/greenchalets.com\/fr\/camping-castell-daro-platja-daro\/\">Camping Castell d\u2019Aro \u2013 Platja d\u2019Aro<\/a><\/li>\n<li id=\"menu-item-3348\" class=\"menu-item menu-item-type-post_type menu-item-object-page menu-item-3348\"><a href=\"https:\/\/greenchalets.com\/fr\/environnement-castell-platja-daro\/\">Environnement Castell Platja d&#8217;Aro<\/a><\/li>\n<li id=\"menu-item-3347\" class=\"menu-item menu-item-type-post_type menu-item-object-page menu-item-3347\"><a href=\"https:\/\/greenchalets.com\/fr\/lieu-greenchalets-castell-platja-daro\/\">Lieu Greenchalets Castell Platja d&#8217;Aro<\/a><\/li>\n<\/ul><\/div><\/div><div class=\"fusion-additional-widget-content\"><\/div><\/div><div class=\"fusion-clearfix\"><\/div><\/div><\/div><div class=\"fusion-layout-column fusion_builder_column fusion-builder-column-2 fusion_builder_column_3_4 3_4 fusion-three-fourth fusion-column-last\" style=\"--awb-bg-size:cover;--awb-margin-top:30px;width:75%;width:calc(75% - ( ( 4% ) * 0.75 ) );\"><div class=\"fusion-column-wrapper fusion-flex-column-wrapper-legacy\"><div class=\"fusion-text fusion-text-3\"><h3 style=\"text-align: center;\">ESPAGNE &#8211; COSTA BRAVA &#8211; CASTELL PLATJA D&#8217;ARO<\/h3>\n<p style=\"text-align: center;\"><strong>Renseignez-vous toujours sur nos offres sp\u00e9ciales, r\u00e9ductions de derni\u00e8re minute, r\u00e9ductions pour les personnes \u00e2g\u00e9es ou les clients r\u00e9guliers.<\/strong><\/p>\n<p style=\"text-align: center;\"><strong>Prix hors nettoyage final 65, &#8211; euro.<\/strong><\/p>\n<p style=\"text-align: center;\"><strong>Taxe de s\u00e9jour 0.50 euros par personne et par jour (sur place)<\/strong><\/p>\n<p style=\"text-align: center;\"><strong>Climatisation 10,- euro per nuit.<\/strong><\/p>\n<p style=\"text-align: center;\"><strong>Les animaux sont les bienvenus au camping.<\/strong><\/p>\n<p style=\"text-align: center;\"><strong>Arriv\u00e9es et d\u00e9parts quotidiens possibles toute la saison.<\/strong><br \/>\n<strong>S\u00e9jour minimum 2 nuits.<\/strong><\/p>\n<\/div><div class=\"fusion-text fusion-text-4\"><table class=\" aligncenter\" width=\"790\">\n<tbody>\n<tr>\n<td width=\"164\">Platja d&#8217;aro<\/td>\n<td width=\"163\">Ex TB\/ TT<\/td>\n<td width=\"191\"><\/td>\n<td width=\"107\"><\/td>\n<td width=\"165\">Mobilehome Type S 4p<\/td>\n<\/tr>\n<tr>\n<td>2024<\/td>\n<td>ex eindschoonmaak\/<\/td>\n<td><\/td>\n<td><\/td>\n<td>Nacht\/ Night<\/td>\n<\/tr>\n<tr>\n<td><\/td>\n<td>final cleaning.<\/td>\n<td><\/td>\n<td><\/td>\n<td>Notte\/ Nuit<\/td>\n<\/tr>\n<tr>\n<td width=\"164\"><\/td>\n<td width=\"163\"><\/td>\n<td><\/td>\n<td><\/td>\n<td><\/td>\n<\/tr>\n<tr>\n<td>\n<table>\n<tbody>\n<tr>\n<td width=\"164\"><\/td>\n<\/tr>\n<\/tbody>\n<\/table>\n<\/td>\n<td width=\"163\">13-05-24<\/td>\n<td width=\"191\">16-05-24<\/td>\n<td><\/td>\n<td>\u20ac 50,00<\/td>\n<\/tr>\n<tr>\n<td><\/td>\n<td width=\"163\">17-05-24<\/td>\n<td width=\"191\">20-05-24<\/td>\n<td><\/td>\n<td>\u20ac 75,00<\/td>\n<\/tr>\n<tr>\n<td><\/td>\n<td width=\"163\">21-05-24<\/td>\n<td width=\"191\">27-06-24<\/td>\n<td><\/td>\n<td>\u20ac 70,00<\/td>\n<\/tr>\n<tr>\n<td><\/td>\n<td width=\"163\">28-06-24<\/td>\n<td width=\"191\">5-07-24<\/td>\n<td><\/td>\n<td>\u20ac 75,00<\/td>\n<\/tr>\n<tr>\n<td><\/td>\n<td width=\"163\">6-07-24<\/td>\n<td width=\"191\">11-07-24<\/td>\n<td><\/td>\n<td>\u20ac 85,00<\/td>\n<\/tr>\n<tr>\n<td><\/td>\n<td width=\"163\">12-07-24<\/td>\n<td width=\"191\">24-08-24<\/td>\n<td><\/td>\n<td>\u20ac 155,00<\/td>\n<\/tr>\n<tr>\n<td><\/td>\n<td width=\"163\">25-08-24<\/td>\n<td width=\"191\">31-08-24<\/td>\n<td><\/td>\n<td>\u20ac 90,00<\/td>\n<\/tr>\n<tr>\n<td><\/td>\n<td width=\"163\">1-09-24<\/td>\n<td width=\"191\">14-09-24<\/td>\n<td><\/td>\n<td>\u20ac 75,00<\/td>\n<\/tr>\n<tr>\n<td><\/td>\n<td><\/td>\n<td><\/td>\n<td><\/td>\n<td><\/td>\n<\/tr>\n<\/tbody>\n<\/table>\n<\/div><div class=\"fusion-clearfix\"><\/div><\/div><\/div><\/div><\/div>\n","protected":false},"excerpt":{"rendered":"","protected":false},"author":3,"featured_media":0,"parent":0,"menu_order":0,"comment_status":"closed","ping_status":"closed","template":"","meta":{"footnotes":""},"class_list":["post-3360","page","type-page","status-publish","hentry"],"yoast_head":"<!-- This site is optimized with the Yoast SEO plugin v27.4 - https:\/\/yoast.com\/product\/yoast-seo-wordpress\/ -->\n<title>Prix Platjo d&#039;Aro Greenchalets Espagne mobile home<\/title>\n<meta name=\"description\" content=\"Prix Platjo d&#039;Aro Greenchalets Espagne Arriv\u00e9es et d\u00e9parts quotidiens possibles toute la saison. S\u00e9jour minimum 2 nuits.\" \/>\n<meta name=\"robots\" content=\"index, follow, max-snippet:-1, max-image-preview:large, max-video-preview:-1\" \/>\n<link rel=\"canonical\" href=\"https:\/\/greenchalets.com\/fr\/prix-platjo-daro\/\" \/>\n<meta property=\"og:locale\" content=\"nl_NL\" \/>\n<meta property=\"og:type\" content=\"article\" \/>\n<meta property=\"og:title\" content=\"Prix Platjo d&#039;Aro Greenchalets Espagne mobile home\" \/>\n<meta property=\"og:description\" content=\"Prix Platjo d&#039;Aro Greenchalets Espagne Arriv\u00e9es et d\u00e9parts quotidiens possibles toute la saison. S\u00e9jour minimum 2 nuits.\" \/>\n<meta property=\"og:url\" content=\"https:\/\/greenchalets.com\/fr\/prix-platjo-daro\/\" \/>\n<meta property=\"og:site_name\" content=\"Greenchalets FR\" \/>\n<meta property=\"article:modified_time\" content=\"2023-11-13T09:54:59+00:00\" \/>\n<meta property=\"og:image\" content=\"https:\/\/greenchalets.com\/wp-content\/uploads\/2016\/01\/facebook.png\" \/>\n<meta name=\"twitter:card\" content=\"summary_large_image\" \/>\n<meta name=\"twitter:label1\" content=\"Geschatte leestijd\" \/>\n\t<meta name=\"twitter:data1\" content=\"3 minuten\" \/>\n<script type=\"application\/ld+json\" class=\"yoast-schema-graph\">{\"@context\":\"https:\\\/\\\/schema.org\",\"@graph\":[{\"@type\":\"WebPage\",\"@id\":\"https:\\\/\\\/greenchalets.com\\\/fr\\\/prix-platjo-daro\\\/\",\"url\":\"https:\\\/\\\/greenchalets.com\\\/fr\\\/prix-platjo-daro\\\/\",\"name\":\"Prix Platjo d'Aro Greenchalets Espagne mobile home\",\"isPartOf\":{\"@id\":\"https:\\\/\\\/greenchalets.com\\\/fr\\\/#website\"},\"primaryImageOfPage\":{\"@id\":\"https:\\\/\\\/greenchalets.com\\\/fr\\\/prix-platjo-daro\\\/#primaryimage\"},\"image\":{\"@id\":\"https:\\\/\\\/greenchalets.com\\\/fr\\\/prix-platjo-daro\\\/#primaryimage\"},\"thumbnailUrl\":\"https:\\\/\\\/greenchalets.com\\\/wp-content\\\/uploads\\\/2016\\\/01\\\/facebook.png\",\"datePublished\":\"2019-10-31T23:00:30+00:00\",\"dateModified\":\"2023-11-13T09:54:59+00:00\",\"description\":\"Prix Platjo d'Aro Greenchalets Espagne Arriv\u00e9es et d\u00e9parts quotidiens possibles toute la saison. S\u00e9jour minimum 2 nuits.\",\"breadcrumb\":{\"@id\":\"https:\\\/\\\/greenchalets.com\\\/fr\\\/prix-platjo-daro\\\/#breadcrumb\"},\"inLanguage\":\"nl-NL\",\"potentialAction\":[{\"@type\":\"ReadAction\",\"target\":[\"https:\\\/\\\/greenchalets.com\\\/fr\\\/prix-platjo-daro\\\/\"]}]},{\"@type\":\"ImageObject\",\"inLanguage\":\"nl-NL\",\"@id\":\"https:\\\/\\\/greenchalets.com\\\/fr\\\/prix-platjo-daro\\\/#primaryimage\",\"url\":\"https:\\\/\\\/greenchalets.com\\\/wp-content\\\/uploads\\\/2016\\\/01\\\/facebook.png\",\"contentUrl\":\"https:\\\/\\\/greenchalets.com\\\/wp-content\\\/uploads\\\/2016\\\/01\\\/facebook.png\"},{\"@type\":\"BreadcrumbList\",\"@id\":\"https:\\\/\\\/greenchalets.com\\\/fr\\\/prix-platjo-daro\\\/#breadcrumb\",\"itemListElement\":[{\"@type\":\"ListItem\",\"position\":1,\"name\":\"Home\",\"item\":\"https:\\\/\\\/greenchalets.com\\\/fr\\\/\"},{\"@type\":\"ListItem\",\"position\":2,\"name\":\"Prix Platjo d&#8217;Aro\"}]},{\"@type\":\"WebSite\",\"@id\":\"https:\\\/\\\/greenchalets.com\\\/fr\\\/#website\",\"url\":\"https:\\\/\\\/greenchalets.com\\\/fr\\\/\",\"name\":\"Greenchalets FR\",\"description\":\"Greenchalets Mobil-homes camping Vacances\",\"potentialAction\":[{\"@type\":\"SearchAction\",\"target\":{\"@type\":\"EntryPoint\",\"urlTemplate\":\"https:\\\/\\\/greenchalets.com\\\/fr\\\/?s={search_term_string}\"},\"query-input\":{\"@type\":\"PropertyValueSpecification\",\"valueRequired\":true,\"valueName\":\"search_term_string\"}}],\"inLanguage\":\"nl-NL\"}]}<\/script>\n<!-- \/ Yoast SEO plugin. -->","yoast_head_json":{"title":"Prix Platjo d'Aro Greenchalets Espagne mobile home","description":"Prix Platjo d'Aro Greenchalets Espagne Arriv\u00e9es et d\u00e9parts quotidiens possibles toute la saison. S\u00e9jour minimum 2 nuits.","robots":{"index":"index","follow":"follow","max-snippet":"max-snippet:-1","max-image-preview":"max-image-preview:large","max-video-preview":"max-video-preview:-1"},"canonical":"https:\/\/greenchalets.com\/fr\/prix-platjo-daro\/","og_locale":"nl_NL","og_type":"article","og_title":"Prix Platjo d'Aro Greenchalets Espagne mobile home","og_description":"Prix Platjo d'Aro Greenchalets Espagne Arriv\u00e9es et d\u00e9parts quotidiens possibles toute la saison. S\u00e9jour minimum 2 nuits.","og_url":"https:\/\/greenchalets.com\/fr\/prix-platjo-daro\/","og_site_name":"Greenchalets FR","article_modified_time":"2023-11-13T09:54:59+00:00","og_image":[{"url":"https:\/\/greenchalets.com\/wp-content\/uploads\/2016\/01\/facebook.png","type":"","width":"","height":""}],"twitter_card":"summary_large_image","twitter_misc":{"Geschatte leestijd":"3 minuten"},"schema":{"@context":"https:\/\/schema.org","@graph":[{"@type":"WebPage","@id":"https:\/\/greenchalets.com\/fr\/prix-platjo-daro\/","url":"https:\/\/greenchalets.com\/fr\/prix-platjo-daro\/","name":"Prix Platjo d'Aro Greenchalets Espagne mobile home","isPartOf":{"@id":"https:\/\/greenchalets.com\/fr\/#website"},"primaryImageOfPage":{"@id":"https:\/\/greenchalets.com\/fr\/prix-platjo-daro\/#primaryimage"},"image":{"@id":"https:\/\/greenchalets.com\/fr\/prix-platjo-daro\/#primaryimage"},"thumbnailUrl":"https:\/\/greenchalets.com\/wp-content\/uploads\/2016\/01\/facebook.png","datePublished":"2019-10-31T23:00:30+00:00","dateModified":"2023-11-13T09:54:59+00:00","description":"Prix Platjo d'Aro Greenchalets Espagne Arriv\u00e9es et d\u00e9parts quotidiens possibles toute la saison. S\u00e9jour minimum 2 nuits.","breadcrumb":{"@id":"https:\/\/greenchalets.com\/fr\/prix-platjo-daro\/#breadcrumb"},"inLanguage":"nl-NL","potentialAction":[{"@type":"ReadAction","target":["https:\/\/greenchalets.com\/fr\/prix-platjo-daro\/"]}]},{"@type":"ImageObject","inLanguage":"nl-NL","@id":"https:\/\/greenchalets.com\/fr\/prix-platjo-daro\/#primaryimage","url":"https:\/\/greenchalets.com\/wp-content\/uploads\/2016\/01\/facebook.png","contentUrl":"https:\/\/greenchalets.com\/wp-content\/uploads\/2016\/01\/facebook.png"},{"@type":"BreadcrumbList","@id":"https:\/\/greenchalets.com\/fr\/prix-platjo-daro\/#breadcrumb","itemListElement":[{"@type":"ListItem","position":1,"name":"Home","item":"https:\/\/greenchalets.com\/fr\/"},{"@type":"ListItem","position":2,"name":"Prix Platjo d&#8217;Aro"}]},{"@type":"WebSite","@id":"https:\/\/greenchalets.com\/fr\/#website","url":"https:\/\/greenchalets.com\/fr\/","name":"Greenchalets FR","description":"Greenchalets Mobil-homes camping Vacances","potentialAction":[{"@type":"SearchAction","target":{"@type":"EntryPoint","urlTemplate":"https:\/\/greenchalets.com\/fr\/?s={search_term_string}"},"query-input":{"@type":"PropertyValueSpecification","valueRequired":true,"valueName":"search_term_string"}}],"inLanguage":"nl-NL"}]}},"_links":{"self":[{"href":"https:\/\/greenchalets.com\/fr\/wp-json\/wp\/v2\/pages\/3360","targetHints":{"allow":["GET"]}}],"collection":[{"href":"https:\/\/greenchalets.com\/fr\/wp-json\/wp\/v2\/pages"}],"about":[{"href":"https:\/\/greenchalets.com\/fr\/wp-json\/wp\/v2\/types\/page"}],"author":[{"embeddable":true,"href":"https:\/\/greenchalets.com\/fr\/wp-json\/wp\/v2\/users\/3"}],"replies":[{"embeddable":true,"href":"https:\/\/greenchalets.com\/fr\/wp-json\/wp\/v2\/comments?post=3360"}],"version-history":[{"count":13,"href":"https:\/\/greenchalets.com\/fr\/wp-json\/wp\/v2\/pages\/3360\/revisions"}],"predecessor-version":[{"id":3829,"href":"https:\/\/greenchalets.com\/fr\/wp-json\/wp\/v2\/pages\/3360\/revisions\/3829"}],"wp:attachment":[{"href":"https:\/\/greenchalets.com\/fr\/wp-json\/wp\/v2\/media?parent=3360"}],"curies":[{"name":"wp","href":"https:\/\/api.w.org\/{rel}","templated":true}]}}