{"id":28,"date":"2015-12-16T21:08:03","date_gmt":"2015-12-16T21:08:03","guid":{"rendered":"http:\/\/greenchalets.com\/?page_id=28"},"modified":"2020-03-20T13:57:25","modified_gmt":"2020-03-20T12:57:25","slug":"contact-greenchalets-france","status":"publish","type":"page","link":"https:\/\/greenchalets.com\/fr\/contact-greenchalets-france\/","title":{"rendered":"Contact Greenchalets France"},"content":{"rendered":"<div class=\"fusion-fullwidth fullwidth-box fusion-builder-row-1 nonhundred-percent-fullwidth non-hundred-percent-height-scrolling\" style=\"--awb-border-radius-top-left:0px;--awb-border-radius-top-right:0px;--awb-border-radius-bottom-right:0px;--awb-border-radius-bottom-left:0px;--awb-flex-wrap:wrap;\" ><div class=\"fusion-builder-row fusion-row\"><div class=\"fusion-layout-column fusion_builder_column fusion-builder-column-0 fusion_builder_column_1_1 1_1 fusion-one-full fusion-column-first fusion-column-last\" style=\"--awb-bg-size:cover;--awb-margin-bottom:0px;\"><div class=\"fusion-column-wrapper fusion-flex-column-wrapper-legacy\">\n<div class=\"fusion-slider-revolution rev_slider_wrapper\">\t\t\t<!-- START Contact REVOLUTION SLIDER 6.6.20 --><p class=\"rs-p-wp-fix\"><\/p>\n\t\t\t<rs-module-wrap id=\"rev_slider_1_1_wrapper\" data-source=\"gallery\" style=\"visibility:hidden;background:transparent;padding:0;margin:0px auto;margin-top:0;margin-bottom:0;\">\n\t\t\t\t<rs-module id=\"rev_slider_1_1\" style=\"\" data-version=\"6.6.20\">\n\t\t\t\t\t<rs-slides style=\"overflow: hidden; position: absolute;\">\n\t\t\t\t\t\t<rs-slide style=\"position: absolute;\" data-key=\"rs-1\" data-title=\"Slide\" data-anim=\"adpr:false;\">\n\t\t\t\t\t\t\t<img decoding=\"async\" src=\"\/\/greenchalets.com\/fr\/wp-content\/plugins\/revslider\/public\/assets\/assets\/dummy.png\" alt=\"\" title=\"contact\" width=\"1920\" height=\"400\" class=\"rev-slidebg tp-rs-img rs-lazyload\" data-lazyload=\"\/\/greenchalets.com\/fr\/wp-content\/uploads\/sites\/4\/2016\/08\/contact.png\" data-no-retina>\n<!---->\t\t\t\t\t\t<\/rs-slide>\n\t\t\t\t\t<\/rs-slides>\n\t\t\t\t<\/rs-module>\n\t\t\t\t<script>\n\t\t\t\t\tsetREVStartSize({c: 'rev_slider_1_1',rl:[1240,1024,778,480],el:[],gw:[1600,1600,778,480],gh:[355,355,300,300],type:'standard',justify:'',layout:'fullwidth',mh:\"0\"});if (window.RS_MODULES!==undefined && window.RS_MODULES.modules!==undefined && window.RS_MODULES.modules[\"revslider11\"]!==undefined) {window.RS_MODULES.modules[\"revslider11\"].once = false;window.revapi1 = undefined;if (window.RS_MODULES.checkMinimal!==undefined) window.RS_MODULES.checkMinimal()}\n\t\t\t\t<\/script>\n\t\t\t<\/rs-module-wrap>\n\t\t\t<!-- END REVOLUTION SLIDER -->\n<\/div><div class=\"fusion-clearfix\"><\/div><\/div><\/div><div class=\"fusion-layout-column fusion_builder_column fusion-builder-column-1 fusion_builder_column_1_3 1_3 fusion-one-third fusion-column-first\" style=\"--awb-bg-size:cover;--awb-margin-top:30px;width:33.333333333333%;width:calc(33.333333333333% - ( ( 4% ) * 0.33333333333333 ) );margin-right: 4%;\"><div class=\"fusion-column-wrapper fusion-flex-column-wrapper-legacy\"><div class=\"fusion-text fusion-text-1\"><h3>Demande de disponibilit\u00e9 ou d&#8217;autres informations?<\/h3>\n<p>Appelez ou envoyez-nous un email:<\/p>\n<p>Mobile: \u00a0 \u00a0 \u00a0 \u00a00031(0)6304 87 540<br \/>\nE-mail: \u00a0 \u00a0 \u00a0 \u00a0\u00a0<a href=\"mailto:info@greenchalets.nl\">info@greenchalets.nl<\/a><\/p>\n<h3>R\u00e9servation directe?<\/h3>\n<p>Soumettez le formulaire de r\u00e9servation compl\u00e9t\u00e9 et nous vous contacterons.<\/p>\n<p>Pour le paiement nous acceptons le virement bancaire ou Paypal.<\/p>\n<hr \/>\n<p>Pour le paiement nous acceptons le virement bancaire ou Paypal.<\/p>\n<p><img decoding=\"async\" class=\"alignleft wp-image-333 size-thumbnail\" src=\"https:\/\/greenchalets.com\/wp-content\/uploads\/2015\/12\/PayPal-150x42.png\" alt=\"PayPal\" width=\"150\" height=\"42\" \/><\/p>\n<\/div><div class=\"fusion-clearfix\"><\/div><\/div><\/div><div class=\"fusion-layout-column fusion_builder_column fusion-builder-column-2 fusion_builder_column_2_3 2_3 fusion-two-third fusion-column-last\" style=\"--awb-bg-size:cover;--awb-margin-top:30px;width:66.666666666667%;width:calc(66.666666666667% - ( ( 4% ) * 0.66666666666667 ) );\"><div class=\"fusion-column-wrapper fusion-flex-column-wrapper-legacy\"><div class=\"fusion-text fusion-text-2\"><form  class=\"kaliforms-form-container bootstrap-wrapper straight-borders \" data-form-id=\"3649\" style=\"opacity:0\"><div id=\"kaliforms-global-error-message-3649\" class=\"global-error-message\"><\/div><div class=\"row kali-form-field-row\"><div class=\"col-12 col-md-6 \"><label  for=\"textbox35\">Engagement<\/label><input  data-internal-id=\"textbox35\" type=\"text\" id=\"textbox35\" name=\"textbox\" data-properties.type=\"text\"  placeholder=\"Demande de r\u00e9servation sans engagement\"><\/div><div class=\"col-12 col-md-3 \"><label  for=\"Date d&#039;arriv\u00e9e\">Date d'arriv\u00e9e <span class=\"kali-required-mark\">*<\/span><\/label><input data-internal-id=\"date34\" type=\"date\" id=\"Date d&#039;arriv\u00e9e\" name=\"Date d&#039;arriv\u00e9e\"required  class=\"input\"><\/div><div class=\"col-12 col-md-3 \"><label  for=\"Date de d\u00e9part\">Date de d\u00e9part <span class=\"kali-required-mark\">*<\/span><\/label><input data-internal-id=\"date33\" type=\"date\" id=\"Date de d\u00e9part\" name=\"Date de d\u00e9part\"required  class=\"input\"><\/div><\/div><div class=\"row kali-form-field-row\"><div class=\"col-12 col-md-4 \"><label  for=\"Nom\">Nom <span class=\"kali-required-mark\">*<\/span><\/label><input  data-internal-id=\"textbox2\" type=\"text\" id=\"Nom\" name=\"Nom\" data-properties.type=\"text\" required ><\/div><div class=\"col-12 col-md-4 \"><label  for=\"Nom de famille\">Nom de famille <span class=\"kali-required-mark\">*<\/span><\/label><input  data-internal-id=\"textbox3\" type=\"text\" id=\"Nom de famille\" name=\"Nom de famille\" data-properties.type=\"text\" required ><\/div><div class=\"col-12 col-md-4 \"><label  for=\"Date de naissance\">Date de naissance <span class=\"kali-required-mark\">*<\/span><\/label><input data-internal-id=\"date11\" type=\"date\" id=\"Date de naissance\" name=\"Date de naissance\"required  class=\"input\"><\/div><\/div><div class=\"row kali-form-field-row\"><div class=\"col-12 col-md-5 \"><label  for=\"Adresse\">Adresse <span class=\"kali-required-mark\">*<\/span><\/label><input  data-internal-id=\"textbox20\" type=\"text\" id=\"Adresse\" name=\"Adresse\" data-properties.type=\"text\" required ><\/div><div class=\"col-12 col-md-3 \"><label  for=\"Code postal\">Code postal <span class=\"kali-required-mark\">*<\/span><\/label><input  data-internal-id=\"textbox21\" type=\"text\" id=\"Code postal\" name=\"Code postal\" data-properties.type=\"text\" required ><\/div><div class=\"col-12 col-md-4 \"><label  for=\"R\u00e9sidence\">R\u00e9sidence <span class=\"kali-required-mark\">*<\/span><\/label><input  data-internal-id=\"textbox22\" type=\"text\" id=\"R\u00e9sidence\" name=\"R\u00e9sidence\" data-properties.type=\"text\" required ><\/div><\/div><div class=\"row kali-form-field-row\"><div class=\"col-12 col-md-3 \"><label  for=\"Nationalit\u00e9\">Nationalit\u00e9 <span class=\"kali-required-mark\">*<\/span><\/label><input  data-internal-id=\"textbox15\" type=\"text\" id=\"Nationalit\u00e9\" name=\"Nationalit\u00e9\" data-properties.type=\"text\" required ><\/div><div class=\"col-12 col-md-3 \"><label  for=\"T\u00e9l\u00e9phone\">T\u00e9l\u00e9phone <span class=\"kali-required-mark\">*<\/span><\/label><input  data-internal-id=\"telephone32\" type=\"tel\" id=\"T\u00e9l\u00e9phone\" name=\"T\u00e9l\u00e9phone\"required  data-format=\"international\"  class=\"input\"><\/div><div class=\"col-12 col-md-3 \"><label  for=\"E-mail\">E-mail <span class=\"kali-required-mark\">*<\/span><\/label><input  data-internal-id=\"email31\" type=\"email\" id=\"E-mail\" name=\"E-mail\"required  class=\"input\"><\/div><div class=\"col-12 col-md-3 \"><label  for=\"Nombre de personnes\">Nombre de personnes <span class=\"kali-required-mark\">*<\/span><\/label><input  data-internal-id=\"textbox36\" type=\"text\" id=\"Nombre de personnes\" name=\"nombre de personnes\" data-properties.type=\"text\" required ><\/div><\/div><div class=\"row kali-form-field-row\"><div class=\"col-12 col-md-12 \"><label  for=\"Commentaires\">Sur quel camping ou zone souhaitez-vous des informations ? <span class=\"kali-required-mark\">*<\/span><\/label><textarea  data-internal-id=\"textarea5\" type=\"textarea\" id=\"Commentaires\" name=\"Commentaires\"required  rows=\"5\" class=\"input\"><\/textarea><\/div><\/div><div class=\"row kali-form-field-row\"><div class=\"col-12 col-md-6 \"><div id=\"Robot\" data-field-type=\"grecaptcha\" data-sitekey=\"6Le0DdQUAAAAAItQ_O20YZtavzbN3BOFzzjjXbnv\"><\/div><\/div><div class=\"col-12 col-md-5 \"><input  data-internal-id=\"submitbutton6\" type=\"submit\" id=\"Soumettre le formulaire\" data-style=\"btn red rounded press-me\"  class=\"input btn red rounded press-me\" value=\"Soumettre le formulaire\" ><\/div><\/div><!-- This form was built using Kali Forms --><\/form>\n<\/div><div class=\"fusion-clearfix\"><\/div><\/div><\/div><\/div><\/div>\n","protected":false},"excerpt":{"rendered":"","protected":false},"author":1,"featured_media":0,"parent":0,"menu_order":0,"comment_status":"closed","ping_status":"closed","template":"","meta":{"footnotes":""},"class_list":["post-28","page","type-page","status-publish","hentry"],"yoast_head":"<!-- This site is optimized with the Yoast SEO plugin v27.4 - https:\/\/yoast.com\/product\/yoast-seo-wordpress\/ -->\n<title>Contact Greenchalets France \/ Greenchalets.com\/fr\/<\/title>\n<meta name=\"description\" content=\"Contact Greenchalets France R\u00e9servation directe?Soumettez le formulaire de r\u00e9servation compl\u00e9t\u00e9 et nous vous contacterons.\" \/>\n<meta name=\"robots\" content=\"index, follow, max-snippet:-1, max-image-preview:large, max-video-preview:-1\" \/>\n<link rel=\"canonical\" href=\"https:\/\/greenchalets.com\/fr\/contact-greenchalets-france\/\" \/>\n<meta property=\"og:locale\" content=\"nl_NL\" \/>\n<meta property=\"og:type\" content=\"article\" \/>\n<meta property=\"og:title\" content=\"Contact Greenchalets France \/ Greenchalets.com\/fr\/\" \/>\n<meta property=\"og:description\" content=\"Contact Greenchalets France R\u00e9servation directe?Soumettez le formulaire de r\u00e9servation compl\u00e9t\u00e9 et nous vous contacterons.\" \/>\n<meta property=\"og:url\" content=\"https:\/\/greenchalets.com\/fr\/contact-greenchalets-france\/\" \/>\n<meta property=\"og:site_name\" content=\"Greenchalets FR\" \/>\n<meta property=\"article:modified_time\" content=\"2020-03-20T12:57:25+00:00\" \/>\n<meta property=\"og:image\" content=\"https:\/\/greenchalets.com\/wp-content\/uploads\/2015\/12\/PayPal-150x42.png\" \/>\n<meta name=\"twitter:card\" content=\"summary_large_image\" \/>\n<meta name=\"twitter:label1\" content=\"Geschatte leestijd\" \/>\n\t<meta name=\"twitter:data1\" content=\"2 minuten\" \/>\n<script type=\"application\/ld+json\" class=\"yoast-schema-graph\">{\"@context\":\"https:\\\/\\\/schema.org\",\"@graph\":[{\"@type\":\"WebPage\",\"@id\":\"https:\\\/\\\/greenchalets.com\\\/fr\\\/contact-greenchalets-france\\\/\",\"url\":\"https:\\\/\\\/greenchalets.com\\\/fr\\\/contact-greenchalets-france\\\/\",\"name\":\"Contact Greenchalets France \\\/ Greenchalets.com\\\/fr\\\/\",\"isPartOf\":{\"@id\":\"https:\\\/\\\/greenchalets.com\\\/fr\\\/#website\"},\"primaryImageOfPage\":{\"@id\":\"https:\\\/\\\/greenchalets.com\\\/fr\\\/contact-greenchalets-france\\\/#primaryimage\"},\"image\":{\"@id\":\"https:\\\/\\\/greenchalets.com\\\/fr\\\/contact-greenchalets-france\\\/#primaryimage\"},\"thumbnailUrl\":\"https:\\\/\\\/greenchalets.com\\\/wp-content\\\/uploads\\\/2015\\\/12\\\/PayPal-150x42.png\",\"datePublished\":\"2015-12-16T21:08:03+00:00\",\"dateModified\":\"2020-03-20T12:57:25+00:00\",\"description\":\"Contact Greenchalets France R\u00e9servation directe?Soumettez le formulaire de r\u00e9servation compl\u00e9t\u00e9 et nous vous contacterons.\",\"breadcrumb\":{\"@id\":\"https:\\\/\\\/greenchalets.com\\\/fr\\\/contact-greenchalets-france\\\/#breadcrumb\"},\"inLanguage\":\"nl-NL\",\"potentialAction\":[{\"@type\":\"ReadAction\",\"target\":[\"https:\\\/\\\/greenchalets.com\\\/fr\\\/contact-greenchalets-france\\\/\"]}]},{\"@type\":\"ImageObject\",\"inLanguage\":\"nl-NL\",\"@id\":\"https:\\\/\\\/greenchalets.com\\\/fr\\\/contact-greenchalets-france\\\/#primaryimage\",\"url\":\"https:\\\/\\\/greenchalets.com\\\/wp-content\\\/uploads\\\/2015\\\/12\\\/PayPal-150x42.png\",\"contentUrl\":\"https:\\\/\\\/greenchalets.com\\\/wp-content\\\/uploads\\\/2015\\\/12\\\/PayPal-150x42.png\"},{\"@type\":\"BreadcrumbList\",\"@id\":\"https:\\\/\\\/greenchalets.com\\\/fr\\\/contact-greenchalets-france\\\/#breadcrumb\",\"itemListElement\":[{\"@type\":\"ListItem\",\"position\":1,\"name\":\"Home\",\"item\":\"https:\\\/\\\/greenchalets.com\\\/fr\\\/\"},{\"@type\":\"ListItem\",\"position\":2,\"name\":\"Contact Greenchalets France\"}]},{\"@type\":\"WebSite\",\"@id\":\"https:\\\/\\\/greenchalets.com\\\/fr\\\/#website\",\"url\":\"https:\\\/\\\/greenchalets.com\\\/fr\\\/\",\"name\":\"Greenchalets FR\",\"description\":\"Greenchalets Mobil-homes camping Vacances\",\"potentialAction\":[{\"@type\":\"SearchAction\",\"target\":{\"@type\":\"EntryPoint\",\"urlTemplate\":\"https:\\\/\\\/greenchalets.com\\\/fr\\\/?s={search_term_string}\"},\"query-input\":{\"@type\":\"PropertyValueSpecification\",\"valueRequired\":true,\"valueName\":\"search_term_string\"}}],\"inLanguage\":\"nl-NL\"}]}<\/script>\n<!-- \/ Yoast SEO plugin. -->","yoast_head_json":{"title":"Contact Greenchalets France \/ Greenchalets.com\/fr\/","description":"Contact Greenchalets France R\u00e9servation directe?Soumettez le formulaire de r\u00e9servation compl\u00e9t\u00e9 et nous vous contacterons.","robots":{"index":"index","follow":"follow","max-snippet":"max-snippet:-1","max-image-preview":"max-image-preview:large","max-video-preview":"max-video-preview:-1"},"canonical":"https:\/\/greenchalets.com\/fr\/contact-greenchalets-france\/","og_locale":"nl_NL","og_type":"article","og_title":"Contact Greenchalets France \/ Greenchalets.com\/fr\/","og_description":"Contact Greenchalets France R\u00e9servation directe?Soumettez le formulaire de r\u00e9servation compl\u00e9t\u00e9 et nous vous contacterons.","og_url":"https:\/\/greenchalets.com\/fr\/contact-greenchalets-france\/","og_site_name":"Greenchalets FR","article_modified_time":"2020-03-20T12:57:25+00:00","og_image":[{"url":"https:\/\/greenchalets.com\/wp-content\/uploads\/2015\/12\/PayPal-150x42.png","type":"","width":"","height":""}],"twitter_card":"summary_large_image","twitter_misc":{"Geschatte leestijd":"2 minuten"},"schema":{"@context":"https:\/\/schema.org","@graph":[{"@type":"WebPage","@id":"https:\/\/greenchalets.com\/fr\/contact-greenchalets-france\/","url":"https:\/\/greenchalets.com\/fr\/contact-greenchalets-france\/","name":"Contact Greenchalets France \/ Greenchalets.com\/fr\/","isPartOf":{"@id":"https:\/\/greenchalets.com\/fr\/#website"},"primaryImageOfPage":{"@id":"https:\/\/greenchalets.com\/fr\/contact-greenchalets-france\/#primaryimage"},"image":{"@id":"https:\/\/greenchalets.com\/fr\/contact-greenchalets-france\/#primaryimage"},"thumbnailUrl":"https:\/\/greenchalets.com\/wp-content\/uploads\/2015\/12\/PayPal-150x42.png","datePublished":"2015-12-16T21:08:03+00:00","dateModified":"2020-03-20T12:57:25+00:00","description":"Contact Greenchalets France R\u00e9servation directe?Soumettez le formulaire de r\u00e9servation compl\u00e9t\u00e9 et nous vous contacterons.","breadcrumb":{"@id":"https:\/\/greenchalets.com\/fr\/contact-greenchalets-france\/#breadcrumb"},"inLanguage":"nl-NL","potentialAction":[{"@type":"ReadAction","target":["https:\/\/greenchalets.com\/fr\/contact-greenchalets-france\/"]}]},{"@type":"ImageObject","inLanguage":"nl-NL","@id":"https:\/\/greenchalets.com\/fr\/contact-greenchalets-france\/#primaryimage","url":"https:\/\/greenchalets.com\/wp-content\/uploads\/2015\/12\/PayPal-150x42.png","contentUrl":"https:\/\/greenchalets.com\/wp-content\/uploads\/2015\/12\/PayPal-150x42.png"},{"@type":"BreadcrumbList","@id":"https:\/\/greenchalets.com\/fr\/contact-greenchalets-france\/#breadcrumb","itemListElement":[{"@type":"ListItem","position":1,"name":"Home","item":"https:\/\/greenchalets.com\/fr\/"},{"@type":"ListItem","position":2,"name":"Contact Greenchalets France"}]},{"@type":"WebSite","@id":"https:\/\/greenchalets.com\/fr\/#website","url":"https:\/\/greenchalets.com\/fr\/","name":"Greenchalets FR","description":"Greenchalets Mobil-homes camping Vacances","potentialAction":[{"@type":"SearchAction","target":{"@type":"EntryPoint","urlTemplate":"https:\/\/greenchalets.com\/fr\/?s={search_term_string}"},"query-input":{"@type":"PropertyValueSpecification","valueRequired":true,"valueName":"search_term_string"}}],"inLanguage":"nl-NL"}]}},"_links":{"self":[{"href":"https:\/\/greenchalets.com\/fr\/wp-json\/wp\/v2\/pages\/28","targetHints":{"allow":["GET"]}}],"collection":[{"href":"https:\/\/greenchalets.com\/fr\/wp-json\/wp\/v2\/pages"}],"about":[{"href":"https:\/\/greenchalets.com\/fr\/wp-json\/wp\/v2\/types\/page"}],"author":[{"embeddable":true,"href":"https:\/\/greenchalets.com\/fr\/wp-json\/wp\/v2\/users\/1"}],"replies":[{"embeddable":true,"href":"https:\/\/greenchalets.com\/fr\/wp-json\/wp\/v2\/comments?post=28"}],"version-history":[{"count":10,"href":"https:\/\/greenchalets.com\/fr\/wp-json\/wp\/v2\/pages\/28\/revisions"}],"predecessor-version":[{"id":3715,"href":"https:\/\/greenchalets.com\/fr\/wp-json\/wp\/v2\/pages\/28\/revisions\/3715"}],"wp:attachment":[{"href":"https:\/\/greenchalets.com\/fr\/wp-json\/wp\/v2\/media?parent=28"}],"curies":[{"name":"wp","href":"https:\/\/api.w.org\/{rel}","templated":true}]}}