{"id":2783,"date":"2018-09-10T23:38:02","date_gmt":"2018-09-10T22:38:02","guid":{"rendered":"http:\/\/greenchalets.com\/fr\/?page_id=2783"},"modified":"2025-06-08T09:50:23","modified_gmt":"2025-06-08T08:50:23","slug":"lieu-greenchalets-argeles-sur-mer","status":"publish","type":"page","link":"https:\/\/greenchalets.com\/fr\/lieu-greenchalets-argeles-sur-mer\/","title":{"rendered":"Lieu Greenchalets Argeles sur Mer"},"content":{"rendered":"<div class=\"fusion-fullwidth fullwidth-box fusion-builder-row-1 nonhundred-percent-fullwidth non-hundred-percent-height-scrolling\" style=\"--awb-border-radius-top-left:0px;--awb-border-radius-top-right:0px;--awb-border-radius-bottom-right:0px;--awb-border-radius-bottom-left:0px;--awb-flex-wrap:wrap;\" ><div class=\"fusion-builder-row fusion-row\"><div class=\"fusion-layout-column fusion_builder_column fusion-builder-column-0 fusion_builder_column_1_1 1_1 fusion-one-full fusion-column-first fusion-column-last\" style=\"--awb-bg-size:cover;--awb-margin-bottom:0px;\"><div class=\"fusion-column-wrapper fusion-flex-column-wrapper-legacy\">\n<div class=\"fusion-slider-revolution rev_slider_wrapper\">\t\t\t<!-- START Argeles sur Mer REVOLUTION SLIDER 6.6.20 --><p class=\"rs-p-wp-fix\"><\/p>\n\t\t\t<rs-module-wrap id=\"rev_slider_15_1_wrapper\" data-source=\"gallery\" style=\"visibility:hidden;background:transparent;padding:0;margin:0px auto;margin-top:0;margin-bottom:0;\">\n\t\t\t\t<rs-module id=\"rev_slider_15_1\" style=\"\" data-version=\"6.6.20\">\n\t\t\t\t\t<rs-slides style=\"overflow: hidden; position: absolute;\">\n\t\t\t\t\t\t<rs-slide style=\"position: absolute;\" data-key=\"rs-26\" data-title=\"Slide\" data-anim=\"adpr:false;\">\n\t\t\t\t\t\t\t<img decoding=\"async\" src=\"\/\/greenchalets.com\/fr\/wp-content\/plugins\/revslider\/public\/assets\/assets\/dummy.png\" alt=\"\" title=\"Lieu Greenchalets Argeles sur Mer\" class=\"rev-slidebg tp-rs-img rs-lazyload\" data-lazyload=\"\/\/greenchalets.com\/wp-content\/uploads\/2018\/01\/argeles-Colloiure-greenchalets-hoofdfoto-L-ws-1.jpg\" data-bg=\"p:65% 65%;\" data-no-retina>\n<!--\n\t\t\t\t\t\t\t--><rs-layer\n\t\t\t\t\t\t\t\tid=\"slider-15-slide-26-layer-1\" \n\t\t\t\t\t\t\t\tclass=\"boxshadow\"\n\t\t\t\t\t\t\t\tdata-type=\"text\"\n\t\t\t\t\t\t\t\tdata-color=\"rgba(255, 255, 255, 1)\"\n\t\t\t\t\t\t\t\tdata-rsp_ch=\"on\"\n\t\t\t\t\t\t\t\tdata-xy=\"xo:22px;yo:237px;\"\n\t\t\t\t\t\t\t\tdata-text=\"w:normal;s:48;l:51;fw:600;\"\n\t\t\t\t\t\t\t\tdata-dim=\"w:500px;\"\n\t\t\t\t\t\t\t\tdata-padding=\"l:5;\"\n\t\t\t\t\t\t\t\tdata-frame_0=\"tp:600;\"\n\t\t\t\t\t\t\t\tdata-frame_1=\"tp:600;e:power2.inOut;st:500;sR:500;\"\n\t\t\t\t\t\t\t\tdata-frame_999=\"o:0;tp:600;e:nothing;st:w;sR:8200;\"\n\t\t\t\t\t\t\t\tstyle=\"z-index:5;font-family:'Trebuchet MS', 'Helvetica', 'sans-serif';-moz-box-shadow:0px 0px 20px rgba(0, 0, 0, 0.5);-webkit-box-shadow:0px 0px 20px rgba(0, 0, 0, 0.5);box-shadow:0px 0px 20px rgba(0, 0, 0, 0.5);\"\n\t\t\t\t\t\t\t>Languedoc Roussillion \n\t\t\t\t\t\t\t<\/rs-layer><!--\n-->\t\t\t\t\t\t<\/rs-slide>\n\t\t\t\t\t<\/rs-slides>\n\t\t\t\t<\/rs-module>\n\t\t\t\t<script>\n\t\t\t\t\tsetREVStartSize({c: 'rev_slider_15_1',rl:[1240,1024,778,480],el:[],gw:[1600,1600,778,480],gh:[300,300,300,300],type:'standard',justify:'',layout:'fullwidth',mh:\"0\"});if (window.RS_MODULES!==undefined && window.RS_MODULES.modules!==undefined && window.RS_MODULES.modules[\"revslider151\"]!==undefined) {window.RS_MODULES.modules[\"revslider151\"].once = false;window.revapi15 = undefined;if (window.RS_MODULES.checkMinimal!==undefined) window.RS_MODULES.checkMinimal()}\n\t\t\t\t<\/script>\n\t\t\t<\/rs-module-wrap>\n\t\t\t<!-- END REVOLUTION SLIDER -->\n<\/div><div class=\"fusion-clearfix\"><\/div><\/div><\/div><div class=\"fusion-layout-column fusion_builder_column fusion-builder-column-1 fusion_builder_column_1_3 1_3 fusion-one-third fusion-column-first\" style=\"--awb-bg-size:cover;--awb-margin-top:30px;width:33.333333333333%;width:calc(33.333333333333% - ( ( 4% + 4% ) * 0.33333333333333 ) );margin-right: 4%;\"><div class=\"fusion-column-wrapper fusion-flex-column-wrapper-legacy\"><div class=\"fusion-text fusion-text-1\"><p><a href=\"https:\/\/www.facebook.com\/greenchalets\" target=\"_blank\" rel=\"noopener noreferrer\"><img decoding=\"async\" class=\"alignnone size-full wp-image-696\" src=\"https:\/\/greenchalets.com\/wp-content\/uploads\/2016\/01\/facebook.png\" alt=\"facebook\" \/><\/a><\/p>\n<\/div><div class=\"fusion-text fusion-text-2\"><p><a href=\"https:\/\/greenchalets.com\/fr\/prices-lanquedoc-roussillion-argeles-sur-mer\/\"><img decoding=\"async\" class=\"alignnone wp-image-5589 size-full\" title=\"Greenchalets Argeles sur Mer\" src=\"https:\/\/greenchalets.com\/wp-content\/uploads\/sites\/4\/2016\/01\/ArrowFR-Prix.png\" alt=\"ArrowNL\" width=\"121\" height=\"35\" \/><\/a><\/p>\n<p><a href=\"https:\/\/greenchalets.com\/fr\/contact\/\"><img decoding=\"async\" class=\"alignnone wp-image-5589 size-full\" title=\"Greenchalets Argeles sur Mer\" src=\"https:\/\/greenchalets.com\/wp-content\/uploads\/sites\/4\/2016\/01\/ArrowFR.png\" alt=\"ArrowFR\" width=\"121\" height=\"35\" \/><\/a><\/p>\n<\/div><div class=\"fusion-widget-area awb-widget-area-element fusion-widget-area-1 fusion-content-widget-area\" style=\"--awb-title-size:13px;--awb-title-color:#318d08;--awb-padding:0px 0px 0px 0px;\"><div id=\"nav_menu-9\" class=\"widget widget_nav_menu\"><div class=\"menu-page-menu-argeles-fr-container\"><ul id=\"menu-page-menu-argeles-fr\" class=\"menu\"><li id=\"menu-item-2790\" class=\"menu-item menu-item-type-post_type menu-item-object-page menu-item-2790\"><a href=\"https:\/\/greenchalets.com\/fr\/argeles-sur-mer-mobilhome\/\">Argeles sur Mer mobilhome 6p<\/a><\/li>\n<li id=\"menu-item-2788\" class=\"menu-item menu-item-type-post_type menu-item-object-page menu-item-2788\"><a href=\"https:\/\/greenchalets.com\/fr\/camping-de-pujol-argeles-sur-mer\/\">Camping de Pujol Argeles sur Mer<\/a><\/li>\n<li id=\"menu-item-2789\" class=\"menu-item menu-item-type-post_type menu-item-object-page menu-item-2789\"><a href=\"https:\/\/greenchalets.com\/fr\/lieu-greenchalets-argeles-sur-mer\/\">Lieu Greenchalets Argeles sur Mer<\/a><\/li>\n<li id=\"menu-item-2792\" class=\"menu-item menu-item-type-post_type menu-item-object-page menu-item-2792\"><a href=\"https:\/\/greenchalets.com\/fr\/environs-argeles-sur-mer\/\">Environnement  Argeles sur Mer<\/a><\/li>\n<\/ul><\/div><\/div><div class=\"fusion-additional-widget-content\"><\/div><\/div><div class=\"fusion-clearfix\"><\/div><\/div><\/div><div class=\"fusion-layout-column fusion_builder_column fusion-builder-column-2 fusion_builder_column_1_3 1_3 fusion-one-third\" style=\"--awb-bg-size:cover;--awb-margin-top:30px;width:33.333333333333%;width:calc(33.333333333333% - ( ( 4% + 4% ) * 0.33333333333333 ) );margin-right: 4%;\"><div class=\"fusion-column-wrapper fusion-flex-column-wrapper-legacy\"><div class=\"fusion-text fusion-text-3\"><h2>Lieu Greenchalets Camping Argeles sur Mer<\/h2>\n<\/div><div class=\"fusion-image-element in-legacy-container\" style=\"--awb-caption-title-font-family:var(--h2_typography-font-family);--awb-caption-title-font-weight:var(--h2_typography-font-weight);--awb-caption-title-font-style:var(--h2_typography-font-style);--awb-caption-title-size:var(--h2_typography-font-size);--awb-caption-title-transform:var(--h2_typography-text-transform);--awb-caption-title-line-height:var(--h2_typography-line-height);--awb-caption-title-letter-spacing:var(--h2_typography-letter-spacing);\"><span class=\" fusion-imageframe imageframe-dropshadow imageframe-1 hover-type-none\" style=\"-webkit-box-shadow: 3px 3px 7px rgba(0,0,0,0.3);box-shadow: 3px 3px 7px rgba(0,0,0,0.3);\"><a href=\"http:\/\/greenchalets.com\/fr\/wp-content\/uploads\/sites\/4\/2023\/12\/plattegrond-camping-pujol-2023-met-receptie-Greenchalets.jpg\" class=\"fusion-lightbox\" data-rel=\"iLightbox[5f7729d4aa311b3ff21]\" data-title=\"plattegrond camping pujol 2023 met receptie Greenchalets\" title=\"plattegrond camping pujol 2023 met receptie Greenchalets\"><img decoding=\"async\" width=\"1368\" height=\"1457\" alt=\"Location Greenchalets Argeles sur Mer.\" src=\"http:\/\/greenchalets.com\/fr\/wp-content\/uploads\/sites\/4\/2023\/12\/plattegrond-camping-pujol-2023-met-receptie-Greenchalets.jpg\" class=\"img-responsive wp-image-3838\" srcset=\"https:\/\/greenchalets.com\/fr\/wp-content\/uploads\/sites\/4\/2023\/12\/plattegrond-camping-pujol-2023-met-receptie-Greenchalets-200x213.jpg 200w, https:\/\/greenchalets.com\/fr\/wp-content\/uploads\/sites\/4\/2023\/12\/plattegrond-camping-pujol-2023-met-receptie-Greenchalets-400x426.jpg 400w, https:\/\/greenchalets.com\/fr\/wp-content\/uploads\/sites\/4\/2023\/12\/plattegrond-camping-pujol-2023-met-receptie-Greenchalets-600x639.jpg 600w, https:\/\/greenchalets.com\/fr\/wp-content\/uploads\/sites\/4\/2023\/12\/plattegrond-camping-pujol-2023-met-receptie-Greenchalets-800x852.jpg 800w, https:\/\/greenchalets.com\/fr\/wp-content\/uploads\/sites\/4\/2023\/12\/plattegrond-camping-pujol-2023-met-receptie-Greenchalets-1200x1278.jpg 1200w, https:\/\/greenchalets.com\/fr\/wp-content\/uploads\/sites\/4\/2023\/12\/plattegrond-camping-pujol-2023-met-receptie-Greenchalets.jpg 1368w\" sizes=\"(max-width: 800px) 100vw, 400px\" \/><\/a><\/span><\/div><div class=\"fusion-clearfix\"><\/div><\/div><\/div><div class=\"fusion-layout-column fusion_builder_column fusion-builder-column-3 fusion_builder_column_1_3 1_3 fusion-one-third fusion-column-last\" style=\"--awb-bg-size:cover;--awb-margin-top:30px;width:33.333333333333%;width:calc(33.333333333333% - ( ( 4% + 4% ) * 0.33333333333333 ) );\"><div class=\"fusion-column-wrapper fusion-flex-column-wrapper-legacy\"><div class=\"fusion-text fusion-text-4\"><h2>Lieu Greenchalets Argeles sur Mer Languedoc Roussilion<\/h2>\n<\/div>\t\t\t\t\t<script type=\"text\/javascript\">\n\t\t\t\t\t\tvar map_fusion_map_69efa87aca16b;\n\t\t\t\t\t\tvar markers = [];\n\t\t\t\t\t\tvar counter = 0;\n\t\t\t\t\t\t\t\t\t\t\t\t\t\t\t\t\t\t\t\tvar fusionMapNonce = '2699d70e86';\n\t\t\t\t\t\t\t\t\t\t\t\tfunction fusion_run_map_fusion_map_69efa87aca16b() {\n\t\t\t\t\t\t\tjQuery ('#fusion_map_69efa87aca16b' ).fusion_maps( {\n\t\t\t\t\t\t\t\taddresses: [{\"address\":\"Avenue de la Retirada 66700 - Argel\\u00e8s sur Mer Frankrijk\",\"infobox_content\":\"Avenue de la Retirada 66700 - Argel\\u00e8s sur Mer Frankrijk\",\"coordinates\":false,\"cache\":true,\"latitude\":\"42.5609869\",\"longitude\":\"3.03173019999997\"}],\n\t\t\t\t\t\t\t\tanimations: false,\n\t\t\t\t\t\t\t\tinfobox_background_color: '',\n\t\t\t\t\t\t\t\tinfobox_styling: 'default',\n\t\t\t\t\t\t\t\tinfobox_text_color: '',\n\t\t\t\t\t\t\t\tmap_style: 'default',\n\t\t\t\t\t\t\t\tmap_type: 'roadmap',\n\t\t\t\t\t\t\t\tmarker_icon: '',\n\t\t\t\t\t\t\t\toverlay_color: '',\n\t\t\t\t\t\t\t\toverlay_color_hsl: {\"hue\":0,\"sat\":0,\"lum\":100},\n\t\t\t\t\t\t\t\tshow_address: true,\n\t\t\t\t\t\t\t\tscale_control: true,\n\t\t\t\t\t\t\t\tscrollwheel: true,\n\t\t\t\t\t\t\t\tzoom: 8,\n\t\t\t\t\t\t\t\tzoom_control: true,\n\t\t\t\t\t\t\t} );\n\t\t\t\t\t\t}\n\n\t\t\t\t\t\tgoogle.maps.event.addDomListener(window, 'load', fusion_run_map_fusion_map_69efa87aca16b);\n\t\t\t\t\t<\/script>\n\t\t\t\t\t<div class=\"shortcode-map fusion-google-map fusion-maps-js-type\" id=\"fusion_map_69efa87aca16b\"><\/div><div class=\"fusion-clearfix\"><\/div><\/div><\/div><div class=\"fusion-layout-column fusion_builder_column fusion-builder-column-4 fusion_builder_column_1_1 1_1 fusion-one-full fusion-column-first fusion-column-last\" style=\"--awb-bg-size:cover;\"><div class=\"fusion-column-wrapper fusion-flex-column-wrapper-legacy\"><div class=\"fusion-text fusion-text-5\"><h2 style=\"text-align: center;\">GREENCHALETS VACANCES SOLEIL: CHALETS DE VACANCES ET MOBIL HOME<\/h2>\n<p style=\"text-align: center;\">Magnifiques vacances au soleil en camping en Italie, France ou Espagne. Les r\u00e9servations peuvent \u00eatre effectu\u00e9es directement sur le site Web.<\/p>\n<p style=\"text-align: center;\">Ou via notre adresse e-mail info@greenchalets.com ou par SMS +31 6 30487540.<\/p>\n<h3 style=\"text-align: center;\">Greenchalets\u2026. sunny side of life<\/h3>\n<\/div><div class=\"fusion-clearfix\"><\/div><\/div><\/div><\/div><\/div>\n","protected":false},"excerpt":{"rendered":"","protected":false},"author":3,"featured_media":0,"parent":0,"menu_order":0,"comment_status":"closed","ping_status":"closed","template":"","meta":{"footnotes":""},"class_list":["post-2783","page","type-page","status-publish","hentry"],"yoast_head":"<!-- This site is optimized with the Yoast SEO plugin v27.4 - https:\/\/yoast.com\/product\/yoast-seo-wordpress\/ -->\n<title>Lieu Greenchalets Argeles sur Mer Location \/ Greenchalets.com\/fr\/<\/title>\n<meta name=\"description\" content=\"Lieu Greenchalets Argeles sur Mer. Magnifiques vacances au soleil en camping en Italie, France ou en Espagne. Costa Brava.\" \/>\n<meta name=\"robots\" content=\"index, follow, max-snippet:-1, max-image-preview:large, max-video-preview:-1\" \/>\n<link rel=\"canonical\" href=\"https:\/\/greenchalets.com\/fr\/lieu-greenchalets-argeles-sur-mer\/\" \/>\n<meta property=\"og:locale\" content=\"nl_NL\" \/>\n<meta property=\"og:type\" content=\"article\" \/>\n<meta property=\"og:title\" content=\"Lieu Greenchalets Argeles sur Mer Location \/ Greenchalets.com\/fr\/\" \/>\n<meta property=\"og:description\" content=\"Lieu Greenchalets Argeles sur Mer. Magnifiques vacances au soleil en camping en Italie, France ou en Espagne. Costa Brava.\" \/>\n<meta property=\"og:url\" content=\"https:\/\/greenchalets.com\/fr\/lieu-greenchalets-argeles-sur-mer\/\" \/>\n<meta property=\"og:site_name\" content=\"Greenchalets FR\" \/>\n<meta property=\"article:modified_time\" content=\"2025-06-08T08:50:23+00:00\" \/>\n<meta name=\"twitter:card\" content=\"summary_large_image\" \/>\n<meta name=\"twitter:label1\" content=\"Geschatte leestijd\" \/>\n\t<meta name=\"twitter:data1\" content=\"2 minuten\" \/>\n<script type=\"application\/ld+json\" class=\"yoast-schema-graph\">{\"@context\":\"https:\\\/\\\/schema.org\",\"@graph\":[{\"@type\":\"WebPage\",\"@id\":\"https:\\\/\\\/greenchalets.com\\\/fr\\\/lieu-greenchalets-argeles-sur-mer\\\/\",\"url\":\"https:\\\/\\\/greenchalets.com\\\/fr\\\/lieu-greenchalets-argeles-sur-mer\\\/\",\"name\":\"Lieu Greenchalets Argeles sur Mer Location \\\/ Greenchalets.com\\\/fr\\\/\",\"isPartOf\":{\"@id\":\"https:\\\/\\\/greenchalets.com\\\/fr\\\/#website\"},\"primaryImageOfPage\":{\"@id\":\"https:\\\/\\\/greenchalets.com\\\/fr\\\/lieu-greenchalets-argeles-sur-mer\\\/#primaryimage\"},\"image\":{\"@id\":\"https:\\\/\\\/greenchalets.com\\\/fr\\\/lieu-greenchalets-argeles-sur-mer\\\/#primaryimage\"},\"thumbnailUrl\":\"https:\\\/\\\/greenchalets.com\\\/wp-content\\\/uploads\\\/2016\\\/01\\\/facebook.png\",\"datePublished\":\"2018-09-10T22:38:02+00:00\",\"dateModified\":\"2025-06-08T08:50:23+00:00\",\"description\":\"Lieu Greenchalets Argeles sur Mer. Magnifiques vacances au soleil en camping en Italie, France ou en Espagne. Costa Brava.\",\"breadcrumb\":{\"@id\":\"https:\\\/\\\/greenchalets.com\\\/fr\\\/lieu-greenchalets-argeles-sur-mer\\\/#breadcrumb\"},\"inLanguage\":\"nl-NL\",\"potentialAction\":[{\"@type\":\"ReadAction\",\"target\":[\"https:\\\/\\\/greenchalets.com\\\/fr\\\/lieu-greenchalets-argeles-sur-mer\\\/\"]}]},{\"@type\":\"ImageObject\",\"inLanguage\":\"nl-NL\",\"@id\":\"https:\\\/\\\/greenchalets.com\\\/fr\\\/lieu-greenchalets-argeles-sur-mer\\\/#primaryimage\",\"url\":\"https:\\\/\\\/greenchalets.com\\\/wp-content\\\/uploads\\\/2016\\\/01\\\/facebook.png\",\"contentUrl\":\"https:\\\/\\\/greenchalets.com\\\/wp-content\\\/uploads\\\/2016\\\/01\\\/facebook.png\"},{\"@type\":\"BreadcrumbList\",\"@id\":\"https:\\\/\\\/greenchalets.com\\\/fr\\\/lieu-greenchalets-argeles-sur-mer\\\/#breadcrumb\",\"itemListElement\":[{\"@type\":\"ListItem\",\"position\":1,\"name\":\"Home\",\"item\":\"https:\\\/\\\/greenchalets.com\\\/fr\\\/\"},{\"@type\":\"ListItem\",\"position\":2,\"name\":\"Lieu Greenchalets Argeles sur Mer\"}]},{\"@type\":\"WebSite\",\"@id\":\"https:\\\/\\\/greenchalets.com\\\/fr\\\/#website\",\"url\":\"https:\\\/\\\/greenchalets.com\\\/fr\\\/\",\"name\":\"Greenchalets FR\",\"description\":\"Greenchalets Mobil-homes camping Vacances\",\"potentialAction\":[{\"@type\":\"SearchAction\",\"target\":{\"@type\":\"EntryPoint\",\"urlTemplate\":\"https:\\\/\\\/greenchalets.com\\\/fr\\\/?s={search_term_string}\"},\"query-input\":{\"@type\":\"PropertyValueSpecification\",\"valueRequired\":true,\"valueName\":\"search_term_string\"}}],\"inLanguage\":\"nl-NL\"}]}<\/script>\n<!-- \/ Yoast SEO plugin. -->","yoast_head_json":{"title":"Lieu Greenchalets Argeles sur Mer Location \/ Greenchalets.com\/fr\/","description":"Lieu Greenchalets Argeles sur Mer. Magnifiques vacances au soleil en camping en Italie, France ou en Espagne. Costa Brava.","robots":{"index":"index","follow":"follow","max-snippet":"max-snippet:-1","max-image-preview":"max-image-preview:large","max-video-preview":"max-video-preview:-1"},"canonical":"https:\/\/greenchalets.com\/fr\/lieu-greenchalets-argeles-sur-mer\/","og_locale":"nl_NL","og_type":"article","og_title":"Lieu Greenchalets Argeles sur Mer Location \/ Greenchalets.com\/fr\/","og_description":"Lieu Greenchalets Argeles sur Mer. Magnifiques vacances au soleil en camping en Italie, France ou en Espagne. Costa Brava.","og_url":"https:\/\/greenchalets.com\/fr\/lieu-greenchalets-argeles-sur-mer\/","og_site_name":"Greenchalets FR","article_modified_time":"2025-06-08T08:50:23+00:00","twitter_card":"summary_large_image","twitter_misc":{"Geschatte leestijd":"2 minuten"},"schema":{"@context":"https:\/\/schema.org","@graph":[{"@type":"WebPage","@id":"https:\/\/greenchalets.com\/fr\/lieu-greenchalets-argeles-sur-mer\/","url":"https:\/\/greenchalets.com\/fr\/lieu-greenchalets-argeles-sur-mer\/","name":"Lieu Greenchalets Argeles sur Mer Location \/ Greenchalets.com\/fr\/","isPartOf":{"@id":"https:\/\/greenchalets.com\/fr\/#website"},"primaryImageOfPage":{"@id":"https:\/\/greenchalets.com\/fr\/lieu-greenchalets-argeles-sur-mer\/#primaryimage"},"image":{"@id":"https:\/\/greenchalets.com\/fr\/lieu-greenchalets-argeles-sur-mer\/#primaryimage"},"thumbnailUrl":"https:\/\/greenchalets.com\/wp-content\/uploads\/2016\/01\/facebook.png","datePublished":"2018-09-10T22:38:02+00:00","dateModified":"2025-06-08T08:50:23+00:00","description":"Lieu Greenchalets Argeles sur Mer. Magnifiques vacances au soleil en camping en Italie, France ou en Espagne. Costa Brava.","breadcrumb":{"@id":"https:\/\/greenchalets.com\/fr\/lieu-greenchalets-argeles-sur-mer\/#breadcrumb"},"inLanguage":"nl-NL","potentialAction":[{"@type":"ReadAction","target":["https:\/\/greenchalets.com\/fr\/lieu-greenchalets-argeles-sur-mer\/"]}]},{"@type":"ImageObject","inLanguage":"nl-NL","@id":"https:\/\/greenchalets.com\/fr\/lieu-greenchalets-argeles-sur-mer\/#primaryimage","url":"https:\/\/greenchalets.com\/wp-content\/uploads\/2016\/01\/facebook.png","contentUrl":"https:\/\/greenchalets.com\/wp-content\/uploads\/2016\/01\/facebook.png"},{"@type":"BreadcrumbList","@id":"https:\/\/greenchalets.com\/fr\/lieu-greenchalets-argeles-sur-mer\/#breadcrumb","itemListElement":[{"@type":"ListItem","position":1,"name":"Home","item":"https:\/\/greenchalets.com\/fr\/"},{"@type":"ListItem","position":2,"name":"Lieu Greenchalets Argeles sur Mer"}]},{"@type":"WebSite","@id":"https:\/\/greenchalets.com\/fr\/#website","url":"https:\/\/greenchalets.com\/fr\/","name":"Greenchalets FR","description":"Greenchalets Mobil-homes camping Vacances","potentialAction":[{"@type":"SearchAction","target":{"@type":"EntryPoint","urlTemplate":"https:\/\/greenchalets.com\/fr\/?s={search_term_string}"},"query-input":{"@type":"PropertyValueSpecification","valueRequired":true,"valueName":"search_term_string"}}],"inLanguage":"nl-NL"}]}},"_links":{"self":[{"href":"https:\/\/greenchalets.com\/fr\/wp-json\/wp\/v2\/pages\/2783","targetHints":{"allow":["GET"]}}],"collection":[{"href":"https:\/\/greenchalets.com\/fr\/wp-json\/wp\/v2\/pages"}],"about":[{"href":"https:\/\/greenchalets.com\/fr\/wp-json\/wp\/v2\/types\/page"}],"author":[{"embeddable":true,"href":"https:\/\/greenchalets.com\/fr\/wp-json\/wp\/v2\/users\/3"}],"replies":[{"embeddable":true,"href":"https:\/\/greenchalets.com\/fr\/wp-json\/wp\/v2\/comments?post=2783"}],"version-history":[{"count":19,"href":"https:\/\/greenchalets.com\/fr\/wp-json\/wp\/v2\/pages\/2783\/revisions"}],"predecessor-version":[{"id":3921,"href":"https:\/\/greenchalets.com\/fr\/wp-json\/wp\/v2\/pages\/2783\/revisions\/3921"}],"wp:attachment":[{"href":"https:\/\/greenchalets.com\/fr\/wp-json\/wp\/v2\/media?parent=2783"}],"curies":[{"name":"wp","href":"https:\/\/api.w.org\/{rel}","templated":true}]}}