{"id":2775,"date":"2018-09-10T23:34:00","date_gmt":"2018-09-10T22:34:00","guid":{"rendered":"http:\/\/greenchalets.com\/fr\/?page_id=2775"},"modified":"2026-02-16T17:18:24","modified_gmt":"2026-02-16T16:18:24","slug":"prix-lanquedoc-roussillion-argeles-sur-mer","status":"publish","type":"page","link":"https:\/\/greenchalets.com\/fr\/prix-lanquedoc-roussillion-argeles-sur-mer\/","title":{"rendered":"Prix Lanquedoc Roussillion Argeles sur Mer"},"content":{"rendered":"<div class=\"fusion-fullwidth fullwidth-box fusion-builder-row-1 nonhundred-percent-fullwidth non-hundred-percent-height-scrolling\" style=\"--awb-border-radius-top-left:0px;--awb-border-radius-top-right:0px;--awb-border-radius-bottom-right:0px;--awb-border-radius-bottom-left:0px;--awb-flex-wrap:wrap;\" ><div class=\"fusion-builder-row fusion-row\"><div class=\"fusion-layout-column fusion_builder_column fusion-builder-column-0 fusion_builder_column_1_1 1_1 fusion-one-full fusion-column-first fusion-column-last\" style=\"--awb-bg-size:cover;--awb-margin-bottom:0px;\"><div class=\"fusion-column-wrapper fusion-flex-column-wrapper-legacy\">\n<div class=\"fusion-slider-revolution rev_slider_wrapper\">\t\t\t<!-- START Argeles sur Mer REVOLUTION SLIDER 6.6.20 --><p class=\"rs-p-wp-fix\"><\/p>\n\t\t\t<rs-module-wrap id=\"rev_slider_15_1_wrapper\" data-source=\"gallery\" style=\"visibility:hidden;background:transparent;padding:0;margin:0px auto;margin-top:0;margin-bottom:0;\">\n\t\t\t\t<rs-module id=\"rev_slider_15_1\" style=\"\" data-version=\"6.6.20\">\n\t\t\t\t\t<rs-slides style=\"overflow: hidden; position: absolute;\">\n\t\t\t\t\t\t<rs-slide style=\"position: absolute;\" data-key=\"rs-26\" data-title=\"Slide\" data-anim=\"adpr:false;\">\n\t\t\t\t\t\t\t<img decoding=\"async\" src=\"\/\/greenchalets.com\/fr\/wp-content\/plugins\/revslider\/public\/assets\/assets\/dummy.png\" alt=\"\" title=\"Prix Lanquedoc Roussillion Argeles sur Mer\" class=\"rev-slidebg tp-rs-img rs-lazyload\" data-lazyload=\"\/\/greenchalets.com\/wp-content\/uploads\/2018\/01\/argeles-Colloiure-greenchalets-hoofdfoto-L-ws-1.jpg\" data-bg=\"p:65% 65%;\" data-no-retina>\n<!--\n\t\t\t\t\t\t\t--><rs-layer\n\t\t\t\t\t\t\t\tid=\"slider-15-slide-26-layer-1\" \n\t\t\t\t\t\t\t\tclass=\"boxshadow\"\n\t\t\t\t\t\t\t\tdata-type=\"text\"\n\t\t\t\t\t\t\t\tdata-color=\"rgba(255, 255, 255, 1)\"\n\t\t\t\t\t\t\t\tdata-rsp_ch=\"on\"\n\t\t\t\t\t\t\t\tdata-xy=\"xo:22px;yo:237px;\"\n\t\t\t\t\t\t\t\tdata-text=\"w:normal;s:48;l:51;fw:600;\"\n\t\t\t\t\t\t\t\tdata-dim=\"w:500px;\"\n\t\t\t\t\t\t\t\tdata-padding=\"l:5;\"\n\t\t\t\t\t\t\t\tdata-frame_0=\"tp:600;\"\n\t\t\t\t\t\t\t\tdata-frame_1=\"tp:600;e:power2.inOut;st:500;sR:500;\"\n\t\t\t\t\t\t\t\tdata-frame_999=\"o:0;tp:600;e:nothing;st:w;sR:8200;\"\n\t\t\t\t\t\t\t\tstyle=\"z-index:5;font-family:'Trebuchet MS', 'Helvetica', 'sans-serif';-moz-box-shadow:0px 0px 20px rgba(0, 0, 0, 0.5);-webkit-box-shadow:0px 0px 20px rgba(0, 0, 0, 0.5);box-shadow:0px 0px 20px rgba(0, 0, 0, 0.5);\"\n\t\t\t\t\t\t\t>Languedoc Roussillion \n\t\t\t\t\t\t\t<\/rs-layer><!--\n-->\t\t\t\t\t\t<\/rs-slide>\n\t\t\t\t\t<\/rs-slides>\n\t\t\t\t<\/rs-module>\n\t\t\t\t<script>\n\t\t\t\t\tsetREVStartSize({c: 'rev_slider_15_1',rl:[1240,1024,778,480],el:[],gw:[1600,1600,778,480],gh:[300,300,300,300],type:'standard',justify:'',layout:'fullwidth',mh:\"0\"});if (window.RS_MODULES!==undefined && window.RS_MODULES.modules!==undefined && window.RS_MODULES.modules[\"revslider151\"]!==undefined) {window.RS_MODULES.modules[\"revslider151\"].once = false;window.revapi15 = undefined;if (window.RS_MODULES.checkMinimal!==undefined) window.RS_MODULES.checkMinimal()}\n\t\t\t\t<\/script>\n\t\t\t<\/rs-module-wrap>\n\t\t\t<!-- END REVOLUTION SLIDER -->\n<\/div><div class=\"fusion-text fusion-text-1\"><\/div><div class=\"fusion-clearfix\"><\/div><\/div><\/div><div class=\"fusion-layout-column fusion_builder_column fusion-builder-column-1 fusion_builder_column_1_4 1_4 fusion-one-fourth fusion-column-first\" style=\"--awb-bg-size:cover;--awb-margin-top:30px;width:25%;width:calc(25% - ( ( 4% ) * 0.25 ) );margin-right: 4%;\"><div class=\"fusion-column-wrapper fusion-flex-column-wrapper-legacy\"><div class=\"fusion-text fusion-text-2\"><p><a href=\"https:\/\/www.facebook.com\/greenchalets\" target=\"_blank\" rel=\"noopener noreferrer\"><img decoding=\"async\" class=\"alignnone size-full wp-image-696\" src=\"https:\/\/greenchalets.com\/wp-content\/uploads\/2016\/01\/facebook.png\" alt=\"facebook\" \/><\/a><\/p>\n<\/div><div class=\"fusion-text fusion-text-3\"><p><a href=\"https:\/\/www.greenchalets.com\/fr\/contact\/\"><img decoding=\"async\" class=\"alignnone size-full wp-image-5589\" src=\"https:\/\/greenchalets.com\/wp-content\/uploads\/sites\/4\/2016\/01\/ArrowFR.png\" alt=\"ArrowFR\" width=\"121\" height=\"35\" \/><\/a><\/p>\n<\/div><div class=\"fusion-widget-area awb-widget-area-element fusion-widget-area-1 fusion-content-widget-area\" style=\"--awb-title-size:13px;--awb-title-color:#318d08;--awb-padding:0px 0px 0px 0px;\"><div id=\"nav_menu-9\" class=\"widget widget_nav_menu\"><div class=\"menu-page-menu-argeles-fr-container\"><ul id=\"menu-page-menu-argeles-fr\" class=\"menu\"><li id=\"menu-item-2790\" class=\"menu-item menu-item-type-post_type menu-item-object-page menu-item-2790\"><a href=\"https:\/\/greenchalets.com\/fr\/argeles-sur-mer-mobilhome\/\">Argeles sur Mer mobilhome 6p<\/a><\/li>\n<li id=\"menu-item-2788\" class=\"menu-item menu-item-type-post_type menu-item-object-page menu-item-2788\"><a href=\"https:\/\/greenchalets.com\/fr\/camping-de-pujol-argeles-sur-mer\/\">Camping de Pujol Argeles sur Mer<\/a><\/li>\n<li id=\"menu-item-2789\" class=\"menu-item menu-item-type-post_type menu-item-object-page menu-item-2789\"><a href=\"https:\/\/greenchalets.com\/fr\/lieu-greenchalets-argeles-sur-mer\/\">Lieu Greenchalets Argeles sur Mer<\/a><\/li>\n<li id=\"menu-item-2792\" class=\"menu-item menu-item-type-post_type menu-item-object-page menu-item-2792\"><a href=\"https:\/\/greenchalets.com\/fr\/environs-argeles-sur-mer\/\">Environnement  Argeles sur Mer<\/a><\/li>\n<\/ul><\/div><\/div><div class=\"fusion-additional-widget-content\"><\/div><\/div><div class=\"fusion-clearfix\"><\/div><\/div><\/div><div class=\"fusion-layout-column fusion_builder_column fusion-builder-column-2 fusion_builder_column_3_4 3_4 fusion-three-fourth fusion-column-last\" style=\"--awb-bg-size:cover;--awb-margin-top:30px;width:75%;width:calc(75% - ( ( 4% ) * 0.75 ) );\"><div class=\"fusion-column-wrapper fusion-flex-column-wrapper-legacy\"><div class=\"fusion-text fusion-text-4\"><h2 style=\"text-align: center;\">France &#8211; Languedoc-Roussillon &#8211; Argeles sur mer<\/h2>\n<p style=\"text-align: center;\"><strong>Renseignez-vous toujours sur nos offres sp\u00e9ciales, r\u00e9ductions de derni\u00e8re minute, r\u00e9ductions pour les personnes \u00e2g\u00e9es ou les clients r\u00e9guliers.<\/strong><\/p>\n<p style=\"text-align: center;\"><strong>Prix hors nettoyage final 55- euro.<\/strong><\/p>\n<p style=\"text-align: center;\"><strong>Taxe de s\u00e9jour 0.86 Euro p.p.p.n. (sur place)<\/strong><\/p>\n<p style=\"text-align: center;\"><strong>Linge de lit en option 12,- euro par personne (sur place)<\/strong><\/p>\n<p><strong>\u00a0 \u00a0 \u00a0 \u00a0 \u00a0 \u00a0 \u00a0 \u00a0 \u00a0 \u00a0 \u00a0 \u00a0 \u00a0 \u00a0 \u00a0 \u00a0 \u00a0 \u00a0 \u00a0 \u00a0 \u00a0 \u00a0 \u00a0 \u00a0 \u00a0 \u00a0 \u00a0 \u00a0 \u00a0 \u00a0 \u00a0 \u00a0 \u00a0 \u00a0 \u00a0 \u00a0 \u00a0 \u00a0 \u00a0 \u00a0 \u00a0 \u00a0 \u00a0 \u00a0Serviettes en option 12,- euro par personne (sur place)<\/strong><\/p>\n<p style=\"text-align: center;\"><strong>Animaux accept\u00e9s au camping (7,- euro par jour)<\/strong><\/p>\n<p style=\"text-align: center;\"><strong>Climatisation 10,- euro par jour (facultatif)<\/strong><\/p>\n<p style=\"text-align: center;\"><strong>Arriv\u00e9es et d\u00e9parts quotidiens possibles toute la saison.<\/strong><br \/>\n<strong>S\u00e9jour minimum 2 nuits.<\/strong><\/p>\n<\/div><div class=\"fusion-text fusion-text-5\"><table width=\"680\">\n<tbody>\n<tr>\n<td width=\"171\">Argeles sur Mer<\/td>\n<td width=\"140\">Ex TB\/ TT<\/td>\n<td width=\"187\"><\/td>\n<td width=\"121\">Mobilehome Type S 6p<\/td>\n<td width=\"61\"><\/td>\n<\/tr>\n<tr>\n<td>2026<\/td>\n<td>ex eindschoonmaak\/<\/td>\n<td><\/td>\n<td>Nacht<\/td>\n<td><\/td>\n<\/tr>\n<tr>\n<td><\/td>\n<td>final cleaning.<\/td>\n<td><\/td>\n<td>Night Nuit<\/td>\n<td><\/td>\n<\/tr>\n<tr>\n<td><\/td>\n<td><\/td>\n<td><\/td>\n<td><\/td>\n<td><\/td>\n<\/tr>\n<tr>\n<td>\n<table>\n<tbody>\n<tr>\n<td width=\"171\"><\/td>\n<\/tr>\n<\/tbody>\n<\/table>\n<\/td>\n<td><\/td>\n<td><\/td>\n<td><\/td>\n<td><\/td>\n<\/tr>\n<tr>\n<td><\/td>\n<td>3-04-26<\/td>\n<td width=\"187\">11-04-26<\/td>\n<td>\u20ac 75,00<\/td>\n<td><\/td>\n<\/tr>\n<tr>\n<td><\/td>\n<td width=\"140\">12-04-26<\/td>\n<td width=\"187\">24-04-26<\/td>\n<td>\u20ac 55,00<\/td>\n<td><\/td>\n<\/tr>\n<tr>\n<td><\/td>\n<td width=\"140\">25-04-26<\/td>\n<td width=\"187\">13-05-26<\/td>\n<td>\u20ac 45,00<\/td>\n<td><\/td>\n<\/tr>\n<tr>\n<td><\/td>\n<td width=\"140\">14-05-26<\/td>\n<td width=\"187\">16-05-26<\/td>\n<td>\u20ac 75,00<\/td>\n<td><\/td>\n<\/tr>\n<tr>\n<td><\/td>\n<td width=\"140\">17-05-26<\/td>\n<td width=\"187\">21-05-26<\/td>\n<td>\u20ac 60,00<\/td>\n<td><\/td>\n<\/tr>\n<tr>\n<td><\/td>\n<td width=\"140\">22-05-26<\/td>\n<td width=\"187\">25-05-26<\/td>\n<td>\u20ac 80,00<\/td>\n<td><\/td>\n<\/tr>\n<tr>\n<td><\/td>\n<td width=\"140\">26-05-26<\/td>\n<td width=\"187\">12-06-26<\/td>\n<td>\u20ac 65,00<\/td>\n<td><\/td>\n<\/tr>\n<tr>\n<td><\/td>\n<td width=\"140\">13-06-26<\/td>\n<td width=\"187\">3-07-26<\/td>\n<td>\u20ac 75,00<\/td>\n<td><\/td>\n<\/tr>\n<tr>\n<td><\/td>\n<td width=\"140\">4-07-26<\/td>\n<td width=\"187\">10-07-26<\/td>\n<td>\u20ac 95,00<\/td>\n<td><\/td>\n<\/tr>\n<tr>\n<td><\/td>\n<td width=\"140\">11-07-26<\/td>\n<td width=\"187\">21-08-26<\/td>\n<td>\u20ac 195,00<\/td>\n<td><\/td>\n<\/tr>\n<tr>\n<td><\/td>\n<td width=\"140\">22-08-26<\/td>\n<td width=\"187\">29-08-26<\/td>\n<td>\u20ac 165,00<\/td>\n<td><\/td>\n<\/tr>\n<tr>\n<td><\/td>\n<td width=\"140\">30-08-26<\/td>\n<td width=\"187\">12-09-26<\/td>\n<td>\u20ac 75,00<\/td>\n<td><\/td>\n<\/tr>\n<tr>\n<td><\/td>\n<td>13-09-26<\/td>\n<td>26-09-26<\/td>\n<td>\u20ac 55,00<\/td>\n<td><\/td>\n<\/tr>\n<tr>\n<td><\/td>\n<td>27-09-26<\/td>\n<td>30-10-26<\/td>\n<td>\u20ac 45,00<\/td>\n<td><\/td>\n<\/tr>\n<\/tbody>\n<\/table>\n<\/div><div class=\"fusion-clearfix\"><\/div><\/div><\/div><\/div><\/div>\n","protected":false},"excerpt":{"rendered":"","protected":false},"author":3,"featured_media":0,"parent":0,"menu_order":0,"comment_status":"closed","ping_status":"closed","template":"","meta":{"footnotes":""},"class_list":["post-2775","page","type-page","status-publish","hentry"],"yoast_head":"<!-- This site is optimized with the Yoast SEO plugin v27.3 - https:\/\/yoast.com\/product\/yoast-seo-wordpress\/ -->\n<title>Prix Lanquedoc Roussillion Argeles sur Mer Greenchalets France<\/title>\n<meta name=\"description\" content=\"Prix Lanquedoc Roussillion Argeles sur Mer Greenchalets France. Arriv\u00e9es et d\u00e9parts quotidiens possibles toute la saison.S\u00e9jour minimum 2 nuits.\" \/>\n<meta name=\"robots\" content=\"index, follow, max-snippet:-1, max-image-preview:large, max-video-preview:-1\" \/>\n<link rel=\"canonical\" href=\"https:\/\/greenchalets.com\/fr\/prix-lanquedoc-roussillion-argeles-sur-mer\/\" \/>\n<meta property=\"og:locale\" content=\"nl_NL\" \/>\n<meta property=\"og:type\" content=\"article\" \/>\n<meta property=\"og:title\" content=\"Prix Lanquedoc Roussillion Argeles sur Mer Greenchalets France\" \/>\n<meta property=\"og:description\" content=\"Prix Lanquedoc Roussillion Argeles sur Mer Greenchalets France. Arriv\u00e9es et d\u00e9parts quotidiens possibles toute la saison.S\u00e9jour minimum 2 nuits.\" \/>\n<meta property=\"og:url\" content=\"https:\/\/greenchalets.com\/fr\/prix-lanquedoc-roussillion-argeles-sur-mer\/\" \/>\n<meta property=\"og:site_name\" content=\"Greenchalets FR\" \/>\n<meta property=\"article:modified_time\" content=\"2026-02-16T16:18:24+00:00\" \/>\n<meta name=\"twitter:card\" content=\"summary_large_image\" \/>\n<meta name=\"twitter:label1\" content=\"Geschatte leestijd\" \/>\n\t<meta name=\"twitter:data1\" content=\"2 minuten\" \/>\n<script type=\"application\/ld+json\" class=\"yoast-schema-graph\">{\"@context\":\"https:\\\/\\\/schema.org\",\"@graph\":[{\"@type\":\"WebPage\",\"@id\":\"https:\\\/\\\/greenchalets.com\\\/fr\\\/prix-lanquedoc-roussillion-argeles-sur-mer\\\/\",\"url\":\"https:\\\/\\\/greenchalets.com\\\/fr\\\/prix-lanquedoc-roussillion-argeles-sur-mer\\\/\",\"name\":\"Prix Lanquedoc Roussillion Argeles sur Mer Greenchalets France\",\"isPartOf\":{\"@id\":\"https:\\\/\\\/greenchalets.com\\\/fr\\\/#website\"},\"primaryImageOfPage\":{\"@id\":\"https:\\\/\\\/greenchalets.com\\\/fr\\\/prix-lanquedoc-roussillion-argeles-sur-mer\\\/#primaryimage\"},\"image\":{\"@id\":\"https:\\\/\\\/greenchalets.com\\\/fr\\\/prix-lanquedoc-roussillion-argeles-sur-mer\\\/#primaryimage\"},\"thumbnailUrl\":\"https:\\\/\\\/greenchalets.com\\\/wp-content\\\/uploads\\\/2016\\\/01\\\/facebook.png\",\"datePublished\":\"2018-09-10T22:34:00+00:00\",\"dateModified\":\"2026-02-16T16:18:24+00:00\",\"description\":\"Prix Lanquedoc Roussillion Argeles sur Mer Greenchalets France. Arriv\u00e9es et d\u00e9parts quotidiens possibles toute la saison.S\u00e9jour minimum 2 nuits.\",\"breadcrumb\":{\"@id\":\"https:\\\/\\\/greenchalets.com\\\/fr\\\/prix-lanquedoc-roussillion-argeles-sur-mer\\\/#breadcrumb\"},\"inLanguage\":\"nl-NL\",\"potentialAction\":[{\"@type\":\"ReadAction\",\"target\":[\"https:\\\/\\\/greenchalets.com\\\/fr\\\/prix-lanquedoc-roussillion-argeles-sur-mer\\\/\"]}]},{\"@type\":\"ImageObject\",\"inLanguage\":\"nl-NL\",\"@id\":\"https:\\\/\\\/greenchalets.com\\\/fr\\\/prix-lanquedoc-roussillion-argeles-sur-mer\\\/#primaryimage\",\"url\":\"https:\\\/\\\/greenchalets.com\\\/wp-content\\\/uploads\\\/2016\\\/01\\\/facebook.png\",\"contentUrl\":\"https:\\\/\\\/greenchalets.com\\\/wp-content\\\/uploads\\\/2016\\\/01\\\/facebook.png\"},{\"@type\":\"BreadcrumbList\",\"@id\":\"https:\\\/\\\/greenchalets.com\\\/fr\\\/prix-lanquedoc-roussillion-argeles-sur-mer\\\/#breadcrumb\",\"itemListElement\":[{\"@type\":\"ListItem\",\"position\":1,\"name\":\"Home\",\"item\":\"https:\\\/\\\/greenchalets.com\\\/fr\\\/\"},{\"@type\":\"ListItem\",\"position\":2,\"name\":\"Prix Lanquedoc Roussillion Argeles sur Mer\"}]},{\"@type\":\"WebSite\",\"@id\":\"https:\\\/\\\/greenchalets.com\\\/fr\\\/#website\",\"url\":\"https:\\\/\\\/greenchalets.com\\\/fr\\\/\",\"name\":\"Greenchalets FR\",\"description\":\"Greenchalets Mobil-homes camping Vacances\",\"potentialAction\":[{\"@type\":\"SearchAction\",\"target\":{\"@type\":\"EntryPoint\",\"urlTemplate\":\"https:\\\/\\\/greenchalets.com\\\/fr\\\/?s={search_term_string}\"},\"query-input\":{\"@type\":\"PropertyValueSpecification\",\"valueRequired\":true,\"valueName\":\"search_term_string\"}}],\"inLanguage\":\"nl-NL\"}]}<\/script>\n<!-- \/ Yoast SEO plugin. -->","yoast_head_json":{"title":"Prix Lanquedoc Roussillion Argeles sur Mer Greenchalets France","description":"Prix Lanquedoc Roussillion Argeles sur Mer Greenchalets France. Arriv\u00e9es et d\u00e9parts quotidiens possibles toute la saison.S\u00e9jour minimum 2 nuits.","robots":{"index":"index","follow":"follow","max-snippet":"max-snippet:-1","max-image-preview":"max-image-preview:large","max-video-preview":"max-video-preview:-1"},"canonical":"https:\/\/greenchalets.com\/fr\/prix-lanquedoc-roussillion-argeles-sur-mer\/","og_locale":"nl_NL","og_type":"article","og_title":"Prix Lanquedoc Roussillion Argeles sur Mer Greenchalets France","og_description":"Prix Lanquedoc Roussillion Argeles sur Mer Greenchalets France. Arriv\u00e9es et d\u00e9parts quotidiens possibles toute la saison.S\u00e9jour minimum 2 nuits.","og_url":"https:\/\/greenchalets.com\/fr\/prix-lanquedoc-roussillion-argeles-sur-mer\/","og_site_name":"Greenchalets FR","article_modified_time":"2026-02-16T16:18:24+00:00","twitter_card":"summary_large_image","twitter_misc":{"Geschatte leestijd":"2 minuten"},"schema":{"@context":"https:\/\/schema.org","@graph":[{"@type":"WebPage","@id":"https:\/\/greenchalets.com\/fr\/prix-lanquedoc-roussillion-argeles-sur-mer\/","url":"https:\/\/greenchalets.com\/fr\/prix-lanquedoc-roussillion-argeles-sur-mer\/","name":"Prix Lanquedoc Roussillion Argeles sur Mer Greenchalets France","isPartOf":{"@id":"https:\/\/greenchalets.com\/fr\/#website"},"primaryImageOfPage":{"@id":"https:\/\/greenchalets.com\/fr\/prix-lanquedoc-roussillion-argeles-sur-mer\/#primaryimage"},"image":{"@id":"https:\/\/greenchalets.com\/fr\/prix-lanquedoc-roussillion-argeles-sur-mer\/#primaryimage"},"thumbnailUrl":"https:\/\/greenchalets.com\/wp-content\/uploads\/2016\/01\/facebook.png","datePublished":"2018-09-10T22:34:00+00:00","dateModified":"2026-02-16T16:18:24+00:00","description":"Prix Lanquedoc Roussillion Argeles sur Mer Greenchalets France. Arriv\u00e9es et d\u00e9parts quotidiens possibles toute la saison.S\u00e9jour minimum 2 nuits.","breadcrumb":{"@id":"https:\/\/greenchalets.com\/fr\/prix-lanquedoc-roussillion-argeles-sur-mer\/#breadcrumb"},"inLanguage":"nl-NL","potentialAction":[{"@type":"ReadAction","target":["https:\/\/greenchalets.com\/fr\/prix-lanquedoc-roussillion-argeles-sur-mer\/"]}]},{"@type":"ImageObject","inLanguage":"nl-NL","@id":"https:\/\/greenchalets.com\/fr\/prix-lanquedoc-roussillion-argeles-sur-mer\/#primaryimage","url":"https:\/\/greenchalets.com\/wp-content\/uploads\/2016\/01\/facebook.png","contentUrl":"https:\/\/greenchalets.com\/wp-content\/uploads\/2016\/01\/facebook.png"},{"@type":"BreadcrumbList","@id":"https:\/\/greenchalets.com\/fr\/prix-lanquedoc-roussillion-argeles-sur-mer\/#breadcrumb","itemListElement":[{"@type":"ListItem","position":1,"name":"Home","item":"https:\/\/greenchalets.com\/fr\/"},{"@type":"ListItem","position":2,"name":"Prix Lanquedoc Roussillion Argeles sur Mer"}]},{"@type":"WebSite","@id":"https:\/\/greenchalets.com\/fr\/#website","url":"https:\/\/greenchalets.com\/fr\/","name":"Greenchalets FR","description":"Greenchalets Mobil-homes camping Vacances","potentialAction":[{"@type":"SearchAction","target":{"@type":"EntryPoint","urlTemplate":"https:\/\/greenchalets.com\/fr\/?s={search_term_string}"},"query-input":{"@type":"PropertyValueSpecification","valueRequired":true,"valueName":"search_term_string"}}],"inLanguage":"nl-NL"}]}},"_links":{"self":[{"href":"https:\/\/greenchalets.com\/fr\/wp-json\/wp\/v2\/pages\/2775","targetHints":{"allow":["GET"]}}],"collection":[{"href":"https:\/\/greenchalets.com\/fr\/wp-json\/wp\/v2\/pages"}],"about":[{"href":"https:\/\/greenchalets.com\/fr\/wp-json\/wp\/v2\/types\/page"}],"author":[{"embeddable":true,"href":"https:\/\/greenchalets.com\/fr\/wp-json\/wp\/v2\/users\/3"}],"replies":[{"embeddable":true,"href":"https:\/\/greenchalets.com\/fr\/wp-json\/wp\/v2\/comments?post=2775"}],"version-history":[{"count":23,"href":"https:\/\/greenchalets.com\/fr\/wp-json\/wp\/v2\/pages\/2775\/revisions"}],"predecessor-version":[{"id":3953,"href":"https:\/\/greenchalets.com\/fr\/wp-json\/wp\/v2\/pages\/2775\/revisions\/3953"}],"wp:attachment":[{"href":"https:\/\/greenchalets.com\/fr\/wp-json\/wp\/v2\/media?parent=2775"}],"curies":[{"name":"wp","href":"https:\/\/api.w.org\/{rel}","templated":true}]}}