{"id":2706,"date":"2018-09-07T23:34:32","date_gmt":"2018-09-07T22:34:32","guid":{"rendered":"http:\/\/greenchalets.com\/fr\/?page_id=2706"},"modified":"2025-12-10T15:58:46","modified_gmt":"2025-12-10T14:58:46","slug":"prix-palamos-greenchalets-espagne","status":"publish","type":"page","link":"https:\/\/greenchalets.com\/fr\/prix-palamos-greenchalets-espagne\/","title":{"rendered":"Prix Palamos"},"content":{"rendered":"<div class=\"fusion-fullwidth fullwidth-box fusion-builder-row-1 nonhundred-percent-fullwidth non-hundred-percent-height-scrolling\" style=\"--awb-border-radius-top-left:0px;--awb-border-radius-top-right:0px;--awb-border-radius-bottom-right:0px;--awb-border-radius-bottom-left:0px;--awb-flex-wrap:wrap;\" ><div class=\"fusion-builder-row fusion-row\"><div class=\"fusion-layout-column fusion_builder_column fusion-builder-column-0 fusion_builder_column_1_1 1_1 fusion-one-full fusion-column-first fusion-column-last\" style=\"--awb-bg-size:cover;--awb-margin-bottom:0px;\"><div class=\"fusion-column-wrapper fusion-flex-column-wrapper-legacy\">\n<div class=\"fusion-slider-revolution rev_slider_wrapper\">\t\t\t<!-- START Palamos REVOLUTION SLIDER 6.6.20 --><p class=\"rs-p-wp-fix\"><\/p>\n\t\t\t<rs-module-wrap id=\"rev_slider_13_1_wrapper\" data-source=\"gallery\" style=\"visibility:hidden;background:transparent;padding:0;margin:0px auto;margin-top:0;margin-bottom:0;\">\n\t\t\t\t<rs-module id=\"rev_slider_13_1\" style=\"\" data-version=\"6.6.20\">\n\t\t\t\t\t<rs-slides style=\"overflow: hidden; position: absolute;\">\n\t\t\t\t\t\t<rs-slide style=\"position: absolute;\" data-key=\"rs-24\" data-title=\"Slide\" data-anim=\"r:0;\" data-in=\"o:0;\" data-out=\"a:false;\">\n\t\t\t\t\t\t\t<img decoding=\"async\" src=\"\/\/greenchalets.com\/fr\/wp-content\/plugins\/revslider\/public\/assets\/assets\/dummy.png\" alt=\"\" title=\"platja-daro-spanje.jpg\" width=\"1200\" height=\"347\" class=\"rev-slidebg tp-rs-img rs-lazyload\" data-lazyload=\"\/\/greenchalets.com\/fr\/wp-content\/uploads\/sites\/4\/revslider\/Palamos-nieuw\/platja-daro-spanje.jpg\" data-no-retina>\n<!--\n\t\t\t\t\t\t\t--><rs-layer\n\t\t\t\t\t\t\t\tid=\"slider-13-slide-24-layer-1\" \n\t\t\t\t\t\t\t\tclass=\"boxshadow\"\n\t\t\t\t\t\t\t\tdata-type=\"text\"\n\t\t\t\t\t\t\t\tdata-color=\"rgba(255, 255, 255, 1)\"\n\t\t\t\t\t\t\t\tdata-rsp_ch=\"on\"\n\t\t\t\t\t\t\t\tdata-xy=\"xo:181px;yo:202px;\"\n\t\t\t\t\t\t\t\tdata-text=\"w:normal;s:48;l:51;fw:600;\"\n\t\t\t\t\t\t\t\tdata-dim=\"w:330px;\"\n\t\t\t\t\t\t\t\tdata-padding=\"l:5;\"\n\t\t\t\t\t\t\t\tdata-frame_0=\"tp:600;\"\n\t\t\t\t\t\t\t\tdata-frame_1=\"tp:600;e:power2.inOut;st:500;sR:500;\"\n\t\t\t\t\t\t\t\tdata-frame_999=\"o:0;tp:600;e:nothing;st:w;sR:8200;\"\n\t\t\t\t\t\t\t\tstyle=\"z-index:5;font-family:'Trebuchet MS', 'Helvetica', 'sans-serif';-moz-box-shadow:0px 0px 20px rgba(0, 0, 0, 0.5);-webkit-box-shadow:0px 0px 20px rgba(0, 0, 0, 0.5);box-shadow:0px 0px 20px rgba(0, 0, 0, 0.5);\"\n\t\t\t\t\t\t\t>COSTA BRAVA \n\t\t\t\t\t\t\t<\/rs-layer><!--\n-->\t\t\t\t\t\t<\/rs-slide>\n\t\t\t\t\t<\/rs-slides>\n\t\t\t\t<\/rs-module>\n\t\t\t\t<script>\n\t\t\t\t\tsetREVStartSize({c: 'rev_slider_13_1',rl:[1240,1024,778,480],el:[300,300,300,300],gw:[1600,1600,778,480],gh:[300,300,300,300],type:'standard',justify:'',layout:'fullwidth',mh:\"0\"});if (window.RS_MODULES!==undefined && window.RS_MODULES.modules!==undefined && window.RS_MODULES.modules[\"revslider131\"]!==undefined) {window.RS_MODULES.modules[\"revslider131\"].once = false;window.revapi13 = undefined;if (window.RS_MODULES.checkMinimal!==undefined) window.RS_MODULES.checkMinimal()}\n\t\t\t\t<\/script>\n\t\t\t<\/rs-module-wrap>\n\t\t\t<!-- END REVOLUTION SLIDER -->\n<\/div><div class=\"fusion-text fusion-text-1\"><\/div><div class=\"fusion-clearfix\"><\/div><\/div><\/div><div class=\"fusion-layout-column fusion_builder_column fusion-builder-column-1 fusion_builder_column_1_4 1_4 fusion-one-fourth fusion-column-first\" style=\"--awb-bg-size:cover;--awb-margin-top:30px;width:25%;width:calc(25% - ( ( 4% ) * 0.25 ) );margin-right: 4%;\"><div class=\"fusion-column-wrapper fusion-flex-column-wrapper-legacy\"><div class=\"fusion-text fusion-text-2\"><p><a href=\"https:\/\/www.facebook.com\/greenchalets\" target=\"_blank\" rel=\"noopener noreferrer\"><img decoding=\"async\" class=\"alignnone size-full wp-image-696\" src=\"https:\/\/greenchalets.com\/wp-content\/uploads\/2016\/01\/facebook.png\" alt=\"facebook\" \/><\/a><\/p>\n<\/div><div class=\"fusion-text fusion-text-3\"><p><a href=\"https:\/\/www.greenchalets.com\/fr\/contact\/\"><img decoding=\"async\" class=\"alignnone size-full wp-image-5589\" src=\"https:\/\/greenchalets.com\/wp-content\/uploads\/sites\/4\/2016\/01\/ArrowFR.png\" alt=\"ArrowFR\" width=\"121\" height=\"35\" \/><\/a><\/p>\n<\/div><div class=\"fusion-widget-area awb-widget-area-element fusion-widget-area-1 fusion-content-widget-area\" style=\"--awb-title-size:13px;--awb-title-color:#318d08;--awb-padding:0px 0px 0px 0px;\"><div id=\"nav_menu-7\" class=\"widget widget_nav_menu\"><div class=\"menu-page-menu-palamos-container\"><ul id=\"menu-page-menu-palamos\" class=\"menu\"><li id=\"menu-item-2720\" class=\"menu-item menu-item-type-post_type menu-item-object-page menu-item-2720\"><a href=\"https:\/\/greenchalets.com\/fr\/chalettas-palamos\/\">Palamos chaletta<\/a><\/li>\n<li id=\"menu-item-2719\" class=\"menu-item menu-item-type-post_type menu-item-object-page menu-item-2719\"><a href=\"https:\/\/greenchalets.com\/fr\/camping-internacional-palamos\/\">Camping Internacional Palamos<\/a><\/li>\n<li id=\"menu-item-2717\" class=\"menu-item menu-item-type-post_type menu-item-object-page menu-item-2717\"><a href=\"https:\/\/greenchalets.com\/fr\/lieu-palamos-costa-brava\/\">Lieu Palamos Costa Brava<\/a><\/li>\n<li id=\"menu-item-2718\" class=\"menu-item menu-item-type-post_type menu-item-object-page menu-item-2718\"><a href=\"https:\/\/greenchalets.com\/fr\/environnement-palamos\/\">Environnement Palamos<\/a><\/li>\n<\/ul><\/div><\/div><div class=\"fusion-additional-widget-content\"><\/div><\/div><div class=\"fusion-clearfix\"><\/div><\/div><\/div><div class=\"fusion-layout-column fusion_builder_column fusion-builder-column-2 fusion_builder_column_3_4 3_4 fusion-three-fourth fusion-column-last\" style=\"--awb-bg-size:cover;--awb-margin-top:30px;width:75%;width:calc(75% - ( ( 4% ) * 0.75 ) );\"><div class=\"fusion-column-wrapper fusion-flex-column-wrapper-legacy\"><div class=\"fusion-text fusion-text-4\"><h3 style=\"text-align: center;\">Espagne &#8211; Costa Brava &#8211; Palamos<\/h3>\n<p style=\"text-align: center;\"><strong>Renseignez-vous toujours sur nos offres sp\u00e9ciales, r\u00e9ductions de derni\u00e8re minute, r\u00e9ductions pour les personnes \u00e2g\u00e9es ou les clients r\u00e9guliers.<\/strong><\/p>\n<p style=\"text-align: center;\"><strong>Prix hors nettoyage final 75, &#8211; euro.<\/strong><\/p>\n<p style=\"text-align: center;\"><strong>Taxe de s\u00e9jour 0.50 Euro p.p. p.n. (sur place)<\/strong><\/p>\n<p style=\"text-align: center;\"><strong>Les animaux domestiques ne sont pas admis sur le camping.<\/strong><\/p>\n<p style=\"text-align: center;\"><strong>Climatisation 10,- euro par nuit.<\/strong><\/p>\n<p style=\"text-align: center;\"><strong>Arriv\u00e9es et d\u00e9parts quotidiens possibles toute la saison.<\/strong><br \/>\n<strong>S\u00e9jour minimum 2 nuits.<\/strong><\/p>\n<\/div><div class=\"fusion-text fusion-text-5\"><table style=\"width: 57.6082%;\" width=\"628\">\n<tbody>\n<tr>\n<td style=\"width: 31.68%;\" width=\"208\">Palamos<\/td>\n<td style=\"width: 29.44%;\" width=\"186\">Ex TB\/ TT<\/td>\n<td style=\"width: 26.56%;\" width=\"173\">Chaletta 4p<\/td>\n<td style=\"width: 15.52%;\" width=\"61\"><\/td>\n<\/tr>\n<tr>\n<td style=\"width: 31.68%;\">2026<\/td>\n<td style=\"width: 29.44%;\">ex eindschoonmaak\/<\/td>\n<td style=\"width: 26.56%;\">Nacht<\/td>\n<td style=\"width: 15.52%;\"><\/td>\n<\/tr>\n<tr>\n<td style=\"width: 31.68%;\"><\/td>\n<td style=\"width: 29.44%;\">final cleaning.<\/td>\n<td style=\"width: 26.56%;\">Night Nuit<\/td>\n<td style=\"width: 15.52%;\"><\/td>\n<\/tr>\n<tr>\n<td style=\"width: 31.68%;\">\n<table>\n<tbody>\n<tr>\n<td width=\"208\"><\/td>\n<\/tr>\n<\/tbody>\n<\/table>\n<\/td>\n<td style=\"width: 29.44%;\"><\/td>\n<td style=\"width: 26.56%;\"><\/td>\n<td style=\"width: 15.52%;\"><\/td>\n<\/tr>\n<tr>\n<td style=\"width: 31.68%;\"><\/td>\n<td style=\"width: 29.44%;\"><\/td>\n<td style=\"width: 26.56%;\"><\/td>\n<td style=\"width: 15.52%;\"><\/td>\n<\/tr>\n<tr>\n<td style=\"width: 31.68%;\"><\/td>\n<td style=\"width: 29.44%;\">3-04-26<\/td>\n<td style=\"width: 26.56%;\" width=\"173\">11-04-26<\/td>\n<td style=\"width: 15.52%;\">\u20ac 65,00<\/td>\n<\/tr>\n<tr>\n<td style=\"width: 31.68%;\"><\/td>\n<td style=\"width: 29.44%;\" width=\"186\">12-04-26<\/td>\n<td style=\"width: 26.56%;\" width=\"173\">24-04-26<\/td>\n<td style=\"width: 15.52%;\">\u20ac 55,00<\/td>\n<\/tr>\n<tr>\n<td style=\"width: 31.68%;\"><\/td>\n<td style=\"width: 29.44%;\" width=\"186\">25-04-26<\/td>\n<td style=\"width: 26.56%;\" width=\"173\">13-05-26<\/td>\n<td style=\"width: 15.52%;\">\u20ac 55,00<\/td>\n<\/tr>\n<tr>\n<td style=\"width: 31.68%;\"><\/td>\n<td style=\"width: 29.44%;\" width=\"186\">14-05-26<\/td>\n<td style=\"width: 26.56%;\" width=\"173\">16-05-26<\/td>\n<td style=\"width: 15.52%;\">\u20ac 85,00<\/td>\n<\/tr>\n<tr>\n<td style=\"width: 31.68%;\"><\/td>\n<td style=\"width: 29.44%;\" width=\"186\">17-05-26<\/td>\n<td style=\"width: 26.56%;\" width=\"173\">21-05-26<\/td>\n<td style=\"width: 15.52%;\">\u20ac 55,00<\/td>\n<\/tr>\n<tr>\n<td style=\"width: 31.68%;\"><\/td>\n<td style=\"width: 29.44%;\" width=\"186\">22-05-26<\/td>\n<td style=\"width: 26.56%;\" width=\"173\">25-05-26<\/td>\n<td style=\"width: 15.52%;\">\u20ac 95,00<\/td>\n<\/tr>\n<tr>\n<td style=\"width: 31.68%;\"><\/td>\n<td style=\"width: 29.44%;\" width=\"186\">26-05-26<\/td>\n<td style=\"width: 26.56%;\" width=\"173\">12-06-26<\/td>\n<td style=\"width: 15.52%;\">\u20ac 65,00<\/td>\n<\/tr>\n<tr>\n<td style=\"width: 31.68%;\"><\/td>\n<td style=\"width: 29.44%;\" width=\"186\">13-06-26<\/td>\n<td style=\"width: 26.56%;\" width=\"173\">3-07-26<\/td>\n<td style=\"width: 15.52%;\">\u20ac 75,00<\/td>\n<\/tr>\n<tr>\n<td style=\"width: 31.68%;\"><\/td>\n<td style=\"width: 29.44%;\" width=\"186\">4-07-26<\/td>\n<td style=\"width: 26.56%;\" width=\"173\">10-07-26<\/td>\n<td style=\"width: 15.52%;\">\u20ac 100,00<\/td>\n<\/tr>\n<tr>\n<td style=\"width: 31.68%;\"><\/td>\n<td style=\"width: 29.44%;\" width=\"186\">11-07-26<\/td>\n<td style=\"width: 26.56%;\" width=\"173\">29-08-26<\/td>\n<td style=\"width: 15.52%;\">\u20ac 175,00<\/td>\n<\/tr>\n<tr>\n<td style=\"width: 31.68%;\"><\/td>\n<td style=\"width: 29.44%;\" width=\"186\">30-08-26<\/td>\n<td style=\"width: 26.56%;\" width=\"173\">12-09-26<\/td>\n<td style=\"width: 15.52%;\">\u20ac 75,00<\/td>\n<\/tr>\n<tr>\n<td style=\"width: 31.68%;\"><\/td>\n<td style=\"width: 29.44%;\">13-09-26<\/td>\n<td style=\"width: 26.56%;\">26-09-26<\/td>\n<td style=\"width: 15.52%;\">\u20ac 65,00<\/td>\n<\/tr>\n<tr>\n<td style=\"width: 31.68%;\"><\/td>\n<td style=\"width: 29.44%;\">27-09-26<\/td>\n<td style=\"width: 26.56%;\">31-10-26<\/td>\n<td style=\"width: 15.52%;\">\u20ac 75,00<\/td>\n<\/tr>\n<\/tbody>\n<\/table>\n<\/div><div class=\"fusion-sep-clear\"><\/div><div class=\"fusion-separator fusion-full-width-sep\" style=\"margin-left: auto;margin-right: auto;margin-top:10px;margin-bottom:10px;width:100%;\"><\/div><div class=\"fusion-sep-clear\"><\/div><div class=\"fusion-clearfix\"><\/div><\/div><\/div><\/div><\/div>\n","protected":false},"excerpt":{"rendered":"","protected":false},"author":3,"featured_media":0,"parent":0,"menu_order":0,"comment_status":"closed","ping_status":"closed","template":"","meta":{"footnotes":""},"class_list":["post-2706","page","type-page","status-publish","hentry"],"yoast_head":"<!-- This site is optimized with the Yoast SEO plugin v27.3 - https:\/\/yoast.com\/product\/yoast-seo-wordpress\/ -->\n<title>Prix Palamos Greenchalets Espagne<\/title>\n<meta name=\"description\" content=\"Prix Palamos Greenchalets Espagne Arriv\u00e9es et d\u00e9parts quotidiens possibles toute la saison.S\u00e9jour minimum 2 nuits.\" \/>\n<meta name=\"robots\" content=\"index, follow, max-snippet:-1, max-image-preview:large, max-video-preview:-1\" \/>\n<link rel=\"canonical\" href=\"https:\/\/greenchalets.com\/fr\/prix-palamos-greenchalets-espagne\/\" \/>\n<meta property=\"og:locale\" content=\"nl_NL\" \/>\n<meta property=\"og:type\" content=\"article\" \/>\n<meta property=\"og:title\" content=\"Prix Palamos Greenchalets Espagne\" \/>\n<meta property=\"og:description\" content=\"Prix Palamos Greenchalets Espagne Arriv\u00e9es et d\u00e9parts quotidiens possibles toute la saison.S\u00e9jour minimum 2 nuits.\" \/>\n<meta property=\"og:url\" content=\"https:\/\/greenchalets.com\/fr\/prix-palamos-greenchalets-espagne\/\" \/>\n<meta property=\"og:site_name\" content=\"Greenchalets FR\" \/>\n<meta property=\"article:modified_time\" content=\"2025-12-10T14:58:46+00:00\" \/>\n<meta name=\"twitter:card\" content=\"summary_large_image\" \/>\n<meta name=\"twitter:label1\" content=\"Geschatte leestijd\" \/>\n\t<meta name=\"twitter:data1\" content=\"2 minuten\" \/>\n<script type=\"application\/ld+json\" class=\"yoast-schema-graph\">{\"@context\":\"https:\\\/\\\/schema.org\",\"@graph\":[{\"@type\":\"WebPage\",\"@id\":\"https:\\\/\\\/greenchalets.com\\\/fr\\\/prix-palamos-greenchalets-espagne\\\/\",\"url\":\"https:\\\/\\\/greenchalets.com\\\/fr\\\/prix-palamos-greenchalets-espagne\\\/\",\"name\":\"Prix Palamos Greenchalets Espagne\",\"isPartOf\":{\"@id\":\"https:\\\/\\\/greenchalets.com\\\/fr\\\/#website\"},\"primaryImageOfPage\":{\"@id\":\"https:\\\/\\\/greenchalets.com\\\/fr\\\/prix-palamos-greenchalets-espagne\\\/#primaryimage\"},\"image\":{\"@id\":\"https:\\\/\\\/greenchalets.com\\\/fr\\\/prix-palamos-greenchalets-espagne\\\/#primaryimage\"},\"thumbnailUrl\":\"https:\\\/\\\/greenchalets.com\\\/wp-content\\\/uploads\\\/2016\\\/01\\\/facebook.png\",\"datePublished\":\"2018-09-07T22:34:32+00:00\",\"dateModified\":\"2025-12-10T14:58:46+00:00\",\"description\":\"Prix Palamos Greenchalets Espagne Arriv\u00e9es et d\u00e9parts quotidiens possibles toute la saison.S\u00e9jour minimum 2 nuits.\",\"breadcrumb\":{\"@id\":\"https:\\\/\\\/greenchalets.com\\\/fr\\\/prix-palamos-greenchalets-espagne\\\/#breadcrumb\"},\"inLanguage\":\"nl-NL\",\"potentialAction\":[{\"@type\":\"ReadAction\",\"target\":[\"https:\\\/\\\/greenchalets.com\\\/fr\\\/prix-palamos-greenchalets-espagne\\\/\"]}]},{\"@type\":\"ImageObject\",\"inLanguage\":\"nl-NL\",\"@id\":\"https:\\\/\\\/greenchalets.com\\\/fr\\\/prix-palamos-greenchalets-espagne\\\/#primaryimage\",\"url\":\"https:\\\/\\\/greenchalets.com\\\/wp-content\\\/uploads\\\/2016\\\/01\\\/facebook.png\",\"contentUrl\":\"https:\\\/\\\/greenchalets.com\\\/wp-content\\\/uploads\\\/2016\\\/01\\\/facebook.png\"},{\"@type\":\"BreadcrumbList\",\"@id\":\"https:\\\/\\\/greenchalets.com\\\/fr\\\/prix-palamos-greenchalets-espagne\\\/#breadcrumb\",\"itemListElement\":[{\"@type\":\"ListItem\",\"position\":1,\"name\":\"Home\",\"item\":\"https:\\\/\\\/greenchalets.com\\\/fr\\\/\"},{\"@type\":\"ListItem\",\"position\":2,\"name\":\"Prix Palamos\"}]},{\"@type\":\"WebSite\",\"@id\":\"https:\\\/\\\/greenchalets.com\\\/fr\\\/#website\",\"url\":\"https:\\\/\\\/greenchalets.com\\\/fr\\\/\",\"name\":\"Greenchalets FR\",\"description\":\"Greenchalets Mobil-homes camping Vacances\",\"potentialAction\":[{\"@type\":\"SearchAction\",\"target\":{\"@type\":\"EntryPoint\",\"urlTemplate\":\"https:\\\/\\\/greenchalets.com\\\/fr\\\/?s={search_term_string}\"},\"query-input\":{\"@type\":\"PropertyValueSpecification\",\"valueRequired\":true,\"valueName\":\"search_term_string\"}}],\"inLanguage\":\"nl-NL\"}]}<\/script>\n<!-- \/ Yoast SEO plugin. -->","yoast_head_json":{"title":"Prix Palamos Greenchalets Espagne","description":"Prix Palamos Greenchalets Espagne Arriv\u00e9es et d\u00e9parts quotidiens possibles toute la saison.S\u00e9jour minimum 2 nuits.","robots":{"index":"index","follow":"follow","max-snippet":"max-snippet:-1","max-image-preview":"max-image-preview:large","max-video-preview":"max-video-preview:-1"},"canonical":"https:\/\/greenchalets.com\/fr\/prix-palamos-greenchalets-espagne\/","og_locale":"nl_NL","og_type":"article","og_title":"Prix Palamos Greenchalets Espagne","og_description":"Prix Palamos Greenchalets Espagne Arriv\u00e9es et d\u00e9parts quotidiens possibles toute la saison.S\u00e9jour minimum 2 nuits.","og_url":"https:\/\/greenchalets.com\/fr\/prix-palamos-greenchalets-espagne\/","og_site_name":"Greenchalets FR","article_modified_time":"2025-12-10T14:58:46+00:00","twitter_card":"summary_large_image","twitter_misc":{"Geschatte leestijd":"2 minuten"},"schema":{"@context":"https:\/\/schema.org","@graph":[{"@type":"WebPage","@id":"https:\/\/greenchalets.com\/fr\/prix-palamos-greenchalets-espagne\/","url":"https:\/\/greenchalets.com\/fr\/prix-palamos-greenchalets-espagne\/","name":"Prix Palamos Greenchalets Espagne","isPartOf":{"@id":"https:\/\/greenchalets.com\/fr\/#website"},"primaryImageOfPage":{"@id":"https:\/\/greenchalets.com\/fr\/prix-palamos-greenchalets-espagne\/#primaryimage"},"image":{"@id":"https:\/\/greenchalets.com\/fr\/prix-palamos-greenchalets-espagne\/#primaryimage"},"thumbnailUrl":"https:\/\/greenchalets.com\/wp-content\/uploads\/2016\/01\/facebook.png","datePublished":"2018-09-07T22:34:32+00:00","dateModified":"2025-12-10T14:58:46+00:00","description":"Prix Palamos Greenchalets Espagne Arriv\u00e9es et d\u00e9parts quotidiens possibles toute la saison.S\u00e9jour minimum 2 nuits.","breadcrumb":{"@id":"https:\/\/greenchalets.com\/fr\/prix-palamos-greenchalets-espagne\/#breadcrumb"},"inLanguage":"nl-NL","potentialAction":[{"@type":"ReadAction","target":["https:\/\/greenchalets.com\/fr\/prix-palamos-greenchalets-espagne\/"]}]},{"@type":"ImageObject","inLanguage":"nl-NL","@id":"https:\/\/greenchalets.com\/fr\/prix-palamos-greenchalets-espagne\/#primaryimage","url":"https:\/\/greenchalets.com\/wp-content\/uploads\/2016\/01\/facebook.png","contentUrl":"https:\/\/greenchalets.com\/wp-content\/uploads\/2016\/01\/facebook.png"},{"@type":"BreadcrumbList","@id":"https:\/\/greenchalets.com\/fr\/prix-palamos-greenchalets-espagne\/#breadcrumb","itemListElement":[{"@type":"ListItem","position":1,"name":"Home","item":"https:\/\/greenchalets.com\/fr\/"},{"@type":"ListItem","position":2,"name":"Prix Palamos"}]},{"@type":"WebSite","@id":"https:\/\/greenchalets.com\/fr\/#website","url":"https:\/\/greenchalets.com\/fr\/","name":"Greenchalets FR","description":"Greenchalets Mobil-homes camping Vacances","potentialAction":[{"@type":"SearchAction","target":{"@type":"EntryPoint","urlTemplate":"https:\/\/greenchalets.com\/fr\/?s={search_term_string}"},"query-input":{"@type":"PropertyValueSpecification","valueRequired":true,"valueName":"search_term_string"}}],"inLanguage":"nl-NL"}]}},"_links":{"self":[{"href":"https:\/\/greenchalets.com\/fr\/wp-json\/wp\/v2\/pages\/2706","targetHints":{"allow":["GET"]}}],"collection":[{"href":"https:\/\/greenchalets.com\/fr\/wp-json\/wp\/v2\/pages"}],"about":[{"href":"https:\/\/greenchalets.com\/fr\/wp-json\/wp\/v2\/types\/page"}],"author":[{"embeddable":true,"href":"https:\/\/greenchalets.com\/fr\/wp-json\/wp\/v2\/users\/3"}],"replies":[{"embeddable":true,"href":"https:\/\/greenchalets.com\/fr\/wp-json\/wp\/v2\/comments?post=2706"}],"version-history":[{"count":19,"href":"https:\/\/greenchalets.com\/fr\/wp-json\/wp\/v2\/pages\/2706\/revisions"}],"predecessor-version":[{"id":3941,"href":"https:\/\/greenchalets.com\/fr\/wp-json\/wp\/v2\/pages\/2706\/revisions\/3941"}],"wp:attachment":[{"href":"https:\/\/greenchalets.com\/fr\/wp-json\/wp\/v2\/media?parent=2706"}],"curies":[{"name":"wp","href":"https:\/\/api.w.org\/{rel}","templated":true}]}}