{"id":62,"date":"2015-12-16T21:27:22","date_gmt":"2015-12-16T21:27:22","guid":{"rendered":"http:\/\/greenchalets.com\/?page_id=62"},"modified":"2025-03-23T12:47:09","modified_gmt":"2025-03-23T11:47:09","slug":"prozedur","status":"publish","type":"page","link":"https:\/\/greenchalets.com\/du\/prozedur\/","title":{"rendered":"Prozedur Reservierung"},"content":{"rendered":"<div class=\"fusion-fullwidth fullwidth-box fusion-builder-row-1 nonhundred-percent-fullwidth non-hundred-percent-height-scrolling\" style=\"--awb-border-radius-top-left:0px;--awb-border-radius-top-right:0px;--awb-border-radius-bottom-right:0px;--awb-border-radius-bottom-left:0px;--awb-flex-wrap:wrap;\" ><div class=\"fusion-builder-row fusion-row\"><div class=\"fusion-layout-column fusion_builder_column fusion-builder-column-0 fusion_builder_column_1_1 1_1 fusion-one-full fusion-column-first fusion-column-last\" style=\"--awb-bg-size:cover;--awb-margin-bottom:0px;\"><div class=\"fusion-column-wrapper fusion-flex-column-wrapper-legacy\">\n<div class=\"fusion-slider-revolution rev_slider_wrapper\">\t\t\t<!-- START Werkwijze REVOLUTION SLIDER 6.6.20 --><p class=\"rs-p-wp-fix\"><\/p>\n\t\t\t<rs-module-wrap id=\"rev_slider_1_1_wrapper\" data-source=\"gallery\" style=\"visibility:hidden;background:transparent;padding:0;margin:0px auto;margin-top:0;margin-bottom:0;\">\n\t\t\t\t<rs-module id=\"rev_slider_1_1\" style=\"\" data-version=\"6.6.20\">\n\t\t\t\t\t<rs-slides style=\"overflow: hidden; position: absolute;\">\n\t\t\t\t\t\t<rs-slide style=\"position: absolute;\" data-key=\"rs-1\" data-title=\"Slide\" data-anim=\"adpr:false;\">\n\t\t\t\t\t\t\t<img decoding=\"async\" src=\"\/\/greenchalets.com\/du\/wp-content\/plugins\/revslider\/public\/assets\/assets\/dummy.png\" alt=\"\" title=\"Werkwijze-slider\" width=\"2048\" height=\"502\" class=\"rev-slidebg tp-rs-img rs-lazyload\" data-lazyload=\"\/\/greenchalets.com\/du\/wp-content\/uploads\/sites\/3\/2016\/08\/Werkwijze-slider.jpg\" data-no-retina>\n<!---->\t\t\t\t\t\t<\/rs-slide>\n\t\t\t\t\t<\/rs-slides>\n\t\t\t\t<\/rs-module>\n\t\t\t\t<script>\n\t\t\t\t\tsetREVStartSize({c: 'rev_slider_1_1',rl:[1240,1024,778,480],el:[],gw:[1600,1600,778,480],gh:[355,355,300,300],type:'standard',justify:'',layout:'fullwidth',mh:\"0\"});if (window.RS_MODULES!==undefined && window.RS_MODULES.modules!==undefined && window.RS_MODULES.modules[\"revslider11\"]!==undefined) {window.RS_MODULES.modules[\"revslider11\"].once = false;window.revapi1 = undefined;if (window.RS_MODULES.checkMinimal!==undefined) window.RS_MODULES.checkMinimal()}\n\t\t\t\t<\/script>\n\t\t\t<\/rs-module-wrap>\n\t\t\t<!-- END REVOLUTION SLIDER -->\n<\/div><div class=\"fusion-clearfix\"><\/div><\/div><\/div><div class=\"fusion-layout-column fusion_builder_column fusion-builder-column-1 fusion_builder_column_2_3 2_3 fusion-two-third fusion-column-first\" style=\"--awb-bg-size:cover;width:66.666666666667%;width:calc(66.666666666667% - ( ( 4% ) * 0.66666666666667 ) );margin-right: 4%;\"><div class=\"fusion-column-wrapper fusion-flex-column-wrapper-legacy\"><div class=\"fusion-text fusion-text-1\"><h1>PROZEDUR Reservierung<\/h1>\n<\/div><div class=\"fusion-clearfix\"><\/div><\/div><\/div><div class=\"fusion-layout-column fusion_builder_column fusion-builder-column-2 fusion_builder_column_1_3 1_3 fusion-one-third fusion-column-last\" style=\"--awb-bg-size:cover;width:33.333333333333%;width:calc(33.333333333333% - ( ( 4% ) * 0.33333333333333 ) );\"><div class=\"fusion-column-wrapper fusion-flex-column-wrapper-legacy\"><div class=\"fusion-clearfix\"><\/div><\/div><\/div><div class=\"fusion-layout-column fusion_builder_column fusion-builder-column-3 fusion_builder_column_1_3 1_3 fusion-one-third fusion-column-first\" style=\"--awb-bg-size:cover;width:33.333333333333%;width:calc(33.333333333333% - ( ( 4% + 4% ) * 0.33333333333333 ) );margin-right: 4%;\"><div class=\"fusion-column-wrapper fusion-flex-column-wrapper-legacy\"><div class=\"fusion-text fusion-text-2\"><p>T\u00e4gliche An-und Abreise ist in der gesamten Saison m\u00f6glich<br \/>\nFr\u00fcheste Anreiseuhrzeit: 16:00 Uhr<br \/>\nAbreise bis sp\u00e4testens: 10:00 Uhr<br \/>\nZusatzkosten Endreinigung des Chalets \u20ac 75,-.<br \/>\nAlle Unterk\u00fcnfte verf\u00fcgen \u00fcber 5 St\u00fcck Einzeldecken\/Bettdecken und Kissen.<br \/>\nBettw\u00e4sche, Handt\u00fccher und Badelaken bitten wir mitzubringen. Bettw\u00e4sche k\u00f6nnen Sie auch mieten f\u00fcr \u20ac 12,- pro Person. Handt\u00fccher k\u00f6nnen Sie Reservieren f\u00fcr \u20ac 12,- pro set.<br \/>\n(Bettw\u00e4sche bitte im voraus Reservieren, Nicht an allen Standorten m\u00f6glich)<br \/>\nNebenkosten vor Ort: Kurtaxe f\u00fcr Erwachsene \u20ac 0,5 bis 1,- pro Tag, Kinder bis 14 Jahre alt sind frei.<\/p>\n<p>Reservierungsgeb\u00fchr betr\u00e4gt 15 Euro pro Buchung.<br \/>\nEine Filter Kaffeemaschine ist vorhanden in allen Unterk\u00fcnften.<br \/>\nKinderreisebett und -stuhl werden auf Wunsch kostenlos aufgestellt.<\/p>\n<\/div><div class=\"fusion-clearfix\"><\/div><\/div><\/div><div class=\"fusion-layout-column fusion_builder_column fusion-builder-column-4 fusion_builder_column_1_3 1_3 fusion-one-third\" style=\"--awb-bg-size:cover;width:33.333333333333%;width:calc(33.333333333333% - ( ( 4% + 4% ) * 0.33333333333333 ) );margin-right: 4%;\"><div class=\"fusion-column-wrapper fusion-flex-column-wrapper-legacy\"><div class=\"fusion-text fusion-text-3\"><p>Die Preise gelten f\u00fcr max. 5 Personen. Zuschlag f\u00fcr jede weitere Person ist \u20ac5,- pro Nacht.<\/p>\n<p><span style=\"line-height: 1.5;\">In einige Chalets sind Haustiere erlaubt, \u20ac5,- \u00a0zus\u00e4tzlich pro Nacht. Einige Campingpl\u00e4tze verlangen beim Check-in eine zus\u00e4tzliche Geb\u00fchr, wenn Sie mit einem Haustier einchecken.<\/span><\/p>\n<p><span style=\"line-height: 1.5;\"><strong>Reservierung\/Bezahlung<\/strong><br \/>\nReservieren und best\u00e4tigung geht \u00fcber E-Mail oder Telefon.<br \/>\nBei Buchung ist eine Anzahlung von 25 % zu leisten, Mindestbetrag \u20ac100,- , die restliche Mietzahlung muss bis 4 Wochen vor Anreise erfolgen.<br \/>\nNach Bezahlung des vollst\u00e4ndigen Betrages empfangen Sie eine Reservierungsbest\u00e4tigung.<br \/>\nDr\u00fccken Sie bitte die Reservierungsbest\u00e4tigung ab und geben Sie sie bei Ihrer Ankunft an der Rezeption ab.<br \/>\nSie bekommen die Schl\u00fcssel zu Ihrem Chalet an der Rezeption.<br \/>\nSie k\u00f6nnen bis 20.00 Uhr auf den Camping Anreisen.<br \/>\nWir w\u00fcnschen Ihnen einen sch\u00f6nen Urlaub in unseren Chalets!<\/span><\/p>\n<\/div><div class=\"fusion-clearfix\"><\/div><\/div><\/div><div class=\"fusion-layout-column fusion_builder_column fusion-builder-column-5 fusion_builder_column_1_4 1_4 fusion-one-fourth fusion-column-last\" style=\"--awb-bg-size:cover;width:25%;width:calc(25% - ( ( 4% + 4% ) * 0.25 ) );\"><div class=\"fusion-column-wrapper fusion-flex-column-wrapper-legacy\"><div class=\"fusion-text fusion-text-4\"><p><a href=\"https:\/\/www.facebook.com\/greenchalets\" target=\"_blank\" rel=\"noopener noreferrer\"><img decoding=\"async\" class=\"alignnone size-full wp-image-696\" src=\"https:\/\/greenchalets.com\/wp-content\/uploads\/2016\/01\/facebook.png\" alt=\"facebook\" \/><\/a><\/p>\n<\/div><div class=\"fusion-text fusion-text-5\"><p><a href=\"https:\/\/www.greenchalets.com\/du\/contact\/\"><img decoding=\"async\" class=\"alignnone size-full wp-image-5589\" src=\"https:\/\/greenchalets.com\/wp-content\/uploads\/sites\/3\/2016\/01\/ArrowDE.png\" alt=\"ArrowEN\" width=\"121\" height=\"35\" \/><\/a><\/p>\n<\/div><div class=\"fusion-clearfix\"><\/div><\/div><\/div><div class=\"fusion-layout-column fusion_builder_column fusion-builder-column-6 fusion_builder_column_2_3 2_3 fusion-two-third fusion-column-first\" style=\"--awb-bg-size:cover;width:66.666666666667%;width:calc(66.666666666667% - ( ( 4% ) * 0.66666666666667 ) );margin-right: 4%;\"><div class=\"fusion-column-wrapper fusion-flex-column-wrapper-legacy\"><div class=\"fusion-text fusion-text-6\"><h2>GREENCHALETS<\/h2>\n<p>F\u00fcr Holzchalets und Wohnwagen am imposanten Luganer See, im sch\u00f6nen Toskana und in Roquebrune sur Argens am Cote d&#8217;Azur. F\u00fcr Reservierungen oder Informationen wenden Sie sich bitte an unserer Email adresse: <a href=\"mailto:info@greenchalets.com\">info@greenchalets.com<\/a>. Oder rufen Sie unsere nachfolgende Telefonnummer an: 0031(0)6 30 48 75<\/p>\n<\/div><div class=\"fusion-clearfix\"><\/div><\/div><\/div><\/div><\/div>\n","protected":false},"excerpt":{"rendered":"","protected":false},"author":1,"featured_media":0,"parent":0,"menu_order":0,"comment_status":"closed","ping_status":"closed","template":"","meta":{"footnotes":""},"class_list":["post-62","page","type-page","status-publish","hentry"],"yoast_head":"<!-- This site is optimized with the Yoast SEO plugin v27.4 - https:\/\/yoast.com\/product\/yoast-seo-wordpress\/ -->\n<title>Prozedur Reservierung - Greenchalets DU<\/title>\n<meta name=\"description\" content=\"Auf diesem Seite lesen Sie Prozedur Reservierung und alles was man braucht um ein guten Urlaub zu haben. Alles von Anreiseuhrzeit bis zum saubermachen.\" \/>\n<meta name=\"robots\" content=\"index, follow, max-snippet:-1, max-image-preview:large, max-video-preview:-1\" \/>\n<link rel=\"canonical\" href=\"https:\/\/greenchalets.com\/du\/prozedur\/\" \/>\n<meta property=\"og:locale\" content=\"nl_NL\" \/>\n<meta property=\"og:type\" content=\"article\" \/>\n<meta property=\"og:title\" content=\"Prozedur Reservierung - Greenchalets DU\" \/>\n<meta property=\"og:description\" content=\"Auf diesem Seite lesen Sie Prozedur Reservierung und alles was man braucht um ein guten Urlaub zu haben. Alles von Anreiseuhrzeit bis zum saubermachen.\" \/>\n<meta property=\"og:url\" content=\"https:\/\/greenchalets.com\/du\/prozedur\/\" \/>\n<meta property=\"og:site_name\" content=\"Greenchalets DU\" \/>\n<meta property=\"article:modified_time\" content=\"2025-03-23T11:47:09+00:00\" \/>\n<meta name=\"twitter:card\" content=\"summary_large_image\" \/>\n<meta name=\"twitter:label1\" content=\"Geschatte leestijd\" \/>\n\t<meta name=\"twitter:data1\" content=\"2 minuten\" \/>\n<script type=\"application\/ld+json\" class=\"yoast-schema-graph\">{\"@context\":\"https:\\\/\\\/schema.org\",\"@graph\":[{\"@type\":\"WebPage\",\"@id\":\"https:\\\/\\\/greenchalets.com\\\/du\\\/prozedur\\\/\",\"url\":\"https:\\\/\\\/greenchalets.com\\\/du\\\/prozedur\\\/\",\"name\":\"Prozedur Reservierung - Greenchalets DU\",\"isPartOf\":{\"@id\":\"https:\\\/\\\/greenchalets.com\\\/du\\\/#website\"},\"primaryImageOfPage\":{\"@id\":\"https:\\\/\\\/greenchalets.com\\\/du\\\/prozedur\\\/#primaryimage\"},\"image\":{\"@id\":\"https:\\\/\\\/greenchalets.com\\\/du\\\/prozedur\\\/#primaryimage\"},\"thumbnailUrl\":\"https:\\\/\\\/greenchalets.com\\\/wp-content\\\/uploads\\\/2016\\\/01\\\/facebook.png\",\"datePublished\":\"2015-12-16T21:27:22+00:00\",\"dateModified\":\"2025-03-23T11:47:09+00:00\",\"description\":\"Auf diesem Seite lesen Sie Prozedur Reservierung und alles was man braucht um ein guten Urlaub zu haben. Alles von Anreiseuhrzeit bis zum saubermachen.\",\"breadcrumb\":{\"@id\":\"https:\\\/\\\/greenchalets.com\\\/du\\\/prozedur\\\/#breadcrumb\"},\"inLanguage\":\"nl-NL\",\"potentialAction\":[{\"@type\":\"ReadAction\",\"target\":[\"https:\\\/\\\/greenchalets.com\\\/du\\\/prozedur\\\/\"]}]},{\"@type\":\"ImageObject\",\"inLanguage\":\"nl-NL\",\"@id\":\"https:\\\/\\\/greenchalets.com\\\/du\\\/prozedur\\\/#primaryimage\",\"url\":\"https:\\\/\\\/greenchalets.com\\\/wp-content\\\/uploads\\\/2016\\\/01\\\/facebook.png\",\"contentUrl\":\"https:\\\/\\\/greenchalets.com\\\/wp-content\\\/uploads\\\/2016\\\/01\\\/facebook.png\"},{\"@type\":\"BreadcrumbList\",\"@id\":\"https:\\\/\\\/greenchalets.com\\\/du\\\/prozedur\\\/#breadcrumb\",\"itemListElement\":[{\"@type\":\"ListItem\",\"position\":1,\"name\":\"Home\",\"item\":\"https:\\\/\\\/greenchalets.com\\\/du\\\/\"},{\"@type\":\"ListItem\",\"position\":2,\"name\":\"Prozedur Reservierung\"}]},{\"@type\":\"WebSite\",\"@id\":\"https:\\\/\\\/greenchalets.com\\\/du\\\/#website\",\"url\":\"https:\\\/\\\/greenchalets.com\\\/du\\\/\",\"name\":\"Greenchalets DU\",\"description\":\"Greenchalets Mobilheime, Campingurlaub\",\"potentialAction\":[{\"@type\":\"SearchAction\",\"target\":{\"@type\":\"EntryPoint\",\"urlTemplate\":\"https:\\\/\\\/greenchalets.com\\\/du\\\/?s={search_term_string}\"},\"query-input\":{\"@type\":\"PropertyValueSpecification\",\"valueRequired\":true,\"valueName\":\"search_term_string\"}}],\"inLanguage\":\"nl-NL\"}]}<\/script>\n<!-- \/ Yoast SEO plugin. -->","yoast_head_json":{"title":"Prozedur Reservierung - Greenchalets DU","description":"Auf diesem Seite lesen Sie Prozedur Reservierung und alles was man braucht um ein guten Urlaub zu haben. Alles von Anreiseuhrzeit bis zum saubermachen.","robots":{"index":"index","follow":"follow","max-snippet":"max-snippet:-1","max-image-preview":"max-image-preview:large","max-video-preview":"max-video-preview:-1"},"canonical":"https:\/\/greenchalets.com\/du\/prozedur\/","og_locale":"nl_NL","og_type":"article","og_title":"Prozedur Reservierung - Greenchalets DU","og_description":"Auf diesem Seite lesen Sie Prozedur Reservierung und alles was man braucht um ein guten Urlaub zu haben. Alles von Anreiseuhrzeit bis zum saubermachen.","og_url":"https:\/\/greenchalets.com\/du\/prozedur\/","og_site_name":"Greenchalets DU","article_modified_time":"2025-03-23T11:47:09+00:00","twitter_card":"summary_large_image","twitter_misc":{"Geschatte leestijd":"2 minuten"},"schema":{"@context":"https:\/\/schema.org","@graph":[{"@type":"WebPage","@id":"https:\/\/greenchalets.com\/du\/prozedur\/","url":"https:\/\/greenchalets.com\/du\/prozedur\/","name":"Prozedur Reservierung - Greenchalets DU","isPartOf":{"@id":"https:\/\/greenchalets.com\/du\/#website"},"primaryImageOfPage":{"@id":"https:\/\/greenchalets.com\/du\/prozedur\/#primaryimage"},"image":{"@id":"https:\/\/greenchalets.com\/du\/prozedur\/#primaryimage"},"thumbnailUrl":"https:\/\/greenchalets.com\/wp-content\/uploads\/2016\/01\/facebook.png","datePublished":"2015-12-16T21:27:22+00:00","dateModified":"2025-03-23T11:47:09+00:00","description":"Auf diesem Seite lesen Sie Prozedur Reservierung und alles was man braucht um ein guten Urlaub zu haben. Alles von Anreiseuhrzeit bis zum saubermachen.","breadcrumb":{"@id":"https:\/\/greenchalets.com\/du\/prozedur\/#breadcrumb"},"inLanguage":"nl-NL","potentialAction":[{"@type":"ReadAction","target":["https:\/\/greenchalets.com\/du\/prozedur\/"]}]},{"@type":"ImageObject","inLanguage":"nl-NL","@id":"https:\/\/greenchalets.com\/du\/prozedur\/#primaryimage","url":"https:\/\/greenchalets.com\/wp-content\/uploads\/2016\/01\/facebook.png","contentUrl":"https:\/\/greenchalets.com\/wp-content\/uploads\/2016\/01\/facebook.png"},{"@type":"BreadcrumbList","@id":"https:\/\/greenchalets.com\/du\/prozedur\/#breadcrumb","itemListElement":[{"@type":"ListItem","position":1,"name":"Home","item":"https:\/\/greenchalets.com\/du\/"},{"@type":"ListItem","position":2,"name":"Prozedur Reservierung"}]},{"@type":"WebSite","@id":"https:\/\/greenchalets.com\/du\/#website","url":"https:\/\/greenchalets.com\/du\/","name":"Greenchalets DU","description":"Greenchalets Mobilheime, Campingurlaub","potentialAction":[{"@type":"SearchAction","target":{"@type":"EntryPoint","urlTemplate":"https:\/\/greenchalets.com\/du\/?s={search_term_string}"},"query-input":{"@type":"PropertyValueSpecification","valueRequired":true,"valueName":"search_term_string"}}],"inLanguage":"nl-NL"}]}},"_links":{"self":[{"href":"https:\/\/greenchalets.com\/du\/wp-json\/wp\/v2\/pages\/62","targetHints":{"allow":["GET"]}}],"collection":[{"href":"https:\/\/greenchalets.com\/du\/wp-json\/wp\/v2\/pages"}],"about":[{"href":"https:\/\/greenchalets.com\/du\/wp-json\/wp\/v2\/types\/page"}],"author":[{"embeddable":true,"href":"https:\/\/greenchalets.com\/du\/wp-json\/wp\/v2\/users\/1"}],"replies":[{"embeddable":true,"href":"https:\/\/greenchalets.com\/du\/wp-json\/wp\/v2\/comments?post=62"}],"version-history":[{"count":0,"href":"https:\/\/greenchalets.com\/du\/wp-json\/wp\/v2\/pages\/62\/revisions"}],"wp:attachment":[{"href":"https:\/\/greenchalets.com\/du\/wp-json\/wp\/v2\/media?parent=62"}],"curies":[{"name":"wp","href":"https:\/\/api.w.org\/{rel}","templated":true}]}}