{"id":579,"date":"2015-12-16T20:49:17","date_gmt":"2015-12-16T20:49:17","guid":{"rendered":"http:\/\/greenchalets.com\/?page_id=6"},"modified":"2025-06-07T17:34:15","modified_gmt":"2025-06-07T16:34:15","slug":"familien-camping-lei-suves-cote-dazur","status":"publish","type":"page","link":"https:\/\/greenchalets.com\/du\/familien-camping-lei-suves-cote-dazur\/","title":{"rendered":"camping Lei Suves Cote d&#8217;Azur"},"content":{"rendered":"<div class=\"fusion-fullwidth fullwidth-box fusion-builder-row-1 nonhundred-percent-fullwidth non-hundred-percent-height-scrolling\" style=\"--awb-border-radius-top-left:0px;--awb-border-radius-top-right:0px;--awb-border-radius-bottom-right:0px;--awb-border-radius-bottom-left:0px;--awb-flex-wrap:wrap;\" ><div class=\"fusion-builder-row fusion-row\"><div class=\"fusion-layout-column fusion_builder_column fusion-builder-column-0 fusion_builder_column_1_1 1_1 fusion-one-full fusion-column-first fusion-column-last\" style=\"--awb-bg-size:cover;--awb-margin-bottom:0px;\"><div class=\"fusion-column-wrapper fusion-flex-column-wrapper-legacy\">\n<div class=\"fusion-slider-revolution rev_slider_wrapper\">\t\t\t<!-- START Cote d\\\\\\\\\\\\\\\\\\\\\\\\\\\\\\\\\\\\\\\\\\\\\\\\\\\\\\\\\\\\\\\\\\\\\\\\\\\\\\\\\\\\\\\\\\\\\\\\\\\\\\\\\\\\\\\\\\\\\\\\\\\\\\&#039;Azur REVOLUTION SLIDER 6.6.20 --><p class=\"rs-p-wp-fix\"><\/p>\n\t\t\t<rs-module-wrap id=\"rev_slider_5_1_wrapper\" data-source=\"gallery\" style=\"visibility:hidden;background:transparent;padding:0;margin:0px auto;margin-top:0;margin-bottom:0;\">\n\t\t\t\t<rs-module id=\"rev_slider_5_1\" style=\"\" data-version=\"6.6.20\">\n\t\t\t\t\t<rs-slides style=\"overflow: hidden; position: absolute;\">\n\t\t\t\t\t\t<rs-slide style=\"position: absolute;\" data-key=\"rs-7\" data-title=\"Slide\" data-in=\"o:1;\" data-out=\"o:1;\">\n\t\t\t\t\t\t\t<img decoding=\"async\" src=\"\/\/greenchalets.com\/du\/wp-content\/plugins\/revslider\/public\/assets\/assets\/dummy.png\" alt=\"\" title=\"kustline-azur-bw\" width=\"1900\" height=\"634\" class=\"rev-slidebg tp-rs-img rs-lazyload\" data-lazyload=\"\/\/greenchalets.com\/du\/wp-content\/uploads\/sites\/3\/2016\/08\/kustline-azur-bw.jpg\" data-bg=\"p:center top;\" data-no-retina>\n<!--\n\t\t\t\t\t\t\t--><rs-layer\n\t\t\t\t\t\t\t\tid=\"slider-5-slide-7-layer-1\" \n\t\t\t\t\t\t\t\tclass=\"boxshadow\"\n\t\t\t\t\t\t\t\tdata-type=\"text\"\n\t\t\t\t\t\t\t\tdata-color=\"rgba(255,255,255,1)\"\n\t\t\t\t\t\t\t\tdata-rsp_ch=\"on\"\n\t\t\t\t\t\t\t\tdata-xy=\"xo:52px,52px,52px,1px;yo:183px,183px,183px,181px;\"\n\t\t\t\t\t\t\t\tdata-text=\"w:normal;s:48;l:51;fw:600;a:center;\"\n\t\t\t\t\t\t\t\tdata-dim=\"w:345px;h:51px;\"\n\t\t\t\t\t\t\t\tdata-frame_0=\"tp:600;\"\n\t\t\t\t\t\t\t\tdata-frame_1=\"tp:600;e:power2.inOut;st:0;sp:270;\"\n\t\t\t\t\t\t\t\tdata-frame_999=\"o:0;tp:600;e:nothing;st:w;sp:250;sR:8730;\"\n\t\t\t\t\t\t\t\tstyle=\"z-index:5;font-family:'Trebuchet MS', 'Helvetica', 'sans-serif';-moz-box-shadow:0px 0px 20px rgba(0, 0, 0, 0.5);-webkit-box-shadow:0px 0px 20px rgba(0, 0, 0, 0.5);box-shadow:0px 0px 20px rgba(0, 0, 0, 0.5);type:text;\"\n\t\t\t\t\t\t\t>COTE D'AZUR \n\t\t\t\t\t\t\t<\/rs-layer><!--\n\n\t\t\t\t\t\t\t--><rs-layer\n\t\t\t\t\t\t\t\tid=\"slider-5-slide-7-layer-2\" \n\t\t\t\t\t\t\t\tclass=\"boxshadow\"\n\t\t\t\t\t\t\t\tdata-type=\"text\"\n\t\t\t\t\t\t\t\tdata-color=\"rgba(255,255,255,1)\"\n\t\t\t\t\t\t\t\tdata-rsp_ch=\"on\"\n\t\t\t\t\t\t\t\tdata-xy=\"xo:251px,251px,251px,-23px;yo:240px,240px,240px,238px;\"\n\t\t\t\t\t\t\t\tdata-text=\"w:normal;s:36;l:42;fw:900;a:center;\"\n\t\t\t\t\t\t\t\tdata-dim=\"w:524px;h:44px;\"\n\t\t\t\t\t\t\t\tdata-frame_0=\"tp:600;\"\n\t\t\t\t\t\t\t\tdata-frame_1=\"tp:600;e:power2.inOut;st:500;sR:500;\"\n\t\t\t\t\t\t\t\tdata-frame_999=\"o:0;tp:600;e:nothing;st:w;sR:8200;\"\n\t\t\t\t\t\t\t\tstyle=\"z-index:6;font-family:'Trebuchet MS', 'Helvetica', 'sans-serif';-moz-box-shadow:0px 0px 20px rgba(0, 0, 0, 0.5);-webkit-box-shadow:0px 0px 20px rgba(0, 0, 0, 0.5);box-shadow:0px 0px 20px rgba(0, 0, 0, 0.5);type:text;\"\n\t\t\t\t\t\t\t>ROQUEBRUNE SUR ARGENS \n\t\t\t\t\t\t\t<\/rs-layer><!--\n-->\t\t\t\t\t\t<\/rs-slide>\n\t\t\t\t\t<\/rs-slides>\n\t\t\t\t<\/rs-module>\n\t\t\t\t<script>\n\t\t\t\t\tsetREVStartSize({c: 'rev_slider_5_1',rl:[1240,1024,778,480],el:[],gw:[1600,1600,778,480],gh:[300,300,300,300],type:'standard',justify:'',layout:'fullwidth',mh:\"0\"});if (window.RS_MODULES!==undefined && window.RS_MODULES.modules!==undefined && window.RS_MODULES.modules[\"revslider51\"]!==undefined) {window.RS_MODULES.modules[\"revslider51\"].once = false;window.revapi5 = undefined;if (window.RS_MODULES.checkMinimal!==undefined) window.RS_MODULES.checkMinimal()}\n\t\t\t\t<\/script>\n\t\t\t<\/rs-module-wrap>\n\t\t\t<!-- END REVOLUTION SLIDER -->\n<\/div><div class=\"fusion-clearfix\"><\/div><\/div><\/div><div class=\"fusion-layout-column fusion_builder_column fusion-builder-column-1 fusion_builder_column_1_5 1_5 fusion-one-fifth fusion-column-first\" style=\"--awb-bg-size:cover;--awb-margin-top:30px;width:20%;width:calc(20% - ( ( 4% + 4% + 4% + 4% ) * 0.2 ) );margin-right: 4%;\"><div class=\"fusion-column-wrapper fusion-flex-column-wrapper-legacy\"><div class=\"fusion-image-element in-legacy-container\" style=\"--awb-caption-title-font-family:var(--h2_typography-font-family);--awb-caption-title-font-weight:var(--h2_typography-font-weight);--awb-caption-title-font-style:var(--h2_typography-font-style);--awb-caption-title-size:var(--h2_typography-font-size);--awb-caption-title-transform:var(--h2_typography-text-transform);--awb-caption-title-line-height:var(--h2_typography-line-height);--awb-caption-title-letter-spacing:var(--h2_typography-letter-spacing);\"><span class=\" fusion-imageframe imageframe-dropshadow imageframe-1 hover-type-none\" style=\"-webkit-box-shadow: 3px 3px 7px rgba(0,0,0,0.3);box-shadow: 3px 3px 7px rgba(0,0,0,0.3);\"><a href=\"https:\/\/greenchalets.com\/wp-content\/uploads\/2016\/01\/ingang-camping-1-x.jpg\" class=\"fusion-lightbox\" data-rel=\"iLightbox[8dc3cfd8f1ec757af0c]\"><img decoding=\"async\" alt=\"FAMILIEN CAMPING LE\u00cf SUVES \" src=\"https:\/\/greenchalets.com\/wp-content\/uploads\/2016\/01\/ingang-camping-1-x-bw.jpg\" class=\"img-responsive\"\/><\/a><\/span><\/div><div class=\"fusion-clearfix\"><\/div><\/div><\/div><div class=\"fusion-layout-column fusion_builder_column fusion-builder-column-2 fusion_builder_column_1_5 1_5 fusion-one-fifth\" style=\"--awb-bg-size:cover;--awb-margin-top:30px;width:20%;width:calc(20% - ( ( 4% + 4% + 4% + 4% ) * 0.2 ) );margin-right: 4%;\"><div class=\"fusion-column-wrapper fusion-flex-column-wrapper-legacy\"><div class=\"fusion-image-element in-legacy-container\" style=\"--awb-caption-title-font-family:var(--h2_typography-font-family);--awb-caption-title-font-weight:var(--h2_typography-font-weight);--awb-caption-title-font-style:var(--h2_typography-font-style);--awb-caption-title-size:var(--h2_typography-font-size);--awb-caption-title-transform:var(--h2_typography-text-transform);--awb-caption-title-line-height:var(--h2_typography-line-height);--awb-caption-title-letter-spacing:var(--h2_typography-letter-spacing);\"><span class=\" fusion-imageframe imageframe-dropshadow imageframe-2 hover-type-none\" style=\"-webkit-box-shadow: 3px 3px 7px rgba(0,0,0,0.3);box-shadow: 3px 3px 7px rgba(0,0,0,0.3);\"><a href=\"https:\/\/greenchalets.com\/wp-content\/uploads\/2016\/01\/lei-zwembad-1-x.jpg\" class=\"fusion-lightbox\" data-rel=\"iLightbox[38be94c0348f58b7fcc]\"><img decoding=\"async\" alt=\"FAMILIEN CAMPING LE\u00cf SUVES \" src=\"https:\/\/greenchalets.com\/wp-content\/uploads\/2016\/01\/lei-zwembad-1-x-bw.jpg\" class=\"img-responsive\"\/><\/a><\/span><\/div><div class=\"fusion-clearfix\"><\/div><\/div><\/div><div class=\"fusion-layout-column fusion_builder_column fusion-builder-column-3 fusion_builder_column_1_5 1_5 fusion-one-fifth\" style=\"--awb-bg-size:cover;--awb-margin-top:30px;width:20%;width:calc(20% - ( ( 4% + 4% + 4% + 4% ) * 0.2 ) );margin-right: 4%;\"><div class=\"fusion-column-wrapper fusion-flex-column-wrapper-legacy\"><div class=\"fusion-image-element in-legacy-container\" style=\"--awb-caption-title-font-family:var(--h2_typography-font-family);--awb-caption-title-font-weight:var(--h2_typography-font-weight);--awb-caption-title-font-style:var(--h2_typography-font-style);--awb-caption-title-size:var(--h2_typography-font-size);--awb-caption-title-transform:var(--h2_typography-text-transform);--awb-caption-title-line-height:var(--h2_typography-line-height);--awb-caption-title-letter-spacing:var(--h2_typography-letter-spacing);\"><span class=\" fusion-imageframe imageframe-dropshadow imageframe-3 hover-type-none\" style=\"-webkit-box-shadow: 3px 3px 7px rgba(0,0,0,0.3);box-shadow: 3px 3px 7px rgba(0,0,0,0.3);\"><a href=\"https:\/\/greenchalets.com\/wp-content\/uploads\/2016\/01\/greenchalets_stacaravans_frankrijk.jpg.greenchalets.nl_stacaravans_tehuur_frankrijk.jpg\" class=\"fusion-lightbox\" data-rel=\"iLightbox[07873e0cca232634be2]\"><img decoding=\"async\" alt=\"FAMILIEN CAMPING LE\u00cf SUVES \" src=\"https:\/\/greenchalets.com\/wp-content\/uploads\/2016\/01\/greenchalets_stacaravans_frankrijk.jpg.greenchalets.nl_stacaravans_tehuur_frankrijk-vk.jpg\" class=\"img-responsive\"\/><\/a><\/span><\/div><div class=\"fusion-clearfix\"><\/div><\/div><\/div><div class=\"fusion-layout-column fusion_builder_column fusion-builder-column-4 fusion_builder_column_1_5 1_5 fusion-one-fifth\" style=\"--awb-bg-size:cover;--awb-margin-top:30px;width:20%;width:calc(20% - ( ( 4% + 4% + 4% + 4% ) * 0.2 ) );margin-right: 4%;\"><div class=\"fusion-column-wrapper fusion-flex-column-wrapper-legacy\"><div class=\"fusion-image-element in-legacy-container\" style=\"--awb-caption-title-font-family:var(--h2_typography-font-family);--awb-caption-title-font-weight:var(--h2_typography-font-weight);--awb-caption-title-font-style:var(--h2_typography-font-style);--awb-caption-title-size:var(--h2_typography-font-size);--awb-caption-title-transform:var(--h2_typography-text-transform);--awb-caption-title-line-height:var(--h2_typography-line-height);--awb-caption-title-letter-spacing:var(--h2_typography-letter-spacing);\"><span class=\" fusion-imageframe imageframe-dropshadow imageframe-4 hover-type-none\" style=\"-webkit-box-shadow: 3px 3px 7px rgba(0,0,0,0.3);box-shadow: 3px 3px 7px rgba(0,0,0,0.3);\"><a href=\"https:\/\/greenchalets.com\/wp-content\/uploads\/2016\/01\/speeltuin-1-van-1-x.jpg\" class=\"fusion-lightbox\" data-rel=\"iLightbox[cc2df8d4e2ba721c2f1]\"><img decoding=\"async\" alt=\"FAMILIEN CAMPING LE\u00cf SUVES \" src=\"https:\/\/greenchalets.com\/wp-content\/uploads\/2016\/01\/speeltuin-1-van-1-x-bw.jpg\" class=\"img-responsive\"\/><\/a><\/span><\/div><div class=\"fusion-clearfix\"><\/div><\/div><\/div><div class=\"fusion-layout-column fusion_builder_column fusion-builder-column-5 fusion_builder_column_1_5 1_5 fusion-one-fifth fusion-column-last\" style=\"--awb-bg-size:cover;--awb-margin-top:30px;width:20%;width:calc(20% - ( ( 4% + 4% + 4% + 4% ) * 0.2 ) );\"><div class=\"fusion-column-wrapper fusion-flex-column-wrapper-legacy\"><div class=\"fusion-image-element in-legacy-container\" style=\"--awb-caption-title-font-family:var(--h2_typography-font-family);--awb-caption-title-font-weight:var(--h2_typography-font-weight);--awb-caption-title-font-style:var(--h2_typography-font-style);--awb-caption-title-size:var(--h2_typography-font-size);--awb-caption-title-transform:var(--h2_typography-text-transform);--awb-caption-title-line-height:var(--h2_typography-line-height);--awb-caption-title-letter-spacing:var(--h2_typography-letter-spacing);\"><span class=\" fusion-imageframe imageframe-dropshadow imageframe-5 hover-type-none\" style=\"-webkit-box-shadow: 3px 3px 7px rgba(0,0,0,0.3);box-shadow: 3px 3px 7px rgba(0,0,0,0.3);\"><a href=\"https:\/\/greenchalets.com\/wp-content\/uploads\/2016\/01\/entertainment-x.jpg\" class=\"fusion-lightbox\" data-rel=\"iLightbox[a761985c1376e4eccc8]\"><img decoding=\"async\" alt=\"FAMILIEN CAMPING LE\u00cf SUVES \" src=\"https:\/\/greenchalets.com\/wp-content\/uploads\/2016\/01\/entertainment-x-bw.jpg\" class=\"img-responsive\"\/><\/a><\/span><\/div><div class=\"fusion-clearfix\"><\/div><\/div><\/div><div class=\"fusion-layout-column fusion_builder_column fusion-builder-column-6 fusion_builder_column_1_4 1_4 fusion-one-fourth fusion-column-first\" style=\"--awb-bg-size:cover;width:25%;width:calc(25% - ( ( 4% ) * 0.25 ) );margin-right: 4%;\"><div class=\"fusion-column-wrapper fusion-flex-column-wrapper-legacy\"><div class=\"fusion-text fusion-text-1\"><p><a href=\"https:\/\/www.facebook.com\/greenchalets\" target=\"_blank\" rel=\"noopener noreferrer\"><img decoding=\"async\" class=\"alignnone size-full wp-image-696\" src=\"https:\/\/greenchalets.com\/wp-content\/uploads\/2016\/01\/facebook.png\" alt=\"facebook\" \/><\/a><\/p>\n<\/div><div class=\"fusion-text fusion-text-2\"><p><a href=\"https:\/\/greenchalets.com\/du\/chalets-mobile-homes-preise-roquebrune-cote-dazur-greenchalets\/\"><img decoding=\"async\" class=\"alignnone wp-image-5589 size-full\" src=\"https:\/\/greenchalets.com\/wp-content\/uploads\/sites\/3\/2016\/01\/ArrowDE-Preise.png\" alt=\"ArrowNL\" width=\"121\" height=\"35\" \/><\/a><\/p>\n<\/div><div class=\"fusion-widget-area awb-widget-area-element fusion-widget-area-1 fusion-content-widget-area\" style=\"--awb-title-size:13px;--awb-title-color:#318d08;--awb-padding:0px 0px 0px 0px;\"><section id=\"nav_menu-4\" class=\"widget pojo-sidebar widget_nav_menu\"><div class=\"widget-inner\"><div class=\"menu-cote-dazur-roquebrune-de-container\"><ul id=\"menu-cote-dazur-roquebrune-de\" class=\"menu\"><li id=\"menu-item-612\" class=\"menu-item menu-item-type-post_type menu-item-object-page menu-item-612\"><a href=\"https:\/\/greenchalets.com\/du\/chalets-roquebrune-sur-argens\/\">Roquebrune sur Argens Mobilheim S<\/a><\/li>\n<li id=\"menu-item-611\" class=\"menu-item menu-item-type-post_type menu-item-object-page menu-item-611\"><a href=\"https:\/\/greenchalets.com\/du\/mobilheim-retro-roquebrune\/\">Roquebrune sur Argens Mobilheim C<\/a><\/li>\n<li id=\"menu-item-588\" class=\"menu-item menu-item-type-post_type menu-item-object-page menu-item-588\"><a href=\"https:\/\/greenchalets.com\/du\/familien-camping-lei-suves-cote-dazur\/\">Camping Lei Suves Roquebrune sur Argens<\/a><\/li>\n<li id=\"menu-item-608\" class=\"menu-item menu-item-type-post_type menu-item-object-page menu-item-608\"><a href=\"https:\/\/greenchalets.com\/du\/lage-greenchalets-roquebrune\/\">Lage Greenchalets Roquebrune sur Argens<\/a><\/li>\n<li id=\"menu-item-609\" class=\"menu-item menu-item-type-post_type menu-item-object-page menu-item-609\"><a href=\"https:\/\/greenchalets.com\/du\/umgebung-roquebrune\/\">Umgebung Roquebrune sur Argens<\/a><\/li>\n<\/ul><\/div><\/div><\/section><div class=\"fusion-additional-widget-content\"><\/div><\/div><div class=\"fusion-clearfix\"><\/div><\/div><\/div><div class=\"fusion-layout-column fusion_builder_column fusion-builder-column-7 fusion_builder_column_2_3 2_3 fusion-two-third fusion-column-last\" style=\"--awb-bg-size:cover;width:66.666666666667%;width:calc(66.666666666667% - ( ( 4% ) * 0.66666666666667 ) );\"><div class=\"fusion-column-wrapper fusion-flex-column-wrapper-legacy\"><div class=\"fusion-text fusion-text-3\"><h1>FAMILIEN CAMPING LE\u00cf SUVES COTE D&#8217;AZUR<\/h1>\n<\/div><div class=\"fusion-builder-row fusion-builder-row-inner fusion-row\"><div class=\"fusion-layout-column fusion_builder_column_inner fusion-builder-nested-column-0 fusion_builder_column_inner_1_2 1_2 fusion-one-half fusion-column-first\" style=\"--awb-bg-size:cover;width:50%;width:calc(50% - ( ( 4% ) * 0.5 ) );margin-right: 4%;\"><div class=\"fusion-column-wrapper fusion-flex-column-wrapper-legacy\"><div class=\"fusion-text fusion-text-4\"><p>Der blumenreiche Campingplatz, wo im Sommer die Oleander reichlich bl\u00fchen und Atmet eine Mediterrane Sph\u00e4re.<br \/>\nIn den Sommermonaten k\u00f6nnen die kleinen G\u00e4sten von dem Animationsteam unterhalten werden.<\/p>\n<p>F\u00fcr die \u00e4lteren Kinder und Erwachsene werden verschiedene sportliche Aktivit\u00e4ten organisiert.<\/p>\n<p>Au\u03b2erdem k\u00f6nnen Sie sich vom April bis Oktober im beheizten Swimmingpool entspannen und bei vielerlei Animationen am\u00fcsieren.<\/p>\n<\/div><div class=\"fusion-clearfix\"><\/div><\/div><\/div><div class=\"fusion-layout-column fusion_builder_column_inner fusion-builder-nested-column-1 fusion_builder_column_inner_1_2 1_2 fusion-one-half fusion-column-last\" style=\"--awb-bg-size:cover;width:50%;width:calc(50% - ( ( 4% ) * 0.5 ) );\"><div class=\"fusion-column-wrapper fusion-flex-column-wrapper-legacy\"><div class=\"fusion-text fusion-text-5\"><p>Von der Terrasse k\u00f6nnen Sie sogar genie\u03b2en von Vorstellungen die aufgef\u00fchrt werden auf der B\u00fchne des eigenen Theaters vom Familien Camping Lei Suves. Hier k\u00f6nnen Sie ganz entspannt und je nach Lust und Laune von der C\u00f4te d&#8217;Azur und der Provence genie\u00dfen.<\/p>\n<p>Kurz gesagt, Sie k\u00f6nnen Ihren Urlaub bei Greenchalets genie\u00dfen. Nicht nur auf dem Campingplatz, sondern auch am Strand oder in der wundersch\u00f6nen Umgebung der Provence. Besuchen Sie die typischen malerischen D\u00f6rfer mit alten Stra\u00dfen und Pl\u00e4tzen. Dann entdecken Sie die vielen Weinberge und Olivenhaine. Und zum Schluss riechen Sie den wunderbaren Lavendelduft, der im Juli und August in voller Bl\u00fcte steht. Wie bereits erw\u00e4hnt, gibt es in S\u00fcdfrankreich keinen Mangel an Abwechslung, Natur und Sonne.<\/p>\n<\/div><div class=\"fusion-clearfix\"><\/div><\/div><\/div><\/div><div class=\"fusion-clearfix\"><\/div><\/div><\/div><\/div><\/div>\n","protected":false},"excerpt":{"rendered":"","protected":false},"author":1,"featured_media":0,"parent":0,"menu_order":0,"comment_status":"closed","ping_status":"closed","template":"","meta":{"footnotes":""},"class_list":["post-579","page","type-page","status-publish","hentry"],"yoast_head":"<!-- This site is optimized with the Yoast SEO plugin v27.4 - https:\/\/yoast.com\/product\/yoast-seo-wordpress\/ -->\n<title>FAMILIEN CAMPING LE\u00cf SUVES COTE D&#039;AZUR Greenchalets<\/title>\n<meta name=\"description\" content=\"FAMILIEN CAMPING LE\u00cf SUVES COTE D&#039;AZUR blumenreiche Campingplatz, wo im Sommer die Oleander reichlich bl\u00fchen, atmet eine Mediterrane Sph\u00e4re.\" \/>\n<meta name=\"robots\" content=\"index, follow, max-snippet:-1, max-image-preview:large, max-video-preview:-1\" \/>\n<link rel=\"canonical\" href=\"https:\/\/greenchalets.com\/du\/familien-camping-lei-suves-cote-dazur\/\" \/>\n<meta property=\"og:locale\" content=\"nl_NL\" \/>\n<meta property=\"og:type\" content=\"article\" \/>\n<meta property=\"og:title\" content=\"FAMILIEN CAMPING LE\u00cf SUVES COTE D&#039;AZUR Greenchalets\" \/>\n<meta property=\"og:description\" content=\"FAMILIEN CAMPING LE\u00cf SUVES COTE D&#039;AZUR blumenreiche Campingplatz, wo im Sommer die Oleander reichlich bl\u00fchen, atmet eine Mediterrane Sph\u00e4re.\" \/>\n<meta property=\"og:url\" content=\"https:\/\/greenchalets.com\/du\/familien-camping-lei-suves-cote-dazur\/\" \/>\n<meta property=\"og:site_name\" content=\"Greenchalets DU\" \/>\n<meta property=\"article:modified_time\" content=\"2025-06-07T16:34:15+00:00\" \/>\n<meta property=\"og:image\" content=\"https:\/\/greenchalets.com\/wp-content\/uploads\/2016\/01\/facebook.png\" \/>\n<meta name=\"twitter:card\" content=\"summary_large_image\" \/>\n<meta name=\"twitter:label1\" content=\"Geschatte leestijd\" \/>\n\t<meta name=\"twitter:data1\" content=\"3 minuten\" \/>\n<script type=\"application\/ld+json\" class=\"yoast-schema-graph\">{\"@context\":\"https:\\\/\\\/schema.org\",\"@graph\":[{\"@type\":\"WebPage\",\"@id\":\"https:\\\/\\\/greenchalets.com\\\/du\\\/familien-camping-lei-suves-cote-dazur\\\/\",\"url\":\"https:\\\/\\\/greenchalets.com\\\/du\\\/familien-camping-lei-suves-cote-dazur\\\/\",\"name\":\"FAMILIEN CAMPING LE\u00cf SUVES COTE D'AZUR Greenchalets\",\"isPartOf\":{\"@id\":\"https:\\\/\\\/greenchalets.com\\\/du\\\/#website\"},\"primaryImageOfPage\":{\"@id\":\"https:\\\/\\\/greenchalets.com\\\/du\\\/familien-camping-lei-suves-cote-dazur\\\/#primaryimage\"},\"image\":{\"@id\":\"https:\\\/\\\/greenchalets.com\\\/du\\\/familien-camping-lei-suves-cote-dazur\\\/#primaryimage\"},\"thumbnailUrl\":\"https:\\\/\\\/greenchalets.com\\\/wp-content\\\/uploads\\\/2016\\\/01\\\/facebook.png\",\"datePublished\":\"2015-12-16T20:49:17+00:00\",\"dateModified\":\"2025-06-07T16:34:15+00:00\",\"description\":\"FAMILIEN CAMPING LE\u00cf SUVES COTE D'AZUR blumenreiche Campingplatz, wo im Sommer die Oleander reichlich bl\u00fchen, atmet eine Mediterrane Sph\u00e4re.\",\"breadcrumb\":{\"@id\":\"https:\\\/\\\/greenchalets.com\\\/du\\\/familien-camping-lei-suves-cote-dazur\\\/#breadcrumb\"},\"inLanguage\":\"nl-NL\",\"potentialAction\":[{\"@type\":\"ReadAction\",\"target\":[\"https:\\\/\\\/greenchalets.com\\\/du\\\/familien-camping-lei-suves-cote-dazur\\\/\"]}]},{\"@type\":\"ImageObject\",\"inLanguage\":\"nl-NL\",\"@id\":\"https:\\\/\\\/greenchalets.com\\\/du\\\/familien-camping-lei-suves-cote-dazur\\\/#primaryimage\",\"url\":\"https:\\\/\\\/greenchalets.com\\\/wp-content\\\/uploads\\\/2016\\\/01\\\/facebook.png\",\"contentUrl\":\"https:\\\/\\\/greenchalets.com\\\/wp-content\\\/uploads\\\/2016\\\/01\\\/facebook.png\"},{\"@type\":\"BreadcrumbList\",\"@id\":\"https:\\\/\\\/greenchalets.com\\\/du\\\/familien-camping-lei-suves-cote-dazur\\\/#breadcrumb\",\"itemListElement\":[{\"@type\":\"ListItem\",\"position\":1,\"name\":\"Home\",\"item\":\"https:\\\/\\\/greenchalets.com\\\/du\\\/\"},{\"@type\":\"ListItem\",\"position\":2,\"name\":\"camping Lei Suves Cote d&#8217;Azur\"}]},{\"@type\":\"WebSite\",\"@id\":\"https:\\\/\\\/greenchalets.com\\\/du\\\/#website\",\"url\":\"https:\\\/\\\/greenchalets.com\\\/du\\\/\",\"name\":\"Greenchalets DU\",\"description\":\"Greenchalets Mobilheime, Campingurlaub\",\"potentialAction\":[{\"@type\":\"SearchAction\",\"target\":{\"@type\":\"EntryPoint\",\"urlTemplate\":\"https:\\\/\\\/greenchalets.com\\\/du\\\/?s={search_term_string}\"},\"query-input\":{\"@type\":\"PropertyValueSpecification\",\"valueRequired\":true,\"valueName\":\"search_term_string\"}}],\"inLanguage\":\"nl-NL\"}]}<\/script>\n<!-- \/ Yoast SEO plugin. -->","yoast_head_json":{"title":"FAMILIEN CAMPING LE\u00cf SUVES COTE D'AZUR Greenchalets","description":"FAMILIEN CAMPING LE\u00cf SUVES COTE D'AZUR blumenreiche Campingplatz, wo im Sommer die Oleander reichlich bl\u00fchen, atmet eine Mediterrane Sph\u00e4re.","robots":{"index":"index","follow":"follow","max-snippet":"max-snippet:-1","max-image-preview":"max-image-preview:large","max-video-preview":"max-video-preview:-1"},"canonical":"https:\/\/greenchalets.com\/du\/familien-camping-lei-suves-cote-dazur\/","og_locale":"nl_NL","og_type":"article","og_title":"FAMILIEN CAMPING LE\u00cf SUVES COTE D'AZUR Greenchalets","og_description":"FAMILIEN CAMPING LE\u00cf SUVES COTE D'AZUR blumenreiche Campingplatz, wo im Sommer die Oleander reichlich bl\u00fchen, atmet eine Mediterrane Sph\u00e4re.","og_url":"https:\/\/greenchalets.com\/du\/familien-camping-lei-suves-cote-dazur\/","og_site_name":"Greenchalets DU","article_modified_time":"2025-06-07T16:34:15+00:00","og_image":[{"url":"https:\/\/greenchalets.com\/wp-content\/uploads\/2016\/01\/facebook.png","type":"","width":"","height":""}],"twitter_card":"summary_large_image","twitter_misc":{"Geschatte leestijd":"3 minuten"},"schema":{"@context":"https:\/\/schema.org","@graph":[{"@type":"WebPage","@id":"https:\/\/greenchalets.com\/du\/familien-camping-lei-suves-cote-dazur\/","url":"https:\/\/greenchalets.com\/du\/familien-camping-lei-suves-cote-dazur\/","name":"FAMILIEN CAMPING LE\u00cf SUVES COTE D'AZUR Greenchalets","isPartOf":{"@id":"https:\/\/greenchalets.com\/du\/#website"},"primaryImageOfPage":{"@id":"https:\/\/greenchalets.com\/du\/familien-camping-lei-suves-cote-dazur\/#primaryimage"},"image":{"@id":"https:\/\/greenchalets.com\/du\/familien-camping-lei-suves-cote-dazur\/#primaryimage"},"thumbnailUrl":"https:\/\/greenchalets.com\/wp-content\/uploads\/2016\/01\/facebook.png","datePublished":"2015-12-16T20:49:17+00:00","dateModified":"2025-06-07T16:34:15+00:00","description":"FAMILIEN CAMPING LE\u00cf SUVES COTE D'AZUR blumenreiche Campingplatz, wo im Sommer die Oleander reichlich bl\u00fchen, atmet eine Mediterrane Sph\u00e4re.","breadcrumb":{"@id":"https:\/\/greenchalets.com\/du\/familien-camping-lei-suves-cote-dazur\/#breadcrumb"},"inLanguage":"nl-NL","potentialAction":[{"@type":"ReadAction","target":["https:\/\/greenchalets.com\/du\/familien-camping-lei-suves-cote-dazur\/"]}]},{"@type":"ImageObject","inLanguage":"nl-NL","@id":"https:\/\/greenchalets.com\/du\/familien-camping-lei-suves-cote-dazur\/#primaryimage","url":"https:\/\/greenchalets.com\/wp-content\/uploads\/2016\/01\/facebook.png","contentUrl":"https:\/\/greenchalets.com\/wp-content\/uploads\/2016\/01\/facebook.png"},{"@type":"BreadcrumbList","@id":"https:\/\/greenchalets.com\/du\/familien-camping-lei-suves-cote-dazur\/#breadcrumb","itemListElement":[{"@type":"ListItem","position":1,"name":"Home","item":"https:\/\/greenchalets.com\/du\/"},{"@type":"ListItem","position":2,"name":"camping Lei Suves Cote d&#8217;Azur"}]},{"@type":"WebSite","@id":"https:\/\/greenchalets.com\/du\/#website","url":"https:\/\/greenchalets.com\/du\/","name":"Greenchalets DU","description":"Greenchalets Mobilheime, Campingurlaub","potentialAction":[{"@type":"SearchAction","target":{"@type":"EntryPoint","urlTemplate":"https:\/\/greenchalets.com\/du\/?s={search_term_string}"},"query-input":{"@type":"PropertyValueSpecification","valueRequired":true,"valueName":"search_term_string"}}],"inLanguage":"nl-NL"}]}},"_links":{"self":[{"href":"https:\/\/greenchalets.com\/du\/wp-json\/wp\/v2\/pages\/579","targetHints":{"allow":["GET"]}}],"collection":[{"href":"https:\/\/greenchalets.com\/du\/wp-json\/wp\/v2\/pages"}],"about":[{"href":"https:\/\/greenchalets.com\/du\/wp-json\/wp\/v2\/types\/page"}],"author":[{"embeddable":true,"href":"https:\/\/greenchalets.com\/du\/wp-json\/wp\/v2\/users\/1"}],"replies":[{"embeddable":true,"href":"https:\/\/greenchalets.com\/du\/wp-json\/wp\/v2\/comments?post=579"}],"version-history":[{"count":0,"href":"https:\/\/greenchalets.com\/du\/wp-json\/wp\/v2\/pages\/579\/revisions"}],"wp:attachment":[{"href":"https:\/\/greenchalets.com\/du\/wp-json\/wp\/v2\/media?parent=579"}],"curies":[{"name":"wp","href":"https:\/\/api.w.org\/{rel}","templated":true}]}}