{"id":34,"date":"2015-12-16T21:12:25","date_gmt":"2015-12-16T21:12:25","guid":{"rendered":"http:\/\/greenchalets.com\/?page_id=34"},"modified":"2016-10-04T15:19:56","modified_gmt":"2016-10-04T14:19:56","slug":"fur-holzchalets-und-wohnwagen-am-imposanten-luganer-see","status":"publish","type":"page","link":"https:\/\/greenchalets.com\/du\/fur-holzchalets-und-wohnwagen-am-imposanten-luganer-see\/","title":{"rendered":"Informationen Viareggio Toskana"},"content":{"rendered":"<p>\n<div class=\"fusion-slider-revolution rev_slider_wrapper\">\t\t\t<!-- START Toscane NL REVOLUTION SLIDER 6.6.20 --><p class=\"rs-p-wp-fix\"><\/p>\n\t\t\t<rs-module-wrap id=\"rev_slider_2_1_wrapper\" data-source=\"gallery\" style=\"visibility:hidden;background:transparent;padding:0;margin:0px auto;margin-top:0;margin-bottom:0;\">\n\t\t\t\t<rs-module id=\"rev_slider_2_1\" style=\"\" data-version=\"6.6.20\">\n\t\t\t\t\t<rs-slides style=\"overflow: hidden; position: absolute;\">\n\t\t\t\t\t\t<rs-slide style=\"position: absolute;\" data-key=\"rs-2\" data-title=\"Slide\" data-anim=\"adpr:false;\">\n\t\t\t\t\t\t\t<img decoding=\"async\" src=\"\/\/greenchalets.com\/du\/wp-content\/plugins\/revslider\/public\/assets\/assets\/dummy.png\" alt=\"\" title=\"viareggio-header\" width=\"1600\" height=\"300\" class=\"rev-slidebg tp-rs-img rs-lazyload\" data-lazyload=\"\/\/greenchalets.com\/du\/wp-content\/uploads\/sites\/3\/2016\/08\/viareggio-header.png\" data-bg=\"p:center top;\" data-no-retina>\n<!--\n\t\t\t\t\t\t\t--><rs-layer\n\t\t\t\t\t\t\t\tid=\"slider-2-slide-2-layer-1\" \n\t\t\t\t\t\t\t\tclass=\"boxshadow\"\n\t\t\t\t\t\t\t\tdata-type=\"text\"\n\t\t\t\t\t\t\t\tdata-color=\"rgba(255,255,255,1)\"\n\t\t\t\t\t\t\t\tdata-rsp_ch=\"on\"\n\t\t\t\t\t\t\t\tdata-xy=\"xo:41px;yo:11px;\"\n\t\t\t\t\t\t\t\tdata-text=\"w:normal;s:45;l:51;fw:800;a:center;\"\n\t\t\t\t\t\t\t\tdata-dim=\"w:213px;h:51px;\"\n\t\t\t\t\t\t\t\tdata-frame_0=\"tp:600;\"\n\t\t\t\t\t\t\t\tdata-frame_1=\"tp:600;e:power2.inOut;st:610;sp:270;\"\n\t\t\t\t\t\t\t\tdata-frame_999=\"o:0;tp:600;e:nothing;st:w;sp:260;\"\n\t\t\t\t\t\t\t\tstyle=\"z-index:5;font-family:'Trebuchet MS', 'Helvetica', 'sans-serif';-moz-box-shadow:0px 0px 20px rgba(0, 0, 0, 0.5);-webkit-box-shadow:0px 0px 20px rgba(0, 0, 0, 0.5);box-shadow:0px 0px 20px rgba(0, 0, 0, 0.5);type:text;\"\n\t\t\t\t\t\t\t>TOSKANA \n\t\t\t\t\t\t\t<\/rs-layer><!--\n\n\t\t\t\t\t\t\t--><rs-layer\n\t\t\t\t\t\t\t\tid=\"slider-2-slide-2-layer-2\" \n\t\t\t\t\t\t\t\tclass=\"boxshadow\"\n\t\t\t\t\t\t\t\tdata-type=\"text\"\n\t\t\t\t\t\t\t\tdata-color=\"rgba(255,255,255,1)\"\n\t\t\t\t\t\t\t\tdata-rsp_ch=\"on\"\n\t\t\t\t\t\t\t\tdata-xy=\"xo:206px;yo:71px;\"\n\t\t\t\t\t\t\t\tdata-text=\"w:normal;s:36;l:37;fw:900;a:center;\"\n\t\t\t\t\t\t\t\tdata-dim=\"w:200px;h:40px;\"\n\t\t\t\t\t\t\t\tdata-frame_0=\"tp:600;\"\n\t\t\t\t\t\t\t\tdata-frame_1=\"tp:600;e:power2.inOut;st:610;\"\n\t\t\t\t\t\t\t\tdata-frame_999=\"o:0;tp:600;e:nothing;st:w;\"\n\t\t\t\t\t\t\t\tstyle=\"z-index:6;font-family:'Trebuchet MS', 'Helvetica', 'sans-serif';-moz-box-shadow:0px 0px 20px rgba(0, 0, 0, 0.5);-webkit-box-shadow:0px 0px 20px rgba(0, 0, 0, 0.5);box-shadow:0px 0px 20px rgba(0, 0, 0, 0.5);type:text;\"\n\t\t\t\t\t\t\t>VIAREGGIO \n\t\t\t\t\t\t\t<\/rs-layer><!--\n-->\t\t\t\t\t\t<\/rs-slide>\n\t\t\t\t\t<\/rs-slides>\n\t\t\t\t<\/rs-module>\n\t\t\t\t<script>\n\t\t\t\t\tsetREVStartSize({c: 'rev_slider_2_1',rl:[1240,1024,778,480],el:[],gw:[1600,1600,778,480],gh:[300,300,300,300],type:'standard',justify:'',layout:'fullwidth',mh:\"0\"});if (window.RS_MODULES!==undefined && window.RS_MODULES.modules!==undefined && window.RS_MODULES.modules[\"revslider21\"]!==undefined) {window.RS_MODULES.modules[\"revslider21\"].once = false;window.revapi2 = undefined;if (window.RS_MODULES.checkMinimal!==undefined) window.RS_MODULES.checkMinimal()}\n\t\t\t\t<\/script>\n\t\t\t<\/rs-module-wrap>\n\t\t\t<!-- END REVOLUTION SLIDER -->\n<\/div>[one_fourth last=&#8221;no&#8221; spacing=&#8221;yes&#8221; center_content=&#8221;no&#8221; hide_on_mobile=&#8221;no&#8221; background_color=&#8221;&#8221; background_image=&#8221;&#8221; background_repeat=&#8221;no-repeat&#8221; background_position=&#8221;left top&#8221; hover_type=&#8221;none&#8221; link=&#8221;&#8221; border_position=&#8221;all&#8221; border_size=&#8221;0px&#8221; border_color=&#8221;&#8221; border_style=&#8221;solid&#8221; padding=&#8221;&#8221; margin_top=&#8221;30px&#8221; margin_bottom=&#8221;&#8221; animation_type=&#8221;0&#8243; animation_direction=&#8221;down&#8221; animation_speed=&#8221;0.1&#8243; animation_offset=&#8221;&#8221; class=&#8221;&#8221; id=&#8221;&#8221;]<div class=\"fusion-text fusion-text-1\"><p><a href=\"http:\/\/www.greenchalets.com\/prijzen-porlezza\/\"><img decoding=\"async\" class=\"alignnone size-full wp-image-5589\" src=\"http:\/\/greenchalets.com\/wp-content\/uploads\/2015\/12\/ArrowNL-prijzen.png\" alt=\"ArrowNL\" width=\"121\" height=\"35\" \/><\/a><\/p>\n<\/div><div class=\"fusion-widget-area awb-widget-area-element fusion-widget-area-1 fusion-content-widget-area\" style=\"--awb-title-size:13px;--awb-title-color:#318d08;\"><section id=\"nav_menu-3\" class=\"fusion-slidingbar-widget-column widget widget_nav_menu\"><div class=\"menu-toscane-de-container\"><ul id=\"menu-toscane-de\" class=\"menu\"><li id=\"menu-item-610\" class=\"menu-item menu-item-type-post_type menu-item-object-page menu-item-610\"><a href=\"https:\/\/greenchalets.com\/du\/chalets-viareggio-toskana-2\/\">Chalets Viareggio Toskana type S<\/a><\/li>\n<li id=\"menu-item-604\" class=\"menu-item menu-item-type-post_type menu-item-object-page menu-item-604\"><a href=\"https:\/\/greenchalets.com\/du\/camping-paradiso-viareggio-toskana\/\">Camping Paradiso Viareggio Toskana<\/a><\/li>\n<li id=\"menu-item-607\" class=\"menu-item menu-item-type-post_type menu-item-object-page menu-item-607\"><a href=\"https:\/\/greenchalets.com\/du\/lage-chalets-campingplatz-viareggio-toskana\/\">Lage Greenchalets Viareggio<\/a><\/li>\n<li id=\"menu-item-606\" class=\"menu-item menu-item-type-post_type menu-item-object-page menu-item-606\"><a href=\"https:\/\/greenchalets.com\/du\/umgebung-viareggio-toskana\/\">Umgebung Viareggio \u2013 Toskana<\/a><\/li>\n<\/ul><\/div><div style=\"clear:both;\"><\/div><\/section><div class=\"fusion-additional-widget-content\"><\/div><\/div><div class=\"fusion-text fusion-text-2\"><\/p>\n<h3>TOSCANE<\/h3>\n<p><a href=\"http:\/\/www.pisa-airport.com\/index.php?lang=_en\" target=\"_blank\">Airport Pisa<\/a><br \/>\n<a href=\"http:\/\/www.campingparadisoviareggio.com\/en\/\" target=\"_blank\">Camping Paradiso<\/a> <a href=\"http:\/\/en.viareggio.it\/n\" target=\"_blank\">Viareggio<\/a><br \/>\n<a href=\"http:\/\/toscane.startpagina.nl\/\" target=\"_blank\">Toscane startpagina<\/a><br \/>\n<a href=\"http:\/\/www.autohuren.nl\/\" target=\"_blank\">Auto huren<\/a><\/p>\n<\/div>[\/one_fourth][two_third last=&#8221;yes&#8221; spacing=&#8221;yes&#8221; center_content=&#8221;no&#8221; hide_on_mobile=&#8221;no&#8221; background_color=&#8221;&#8221; background_image=&#8221;&#8221; background_repeat=&#8221;no-repeat&#8221; background_position=&#8221;left top&#8221; hover_type=&#8221;none&#8221; link=&#8221;&#8221; border_position=&#8221;all&#8221; border_size=&#8221;0px&#8221; border_color=&#8221;&#8221; border_style=&#8221;solid&#8221; padding=&#8221;&#8221; margin_top=&#8221;30px&#8221; margin_bottom=&#8221;&#8221; animation_type=&#8221;0&#8243; animation_direction=&#8221;down&#8221; animation_speed=&#8221;0.1&#8243; animation_offset=&#8221;&#8221; class=&#8221;&#8221; id=&#8221;&#8221;]<div class=\"fusion-text fusion-text-3\"><\/p>\n<h3>EEN CHALET IN TOSCANE IN ITALIE HUREN OP EEN PRACHTIGE LOCATIE<\/h3>\n<p>[one_half spacing=&#8221;yes&#8221; last=&#8221;no&#8221; center_content=&#8221;no&#8221; hide_on_mobile=&#8221;no&#8221; background_color=&#8221;&#8221; background_image=&#8221;&#8221; background_repeat=&#8221;no-repeat&#8221; background_position=&#8221;left top&#8221; link=&#8221;&#8221; hover_type=&#8221;none&#8221; border_position=&#8221;all&#8221; border_size=&#8221;0px&#8221; border_color=&#8221;&#8221; border_style=&#8221;solid&#8221; padding=&#8221;&#8221; margin_top=&#8221;&#8221; margin_bottom=&#8221;&#8221; animation_type=&#8221;0&#8243; animation_direction=&#8221;down&#8221; animation_speed=&#8221;0.1&#8243; animation_offset=&#8221;&#8221; class=&#8221;&#8221; id=&#8221;&#8221;]Bij Greenchalets kunt u een chalet of mobile home huren op een prachtige locatie aan de Middellandse Zee in Toscane in Italie. Greenchalets verhuurt aan u specifiek een houten chalet in Toscane in Italie. Onze chalets zijn gelegen vlakbij de plaats Viareggio, een levendige plaats in het schitterende Toscane aan de middellandse zee. Ieder houten chalet staat op een mooie locatie aan de rand van familie[\/one_half][one_half spacing=&#8221;yes&#8221; last=&#8221;yes&#8221; center_content=&#8221;no&#8221; hide_on_mobile=&#8221;no&#8221; background_color=&#8221;&#8221; background_image=&#8221;&#8221; background_repeat=&#8221;no-repeat&#8221; background_position=&#8221;left top&#8221; link=&#8221;&#8221; hover_type=&#8221;none&#8221; border_position=&#8221;all&#8221; border_size=&#8221;0px&#8221; border_color=&#8221;&#8221; border_style=&#8221;solid&#8221; padding=&#8221;&#8221; margin_top=&#8221;&#8221; margin_bottom=&#8221;&#8221; animation_type=&#8221;0&#8243; animation_direction=&#8221;down&#8221; animation_speed=&#8221;0.1&#8243; animation_offset=&#8221;&#8221; class=&#8221;&#8221; id=&#8221;&#8221;]camping Paradiso Viareggio en het chalet bevindt zich uiteraard vlakbij de middellandse zee. Ieder chalet is gelegen op een ruime kavel en beschikt over een eigen parkeerplaats.<\/p>\n<p>Met het huren van een chalet van Greenchalets kan uw vakantie in Toscane in Italie aan de middellandse zee niet beter beginnen.[\/one_half]<\/p>\n<\/div>[separator style_type=&#8221;single&#8221; top_margin=&#8221;-20px&#8221; bottom_margin=&#8221;20px&#8221; sep_color=&#8221;#318d08&#8243; border_size=&#8221;&#8221; icon=&#8221;fa-check-circle-o&#8221; icon_circle=&#8221;no&#8221; icon_circle_color=&#8221;&#8221; width=&#8221;&#8221; alignment=&#8221;center&#8221; class=&#8221;&#8221; id=&#8221;&#8221;]<div class=\"fusion-text fusion-text-4\"><\/p>\n<h3>EEN CHALET IN TOSCANE IN ITALIE HUREN OP FAMILIECAMPING PARADISO VIAREGGIO<\/h3>\n<p>[one_half spacing=&#8221;yes&#8221; last=&#8221;no&#8221; center_content=&#8221;no&#8221; hide_on_mobile=&#8221;no&#8221; background_color=&#8221;&#8221; background_image=&#8221;&#8221; background_repeat=&#8221;no-repeat&#8221; background_position=&#8221;left top&#8221; link=&#8221;&#8221; hover_type=&#8221;none&#8221; border_position=&#8221;all&#8221; border_size=&#8221;0px&#8221; border_color=&#8221;&#8221; border_style=&#8221;solid&#8221; padding=&#8221;&#8221; margin_top=&#8221;&#8221; margin_bottom=&#8221;&#8221; animation_type=&#8221;0&#8243; animation_direction=&#8221;down&#8221; animation_speed=&#8221;0.1&#8243; animation_offset=&#8221;&#8221; class=&#8221;&#8221; id=&#8221;&#8221;]Ieder chalet in Toscane op camping Paradiso viareggio is gelegen in een prachtig bosrijke omgeving en dicht bij de stad Viareggio aan zee. De camping in Toscane, waar we meerdere chalets verhuren, beschikt over ongeveer 400 plaatsen die rondom een centraal \u201cplein\u201d gelegen zijn. Rond het \u201cplein\u201d vindt u een mini markt, restaurant, bar, fietsenverhuur en een kiosk. Camping Paradiso Viareggio in Toscane aan zee heeft tevens een leuke speelplaats en een mooi zwembad[\/one_half] [one_half spacing=&#8221;yes&#8221; last=&#8221;yes&#8221; center_content=&#8221;no&#8221; hide_on_mobile=&#8221;no&#8221; background_color=&#8221;&#8221; background_image=&#8221;&#8221; background_repeat=&#8221;no-repeat&#8221; background_position=&#8221;left top&#8221; link=&#8221;&#8221; hover_type=&#8221;none&#8221; border_position=&#8221;all&#8221; border_size=&#8221;0px&#8221; border_color=&#8221;&#8221; border_style=&#8221;solid&#8221; padding=&#8221;&#8221; margin_top=&#8221;&#8221; margin_bottom=&#8221;&#8221; animation_type=&#8221;0&#8243; animation_direction=&#8221;down&#8221; animation_speed=&#8221;0.1&#8243; animation_offset=&#8221;&#8221; class=&#8221;&#8221; id=&#8221;&#8221;]Vanaf uw chalet kunt u te voet, per fiets of met de auto het op 1000 meter van de camping gelegen brede zandstand van Viareggio in Toscane bezoeken. In het hoofdseizoen rijdt er een gratis shuttle busje van camping Paradiso Viareggio naar het strand.<\/p>\n<p>Zoekt u een chalet in Toscane in Italie op een familie camping met vele faciliteiten, dan bent u bij Greenchalets aan het juiste adres.[\/one_half]<\/p>\n<\/div>[separator style_type=&#8221;single&#8221; top_margin=&#8221;-20px&#8221; bottom_margin=&#8221;20px&#8221; sep_color=&#8221;#318d08&#8243; border_size=&#8221;&#8221; icon=&#8221;fa-check-circle-o&#8221; icon_circle=&#8221;no&#8221; icon_circle_color=&#8221;&#8221; width=&#8221;&#8221; alignment=&#8221;center&#8221; class=&#8221;&#8221; id=&#8221;&#8221;]<div class=\"fusion-text fusion-text-5\"><\/p>\n<h3>ZOEKT U EEN EENVOUDIG UITGERUST CHALET OF EEN IETWAT MEER LUXE CHALET IN TOSCANE?<\/h3>\n<p>[one_half spacing=&#8221;yes&#8221; last=&#8221;no&#8221; center_content=&#8221;no&#8221; hide_on_mobile=&#8221;no&#8221; background_color=&#8221;&#8221; background_image=&#8221;&#8221; background_repeat=&#8221;no-repeat&#8221; background_position=&#8221;left top&#8221; link=&#8221;&#8221; hover_type=&#8221;none&#8221; border_position=&#8221;all&#8221; border_size=&#8221;0px&#8221; border_color=&#8221;&#8221; border_style=&#8221;solid&#8221; padding=&#8221;&#8221; margin_top=&#8221;&#8221; margin_bottom=&#8221;&#8221; animation_type=&#8221;0&#8243; animation_direction=&#8221;down&#8221; animation_speed=&#8221;0.1&#8243; animation_offset=&#8221;&#8221; class=&#8221;&#8221; id=&#8221;&#8221;]Greenchalets biedt u een chalet die bij uw wensen en uw budget past.<br \/>\nAl onze chalets in Toscane, Italie, voldoen aan hoge eisen. U bent dan ook verzekerd van het juiste chalet in Toscane aan zee voor de beste prijs:[\/one_half] [one_half spacing=&#8221;yes&#8221; last=&#8221;yes&#8221; center_content=&#8221;no&#8221; hide_on_mobile=&#8221;no&#8221; background_color=&#8221;&#8221; background_image=&#8221;&#8221; background_repeat=&#8221;no-repeat&#8221; background_position=&#8221;left top&#8221; link=&#8221;&#8221; hover_type=&#8221;none&#8221; border_position=&#8221;all&#8221; border_size=&#8221;0px&#8221; border_color=&#8221;&#8221; border_style=&#8221;solid&#8221; padding=&#8221;&#8221; margin_top=&#8221;&#8221; margin_bottom=&#8221;&#8221; animation_type=&#8221;0&#8243; animation_direction=&#8221;down&#8221; animation_speed=&#8221;0.1&#8243; animation_offset=&#8221;&#8221; class=&#8221;&#8221; id=&#8221;&#8221;]\u2022 Breed aanbod van diverse chalets in Toscane aan zee.<br \/>\n\u2022 Uitstekende prijs kwaliteitverhouding voor ieder chalet in Toscane.<br \/>\n\u2022 Al jaren een betrouwbare en ervaren verhuurder van chalets in Toscane.[\/one_half]<\/p>\n<\/div>[separator style_type=&#8221;single&#8221; top_margin=&#8221;-10px&#8221; bottom_margin=&#8221;20px&#8221; sep_color=&#8221;#318d08&#8243; border_size=&#8221;&#8221; icon=&#8221;fa-check-circle-o&#8221; icon_circle=&#8221;no&#8221; icon_circle_color=&#8221;&#8221; width=&#8221;&#8221; alignment=&#8221;center&#8221; class=&#8221;&#8221; id=&#8221;&#8221;]<div class=\"fusion-text fusion-text-6\"><\/p>\n<h2>GREENCHALETS<\/h2>\n<p>Voor chalets en mobile homes aan het schitterende Lago di Lugano in het Italiaanse meren gebied in Toscane aan de Middellandse Zee en in Roquebrune sur Argens aan de Franse C\u00f4te d\u2019Azur. Voor reserveringen kunt u gebruik maken van ons e-mail adres <a href=\"mailto:info@greenchalets.com\">info@greenchalets.com<\/a> of bellen naar 06-30487540.<\/p>\n<\/div>[\/two_third]<\/p>\n","protected":false},"excerpt":{"rendered":"<p>[one_fourth last=&#8221;no&#8221; spacing=&#8221;yes&#8221; center_content=&#8221;no&#8221; hide_on_mobile=&#8221;no&#8221; background_color=&#8221;&#8221; background_image=&#8221;&#8221; background_repeat=&#8221;no-repeat&#8221; background_position=&#8221;left top&#8221; hover_type=&#8221;none&#8221; link=&#8221;&#8221; border_position=&#8221;all&#8221; border_size=&#8221;0px&#8221; border_color=&#8221;&#8221; border_style=&#8221;solid&#8221; padding=&#8221;&#8221; margin_top=&#8221;30px&#8221; margin_bottom=&#8221;&#8221; animation_type=&#8221;0&#8243; animation_direction=&#8221;down&#8221; animation_speed=&#8221;0.1&#8243; animation_offset=&#8221;&#8221; class=&#8221;&#8221; id=&#8221;&#8221;][\/one_fourth][two_third last=&#8221;yes&#8221; spacing=&#8221;yes&#8221; center_content=&#8221;no&#8221; hide_on_mobile=&#8221;no&#8221; background_color=&#8221;&#8221; background_image=&#8221;&#8221; background_repeat=&#8221;no-repeat&#8221; background_position=&#8221;left top&#8221; hover_type=&#8221;none&#8221; link=&#8221;&#8221; border_position=&#8221;all&#8221; border_size=&#8221;0px&#8221; border_color=&#8221;&#8221; border_style=&#8221;solid&#8221; padding=&#8221;&#8221; margin_top=&#8221;30px&#8221; margin_bottom=&#8221;&#8221; animation_type=&#8221;0&#8243; animation_direction=&#8221;down&#8221; animation_speed=&#8221;0.1&#8243; animation_offset=&#8221;&#8221; class=&#8221;&#8221; id=&#8221;&#8221;][separator style_type=&#8221;single&#8221; top_margin=&#8221;-20px&#8221; bottom_margin=&#8221;20px&#8221; sep_color=&#8221;#318d08&#8243; border_size=&#8221;&#8221; icon=&#8221;fa-check-circle-o&#8221;  [&#8230;]<\/p>\n","protected":false},"author":1,"featured_media":0,"parent":0,"menu_order":0,"comment_status":"closed","ping_status":"closed","template":"","meta":{"footnotes":""},"class_list":["post-34","page","type-page","status-publish","hentry"],"yoast_head":"<!-- This site is optimized with the Yoast SEO plugin v27.4 - https:\/\/yoast.com\/product\/yoast-seo-wordpress\/ -->\n<title>F\u00fcr Holzchalets und Wohnwagen am imposanten Luganer See<\/title>\n<meta name=\"description\" content=\"F\u00fcr Holzchalets und Wohnwagen am imposanten Luganer See, im sch\u00f6nen Toskana und in Roquebrune sur Argens am Cote d\u2019Azur. Greenchalets\" \/>\n<meta name=\"robots\" content=\"index, follow, max-snippet:-1, max-image-preview:large, max-video-preview:-1\" \/>\n<link rel=\"canonical\" href=\"https:\/\/greenchalets.com\/du\/fur-holzchalets-und-wohnwagen-am-imposanten-luganer-see\/\" \/>\n<meta property=\"og:locale\" content=\"nl_NL\" \/>\n<meta property=\"og:type\" content=\"article\" \/>\n<meta property=\"og:title\" content=\"F\u00fcr Holzchalets und Wohnwagen am imposanten Luganer See\" \/>\n<meta property=\"og:description\" content=\"F\u00fcr Holzchalets und Wohnwagen am imposanten Luganer See, im sch\u00f6nen Toskana und in Roquebrune sur Argens am Cote d\u2019Azur. Greenchalets\" \/>\n<meta property=\"og:url\" content=\"https:\/\/greenchalets.com\/du\/fur-holzchalets-und-wohnwagen-am-imposanten-luganer-see\/\" \/>\n<meta property=\"og:site_name\" content=\"Greenchalets DU\" \/>\n<meta property=\"article:modified_time\" content=\"2016-10-04T14:19:56+00:00\" \/>\n<meta property=\"og:image\" content=\"http:\/\/greenchalets.com\/wp-content\/uploads\/2015\/12\/ArrowNL-prijzen.png\" \/>\n<meta name=\"twitter:card\" content=\"summary_large_image\" \/>\n<meta name=\"twitter:label1\" content=\"Geschatte leestijd\" \/>\n\t<meta name=\"twitter:data1\" content=\"5 minuten\" \/>\n<script type=\"application\/ld+json\" class=\"yoast-schema-graph\">{\"@context\":\"https:\\\/\\\/schema.org\",\"@graph\":[{\"@type\":\"WebPage\",\"@id\":\"https:\\\/\\\/greenchalets.com\\\/du\\\/fur-holzchalets-und-wohnwagen-am-imposanten-luganer-see\\\/\",\"url\":\"https:\\\/\\\/greenchalets.com\\\/du\\\/fur-holzchalets-und-wohnwagen-am-imposanten-luganer-see\\\/\",\"name\":\"F\u00fcr Holzchalets und Wohnwagen am imposanten Luganer See\",\"isPartOf\":{\"@id\":\"https:\\\/\\\/greenchalets.com\\\/du\\\/#website\"},\"primaryImageOfPage\":{\"@id\":\"https:\\\/\\\/greenchalets.com\\\/du\\\/fur-holzchalets-und-wohnwagen-am-imposanten-luganer-see\\\/#primaryimage\"},\"image\":{\"@id\":\"https:\\\/\\\/greenchalets.com\\\/du\\\/fur-holzchalets-und-wohnwagen-am-imposanten-luganer-see\\\/#primaryimage\"},\"thumbnailUrl\":\"http:\\\/\\\/greenchalets.com\\\/wp-content\\\/uploads\\\/2015\\\/12\\\/ArrowNL-prijzen.png\",\"datePublished\":\"2015-12-16T21:12:25+00:00\",\"dateModified\":\"2016-10-04T14:19:56+00:00\",\"description\":\"F\u00fcr Holzchalets und Wohnwagen am imposanten Luganer See, im sch\u00f6nen Toskana und in Roquebrune sur Argens am Cote d\u2019Azur. Greenchalets\",\"breadcrumb\":{\"@id\":\"https:\\\/\\\/greenchalets.com\\\/du\\\/fur-holzchalets-und-wohnwagen-am-imposanten-luganer-see\\\/#breadcrumb\"},\"inLanguage\":\"nl-NL\",\"potentialAction\":[{\"@type\":\"ReadAction\",\"target\":[\"https:\\\/\\\/greenchalets.com\\\/du\\\/fur-holzchalets-und-wohnwagen-am-imposanten-luganer-see\\\/\"]}]},{\"@type\":\"ImageObject\",\"inLanguage\":\"nl-NL\",\"@id\":\"https:\\\/\\\/greenchalets.com\\\/du\\\/fur-holzchalets-und-wohnwagen-am-imposanten-luganer-see\\\/#primaryimage\",\"url\":\"http:\\\/\\\/greenchalets.com\\\/wp-content\\\/uploads\\\/2015\\\/12\\\/ArrowNL-prijzen.png\",\"contentUrl\":\"http:\\\/\\\/greenchalets.com\\\/wp-content\\\/uploads\\\/2015\\\/12\\\/ArrowNL-prijzen.png\"},{\"@type\":\"BreadcrumbList\",\"@id\":\"https:\\\/\\\/greenchalets.com\\\/du\\\/fur-holzchalets-und-wohnwagen-am-imposanten-luganer-see\\\/#breadcrumb\",\"itemListElement\":[{\"@type\":\"ListItem\",\"position\":1,\"name\":\"Home\",\"item\":\"https:\\\/\\\/greenchalets.com\\\/du\\\/\"},{\"@type\":\"ListItem\",\"position\":2,\"name\":\"Informationen Viareggio Toskana\"}]},{\"@type\":\"WebSite\",\"@id\":\"https:\\\/\\\/greenchalets.com\\\/du\\\/#website\",\"url\":\"https:\\\/\\\/greenchalets.com\\\/du\\\/\",\"name\":\"Greenchalets DU\",\"description\":\"Greenchalets Mobilheime, Campingurlaub\",\"potentialAction\":[{\"@type\":\"SearchAction\",\"target\":{\"@type\":\"EntryPoint\",\"urlTemplate\":\"https:\\\/\\\/greenchalets.com\\\/du\\\/?s={search_term_string}\"},\"query-input\":{\"@type\":\"PropertyValueSpecification\",\"valueRequired\":true,\"valueName\":\"search_term_string\"}}],\"inLanguage\":\"nl-NL\"}]}<\/script>\n<!-- \/ Yoast SEO plugin. -->","yoast_head_json":{"title":"F\u00fcr Holzchalets und Wohnwagen am imposanten Luganer See","description":"F\u00fcr Holzchalets und Wohnwagen am imposanten Luganer See, im sch\u00f6nen Toskana und in Roquebrune sur Argens am Cote d\u2019Azur. Greenchalets","robots":{"index":"index","follow":"follow","max-snippet":"max-snippet:-1","max-image-preview":"max-image-preview:large","max-video-preview":"max-video-preview:-1"},"canonical":"https:\/\/greenchalets.com\/du\/fur-holzchalets-und-wohnwagen-am-imposanten-luganer-see\/","og_locale":"nl_NL","og_type":"article","og_title":"F\u00fcr Holzchalets und Wohnwagen am imposanten Luganer See","og_description":"F\u00fcr Holzchalets und Wohnwagen am imposanten Luganer See, im sch\u00f6nen Toskana und in Roquebrune sur Argens am Cote d\u2019Azur. Greenchalets","og_url":"https:\/\/greenchalets.com\/du\/fur-holzchalets-und-wohnwagen-am-imposanten-luganer-see\/","og_site_name":"Greenchalets DU","article_modified_time":"2016-10-04T14:19:56+00:00","og_image":[{"url":"http:\/\/greenchalets.com\/wp-content\/uploads\/2015\/12\/ArrowNL-prijzen.png","type":"","width":"","height":""}],"twitter_card":"summary_large_image","twitter_misc":{"Geschatte leestijd":"5 minuten"},"schema":{"@context":"https:\/\/schema.org","@graph":[{"@type":"WebPage","@id":"https:\/\/greenchalets.com\/du\/fur-holzchalets-und-wohnwagen-am-imposanten-luganer-see\/","url":"https:\/\/greenchalets.com\/du\/fur-holzchalets-und-wohnwagen-am-imposanten-luganer-see\/","name":"F\u00fcr Holzchalets und Wohnwagen am imposanten Luganer See","isPartOf":{"@id":"https:\/\/greenchalets.com\/du\/#website"},"primaryImageOfPage":{"@id":"https:\/\/greenchalets.com\/du\/fur-holzchalets-und-wohnwagen-am-imposanten-luganer-see\/#primaryimage"},"image":{"@id":"https:\/\/greenchalets.com\/du\/fur-holzchalets-und-wohnwagen-am-imposanten-luganer-see\/#primaryimage"},"thumbnailUrl":"http:\/\/greenchalets.com\/wp-content\/uploads\/2015\/12\/ArrowNL-prijzen.png","datePublished":"2015-12-16T21:12:25+00:00","dateModified":"2016-10-04T14:19:56+00:00","description":"F\u00fcr Holzchalets und Wohnwagen am imposanten Luganer See, im sch\u00f6nen Toskana und in Roquebrune sur Argens am Cote d\u2019Azur. Greenchalets","breadcrumb":{"@id":"https:\/\/greenchalets.com\/du\/fur-holzchalets-und-wohnwagen-am-imposanten-luganer-see\/#breadcrumb"},"inLanguage":"nl-NL","potentialAction":[{"@type":"ReadAction","target":["https:\/\/greenchalets.com\/du\/fur-holzchalets-und-wohnwagen-am-imposanten-luganer-see\/"]}]},{"@type":"ImageObject","inLanguage":"nl-NL","@id":"https:\/\/greenchalets.com\/du\/fur-holzchalets-und-wohnwagen-am-imposanten-luganer-see\/#primaryimage","url":"http:\/\/greenchalets.com\/wp-content\/uploads\/2015\/12\/ArrowNL-prijzen.png","contentUrl":"http:\/\/greenchalets.com\/wp-content\/uploads\/2015\/12\/ArrowNL-prijzen.png"},{"@type":"BreadcrumbList","@id":"https:\/\/greenchalets.com\/du\/fur-holzchalets-und-wohnwagen-am-imposanten-luganer-see\/#breadcrumb","itemListElement":[{"@type":"ListItem","position":1,"name":"Home","item":"https:\/\/greenchalets.com\/du\/"},{"@type":"ListItem","position":2,"name":"Informationen Viareggio Toskana"}]},{"@type":"WebSite","@id":"https:\/\/greenchalets.com\/du\/#website","url":"https:\/\/greenchalets.com\/du\/","name":"Greenchalets DU","description":"Greenchalets Mobilheime, Campingurlaub","potentialAction":[{"@type":"SearchAction","target":{"@type":"EntryPoint","urlTemplate":"https:\/\/greenchalets.com\/du\/?s={search_term_string}"},"query-input":{"@type":"PropertyValueSpecification","valueRequired":true,"valueName":"search_term_string"}}],"inLanguage":"nl-NL"}]}},"_links":{"self":[{"href":"https:\/\/greenchalets.com\/du\/wp-json\/wp\/v2\/pages\/34","targetHints":{"allow":["GET"]}}],"collection":[{"href":"https:\/\/greenchalets.com\/du\/wp-json\/wp\/v2\/pages"}],"about":[{"href":"https:\/\/greenchalets.com\/du\/wp-json\/wp\/v2\/types\/page"}],"author":[{"embeddable":true,"href":"https:\/\/greenchalets.com\/du\/wp-json\/wp\/v2\/users\/1"}],"replies":[{"embeddable":true,"href":"https:\/\/greenchalets.com\/du\/wp-json\/wp\/v2\/comments?post=34"}],"version-history":[{"count":0,"href":"https:\/\/greenchalets.com\/du\/wp-json\/wp\/v2\/pages\/34\/revisions"}],"wp:attachment":[{"href":"https:\/\/greenchalets.com\/du\/wp-json\/wp\/v2\/media?parent=34"}],"curies":[{"name":"wp","href":"https:\/\/api.w.org\/{rel}","templated":true}]}}