{"id":3382,"date":"2019-10-30T00:31:10","date_gmt":"2019-10-29T23:31:10","guid":{"rendered":"http:\/\/greenchalets.com\/du\/?page_id=3382"},"modified":"2026-01-21T20:09:30","modified_gmt":"2026-01-21T19:09:30","slug":"italien-ligurien-ameglia-lerici","status":"publish","type":"page","link":"https:\/\/greenchalets.com\/du\/italien-ligurien-ameglia-lerici\/","title":{"rendered":"Preise Ligurie"},"content":{"rendered":"<div class=\"fusion-fullwidth fullwidth-box fusion-builder-row-1 nonhundred-percent-fullwidth non-hundred-percent-height-scrolling\" style=\"--awb-border-radius-top-left:0px;--awb-border-radius-top-right:0px;--awb-border-radius-bottom-right:0px;--awb-border-radius-bottom-left:0px;--awb-flex-wrap:wrap;\" ><div class=\"fusion-builder-row fusion-row\"><div class=\"fusion-layout-column fusion_builder_column fusion-builder-column-0 fusion_builder_column_1_1 1_1 fusion-one-full fusion-column-first fusion-column-last\" style=\"--awb-bg-size:cover;--awb-margin-bottom:0px;\"><div class=\"fusion-column-wrapper fusion-flex-column-wrapper-legacy\">\n<div class=\"fusion-slider-revolution rev_slider_wrapper\">\t\t\t<!-- START Ligurie REVOLUTION SLIDER 6.6.20 --><p class=\"rs-p-wp-fix\"><\/p>\n\t\t\t<rs-module-wrap id=\"rev_slider_13_1_wrapper\" data-source=\"gallery\" style=\"visibility:hidden;background:transparent;padding:0;margin:0px auto;margin-top:0;margin-bottom:0;\">\n\t\t\t\t<rs-module id=\"rev_slider_13_1\" style=\"\" data-version=\"6.6.20\">\n\t\t\t\t\t<rs-slides style=\"overflow: hidden; position: absolute;\">\n\t\t\t\t\t\t<rs-slide style=\"position: absolute;\" data-key=\"rs-26\" data-title=\"Slide\" data-anim=\"r:0;\" data-in=\"o:0;\" data-out=\"a:false;\">\n\t\t\t\t\t\t\t<img decoding=\"async\" src=\"\/\/greenchalets.com\/du\/wp-content\/plugins\/revslider\/public\/assets\/assets\/dummy.png\" alt=\"\" title=\"Greenchalets-port-lerici-nw.jpg\" width=\"1600\" height=\"300\" class=\"rev-slidebg tp-rs-img rs-lazyload\" data-lazyload=\"\/\/greenchalets.com\/du\/wp-content\/uploads\/sites\/3\/revslider\/Ligurie-slider\/Greenchalets-port-lerici-nw.jpg\" data-no-retina>\n<!--\n\t\t\t\t\t\t\t--><rs-layer\n\t\t\t\t\t\t\t\tid=\"slider-13-slide-26-layer-1\" \n\t\t\t\t\t\t\t\tclass=\"boxshadow\"\n\t\t\t\t\t\t\t\tdata-type=\"text\"\n\t\t\t\t\t\t\t\tdata-color=\"rgba(255,255,255,1)\"\n\t\t\t\t\t\t\t\tdata-rsp_ch=\"on\"\n\t\t\t\t\t\t\t\tdata-xy=\"xo:98px;yo:24px;\"\n\t\t\t\t\t\t\t\tdata-text=\"w:normal;s:48;l:53;fw:600;\"\n\t\t\t\t\t\t\t\tdata-dim=\"w:209px;\"\n\t\t\t\t\t\t\t\tdata-padding=\"l:5;\"\n\t\t\t\t\t\t\t\tdata-frame_0=\"tp:600;\"\n\t\t\t\t\t\t\t\tdata-frame_1=\"tp:600;e:power2.inOut;st:500;sR:500;\"\n\t\t\t\t\t\t\t\tdata-frame_999=\"o:0;tp:600;e:nothing;st:w;sR:8200;\"\n\t\t\t\t\t\t\t\tstyle=\"z-index:5;font-family:'Arial';-moz-box-shadow:0px 0px 20px rgba(0, 0, 0, 0.5);-webkit-box-shadow:0px 0px 20px rgba(0, 0, 0, 0.5);box-shadow:0px 0px 20px rgba(0, 0, 0, 0.5);\"\n\t\t\t\t\t\t\t>LIGURIE \n\t\t\t\t\t\t\t<\/rs-layer><!--\n\n\t\t\t\t\t\t\t--><rs-layer\n\t\t\t\t\t\t\t\tid=\"slider-13-slide-26-layer-2\" \n\t\t\t\t\t\t\t\tclass=\"boxshadow\"\n\t\t\t\t\t\t\t\tdata-type=\"text\"\n\t\t\t\t\t\t\t\tdata-color=\"rgba(255,255,255,1)\"\n\t\t\t\t\t\t\t\tdata-rsp_ch=\"on\"\n\t\t\t\t\t\t\t\tdata-xy=\"xo:347px,347px,347px,245px;yo:26px,26px,26px,112px;\"\n\t\t\t\t\t\t\t\tdata-text=\"s:42;l:47;fw:900;a:center;\"\n\t\t\t\t\t\t\t\tdata-dim=\"w:293px,293px,293px,220px;\"\n\t\t\t\t\t\t\t\tdata-frame_0=\"tp:600;\"\n\t\t\t\t\t\t\t\tdata-frame_1=\"tp:600;e:power2.inOut;st:500;sR:500;\"\n\t\t\t\t\t\t\t\tdata-frame_999=\"o:0;tp:600;e:nothing;st:w;sR:8200;\"\n\t\t\t\t\t\t\t\tstyle=\"z-index:6;font-family:'Trebuchet MS', 'Helvetica', 'sans-serif';-moz-box-shadow:0px 0px 20px rgba(0, 0, 0, 0.5);-webkit-box-shadow:0px 0px 20px rgba(0, 0, 0, 0.5);box-shadow:0px 0px 20px rgba(0, 0, 0, 0.5);\"\n\t\t\t\t\t\t\t>CINQUE TERRE \n\t\t\t\t\t\t\t<\/rs-layer><!--\n-->\t\t\t\t\t\t<\/rs-slide>\n\t\t\t\t\t<\/rs-slides>\n\t\t\t\t<\/rs-module>\n\t\t\t\t<script>\n\t\t\t\t\tsetREVStartSize({c: 'rev_slider_13_1',rl:[1240,1024,778,480],el:[300,300,300,300],gw:[1600,1600,778,480],gh:[300,300,300,300],type:'standard',justify:'',layout:'fullwidth',mh:\"0\"});if (window.RS_MODULES!==undefined && window.RS_MODULES.modules!==undefined && window.RS_MODULES.modules[\"revslider131\"]!==undefined) {window.RS_MODULES.modules[\"revslider131\"].once = false;window.revapi13 = undefined;if (window.RS_MODULES.checkMinimal!==undefined) window.RS_MODULES.checkMinimal()}\n\t\t\t\t<\/script>\n\t\t\t<\/rs-module-wrap>\n\t\t\t<!-- END REVOLUTION SLIDER -->\n<\/div><div class=\"fusion-text fusion-text-1\"><\/div><div class=\"fusion-clearfix\"><\/div><\/div><\/div><div class=\"fusion-layout-column fusion_builder_column fusion-builder-column-1 fusion_builder_column_1_4 1_4 fusion-one-fourth fusion-column-first\" style=\"--awb-bg-size:cover;--awb-margin-top:30px;width:25%;width:calc(25% - ( ( 4% ) * 0.25 ) );margin-right: 4%;\"><div class=\"fusion-column-wrapper fusion-flex-column-wrapper-legacy\"><div class=\"fusion-text fusion-text-2\"><p><a href=\"https:\/\/www.facebook.com\/greenchalets\" target=\"_blank\" rel=\"noopener noreferrer\"><img decoding=\"async\" class=\"alignnone size-full wp-image-696\" src=\"https:\/\/greenchalets.com\/wp-content\/uploads\/2016\/01\/facebook.png\" alt=\"facebook\" \/><\/a><\/p>\n<\/div><div class=\"fusion-text fusion-text-3\"><p><a href=\"https:\/\/www.greenchalets.com\/du\/contact\/\"><img decoding=\"async\" class=\"alignnone size-full wp-image-5589\" src=\"https:\/\/greenchalets.com\/wp-content\/uploads\/sites\/3\/2016\/01\/ArrowDE.png\" alt=\"ArrowEN\" width=\"121\" height=\"35\" \/><\/a><\/p>\n<\/div><div class=\"fusion-widget-area awb-widget-area-element fusion-widget-area-1 fusion-content-widget-area\" style=\"--awb-title-size:13px;--awb-title-color:#318d08;--awb-padding:0px 0px 0px 0px;\"><div id=\"nav_menu-10\" class=\"widget widget_nav_menu\"><div class=\"menu-ligurien-container\"><ul id=\"menu-ligurien\" class=\"menu\"><li id=\"menu-item-3393\" class=\"menu-item menu-item-type-post_type menu-item-object-page menu-item-3393\"><a href=\"https:\/\/greenchalets.com\/du\/chalets-ligurien-cinque-terre\/\">Ameglia Ligurien Mobilheim S<\/a><\/li>\n<li id=\"menu-item-3392\" class=\"menu-item menu-item-type-post_type menu-item-object-page menu-item-3392\"><a href=\"https:\/\/greenchalets.com\/du\/camping-river-village-ameglia\/\">Camping River Village Ligurien<\/a><\/li>\n<li id=\"menu-item-3391\" class=\"menu-item menu-item-type-post_type menu-item-object-page menu-item-3391\"><a href=\"https:\/\/greenchalets.com\/du\/umgebung-ameglia-lerici-cinque-terre\/\">Umgebung  Ameglia Lerici Ligurien<\/a><\/li>\n<li id=\"menu-item-3390\" class=\"menu-item menu-item-type-post_type menu-item-object-page menu-item-3390\"><a href=\"https:\/\/greenchalets.com\/du\/lage-greenchalets-ligurien\/\">Lage Greenchalets Ligurien<\/a><\/li>\n<\/ul><\/div><\/div><div class=\"fusion-additional-widget-content\"><\/div><\/div><div class=\"fusion-text fusion-text-4\"><p><a href=\"mailto:info@greenchalets.com\"><img decoding=\"async\" class=\"alignnone size-full wp-image-677\" src=\"https:\/\/greenchalets.com\/du\/wp-content\/uploads\/sites\/3\/2016\/01\/Vragen-DU.png\" alt=\"Vragen DU\u201d width=\" height=\"35\" \/><\/a><\/p>\n<\/div><div class=\"fusion-clearfix\"><\/div><\/div><\/div><div class=\"fusion-layout-column fusion_builder_column fusion-builder-column-2 fusion_builder_column_3_4 3_4 fusion-three-fourth fusion-column-last\" style=\"--awb-bg-size:cover;--awb-margin-top:30px;width:75%;width:calc(75% - ( ( 4% ) * 0.75 ) );\"><div class=\"fusion-column-wrapper fusion-flex-column-wrapper-legacy\"><div class=\"fusion-text fusion-text-5\"><h2 style=\"text-align: center;\">ITALIEN- LIGURIEN- AMEGLIA\u00a0 LERICI<\/h2>\n<p style=\"text-align: center;\"><strong>Preise exklusive Endreinigung 75, &#8211; Euro.<\/strong><\/p>\n<p style=\"text-align: center;\"><strong>Kurtaxe 1,00 Euro pro Person und Tag (vor Ort)<\/strong><\/p>\n<p style=\"text-align: center;\"><strong>Klima optional 10,- Euro pro Tag.<\/strong><\/p>\n<p style=\"text-align: center;\"><strong>Haustiere sind auf dem Campingplatz nicht erlaubt.<\/strong><\/p>\n<p style=\"text-align: center;\"><strong>T\u00e4gliche An- und Abreise w\u00e4hrend der gesamten Saison m\u00f6glich.<\/strong><br \/>\n<strong>Mindestaufenthalt 2 N\u00e4chte.<\/strong><\/p>\n<p style=\"text-align: center;\"><strong>Fragen Sie immer nach unseren Sonderpreisen, Last Minute, Seniorenrabatt oder Stammgastrabatt.<\/strong><\/p>\n<p><strong>\u00a0 \u00a0 \u00a0 \u00a0 \u00a0 \u00a0 \u00a0 \u00a0 \u00a0 \u00a0 \u00a0 \u00a0 \u00a0 \u00a0 \u00a0 \u00a0 \u00a0 \u00a0 \u00a0 \u00a0 \u00a0 \u00a0 \u00a0 \u00a0 \u00a0 \u00a0 \u00a0 ACHTUNG! Wenn Sie im Internet einen g\u00fcnstigeren Preis finden, teilen Sie uns dies mit.<\/strong><br \/>\n<strong>\u00a0 \u00a0 \u00a0 \u00a0 \u00a0 Sie erhalten von uns ein Angebot mit 10 % Rabatt auf den niedrigsten Preis, den Sie f\u00fcr die gleiche Greenchalets-Unterkunft finden.<\/strong><\/p>\n<\/div><div class=\"fusion-text fusion-text-6\"><table width=\"578\">\n<tbody>\n<tr>\n<td width=\"99\">Ameglia River<\/td>\n<td width=\"175\">Ex TB\/ TT<\/td>\n<td width=\"158\">ex eindschoonmaak\/<\/td>\n<td width=\"146\">Mobile home Type S 4p<\/td>\n<\/tr>\n<tr>\n<td width=\"99\">2026<\/td>\n<td><\/td>\n<td width=\"158\">final cleaning.<\/td>\n<td width=\"146\">Nacht<\/td>\n<\/tr>\n<tr>\n<td width=\"99\"><\/td>\n<td><\/td>\n<td width=\"158\"><\/td>\n<td width=\"146\">Night Nuit<\/td>\n<\/tr>\n<tr>\n<td width=\"99\">\n<table>\n<tbody>\n<tr>\n<td width=\"99\"><\/td>\n<\/tr>\n<\/tbody>\n<\/table>\n<\/td>\n<td width=\"175\"><\/td>\n<td width=\"158\"><\/td>\n<td width=\"146\"><\/td>\n<\/tr>\n<tr>\n<td width=\"99\"><\/td>\n<td>3-04-26<\/td>\n<td width=\"158\">11-04-26<\/td>\n<td>\u20ac 75,00<\/td>\n<\/tr>\n<tr>\n<td width=\"99\"><\/td>\n<td width=\"175\">12-04-26<\/td>\n<td width=\"158\">24-04-26<\/td>\n<td>\u20ac 65,00<\/td>\n<\/tr>\n<tr>\n<td width=\"99\"><\/td>\n<td width=\"175\">25-04-26<\/td>\n<td width=\"158\">13-05-26<\/td>\n<td>\u20ac 65,00<\/td>\n<\/tr>\n<tr>\n<td width=\"99\"><\/td>\n<td width=\"175\">14-05-26<\/td>\n<td width=\"158\">16-05-26<\/td>\n<td>\u20ac 110,00<\/td>\n<\/tr>\n<tr>\n<td width=\"99\"><\/td>\n<td width=\"175\">17-05-26<\/td>\n<td width=\"158\">21-05-26<\/td>\n<td>\u20ac 75,00<\/td>\n<\/tr>\n<tr>\n<td width=\"99\"><\/td>\n<td width=\"175\">22-05-26<\/td>\n<td width=\"158\">25-05-26<\/td>\n<td>\u20ac 115,00<\/td>\n<\/tr>\n<tr>\n<td width=\"99\"><\/td>\n<td width=\"175\">26-05-26<\/td>\n<td width=\"158\">12-06-26<\/td>\n<td>\u20ac 65,00<\/td>\n<\/tr>\n<tr>\n<td width=\"99\"><\/td>\n<td width=\"175\">13-06-26<\/td>\n<td width=\"158\">3-07-26<\/td>\n<td>\u20ac 85,00<\/td>\n<\/tr>\n<tr>\n<td width=\"99\"><\/td>\n<td width=\"175\">4-07-26<\/td>\n<td width=\"158\">10-07-26<\/td>\n<td>\u20ac 125,00<\/td>\n<\/tr>\n<tr>\n<td width=\"99\"><\/td>\n<td width=\"175\">11-07-26<\/td>\n<td width=\"158\">29-08-26<\/td>\n<td>\u20ac 185,00<\/td>\n<\/tr>\n<tr>\n<td width=\"99\"><\/td>\n<td width=\"175\">30-08-26<\/td>\n<td width=\"158\">12-09-26<\/td>\n<td>\u20ac 75,00<\/td>\n<\/tr>\n<tr>\n<td width=\"99\"><\/td>\n<td>13-09-26<\/td>\n<td>26-09-26<\/td>\n<td>\u20ac 65,00<\/td>\n<\/tr>\n<\/tbody>\n<\/table>\n<\/div><div class=\"fusion-sep-clear\"><\/div><div class=\"fusion-separator fusion-full-width-sep\" style=\"margin-left: auto;margin-right: auto;margin-top:10px;margin-bottom:10px;width:100%;\"><\/div><div class=\"fusion-sep-clear\"><\/div><div class=\"fusion-text fusion-text-7\"><p style=\"text-align: center;\">Erschwingliche Fl\u00fcge unter anderem aus Deutschland ab 23 \u20ac pP Hin- und R\u00fcckflug nach Pisa.<\/p>\n<\/div><div class=\"fusion-clearfix\"><\/div><\/div><\/div><\/div><\/div>\n","protected":false},"excerpt":{"rendered":"","protected":false},"author":3,"featured_media":0,"parent":0,"menu_order":0,"comment_status":"closed","ping_status":"closed","template":"","meta":{"footnotes":""},"class_list":["post-3382","page","type-page","status-publish","hentry"],"yoast_head":"<!-- This site is optimized with the Yoast SEO plugin v27.4 - https:\/\/yoast.com\/product\/yoast-seo-wordpress\/ -->\n<title>ITALIEN- LIGURIEN- AMEGLIA\u00a0 LERICI Greenchalets<\/title>\n<meta name=\"description\" content=\"ITALIEN- LIGURIEN- AMEGLIA\u00a0 LERICI Greenchalets Camping River - village Liguria-CinqueTerre, einem gem\u00fctlichen italienischen 3-Sterne-Campingplatz\" \/>\n<meta name=\"robots\" content=\"index, follow, max-snippet:-1, max-image-preview:large, max-video-preview:-1\" \/>\n<link rel=\"canonical\" href=\"https:\/\/greenchalets.com\/du\/italien-ligurien-ameglia-lerici\/\" \/>\n<meta property=\"og:locale\" content=\"nl_NL\" \/>\n<meta property=\"og:type\" content=\"article\" \/>\n<meta property=\"og:title\" content=\"ITALIEN- LIGURIEN- AMEGLIA\u00a0 LERICI Greenchalets\" \/>\n<meta property=\"og:description\" content=\"ITALIEN- LIGURIEN- AMEGLIA\u00a0 LERICI Greenchalets Camping River - village Liguria-CinqueTerre, einem gem\u00fctlichen italienischen 3-Sterne-Campingplatz\" \/>\n<meta property=\"og:url\" content=\"https:\/\/greenchalets.com\/du\/italien-ligurien-ameglia-lerici\/\" \/>\n<meta property=\"og:site_name\" content=\"Greenchalets DU\" \/>\n<meta property=\"article:modified_time\" content=\"2026-01-21T19:09:30+00:00\" \/>\n<meta name=\"twitter:card\" content=\"summary_large_image\" \/>\n<meta name=\"twitter:label1\" content=\"Geschatte leestijd\" \/>\n\t<meta name=\"twitter:data1\" content=\"2 minuten\" \/>\n<script type=\"application\/ld+json\" class=\"yoast-schema-graph\">{\"@context\":\"https:\\\/\\\/schema.org\",\"@graph\":[{\"@type\":\"WebPage\",\"@id\":\"https:\\\/\\\/greenchalets.com\\\/du\\\/italien-ligurien-ameglia-lerici\\\/\",\"url\":\"https:\\\/\\\/greenchalets.com\\\/du\\\/italien-ligurien-ameglia-lerici\\\/\",\"name\":\"ITALIEN- LIGURIEN- AMEGLIA\u00a0 LERICI Greenchalets\",\"isPartOf\":{\"@id\":\"https:\\\/\\\/greenchalets.com\\\/du\\\/#website\"},\"primaryImageOfPage\":{\"@id\":\"https:\\\/\\\/greenchalets.com\\\/du\\\/italien-ligurien-ameglia-lerici\\\/#primaryimage\"},\"image\":{\"@id\":\"https:\\\/\\\/greenchalets.com\\\/du\\\/italien-ligurien-ameglia-lerici\\\/#primaryimage\"},\"thumbnailUrl\":\"https:\\\/\\\/greenchalets.com\\\/wp-content\\\/uploads\\\/2016\\\/01\\\/facebook.png\",\"datePublished\":\"2019-10-29T23:31:10+00:00\",\"dateModified\":\"2026-01-21T19:09:30+00:00\",\"description\":\"ITALIEN- LIGURIEN- AMEGLIA\u00a0 LERICI Greenchalets Camping River - village Liguria-CinqueTerre, einem gem\u00fctlichen italienischen 3-Sterne-Campingplatz\",\"breadcrumb\":{\"@id\":\"https:\\\/\\\/greenchalets.com\\\/du\\\/italien-ligurien-ameglia-lerici\\\/#breadcrumb\"},\"inLanguage\":\"nl-NL\",\"potentialAction\":[{\"@type\":\"ReadAction\",\"target\":[\"https:\\\/\\\/greenchalets.com\\\/du\\\/italien-ligurien-ameglia-lerici\\\/\"]}]},{\"@type\":\"ImageObject\",\"inLanguage\":\"nl-NL\",\"@id\":\"https:\\\/\\\/greenchalets.com\\\/du\\\/italien-ligurien-ameglia-lerici\\\/#primaryimage\",\"url\":\"https:\\\/\\\/greenchalets.com\\\/wp-content\\\/uploads\\\/2016\\\/01\\\/facebook.png\",\"contentUrl\":\"https:\\\/\\\/greenchalets.com\\\/wp-content\\\/uploads\\\/2016\\\/01\\\/facebook.png\"},{\"@type\":\"BreadcrumbList\",\"@id\":\"https:\\\/\\\/greenchalets.com\\\/du\\\/italien-ligurien-ameglia-lerici\\\/#breadcrumb\",\"itemListElement\":[{\"@type\":\"ListItem\",\"position\":1,\"name\":\"Home\",\"item\":\"https:\\\/\\\/greenchalets.com\\\/du\\\/\"},{\"@type\":\"ListItem\",\"position\":2,\"name\":\"Preise Ligurie\"}]},{\"@type\":\"WebSite\",\"@id\":\"https:\\\/\\\/greenchalets.com\\\/du\\\/#website\",\"url\":\"https:\\\/\\\/greenchalets.com\\\/du\\\/\",\"name\":\"Greenchalets DU\",\"description\":\"Greenchalets Mobilheime, Campingurlaub\",\"potentialAction\":[{\"@type\":\"SearchAction\",\"target\":{\"@type\":\"EntryPoint\",\"urlTemplate\":\"https:\\\/\\\/greenchalets.com\\\/du\\\/?s={search_term_string}\"},\"query-input\":{\"@type\":\"PropertyValueSpecification\",\"valueRequired\":true,\"valueName\":\"search_term_string\"}}],\"inLanguage\":\"nl-NL\"}]}<\/script>\n<!-- \/ Yoast SEO plugin. -->","yoast_head_json":{"title":"ITALIEN- LIGURIEN- AMEGLIA\u00a0 LERICI Greenchalets","description":"ITALIEN- LIGURIEN- AMEGLIA\u00a0 LERICI Greenchalets Camping River - village Liguria-CinqueTerre, einem gem\u00fctlichen italienischen 3-Sterne-Campingplatz","robots":{"index":"index","follow":"follow","max-snippet":"max-snippet:-1","max-image-preview":"max-image-preview:large","max-video-preview":"max-video-preview:-1"},"canonical":"https:\/\/greenchalets.com\/du\/italien-ligurien-ameglia-lerici\/","og_locale":"nl_NL","og_type":"article","og_title":"ITALIEN- LIGURIEN- AMEGLIA\u00a0 LERICI Greenchalets","og_description":"ITALIEN- LIGURIEN- AMEGLIA\u00a0 LERICI Greenchalets Camping River - village Liguria-CinqueTerre, einem gem\u00fctlichen italienischen 3-Sterne-Campingplatz","og_url":"https:\/\/greenchalets.com\/du\/italien-ligurien-ameglia-lerici\/","og_site_name":"Greenchalets DU","article_modified_time":"2026-01-21T19:09:30+00:00","twitter_card":"summary_large_image","twitter_misc":{"Geschatte leestijd":"2 minuten"},"schema":{"@context":"https:\/\/schema.org","@graph":[{"@type":"WebPage","@id":"https:\/\/greenchalets.com\/du\/italien-ligurien-ameglia-lerici\/","url":"https:\/\/greenchalets.com\/du\/italien-ligurien-ameglia-lerici\/","name":"ITALIEN- LIGURIEN- AMEGLIA\u00a0 LERICI Greenchalets","isPartOf":{"@id":"https:\/\/greenchalets.com\/du\/#website"},"primaryImageOfPage":{"@id":"https:\/\/greenchalets.com\/du\/italien-ligurien-ameglia-lerici\/#primaryimage"},"image":{"@id":"https:\/\/greenchalets.com\/du\/italien-ligurien-ameglia-lerici\/#primaryimage"},"thumbnailUrl":"https:\/\/greenchalets.com\/wp-content\/uploads\/2016\/01\/facebook.png","datePublished":"2019-10-29T23:31:10+00:00","dateModified":"2026-01-21T19:09:30+00:00","description":"ITALIEN- LIGURIEN- AMEGLIA\u00a0 LERICI Greenchalets Camping River - village Liguria-CinqueTerre, einem gem\u00fctlichen italienischen 3-Sterne-Campingplatz","breadcrumb":{"@id":"https:\/\/greenchalets.com\/du\/italien-ligurien-ameglia-lerici\/#breadcrumb"},"inLanguage":"nl-NL","potentialAction":[{"@type":"ReadAction","target":["https:\/\/greenchalets.com\/du\/italien-ligurien-ameglia-lerici\/"]}]},{"@type":"ImageObject","inLanguage":"nl-NL","@id":"https:\/\/greenchalets.com\/du\/italien-ligurien-ameglia-lerici\/#primaryimage","url":"https:\/\/greenchalets.com\/wp-content\/uploads\/2016\/01\/facebook.png","contentUrl":"https:\/\/greenchalets.com\/wp-content\/uploads\/2016\/01\/facebook.png"},{"@type":"BreadcrumbList","@id":"https:\/\/greenchalets.com\/du\/italien-ligurien-ameglia-lerici\/#breadcrumb","itemListElement":[{"@type":"ListItem","position":1,"name":"Home","item":"https:\/\/greenchalets.com\/du\/"},{"@type":"ListItem","position":2,"name":"Preise Ligurie"}]},{"@type":"WebSite","@id":"https:\/\/greenchalets.com\/du\/#website","url":"https:\/\/greenchalets.com\/du\/","name":"Greenchalets DU","description":"Greenchalets Mobilheime, Campingurlaub","potentialAction":[{"@type":"SearchAction","target":{"@type":"EntryPoint","urlTemplate":"https:\/\/greenchalets.com\/du\/?s={search_term_string}"},"query-input":{"@type":"PropertyValueSpecification","valueRequired":true,"valueName":"search_term_string"}}],"inLanguage":"nl-NL"}]}},"_links":{"self":[{"href":"https:\/\/greenchalets.com\/du\/wp-json\/wp\/v2\/pages\/3382","targetHints":{"allow":["GET"]}}],"collection":[{"href":"https:\/\/greenchalets.com\/du\/wp-json\/wp\/v2\/pages"}],"about":[{"href":"https:\/\/greenchalets.com\/du\/wp-json\/wp\/v2\/types\/page"}],"author":[{"embeddable":true,"href":"https:\/\/greenchalets.com\/du\/wp-json\/wp\/v2\/users\/3"}],"replies":[{"embeddable":true,"href":"https:\/\/greenchalets.com\/du\/wp-json\/wp\/v2\/comments?post=3382"}],"version-history":[{"count":0,"href":"https:\/\/greenchalets.com\/du\/wp-json\/wp\/v2\/pages\/3382\/revisions"}],"wp:attachment":[{"href":"https:\/\/greenchalets.com\/du\/wp-json\/wp\/v2\/media?parent=3382"}],"curies":[{"name":"wp","href":"https:\/\/api.w.org\/{rel}","templated":true}]}}