{"id":3368,"date":"2019-10-30T00:23:48","date_gmt":"2019-10-29T23:23:48","guid":{"rendered":"http:\/\/greenchalets.com\/du\/?page_id=3368"},"modified":"2025-06-07T17:32:17","modified_gmt":"2025-06-07T16:32:17","slug":"camping-river-village-ameglia","status":"publish","type":"page","link":"https:\/\/greenchalets.com\/du\/camping-river-village-ameglia\/","title":{"rendered":"Camping River Village Ligurien"},"content":{"rendered":"<div class=\"fusion-fullwidth fullwidth-box fusion-builder-row-1 nonhundred-percent-fullwidth non-hundred-percent-height-scrolling\" style=\"--awb-border-radius-top-left:0px;--awb-border-radius-top-right:0px;--awb-border-radius-bottom-right:0px;--awb-border-radius-bottom-left:0px;--awb-flex-wrap:wrap;\" ><div class=\"fusion-builder-row fusion-row\"><div class=\"fusion-layout-column fusion_builder_column fusion-builder-column-0 fusion_builder_column_1_1 1_1 fusion-one-full fusion-column-first fusion-column-last\" style=\"--awb-bg-size:cover;--awb-margin-bottom:0px;\"><div class=\"fusion-column-wrapper fusion-flex-column-wrapper-legacy\">\n<div class=\"fusion-slider-revolution rev_slider_wrapper\">\t\t\t<!-- START Ligurie REVOLUTION SLIDER 6.6.20 --><p class=\"rs-p-wp-fix\"><\/p>\n\t\t\t<rs-module-wrap id=\"rev_slider_13_1_wrapper\" data-source=\"gallery\" style=\"visibility:hidden;background:transparent;padding:0;margin:0px auto;margin-top:0;margin-bottom:0;\">\n\t\t\t\t<rs-module id=\"rev_slider_13_1\" style=\"\" data-version=\"6.6.20\">\n\t\t\t\t\t<rs-slides style=\"overflow: hidden; position: absolute;\">\n\t\t\t\t\t\t<rs-slide style=\"position: absolute;\" data-key=\"rs-26\" data-title=\"Slide\" data-anim=\"r:0;\" data-in=\"o:0;\" data-out=\"a:false;\">\n\t\t\t\t\t\t\t<img decoding=\"async\" src=\"\/\/greenchalets.com\/du\/wp-content\/plugins\/revslider\/public\/assets\/assets\/dummy.png\" alt=\"\" title=\"Greenchalets-port-lerici-nw.jpg\" width=\"1600\" height=\"300\" class=\"rev-slidebg tp-rs-img rs-lazyload\" data-lazyload=\"\/\/greenchalets.com\/du\/wp-content\/uploads\/sites\/3\/revslider\/Ligurie-slider\/Greenchalets-port-lerici-nw.jpg\" data-no-retina>\n<!--\n\t\t\t\t\t\t\t--><rs-layer\n\t\t\t\t\t\t\t\tid=\"slider-13-slide-26-layer-1\" \n\t\t\t\t\t\t\t\tclass=\"boxshadow\"\n\t\t\t\t\t\t\t\tdata-type=\"text\"\n\t\t\t\t\t\t\t\tdata-color=\"rgba(255,255,255,1)\"\n\t\t\t\t\t\t\t\tdata-rsp_ch=\"on\"\n\t\t\t\t\t\t\t\tdata-xy=\"xo:98px;yo:24px;\"\n\t\t\t\t\t\t\t\tdata-text=\"w:normal;s:48;l:53;fw:600;\"\n\t\t\t\t\t\t\t\tdata-dim=\"w:209px;\"\n\t\t\t\t\t\t\t\tdata-padding=\"l:5;\"\n\t\t\t\t\t\t\t\tdata-frame_0=\"tp:600;\"\n\t\t\t\t\t\t\t\tdata-frame_1=\"tp:600;e:power2.inOut;st:500;sR:500;\"\n\t\t\t\t\t\t\t\tdata-frame_999=\"o:0;tp:600;e:nothing;st:w;sR:8200;\"\n\t\t\t\t\t\t\t\tstyle=\"z-index:5;font-family:'Arial';-moz-box-shadow:0px 0px 20px rgba(0, 0, 0, 0.5);-webkit-box-shadow:0px 0px 20px rgba(0, 0, 0, 0.5);box-shadow:0px 0px 20px rgba(0, 0, 0, 0.5);\"\n\t\t\t\t\t\t\t>LIGURIE \n\t\t\t\t\t\t\t<\/rs-layer><!--\n\n\t\t\t\t\t\t\t--><rs-layer\n\t\t\t\t\t\t\t\tid=\"slider-13-slide-26-layer-2\" \n\t\t\t\t\t\t\t\tclass=\"boxshadow\"\n\t\t\t\t\t\t\t\tdata-type=\"text\"\n\t\t\t\t\t\t\t\tdata-color=\"rgba(255,255,255,1)\"\n\t\t\t\t\t\t\t\tdata-rsp_ch=\"on\"\n\t\t\t\t\t\t\t\tdata-xy=\"xo:347px,347px,347px,245px;yo:26px,26px,26px,112px;\"\n\t\t\t\t\t\t\t\tdata-text=\"s:42;l:47;fw:900;a:center;\"\n\t\t\t\t\t\t\t\tdata-dim=\"w:293px,293px,293px,220px;\"\n\t\t\t\t\t\t\t\tdata-frame_0=\"tp:600;\"\n\t\t\t\t\t\t\t\tdata-frame_1=\"tp:600;e:power2.inOut;st:500;sR:500;\"\n\t\t\t\t\t\t\t\tdata-frame_999=\"o:0;tp:600;e:nothing;st:w;sR:8200;\"\n\t\t\t\t\t\t\t\tstyle=\"z-index:6;font-family:'Trebuchet MS', 'Helvetica', 'sans-serif';-moz-box-shadow:0px 0px 20px rgba(0, 0, 0, 0.5);-webkit-box-shadow:0px 0px 20px rgba(0, 0, 0, 0.5);box-shadow:0px 0px 20px rgba(0, 0, 0, 0.5);\"\n\t\t\t\t\t\t\t>CINQUE TERRE \n\t\t\t\t\t\t\t<\/rs-layer><!--\n-->\t\t\t\t\t\t<\/rs-slide>\n\t\t\t\t\t<\/rs-slides>\n\t\t\t\t<\/rs-module>\n\t\t\t\t<script>\n\t\t\t\t\tsetREVStartSize({c: 'rev_slider_13_1',rl:[1240,1024,778,480],el:[300,300,300,300],gw:[1600,1600,778,480],gh:[300,300,300,300],type:'standard',justify:'',layout:'fullwidth',mh:\"0\"});if (window.RS_MODULES!==undefined && window.RS_MODULES.modules!==undefined && window.RS_MODULES.modules[\"revslider131\"]!==undefined) {window.RS_MODULES.modules[\"revslider131\"].once = false;window.revapi13 = undefined;if (window.RS_MODULES.checkMinimal!==undefined) window.RS_MODULES.checkMinimal()}\n\t\t\t\t<\/script>\n\t\t\t<\/rs-module-wrap>\n\t\t\t<!-- END REVOLUTION SLIDER -->\n<\/div><div class=\"fusion-clearfix\"><\/div><\/div><\/div><div class=\"fusion-layout-column fusion_builder_column fusion-builder-column-1 fusion_builder_column_1_5 1_5 fusion-one-fifth fusion-column-first\" style=\"--awb-bg-size:cover;--awb-margin-top:30px;width:20%;width:calc(20% - ( ( 4% + 4% + 4% + 4% ) * 0.2 ) );margin-right: 4%;\"><div class=\"fusion-column-wrapper fusion-flex-column-wrapper-legacy\"><div class=\"fusion-image-element in-legacy-container\" style=\"--awb-caption-title-font-family:var(--h2_typography-font-family);--awb-caption-title-font-weight:var(--h2_typography-font-weight);--awb-caption-title-font-style:var(--h2_typography-font-style);--awb-caption-title-size:var(--h2_typography-font-size);--awb-caption-title-transform:var(--h2_typography-text-transform);--awb-caption-title-line-height:var(--h2_typography-line-height);--awb-caption-title-letter-spacing:var(--h2_typography-letter-spacing);\"><span class=\" fusion-imageframe imageframe-dropshadow imageframe-1 hover-type-none\" style=\"-webkit-box-shadow: 3px 3px 7px rgba(0,0,0,0.3);box-shadow: 3px 3px 7px rgba(0,0,0,0.3);\"><a href=\"https:\/\/greenchalets.com\/wp-content\/uploads\/2019\/10\/greenchalets-camping-river-entreebord-ws-300x300.jpg\" class=\"fusion-lightbox\" data-rel=\"iLightbox[c2af5b70abea00c7782]\"><img decoding=\"async\" src=\"https:\/\/greenchalets.com\/wp-content\/uploads\/2019\/10\/greenchalets-camping-river-entreebord-ws-300x200.jpg\" alt class=\"img-responsive\"\/><\/a><\/span><\/div><div class=\"fusion-clearfix\"><\/div><\/div><\/div><div class=\"fusion-layout-column fusion_builder_column fusion-builder-column-2 fusion_builder_column_1_5 1_5 fusion-one-fifth\" style=\"--awb-bg-size:cover;--awb-margin-top:30px;width:20%;width:calc(20% - ( ( 4% + 4% + 4% + 4% ) * 0.2 ) );margin-right: 4%;\"><div class=\"fusion-column-wrapper fusion-flex-column-wrapper-legacy\"><div class=\"fusion-image-element in-legacy-container\" style=\"--awb-caption-title-font-family:var(--h2_typography-font-family);--awb-caption-title-font-weight:var(--h2_typography-font-weight);--awb-caption-title-font-style:var(--h2_typography-font-style);--awb-caption-title-size:var(--h2_typography-font-size);--awb-caption-title-transform:var(--h2_typography-text-transform);--awb-caption-title-line-height:var(--h2_typography-line-height);--awb-caption-title-letter-spacing:var(--h2_typography-letter-spacing);\"><span class=\" fusion-imageframe imageframe-dropshadow imageframe-2 hover-type-none\" style=\"-webkit-box-shadow: 3px 3px 7px rgba(0,0,0,0.3);box-shadow: 3px 3px 7px rgba(0,0,0,0.3);\"><a href=\"https:\/\/greenchalets.com\/wp-content\/uploads\/2019\/10\/ameglia-zwembad-luchtfoto-300x169.jpg\" class=\"fusion-lightbox\" data-rel=\"iLightbox[f338eefa8eb1fd35871]\" title=\"ameglia-zwembad-ws\"><img decoding=\"async\" width=\"1200\" height=\"800\" src=\"https:\/\/greenchalets.com\/du\/wp-content\/uploads\/sites\/3\/2020\/03\/ameglia-zwembad-ws.jpg\" alt class=\"img-responsive wp-image-3685\" srcset=\"https:\/\/greenchalets.com\/du\/wp-content\/uploads\/sites\/3\/2020\/03\/ameglia-zwembad-ws-200x133.jpg 200w, https:\/\/greenchalets.com\/du\/wp-content\/uploads\/sites\/3\/2020\/03\/ameglia-zwembad-ws-400x267.jpg 400w, https:\/\/greenchalets.com\/du\/wp-content\/uploads\/sites\/3\/2020\/03\/ameglia-zwembad-ws-600x400.jpg 600w, https:\/\/greenchalets.com\/du\/wp-content\/uploads\/sites\/3\/2020\/03\/ameglia-zwembad-ws-800x533.jpg 800w, https:\/\/greenchalets.com\/du\/wp-content\/uploads\/sites\/3\/2020\/03\/ameglia-zwembad-ws.jpg 1200w\" sizes=\"(max-width: 800px) 100vw, 1200px\" \/><\/a><\/span><\/div><div class=\"fusion-clearfix\"><\/div><\/div><\/div><div class=\"fusion-layout-column fusion_builder_column fusion-builder-column-3 fusion_builder_column_1_5 1_5 fusion-one-fifth\" style=\"--awb-bg-size:cover;--awb-margin-top:30px;width:20%;width:calc(20% - ( ( 4% + 4% + 4% + 4% ) * 0.2 ) );margin-right: 4%;\"><div class=\"fusion-column-wrapper fusion-flex-column-wrapper-legacy\"><div class=\"fusion-image-element in-legacy-container\" style=\"--awb-caption-title-font-family:var(--h2_typography-font-family);--awb-caption-title-font-weight:var(--h2_typography-font-weight);--awb-caption-title-font-style:var(--h2_typography-font-style);--awb-caption-title-size:var(--h2_typography-font-size);--awb-caption-title-transform:var(--h2_typography-text-transform);--awb-caption-title-line-height:var(--h2_typography-line-height);--awb-caption-title-letter-spacing:var(--h2_typography-letter-spacing);\"><span class=\" fusion-imageframe imageframe-dropshadow imageframe-3 hover-type-none\" style=\"-webkit-box-shadow: 3px 3px 7px rgba(0,0,0,0.3);box-shadow: 3px 3px 7px rgba(0,0,0,0.3);\"><a href=\"https:\/\/greenchalets.com\/wp-content\/uploads\/2019\/10\/greenchalets-camping-river-receptie-300x209.jpg\" class=\"fusion-lightbox\" data-rel=\"iLightbox[8be704876e9e9488442]\"><img decoding=\"async\" src=\"https:\/\/greenchalets.com\/wp-content\/uploads\/2019\/10\/greenchalets-camping-river-receptie-ws-300x200.jpg\" alt class=\"img-responsive\"\/><\/a><\/span><\/div><div class=\"fusion-clearfix\"><\/div><\/div><\/div><div class=\"fusion-layout-column fusion_builder_column fusion-builder-column-4 fusion_builder_column_1_5 1_5 fusion-one-fifth\" style=\"--awb-bg-size:cover;--awb-margin-top:30px;width:20%;width:calc(20% - ( ( 4% + 4% + 4% + 4% ) * 0.2 ) );margin-right: 4%;\"><div class=\"fusion-column-wrapper fusion-flex-column-wrapper-legacy\"><div class=\"fusion-image-element in-legacy-container\" style=\"--awb-caption-title-font-family:var(--h2_typography-font-family);--awb-caption-title-font-weight:var(--h2_typography-font-weight);--awb-caption-title-font-style:var(--h2_typography-font-style);--awb-caption-title-size:var(--h2_typography-font-size);--awb-caption-title-transform:var(--h2_typography-text-transform);--awb-caption-title-line-height:var(--h2_typography-line-height);--awb-caption-title-letter-spacing:var(--h2_typography-letter-spacing);\"><span class=\" fusion-imageframe imageframe-dropshadow imageframe-4 hover-type-none\" style=\"-webkit-box-shadow: 3px 3px 7px rgba(0,0,0,0.3);box-shadow: 3px 3px 7px rgba(0,0,0,0.3);\"><a href=\"https:\/\/greenchalets.com\/wp-content\/uploads\/2019\/10\/greenchalets-camping-ameglia-restaurant-300x225.jpg\" class=\"fusion-lightbox\" data-rel=\"iLightbox[e39fa75776e38c2244b]\"><img decoding=\"async\" src=\"https:\/\/greenchalets.com\/wp-content\/uploads\/2019\/10\/greenchalets-camping-ameglia-restaurant-ws-1-300x200.jpg\" alt class=\"img-responsive\"\/><\/a><\/span><\/div><div class=\"fusion-clearfix\"><\/div><\/div><\/div><div class=\"fusion-layout-column fusion_builder_column fusion-builder-column-5 fusion_builder_column_1_5 1_5 fusion-one-fifth fusion-column-last\" style=\"--awb-bg-size:cover;--awb-margin-top:30px;width:20%;width:calc(20% - ( ( 4% + 4% + 4% + 4% ) * 0.2 ) );\"><div class=\"fusion-column-wrapper fusion-flex-column-wrapper-legacy\"><div class=\"fusion-image-element in-legacy-container\" style=\"--awb-caption-title-font-family:var(--h2_typography-font-family);--awb-caption-title-font-weight:var(--h2_typography-font-weight);--awb-caption-title-font-style:var(--h2_typography-font-style);--awb-caption-title-size:var(--h2_typography-font-size);--awb-caption-title-transform:var(--h2_typography-text-transform);--awb-caption-title-line-height:var(--h2_typography-line-height);--awb-caption-title-letter-spacing:var(--h2_typography-letter-spacing);\"><span class=\" fusion-imageframe imageframe-dropshadow imageframe-5 hover-type-none\" style=\"-webkit-box-shadow: 3px 3px 7px rgba(0,0,0,0.3);box-shadow: 3px 3px 7px rgba(0,0,0,0.3);\"><a href=\"https:\/\/greenchalets.com\/wp-content\/uploads\/2019\/10\/greenchalets-camping-river-camping-veld-300x225.jpg\" class=\"fusion-lightbox\" data-rel=\"iLightbox[b37c9b2f06f8b4b3abb]\"><img decoding=\"async\" src=\"https:\/\/greenchalets.com\/wp-content\/uploads\/2019\/10\/greenchalets-camping-river-camping-veld-ws-1-300x200.jpg\" alt class=\"img-responsive\"\/><\/a><\/span><\/div><div class=\"fusion-clearfix\"><\/div><\/div><\/div><div class=\"fusion-layout-column fusion_builder_column fusion-builder-column-6 fusion_builder_column_1_4 1_4 fusion-one-fourth fusion-column-first\" style=\"--awb-bg-size:cover;width:25%;width:calc(25% - ( ( 4% ) * 0.25 ) );margin-right: 4%;\"><div class=\"fusion-column-wrapper fusion-flex-column-wrapper-legacy\"><div class=\"fusion-text fusion-text-1\"><p><a href=\"https:\/\/www.facebook.com\/greenchalets\" target=\"_blank\" rel=\"noopener noreferrer\"><img decoding=\"async\" class=\"alignnone size-full wp-image-696\" src=\"https:\/\/greenchalets.com\/wp-content\/uploads\/2016\/01\/facebook.png\" alt=\"facebook\" \/><\/a><\/p>\n<\/div><div class=\"fusion-text fusion-text-2\"><p><a href=\"https:\/\/greenchalets.com\/du\/italien-ligurien-ameglia-lerici\/\"><img decoding=\"async\" class=\"alignnone wp-image-5589 size-full\" src=\"https:\/\/greenchalets.com\/wp-content\/uploads\/sites\/3\/2016\/01\/ArrowDE-Preise.png\" alt=\"ArrowNL\" width=\"121\" height=\"35\" \/><\/a><\/p>\n<p><a href=\"https:\/\/www.greenchalets.com\/du\/contact\/\"><img decoding=\"async\" class=\"alignnone size-full wp-image-5589\" src=\"https:\/\/greenchalets.com\/wp-content\/uploads\/sites\/3\/2016\/01\/ArrowDE.png\" alt=\"ArrowEN\" width=\"121\" height=\"35\" \/><\/a><\/p>\n<\/div><div class=\"fusion-widget-area awb-widget-area-element fusion-widget-area-1 fusion-content-widget-area\" style=\"--awb-title-size:13px;--awb-title-color:#318d08;--awb-padding:0px 0px 0px 0px;\"><div id=\"nav_menu-10\" class=\"widget widget_nav_menu\"><div class=\"menu-ligurien-container\"><ul id=\"menu-ligurien\" class=\"menu\"><li id=\"menu-item-3393\" class=\"menu-item menu-item-type-post_type menu-item-object-page menu-item-3393\"><a href=\"https:\/\/greenchalets.com\/du\/chalets-ligurien-cinque-terre\/\">Ameglia Ligurien Mobilheim S<\/a><\/li>\n<li id=\"menu-item-3392\" class=\"menu-item menu-item-type-post_type menu-item-object-page menu-item-3392\"><a href=\"https:\/\/greenchalets.com\/du\/camping-river-village-ameglia\/\">Camping River Village Ligurien<\/a><\/li>\n<li id=\"menu-item-3391\" class=\"menu-item menu-item-type-post_type menu-item-object-page menu-item-3391\"><a href=\"https:\/\/greenchalets.com\/du\/umgebung-ameglia-lerici-cinque-terre\/\">Umgebung  Ameglia Lerici Ligurien<\/a><\/li>\n<li id=\"menu-item-3390\" class=\"menu-item menu-item-type-post_type menu-item-object-page menu-item-3390\"><a href=\"https:\/\/greenchalets.com\/du\/lage-greenchalets-ligurien\/\">Lage Greenchalets Ligurien<\/a><\/li>\n<\/ul><\/div><\/div><div class=\"fusion-additional-widget-content\"><\/div><\/div><div class=\"fusion-clearfix\"><\/div><\/div><\/div><div class=\"fusion-layout-column fusion_builder_column fusion-builder-column-7 fusion_builder_column_2_3 2_3 fusion-two-third fusion-column-last\" style=\"--awb-bg-size:cover;width:66.666666666667%;width:calc(66.666666666667% - ( ( 4% ) * 0.66666666666667 ) );\"><div class=\"fusion-column-wrapper fusion-flex-column-wrapper-legacy\"><div class=\"fusion-text fusion-text-3\"><h1>GREENCHALETS CAMPING RIVER VILLAGE AMEGLIA LERICI<\/h1>\n<\/div><div class=\"fusion-builder-row fusion-builder-row-inner fusion-row\"><div class=\"fusion-layout-column fusion_builder_column_inner fusion-builder-nested-column-0 fusion_builder_column_inner_1_2 1_2 fusion-one-half fusion-column-first\" style=\"--awb-bg-size:cover;width:50%;width:calc(50% - ( ( 4% ) * 0.5 ) );margin-right: 4%;\"><div class=\"fusion-column-wrapper fusion-flex-column-wrapper-legacy\"><div class=\"fusion-text fusion-text-4\"><p>Bei Greenchalets Camping River &#8211; village Liguria-CinqueTerre, einem gem\u00fctlichen italienischen 3-Sterne-Campingplatz, vermieten wir verschiedene Mobilheime \/ Chalets. Alle Unterk\u00fcnfte mit \u00fcberdachter Veranda. Dar\u00fcber hinaus befindet es sich nur 5 km von der sch\u00f6nen Lerici. Unsere Mobilheime befinden sich in ruhiger Lage und sind auf dem gesamten Campingplatz verteilt. Der Campingplatz hat fast 300 Stellpl\u00e4tze und liegt direkt am Fluss.<\/p>\n<p>Der Familien Camping ist f\u00fcr Jung und Alt geeignet.<\/p>\n<p>Das Ferienpark liegt perfekt an der Grenze zwischen Ligurien und der Toskana, etwa 3 km von den Sandstr\u00e4nden am Mittelmeer entfernt. Zus\u00e4tzlich hat de Familien Camping auch einen eigenen Hafen und eine Slipanlage f\u00fcr Ihr Boot.<\/p>\n<p>Vom fr\u00fchen Fr\u00fchling bis zum sp\u00e4ten Herbst k\u00f6nnen Sie die wunderbar angenehmen Temperaturen, die Ruhe und die Umgebung genie\u00dfen.<\/p>\n<\/div><div class=\"fusion-clearfix\"><\/div><\/div><\/div><div class=\"fusion-layout-column fusion_builder_column_inner fusion-builder-nested-column-1 fusion_builder_column_inner_1_2 1_2 fusion-one-half fusion-column-last\" style=\"--awb-bg-size:cover;width:50%;width:calc(50% - ( ( 4% ) * 0.5 ) );\"><div class=\"fusion-column-wrapper fusion-flex-column-wrapper-legacy\"><div class=\"fusion-text fusion-text-5\"><p>Die zentrale Lage von Greenchalets Camping River Ligurien-Cinque Terre erm\u00f6glicht auch verschiedene Tagesausfl\u00fcge, wie Pisa &#8211; Florenz &#8211; Lucca &#8211; Cinque Terre &#8211; Lerici und Sarzana.<\/p>\n<p>Der CAMPING RIVER VILLAGE AMEGLIA hat auch noch:<\/p>\n<p>Rezeption (italienisch, englisch und deutsch sprechend) &#8211; zwei gro\u00dfe Swimmingpools &#8211; Volleyball- und Fu\u00dfballplatz &#8211; Petanque-Platz &#8211; Spielplatz &#8211; Disco &#8211; Animationsteam in der Hochsaison &#8211; Restaurant (Pizzeria) &#8211; kleiner Supermarkt &#8211; WIFI-Internetanschluss &#8211; Waschmaschinen &#8211; Eigener Hafen mit Auffahrrampe und Ger\u00fcst. Au\u00dferdem wird der Campingplatz ab 2020 Boote vermieten, mit denen unsere G\u00e4ste aufs Meer hinausfahren k\u00f6nnen.<\/p>\n<\/div><div class=\"fusion-clearfix\"><\/div><\/div><\/div><\/div><div class=\"fusion-clearfix\"><\/div><\/div><\/div><\/div><\/div>\n","protected":false},"excerpt":{"rendered":"","protected":false},"author":3,"featured_media":0,"parent":0,"menu_order":0,"comment_status":"closed","ping_status":"closed","template":"","meta":{"footnotes":""},"class_list":["post-3368","page","type-page","status-publish","hentry"],"yoast_head":"<!-- This site is optimized with the Yoast SEO plugin v27.3 - https:\/\/yoast.com\/product\/yoast-seo-wordpress\/ -->\n<title>CAMPING RIVER VILLAGE AMEGLIA Greenchalets<\/title>\n<meta name=\"description\" content=\"CAMPING RIVER VILLAGE AMEGLIA CinqueTerre, gem\u00fctlichen italienischen 3-Sterne-Campingplatz, vermieten wir Mobilheime \/ Chalets mit \u00fcberdachter Veranda.\" \/>\n<meta name=\"robots\" content=\"index, follow, max-snippet:-1, max-image-preview:large, max-video-preview:-1\" \/>\n<link rel=\"canonical\" href=\"https:\/\/greenchalets.com\/du\/camping-river-village-ameglia\/\" \/>\n<meta property=\"og:locale\" content=\"nl_NL\" \/>\n<meta property=\"og:type\" content=\"article\" \/>\n<meta property=\"og:title\" content=\"CAMPING RIVER VILLAGE AMEGLIA Greenchalets\" \/>\n<meta property=\"og:description\" content=\"CAMPING RIVER VILLAGE AMEGLIA CinqueTerre, gem\u00fctlichen italienischen 3-Sterne-Campingplatz, vermieten wir Mobilheime \/ Chalets mit \u00fcberdachter Veranda.\" \/>\n<meta property=\"og:url\" content=\"https:\/\/greenchalets.com\/du\/camping-river-village-ameglia\/\" \/>\n<meta property=\"og:site_name\" content=\"Greenchalets DU\" \/>\n<meta property=\"article:modified_time\" content=\"2025-06-07T16:32:17+00:00\" \/>\n<meta property=\"og:image\" content=\"https:\/\/greenchalets.com\/wp-content\/uploads\/2016\/01\/facebook.png\" \/>\n<meta name=\"twitter:card\" content=\"summary_large_image\" \/>\n<meta name=\"twitter:label1\" content=\"Geschatte leestijd\" \/>\n\t<meta name=\"twitter:data1\" content=\"4 minuten\" \/>\n<script type=\"application\/ld+json\" class=\"yoast-schema-graph\">{\"@context\":\"https:\\\/\\\/schema.org\",\"@graph\":[{\"@type\":\"WebPage\",\"@id\":\"https:\\\/\\\/greenchalets.com\\\/du\\\/camping-river-village-ameglia\\\/\",\"url\":\"https:\\\/\\\/greenchalets.com\\\/du\\\/camping-river-village-ameglia\\\/\",\"name\":\"CAMPING RIVER VILLAGE AMEGLIA Greenchalets\",\"isPartOf\":{\"@id\":\"https:\\\/\\\/greenchalets.com\\\/du\\\/#website\"},\"primaryImageOfPage\":{\"@id\":\"https:\\\/\\\/greenchalets.com\\\/du\\\/camping-river-village-ameglia\\\/#primaryimage\"},\"image\":{\"@id\":\"https:\\\/\\\/greenchalets.com\\\/du\\\/camping-river-village-ameglia\\\/#primaryimage\"},\"thumbnailUrl\":\"https:\\\/\\\/greenchalets.com\\\/wp-content\\\/uploads\\\/2016\\\/01\\\/facebook.png\",\"datePublished\":\"2019-10-29T23:23:48+00:00\",\"dateModified\":\"2025-06-07T16:32:17+00:00\",\"description\":\"CAMPING RIVER VILLAGE AMEGLIA CinqueTerre, gem\u00fctlichen italienischen 3-Sterne-Campingplatz, vermieten wir Mobilheime \\\/ Chalets mit \u00fcberdachter Veranda.\",\"breadcrumb\":{\"@id\":\"https:\\\/\\\/greenchalets.com\\\/du\\\/camping-river-village-ameglia\\\/#breadcrumb\"},\"inLanguage\":\"nl-NL\",\"potentialAction\":[{\"@type\":\"ReadAction\",\"target\":[\"https:\\\/\\\/greenchalets.com\\\/du\\\/camping-river-village-ameglia\\\/\"]}]},{\"@type\":\"ImageObject\",\"inLanguage\":\"nl-NL\",\"@id\":\"https:\\\/\\\/greenchalets.com\\\/du\\\/camping-river-village-ameglia\\\/#primaryimage\",\"url\":\"https:\\\/\\\/greenchalets.com\\\/wp-content\\\/uploads\\\/2016\\\/01\\\/facebook.png\",\"contentUrl\":\"https:\\\/\\\/greenchalets.com\\\/wp-content\\\/uploads\\\/2016\\\/01\\\/facebook.png\"},{\"@type\":\"BreadcrumbList\",\"@id\":\"https:\\\/\\\/greenchalets.com\\\/du\\\/camping-river-village-ameglia\\\/#breadcrumb\",\"itemListElement\":[{\"@type\":\"ListItem\",\"position\":1,\"name\":\"Home\",\"item\":\"https:\\\/\\\/greenchalets.com\\\/du\\\/\"},{\"@type\":\"ListItem\",\"position\":2,\"name\":\"Camping River Village Ligurien\"}]},{\"@type\":\"WebSite\",\"@id\":\"https:\\\/\\\/greenchalets.com\\\/du\\\/#website\",\"url\":\"https:\\\/\\\/greenchalets.com\\\/du\\\/\",\"name\":\"Greenchalets DU\",\"description\":\"Greenchalets Mobilheime, Campingurlaub\",\"potentialAction\":[{\"@type\":\"SearchAction\",\"target\":{\"@type\":\"EntryPoint\",\"urlTemplate\":\"https:\\\/\\\/greenchalets.com\\\/du\\\/?s={search_term_string}\"},\"query-input\":{\"@type\":\"PropertyValueSpecification\",\"valueRequired\":true,\"valueName\":\"search_term_string\"}}],\"inLanguage\":\"nl-NL\"}]}<\/script>\n<!-- \/ Yoast SEO plugin. -->","yoast_head_json":{"title":"CAMPING RIVER VILLAGE AMEGLIA Greenchalets","description":"CAMPING RIVER VILLAGE AMEGLIA CinqueTerre, gem\u00fctlichen italienischen 3-Sterne-Campingplatz, vermieten wir Mobilheime \/ Chalets mit \u00fcberdachter Veranda.","robots":{"index":"index","follow":"follow","max-snippet":"max-snippet:-1","max-image-preview":"max-image-preview:large","max-video-preview":"max-video-preview:-1"},"canonical":"https:\/\/greenchalets.com\/du\/camping-river-village-ameglia\/","og_locale":"nl_NL","og_type":"article","og_title":"CAMPING RIVER VILLAGE AMEGLIA Greenchalets","og_description":"CAMPING RIVER VILLAGE AMEGLIA CinqueTerre, gem\u00fctlichen italienischen 3-Sterne-Campingplatz, vermieten wir Mobilheime \/ Chalets mit \u00fcberdachter Veranda.","og_url":"https:\/\/greenchalets.com\/du\/camping-river-village-ameglia\/","og_site_name":"Greenchalets DU","article_modified_time":"2025-06-07T16:32:17+00:00","og_image":[{"url":"https:\/\/greenchalets.com\/wp-content\/uploads\/2016\/01\/facebook.png","type":"","width":"","height":""}],"twitter_card":"summary_large_image","twitter_misc":{"Geschatte leestijd":"4 minuten"},"schema":{"@context":"https:\/\/schema.org","@graph":[{"@type":"WebPage","@id":"https:\/\/greenchalets.com\/du\/camping-river-village-ameglia\/","url":"https:\/\/greenchalets.com\/du\/camping-river-village-ameglia\/","name":"CAMPING RIVER VILLAGE AMEGLIA Greenchalets","isPartOf":{"@id":"https:\/\/greenchalets.com\/du\/#website"},"primaryImageOfPage":{"@id":"https:\/\/greenchalets.com\/du\/camping-river-village-ameglia\/#primaryimage"},"image":{"@id":"https:\/\/greenchalets.com\/du\/camping-river-village-ameglia\/#primaryimage"},"thumbnailUrl":"https:\/\/greenchalets.com\/wp-content\/uploads\/2016\/01\/facebook.png","datePublished":"2019-10-29T23:23:48+00:00","dateModified":"2025-06-07T16:32:17+00:00","description":"CAMPING RIVER VILLAGE AMEGLIA CinqueTerre, gem\u00fctlichen italienischen 3-Sterne-Campingplatz, vermieten wir Mobilheime \/ Chalets mit \u00fcberdachter Veranda.","breadcrumb":{"@id":"https:\/\/greenchalets.com\/du\/camping-river-village-ameglia\/#breadcrumb"},"inLanguage":"nl-NL","potentialAction":[{"@type":"ReadAction","target":["https:\/\/greenchalets.com\/du\/camping-river-village-ameglia\/"]}]},{"@type":"ImageObject","inLanguage":"nl-NL","@id":"https:\/\/greenchalets.com\/du\/camping-river-village-ameglia\/#primaryimage","url":"https:\/\/greenchalets.com\/wp-content\/uploads\/2016\/01\/facebook.png","contentUrl":"https:\/\/greenchalets.com\/wp-content\/uploads\/2016\/01\/facebook.png"},{"@type":"BreadcrumbList","@id":"https:\/\/greenchalets.com\/du\/camping-river-village-ameglia\/#breadcrumb","itemListElement":[{"@type":"ListItem","position":1,"name":"Home","item":"https:\/\/greenchalets.com\/du\/"},{"@type":"ListItem","position":2,"name":"Camping River Village Ligurien"}]},{"@type":"WebSite","@id":"https:\/\/greenchalets.com\/du\/#website","url":"https:\/\/greenchalets.com\/du\/","name":"Greenchalets DU","description":"Greenchalets Mobilheime, Campingurlaub","potentialAction":[{"@type":"SearchAction","target":{"@type":"EntryPoint","urlTemplate":"https:\/\/greenchalets.com\/du\/?s={search_term_string}"},"query-input":{"@type":"PropertyValueSpecification","valueRequired":true,"valueName":"search_term_string"}}],"inLanguage":"nl-NL"}]}},"_links":{"self":[{"href":"https:\/\/greenchalets.com\/du\/wp-json\/wp\/v2\/pages\/3368","targetHints":{"allow":["GET"]}}],"collection":[{"href":"https:\/\/greenchalets.com\/du\/wp-json\/wp\/v2\/pages"}],"about":[{"href":"https:\/\/greenchalets.com\/du\/wp-json\/wp\/v2\/types\/page"}],"author":[{"embeddable":true,"href":"https:\/\/greenchalets.com\/du\/wp-json\/wp\/v2\/users\/3"}],"replies":[{"embeddable":true,"href":"https:\/\/greenchalets.com\/du\/wp-json\/wp\/v2\/comments?post=3368"}],"version-history":[{"count":0,"href":"https:\/\/greenchalets.com\/du\/wp-json\/wp\/v2\/pages\/3368\/revisions"}],"wp:attachment":[{"href":"https:\/\/greenchalets.com\/du\/wp-json\/wp\/v2\/media?parent=3368"}],"curies":[{"name":"wp","href":"https:\/\/api.w.org\/{rel}","templated":true}]}}