{"id":2685,"date":"2018-09-03T23:55:42","date_gmt":"2018-09-03T22:55:42","guid":{"rendered":"http:\/\/greenchalets.com\/du\/?page_id=2685"},"modified":"2025-09-04T19:01:08","modified_gmt":"2025-09-04T18:01:08","slug":"preise-saint-aygulf","status":"publish","type":"page","link":"https:\/\/greenchalets.com\/du\/preise-saint-aygulf\/","title":{"rendered":"Preise Saint Aygulf"},"content":{"rendered":"<div class=\"fusion-fullwidth fullwidth-box fusion-builder-row-1 nonhundred-percent-fullwidth non-hundred-percent-height-scrolling\" style=\"--awb-border-radius-top-left:0px;--awb-border-radius-top-right:0px;--awb-border-radius-bottom-right:0px;--awb-border-radius-bottom-left:0px;--awb-flex-wrap:wrap;\" ><div class=\"fusion-builder-row fusion-row\"><div class=\"fusion-layout-column fusion_builder_column fusion-builder-column-0 fusion_builder_column_1_1 1_1 fusion-one-full fusion-column-first fusion-column-last\" style=\"--awb-bg-size:cover;--awb-margin-bottom:0px;\"><div class=\"fusion-column-wrapper fusion-flex-column-wrapper-legacy\">\n<div class=\"fusion-slider-revolution rev_slider_wrapper\">\t\t\t<!-- START Saint Aygulf REVOLUTION SLIDER 6.6.20 --><p class=\"rs-p-wp-fix\"><\/p>\n\t\t\t<rs-module-wrap id=\"rev_slider_9_1_wrapper\" data-source=\"gallery\" style=\"visibility:hidden;background:transparent;padding:0;margin:0px auto;margin-top:0;margin-bottom:0;\">\n\t\t\t\t<rs-module id=\"rev_slider_9_1\" style=\"\" data-version=\"6.6.20\">\n\t\t\t\t\t<rs-slides style=\"overflow: hidden; position: absolute;\">\n\t\t\t\t\t\t<rs-slide style=\"position: absolute;\" data-key=\"rs-11\" data-title=\"Slide\" data-anim=\"adpr:false;\">\n\t\t\t\t\t\t\t<img decoding=\"async\" src=\"\/\/greenchalets.com\/du\/wp-content\/plugins\/revslider\/public\/assets\/assets\/dummy.png\" alt=\"\" title=\"HOOFDFOTO-st-aygulf-strand-greenchalets-L-ws.jpg\" width=\"10095\" height=\"3841\" class=\"rev-slidebg tp-rs-img rs-lazyload\" data-lazyload=\"\/\/greenchalets.com\/du\/wp-content\/uploads\/sites\/3\/revslider\/saint-aygulf\/HOOFDFOTO-st-aygulf-strand-greenchalets-L-ws.jpg\" data-no-retina>\n<!--\n\t\t\t\t\t\t\t--><rs-layer\n\t\t\t\t\t\t\t\tid=\"slider-9-slide-11-layer-1\" \n\t\t\t\t\t\t\t\tclass=\"boxshadow\"\n\t\t\t\t\t\t\t\tdata-type=\"text\"\n\t\t\t\t\t\t\t\tdata-color=\"rgba(255,255,255,1)\"\n\t\t\t\t\t\t\t\tdata-rsp_ch=\"on\"\n\t\t\t\t\t\t\t\tdata-xy=\"xo:3px,38px,38px,35px;yo:164px,91px,91px,76px;\"\n\t\t\t\t\t\t\t\tdata-text=\"s:48;l:53;fw:600;a:inherit;\"\n\t\t\t\t\t\t\t\tdata-frame_0=\"tp:600;\"\n\t\t\t\t\t\t\t\tdata-frame_1=\"tp:600;sR:10;\"\n\t\t\t\t\t\t\t\tdata-frame_999=\"o:0;tp:600;st:w;sR:8690;\"\n\t\t\t\t\t\t\t\tstyle=\"z-index:5;font-family:'Arial';-moz-box-shadow:0px 0px 20px rgba(0, 0, 0, 0.5);-webkit-box-shadow:0px 0px 20px rgba(0, 0, 0, 0.5);box-shadow:0px 0px 20px rgba(0, 0, 0, 0.5);type:text;\"\n\t\t\t\t\t\t\t>COTE D'AZUR \n\t\t\t\t\t\t\t<\/rs-layer><!--\n\n\t\t\t\t\t\t\t--><rs-layer\n\t\t\t\t\t\t\t\tid=\"slider-9-slide-11-layer-2\" \n\t\t\t\t\t\t\t\tclass=\"boxshadow\"\n\t\t\t\t\t\t\t\tdata-type=\"text\"\n\t\t\t\t\t\t\t\tdata-color=\"rgba(255,255,255,1)\"\n\t\t\t\t\t\t\t\tdata-rsp_ch=\"on\"\n\t\t\t\t\t\t\t\tdata-xy=\"xo:163px,152px,176px,176px;yo:241px,156px,164px,164px;\"\n\t\t\t\t\t\t\t\tdata-text=\"s:42;l:47;fw:900;a:inherit;\"\n\t\t\t\t\t\t\t\tdata-frame_0=\"tp:600;\"\n\t\t\t\t\t\t\t\tdata-frame_1=\"tp:600;sR:10;\"\n\t\t\t\t\t\t\t\tdata-frame_999=\"o:0;tp:600;st:w;sR:8690;\"\n\t\t\t\t\t\t\t\tstyle=\"z-index:6;font-family:'Trebuchet MS', 'Helvetica', 'sans-serif';-moz-box-shadow:0px 0px 20px rgba(0, 0, 0, 0.5);-webkit-box-shadow:0px 0px 20px rgba(0, 0, 0, 0.5);box-shadow:0px 0px 20px rgba(0, 0, 0, 0.5);type:text;\"\n\t\t\t\t\t\t\t>SAINT AYGULF \n\t\t\t\t\t\t\t<\/rs-layer><!--\n-->\t\t\t\t\t\t<\/rs-slide>\n\t\t\t\t\t<\/rs-slides>\n\t\t\t\t\t<rs-static-layers class=\"rs-stl-visible\"><!--\n\n\t\t\t\t\t\t\t--><rs-group\n\t\t\t\t\t\t\t\tid=\"slider-9-slide-4-layer-2\" \n\t\t\t\t\t\t\t\tclass=\"rs-layer-static\"\n\t\t\t\t\t\t\t\tdata-type=\"group\"\n\t\t\t\t\t\t\t\tdata-xy=\"xo:100px;yo:100px;\"\n\t\t\t\t\t\t\t\tdata-text=\"l:22;a:inherit;\"\n\t\t\t\t\t\t\t\tdata-dim=\"w:200px;h:200px;\"\n\t\t\t\t\t\t\t\tdata-onslides=\"s:1;\"\n\t\t\t\t\t\t\t\tdata-frame_0=\"tp:600;\"\n\t\t\t\t\t\t\t\tdata-frame_1=\"tp:600;st:0;\"\n\t\t\t\t\t\t\t\tdata-frame_999=\"o:0;tp:600;st:w;sR:8700;sA:9000;\"\n\t\t\t\t\t\t\t\tstyle=\"z-index:6;\"\n\t\t\t\t\t\t\t><!--\t\t\t\t\t\t\t--><\/rs-group><!--\n\n\t\t\t\t\t\t\t--><rs-layer\n\t\t\t\t\t\t\t\tid=\"slider-9-slide-4-layer-1\" \n\t\t\t\t\t\t\t\tclass=\"rs-layer-static\"\n\t\t\t\t\t\t\t\tdata-type=\"image\"\n\t\t\t\t\t\t\t\tdata-rsp_ch=\"on\"\n\t\t\t\t\t\t\t\tdata-xy=\"xo:-4px;yo:1px;\"\n\t\t\t\t\t\t\t\tdata-text=\"l:22;a:inherit;\"\n\t\t\t\t\t\t\t\tdata-dim=\"w:['1200','1200','1200','1200'];h:['347','347','347','347'];\"\n\t\t\t\t\t\t\t\tdata-onslides=\"s:1;\"\n\t\t\t\t\t\t\t\tdata-frame_0=\"tp:600;\"\n\t\t\t\t\t\t\t\tdata-frame_1=\"tp:600;st:0;\"\n\t\t\t\t\t\t\t\tdata-frame_999=\"o:0;tp:600;st:w;sR:8700;\"\n\t\t\t\t\t\t\t\tstyle=\"z-index:5;\"\n\t\t\t\t\t\t\t><img decoding=\"async\" src=\"\/\/greenchalets.com\/du\/wp-content\/plugins\/revslider\/public\/assets\/assets\/dummy.png\" alt=\"\" class=\"tp-rs-img rs-lazyload\" data-lazyload=\"\/\/greenchalets.com\/du\/wp-content\/uploads\/sites\/3\/2017\/11\/platja-daro-spanje-greenchalets.jpg\" data-no-retina> \n\t\t\t\t\t\t\t<\/rs-layer><!--\n\t\t\t\t\t--><\/rs-static-layers>\n\t\t\t\t<\/rs-module>\n\t\t\t\t<script>\n\t\t\t\t\tsetREVStartSize({c: 'rev_slider_9_1',rl:[1240,1024,778,480],el:[],gw:[1600,1600,778,480],gh:[300,300,300,300],type:'standard',justify:'',layout:'fullwidth',mh:\"0\"});if (window.RS_MODULES!==undefined && window.RS_MODULES.modules!==undefined && window.RS_MODULES.modules[\"revslider91\"]!==undefined) {window.RS_MODULES.modules[\"revslider91\"].once = false;window.revapi9 = undefined;if (window.RS_MODULES.checkMinimal!==undefined) window.RS_MODULES.checkMinimal()}\n\t\t\t\t<\/script>\n\t\t\t<\/rs-module-wrap>\n\t\t\t<!-- END REVOLUTION SLIDER -->\n<\/div><div class=\"fusion-text fusion-text-1\"><\/div><div class=\"fusion-clearfix\"><\/div><\/div><\/div><div class=\"fusion-layout-column fusion_builder_column fusion-builder-column-1 fusion_builder_column_1_4 1_4 fusion-one-fourth fusion-column-first\" style=\"--awb-bg-size:cover;--awb-margin-top:30px;width:25%;width:calc(25% - ( ( 4% ) * 0.25 ) );margin-right: 4%;\"><div class=\"fusion-column-wrapper fusion-flex-column-wrapper-legacy\"><div class=\"fusion-text fusion-text-2\"><p><a href=\"https:\/\/www.facebook.com\/greenchalets\" target=\"_blank\" rel=\"noopener noreferrer\"><img decoding=\"async\" class=\"alignnone size-full wp-image-696\" src=\"https:\/\/greenchalets.com\/wp-content\/uploads\/2016\/01\/facebook.png\" alt=\"facebook\" \/><\/a><\/p>\n<\/div><div class=\"fusion-text fusion-text-3\"><p><a href=\"https:\/\/www.greenchalets.com\/du\/contact\/\"><img decoding=\"async\" class=\"alignnone size-full wp-image-5589\" src=\"https:\/\/greenchalets.com\/wp-content\/uploads\/sites\/3\/2016\/01\/ArrowDE.png\" alt=\"ArrowEN\" width=\"121\" height=\"35\" \/><\/a><\/p>\n<\/div><div class=\"fusion-widget-area awb-widget-area-element fusion-widget-area-1 fusion-content-widget-area\" style=\"--awb-title-size:13px;--awb-title-color:#318d08;--awb-padding:0px 0px 0px 0px;\"><div id=\"nav_menu-9\" class=\"widget widget_nav_menu\"><div class=\"menu-aygulf-du-container\"><ul id=\"menu-aygulf-du\" class=\"menu\"><li id=\"menu-item-2681\" class=\"menu-item menu-item-type-post_type menu-item-object-page menu-item-2681\"><a href=\"https:\/\/greenchalets.com\/du\/chalets-saint-aygulf\/\">Saint Aygulf Chalet type A<\/a><\/li>\n<li id=\"menu-item-2682\" class=\"menu-item menu-item-type-post_type menu-item-object-page menu-item-2682\"><a href=\"https:\/\/greenchalets.com\/du\/mobileheim-saint-aygulf\/\">Saint Aygulf Mobilheim typ S<\/a><\/li>\n<li id=\"menu-item-2684\" class=\"menu-item menu-item-type-post_type menu-item-object-page menu-item-2684\"><a href=\"https:\/\/greenchalets.com\/du\/camping-saint-aygulf-plage-cote-dazur\/\">Camping Saint Aygulf Plage Cote d&#8217;Azur<\/a><\/li>\n<li id=\"menu-item-2680\" class=\"menu-item menu-item-type-post_type menu-item-object-page menu-item-2680\"><a href=\"https:\/\/greenchalets.com\/du\/lage-greenchalets-saint-aygulf\/\">Lage Greenchalets Saint Aygulf<\/a><\/li>\n<li id=\"menu-item-2683\" class=\"menu-item menu-item-type-post_type menu-item-object-page menu-item-2683\"><a href=\"https:\/\/greenchalets.com\/du\/umgebung-saint-aygulf-cote-dazur\/\">Umgebung Saint Aygulf Cote d&#8217;Azur<\/a><\/li>\n<\/ul><\/div><\/div><div class=\"fusion-additional-widget-content\"><\/div><\/div><div class=\"fusion-text fusion-text-4\"><p><a href=\"mailto:info@greenchalets.com\"><img decoding=\"async\" class=\"alignnone size-full wp-image-677\" src=\"https:\/\/greenchalets.com\/du\/wp-content\/uploads\/sites\/3\/2016\/01\/Vragen-DU.png\" alt=\"Vragen DU\u201d width=\" height=\"35\" \/><\/a><\/p>\n<\/div><div class=\"fusion-clearfix\"><\/div><\/div><\/div><div class=\"fusion-layout-column fusion_builder_column fusion-builder-column-2 fusion_builder_column_3_4 3_4 fusion-three-fourth fusion-column-last\" style=\"--awb-bg-size:cover;--awb-margin-top:30px;width:75%;width:calc(75% - ( ( 4% ) * 0.75 ) );\"><div class=\"fusion-column-wrapper fusion-flex-column-wrapper-legacy\"><div class=\"fusion-text fusion-text-5\"><h2 style=\"text-align: center;\">FAGEN SIE BITTE IMMER F\u00dcR UNSERE\u00a0 LAST MINUTE ANGEBOTE!<\/h2>\n<p style=\"text-align: center;\"><strong>Preise zus\u00e4tzlich Endreinigung 75, &#8211; euro.<\/strong><\/p>\n<p style=\"text-align: center;\"><strong>Kurtaxe 1,50 euro pro Erwachsener und Nacht (vor Ort).<\/strong><\/p>\n<p style=\"text-align: center;\"><strong>Haustiere sind nicht erlaubt im Hochsaison.<\/strong><\/p>\n<p style=\"text-align: center;\"><strong>Klima 10,- euro pro Nacht (optional)<\/strong><\/p>\n<p style=\"text-align: center;\"><strong>T\u00e4gliche An- und Abreise w\u00e4hrend der gesamten Saison m\u00f6glich.<\/strong><\/p>\n<p style=\"text-align: center;\"><strong>Fragen Sie immer nach unseren Sonderpreisen, Last Minute, Seniorenrabatt oder Stammgastrabatt.<\/strong><\/p>\n<p><strong>\u00a0 \u00a0 \u00a0 \u00a0 \u00a0 \u00a0 \u00a0 \u00a0 \u00a0 \u00a0 \u00a0 \u00a0 \u00a0 \u00a0 \u00a0 \u00a0 \u00a0 \u00a0 \u00a0 \u00a0 \u00a0 \u00a0 \u00a0 \u00a0 \u00a0 \u00a0 ACHTUNG! Wenn Sie im Internet einen g\u00fcnstigeren Preis finden, teilen Sie uns dies mit.<\/strong><br \/>\n<strong>\u00a0 \u00a0 \u00a0 \u00a0 Sie erhalten von uns ein Angebot mit 10 % Rabatt auf den niedrigsten Preis, den Sie f\u00fcr die gleiche Greenchalets-Unterkunft finden.<\/strong><\/p>\n<\/div><div class=\"fusion-text fusion-text-6\"><table width=\"693\">\n<tbody>\n<tr>\n<td width=\"148\">St Aygulf plage<\/td>\n<td width=\"172\">Ex TB\/ TT<\/td>\n<td width=\"179\">Mobile Home Type S 5p<\/td>\n<td width=\"194\">Chalet Type A 6p<\/td>\n<\/tr>\n<tr>\n<td>2026<\/td>\n<td>ex eindschoonmaak\/<\/td>\n<td>Nacht<\/td>\n<td>Nacht<\/td>\n<\/tr>\n<tr>\n<td><\/td>\n<td>final cleaning.<\/td>\n<td>Night Nuit<\/td>\n<td>Night Nuit<\/td>\n<\/tr>\n<tr>\n<td><\/td>\n<td><\/td>\n<td><\/td>\n<td><\/td>\n<\/tr>\n<tr>\n<td width=\"148\">3-04-26<\/td>\n<td width=\"172\">24-04-26<\/td>\n<td>\u20ac 65,00<\/td>\n<td>\u20ac 75,00<\/td>\n<\/tr>\n<tr>\n<td width=\"148\">25-04-26<\/td>\n<td width=\"172\">13-05-26<\/td>\n<td>\u20ac 75,00<\/td>\n<td>\u20ac 85,00<\/td>\n<\/tr>\n<tr>\n<td width=\"148\">14-05-26<\/td>\n<td width=\"172\">16-05-26<\/td>\n<td>\u20ac 105,00<\/td>\n<td>\u20ac 115,00<\/td>\n<\/tr>\n<tr>\n<td width=\"148\">17-05-26<\/td>\n<td width=\"172\">21-05-26<\/td>\n<td>\u20ac 75,00<\/td>\n<td>\u20ac 85,00<\/td>\n<\/tr>\n<tr>\n<td width=\"148\">22-05-26<\/td>\n<td width=\"172\">25-05-26<\/td>\n<td>\u20ac 105,00<\/td>\n<td>\u20ac 115,00<\/td>\n<\/tr>\n<tr>\n<td width=\"148\">26-05-26<\/td>\n<td width=\"172\">12-06-26<\/td>\n<td>\u20ac 80,00<\/td>\n<td>\u20ac 85,00<\/td>\n<\/tr>\n<tr>\n<td width=\"148\">13-06-26<\/td>\n<td width=\"172\">3-07-26<\/td>\n<td>\u20ac 85,00<\/td>\n<td>\u20ac 95,00<\/td>\n<\/tr>\n<tr>\n<td width=\"148\">4-07-26<\/td>\n<td width=\"172\">10-07-26<\/td>\n<td>\u20ac 95,00<\/td>\n<td>\u20ac 105,00<\/td>\n<\/tr>\n<tr>\n<td width=\"148\">11-07-26<\/td>\n<td width=\"172\">29-08-26<\/td>\n<td>\u20ac 200,00<\/td>\n<td>\u20ac 220,00<\/td>\n<\/tr>\n<tr>\n<td width=\"148\">30-08-26<\/td>\n<td width=\"172\">12-09-26<\/td>\n<td>\u20ac 85,00<\/td>\n<td>\u20ac 95,00<\/td>\n<\/tr>\n<tr>\n<td>13-09-26<\/td>\n<td>26-09-26<\/td>\n<td>\u20ac 75,00<\/td>\n<td>\u20ac 85,00<\/td>\n<\/tr>\n<tr>\n<td>27-09-26<\/td>\n<td>10-10-26<\/td>\n<td>\u20ac 65,00<\/td>\n<td>\u20ac 75,00<\/td>\n<\/tr>\n<\/tbody>\n<\/table>\n<\/div><div class=\"fusion-sep-clear\"><\/div><div class=\"fusion-separator fusion-full-width-sep\" style=\"margin-left: auto;margin-right: auto;margin-top:10px;margin-bottom:10px;width:100%;\"><\/div><div class=\"fusion-sep-clear\"><\/div><div class=\"fusion-text fusion-text-7\"><p style=\"text-align: center;\">G\u00fcnstige Fl\u00fcge von\u00a0 ab 23 Euro pro Person nach Nice, Marseille m\u00f6glich.<\/p>\n<\/div><div class=\"fusion-clearfix\"><\/div><\/div><\/div><\/div><\/div>\n","protected":false},"excerpt":{"rendered":"","protected":false},"author":3,"featured_media":0,"parent":0,"menu_order":0,"comment_status":"closed","ping_status":"closed","template":"","meta":{"footnotes":""},"class_list":["post-2685","page","type-page","status-publish","hentry"],"yoast_head":"<!-- This site is optimized with the Yoast SEO plugin v27.5 - https:\/\/yoast.com\/product\/yoast-seo-wordpress\/ -->\n<title>Preise Saint Aygulf - Greenchalets DU<\/title>\n<meta name=\"robots\" content=\"index, follow, max-snippet:-1, max-image-preview:large, max-video-preview:-1\" \/>\n<link rel=\"canonical\" href=\"https:\/\/greenchalets.com\/du\/preise-saint-aygulf\/\" \/>\n<meta property=\"og:locale\" content=\"nl_NL\" \/>\n<meta property=\"og:type\" content=\"article\" \/>\n<meta property=\"og:title\" content=\"Preise Saint Aygulf - Greenchalets DU\" \/>\n<meta property=\"og:url\" content=\"https:\/\/greenchalets.com\/du\/preise-saint-aygulf\/\" \/>\n<meta property=\"og:site_name\" content=\"Greenchalets DU\" \/>\n<meta property=\"article:modified_time\" content=\"2025-09-04T18:01:08+00:00\" \/>\n<meta name=\"twitter:card\" content=\"summary_large_image\" \/>\n<meta name=\"twitter:label1\" content=\"Geschatte leestijd\" \/>\n\t<meta name=\"twitter:data1\" content=\"3 minuten\" \/>\n<script type=\"application\/ld+json\" class=\"yoast-schema-graph\">{\"@context\":\"https:\\\/\\\/schema.org\",\"@graph\":[{\"@type\":\"WebPage\",\"@id\":\"https:\\\/\\\/greenchalets.com\\\/du\\\/preise-saint-aygulf\\\/\",\"url\":\"https:\\\/\\\/greenchalets.com\\\/du\\\/preise-saint-aygulf\\\/\",\"name\":\"Preise Saint Aygulf - Greenchalets DU\",\"isPartOf\":{\"@id\":\"https:\\\/\\\/greenchalets.com\\\/du\\\/#website\"},\"primaryImageOfPage\":{\"@id\":\"https:\\\/\\\/greenchalets.com\\\/du\\\/preise-saint-aygulf\\\/#primaryimage\"},\"image\":{\"@id\":\"https:\\\/\\\/greenchalets.com\\\/du\\\/preise-saint-aygulf\\\/#primaryimage\"},\"thumbnailUrl\":\"https:\\\/\\\/greenchalets.com\\\/wp-content\\\/uploads\\\/2016\\\/01\\\/facebook.png\",\"datePublished\":\"2018-09-03T22:55:42+00:00\",\"dateModified\":\"2025-09-04T18:01:08+00:00\",\"breadcrumb\":{\"@id\":\"https:\\\/\\\/greenchalets.com\\\/du\\\/preise-saint-aygulf\\\/#breadcrumb\"},\"inLanguage\":\"nl-NL\",\"potentialAction\":[{\"@type\":\"ReadAction\",\"target\":[\"https:\\\/\\\/greenchalets.com\\\/du\\\/preise-saint-aygulf\\\/\"]}]},{\"@type\":\"ImageObject\",\"inLanguage\":\"nl-NL\",\"@id\":\"https:\\\/\\\/greenchalets.com\\\/du\\\/preise-saint-aygulf\\\/#primaryimage\",\"url\":\"https:\\\/\\\/greenchalets.com\\\/wp-content\\\/uploads\\\/2016\\\/01\\\/facebook.png\",\"contentUrl\":\"https:\\\/\\\/greenchalets.com\\\/wp-content\\\/uploads\\\/2016\\\/01\\\/facebook.png\"},{\"@type\":\"BreadcrumbList\",\"@id\":\"https:\\\/\\\/greenchalets.com\\\/du\\\/preise-saint-aygulf\\\/#breadcrumb\",\"itemListElement\":[{\"@type\":\"ListItem\",\"position\":1,\"name\":\"Home\",\"item\":\"https:\\\/\\\/greenchalets.com\\\/du\\\/\"},{\"@type\":\"ListItem\",\"position\":2,\"name\":\"Preise Saint Aygulf\"}]},{\"@type\":\"WebSite\",\"@id\":\"https:\\\/\\\/greenchalets.com\\\/du\\\/#website\",\"url\":\"https:\\\/\\\/greenchalets.com\\\/du\\\/\",\"name\":\"Greenchalets DU\",\"description\":\"Greenchalets Mobilheime, Campingurlaub\",\"potentialAction\":[{\"@type\":\"SearchAction\",\"target\":{\"@type\":\"EntryPoint\",\"urlTemplate\":\"https:\\\/\\\/greenchalets.com\\\/du\\\/?s={search_term_string}\"},\"query-input\":{\"@type\":\"PropertyValueSpecification\",\"valueRequired\":true,\"valueName\":\"search_term_string\"}}],\"inLanguage\":\"nl-NL\"}]}<\/script>\n<!-- \/ Yoast SEO plugin. -->","yoast_head_json":{"title":"Preise Saint Aygulf - Greenchalets DU","robots":{"index":"index","follow":"follow","max-snippet":"max-snippet:-1","max-image-preview":"max-image-preview:large","max-video-preview":"max-video-preview:-1"},"canonical":"https:\/\/greenchalets.com\/du\/preise-saint-aygulf\/","og_locale":"nl_NL","og_type":"article","og_title":"Preise Saint Aygulf - Greenchalets DU","og_url":"https:\/\/greenchalets.com\/du\/preise-saint-aygulf\/","og_site_name":"Greenchalets DU","article_modified_time":"2025-09-04T18:01:08+00:00","twitter_card":"summary_large_image","twitter_misc":{"Geschatte leestijd":"3 minuten"},"schema":{"@context":"https:\/\/schema.org","@graph":[{"@type":"WebPage","@id":"https:\/\/greenchalets.com\/du\/preise-saint-aygulf\/","url":"https:\/\/greenchalets.com\/du\/preise-saint-aygulf\/","name":"Preise Saint Aygulf - Greenchalets DU","isPartOf":{"@id":"https:\/\/greenchalets.com\/du\/#website"},"primaryImageOfPage":{"@id":"https:\/\/greenchalets.com\/du\/preise-saint-aygulf\/#primaryimage"},"image":{"@id":"https:\/\/greenchalets.com\/du\/preise-saint-aygulf\/#primaryimage"},"thumbnailUrl":"https:\/\/greenchalets.com\/wp-content\/uploads\/2016\/01\/facebook.png","datePublished":"2018-09-03T22:55:42+00:00","dateModified":"2025-09-04T18:01:08+00:00","breadcrumb":{"@id":"https:\/\/greenchalets.com\/du\/preise-saint-aygulf\/#breadcrumb"},"inLanguage":"nl-NL","potentialAction":[{"@type":"ReadAction","target":["https:\/\/greenchalets.com\/du\/preise-saint-aygulf\/"]}]},{"@type":"ImageObject","inLanguage":"nl-NL","@id":"https:\/\/greenchalets.com\/du\/preise-saint-aygulf\/#primaryimage","url":"https:\/\/greenchalets.com\/wp-content\/uploads\/2016\/01\/facebook.png","contentUrl":"https:\/\/greenchalets.com\/wp-content\/uploads\/2016\/01\/facebook.png"},{"@type":"BreadcrumbList","@id":"https:\/\/greenchalets.com\/du\/preise-saint-aygulf\/#breadcrumb","itemListElement":[{"@type":"ListItem","position":1,"name":"Home","item":"https:\/\/greenchalets.com\/du\/"},{"@type":"ListItem","position":2,"name":"Preise Saint Aygulf"}]},{"@type":"WebSite","@id":"https:\/\/greenchalets.com\/du\/#website","url":"https:\/\/greenchalets.com\/du\/","name":"Greenchalets DU","description":"Greenchalets Mobilheime, Campingurlaub","potentialAction":[{"@type":"SearchAction","target":{"@type":"EntryPoint","urlTemplate":"https:\/\/greenchalets.com\/du\/?s={search_term_string}"},"query-input":{"@type":"PropertyValueSpecification","valueRequired":true,"valueName":"search_term_string"}}],"inLanguage":"nl-NL"}]}},"_links":{"self":[{"href":"https:\/\/greenchalets.com\/du\/wp-json\/wp\/v2\/pages\/2685","targetHints":{"allow":["GET"]}}],"collection":[{"href":"https:\/\/greenchalets.com\/du\/wp-json\/wp\/v2\/pages"}],"about":[{"href":"https:\/\/greenchalets.com\/du\/wp-json\/wp\/v2\/types\/page"}],"author":[{"embeddable":true,"href":"https:\/\/greenchalets.com\/du\/wp-json\/wp\/v2\/users\/3"}],"replies":[{"embeddable":true,"href":"https:\/\/greenchalets.com\/du\/wp-json\/wp\/v2\/comments?post=2685"}],"version-history":[{"count":0,"href":"https:\/\/greenchalets.com\/du\/wp-json\/wp\/v2\/pages\/2685\/revisions"}],"wp:attachment":[{"href":"https:\/\/greenchalets.com\/du\/wp-json\/wp\/v2\/media?parent=2685"}],"curies":[{"name":"wp","href":"https:\/\/api.w.org\/{rel}","templated":true}]}}