{"id":2640,"date":"2018-09-03T21:26:59","date_gmt":"2018-09-03T20:26:59","guid":{"rendered":"http:\/\/greenchalets.com\/du\/?page_id=2640"},"modified":"2026-02-16T17:17:52","modified_gmt":"2026-02-16T16:17:52","slug":"preise-argeles-sur-mer","status":"publish","type":"page","link":"https:\/\/greenchalets.com\/du\/preise-argeles-sur-mer\/","title":{"rendered":"Preise Argeles sur Mer"},"content":{"rendered":"<div class=\"fusion-fullwidth fullwidth-box fusion-builder-row-1 nonhundred-percent-fullwidth non-hundred-percent-height-scrolling\" style=\"--awb-border-radius-top-left:0px;--awb-border-radius-top-right:0px;--awb-border-radius-bottom-right:0px;--awb-border-radius-bottom-left:0px;--awb-flex-wrap:wrap;\" ><div class=\"fusion-builder-row fusion-row\"><div class=\"fusion-layout-column fusion_builder_column fusion-builder-column-0 fusion_builder_column_1_1 1_1 fusion-one-full fusion-column-first fusion-column-last\" style=\"--awb-bg-size:cover;--awb-margin-bottom:0px;\"><div class=\"fusion-column-wrapper fusion-flex-column-wrapper-legacy\">\n<div class=\"fusion-slider-revolution rev_slider_wrapper\">\t\t\t<!-- START Argeles sur Mer 1 REVOLUTION SLIDER 6.6.20 --><p class=\"rs-p-wp-fix\"><\/p>\n\t\t\t<rs-module-wrap id=\"rev_slider_17_1_wrapper\" data-source=\"gallery\" style=\"visibility:hidden;background:transparent;padding:0;margin:0px auto;margin-top:0;margin-bottom:0;\">\n\t\t\t\t<rs-module id=\"rev_slider_17_1\" style=\"\" data-version=\"6.6.20\">\n\t\t\t\t\t<rs-slides style=\"overflow: hidden; position: absolute;\">\n\t\t\t\t\t\t<rs-slide style=\"position: absolute;\" data-key=\"rs-33\" data-title=\"Slide\" data-anim=\"ms:600;r:0;\" data-in=\"o:0;\" data-out=\"a:false;\">\n\t\t\t\t\t\t\t<img decoding=\"async\" src=\"\/\/greenchalets.com\/du\/wp-content\/plugins\/revslider\/public\/assets\/assets\/dummy.png\" alt=\"\" title=\"argeles-Colloiure-greenchalets-hoofdfoto-L-ws-1.jpg\" width=\"5132\" height=\"2077\" class=\"rev-slidebg tp-rs-img rs-lazyload\" data-lazyload=\"\/\/greenchalets.com\/du\/wp-content\/uploads\/sites\/3\/revslider\/argeles-sur-mer\/argeles-Colloiure-greenchalets-hoofdfoto-L-ws-1.jpg\" data-bg=\"p:65% 65%;\" data-no-retina>\n<!--\n\t\t\t\t\t\t\t--><rs-layer\n\t\t\t\t\t\t\t\tid=\"slider-17-slide-33-layer-3\" \n\t\t\t\t\t\t\t\tclass=\"boxshadow\"\n\t\t\t\t\t\t\t\tdata-type=\"text\"\n\t\t\t\t\t\t\t\tdata-color=\"rgba(255,255,255,1)\"\n\t\t\t\t\t\t\t\tdata-rsp_ch=\"on\"\n\t\t\t\t\t\t\t\tdata-xy=\"xo:5px;yo:243px;\"\n\t\t\t\t\t\t\t\tdata-text=\"s:48;l:51;fw:600;a:inherit;\"\n\t\t\t\t\t\t\t\tdata-dim=\"w:515px;h:52px;\"\n\t\t\t\t\t\t\t\tdata-frame_999=\"o:0;st:w;sR:8700;\"\n\t\t\t\t\t\t\t\tstyle=\"z-index:5;font-family:'Trebuchet MS', 'Helvetica', 'sans-serif';-moz-box-shadow:0px 0px 20px rgba(0, 0, 0, 0.5);-webkit-box-shadow:0px 0px 20px rgba(0, 0, 0, 0.5);box-shadow:0px 0px 20px rgba(0, 0, 0, 0.5);type:text;\"\n\t\t\t\t\t\t\t>Languedoc Roussillion \n\t\t\t\t\t\t\t<\/rs-layer><!--\n-->\t\t\t\t\t\t<\/rs-slide>\n\t\t\t\t\t<\/rs-slides>\n\t\t\t\t\t<rs-static-layers class=\"rs-stl-visible\"><!--\n\n\t\t\t\t\t\t\t--><rs-group\n\t\t\t\t\t\t\t\tid=\"slider-17-slide-10-layer-2\" \n\t\t\t\t\t\t\t\tclass=\"rs-layer-static\"\n\t\t\t\t\t\t\t\tdata-type=\"group\"\n\t\t\t\t\t\t\t\tdata-xy=\"xo:100px;yo:100px;\"\n\t\t\t\t\t\t\t\tdata-text=\"l:22;a:inherit;\"\n\t\t\t\t\t\t\t\tdata-dim=\"w:200px;h:200px;\"\n\t\t\t\t\t\t\t\tdata-onslides=\"s:1;\"\n\t\t\t\t\t\t\t\tdata-frame_0=\"tp:600;\"\n\t\t\t\t\t\t\t\tdata-frame_1=\"tp:600;st:0;\"\n\t\t\t\t\t\t\t\tdata-frame_999=\"o:0;tp:600;st:w;sR:8700;sA:9000;\"\n\t\t\t\t\t\t\t\tstyle=\"z-index:6;\"\n\t\t\t\t\t\t\t><!--\t\t\t\t\t\t\t--><\/rs-group><!--\n\n\t\t\t\t\t\t\t--><rs-layer\n\t\t\t\t\t\t\t\tid=\"slider-17-slide-10-layer-1\" \n\t\t\t\t\t\t\t\tclass=\"rs-layer-static\"\n\t\t\t\t\t\t\t\tdata-type=\"image\"\n\t\t\t\t\t\t\t\tdata-rsp_ch=\"on\"\n\t\t\t\t\t\t\t\tdata-xy=\"xo:-4px;yo:1px;\"\n\t\t\t\t\t\t\t\tdata-text=\"l:22;a:inherit;\"\n\t\t\t\t\t\t\t\tdata-dim=\"w:['1200','1200','1200','1200'];h:['347','347','347','347'];\"\n\t\t\t\t\t\t\t\tdata-onslides=\"s:1;\"\n\t\t\t\t\t\t\t\tdata-frame_0=\"tp:600;\"\n\t\t\t\t\t\t\t\tdata-frame_1=\"tp:600;st:0;\"\n\t\t\t\t\t\t\t\tdata-frame_999=\"o:0;tp:600;st:w;sR:8700;\"\n\t\t\t\t\t\t\t\tstyle=\"z-index:5;\"\n\t\t\t\t\t\t\t><img decoding=\"async\" src=\"\/\/greenchalets.com\/du\/wp-content\/plugins\/revslider\/public\/assets\/assets\/dummy.png\" alt=\"\" class=\"tp-rs-img rs-lazyload\" data-lazyload=\"\/\/greenchalets.com\/du\/wp-content\/uploads\/sites\/3\/2017\/11\/platja-daro-spanje-greenchalets.jpg\" data-no-retina> \n\t\t\t\t\t\t\t<\/rs-layer><!--\n\t\t\t\t\t--><\/rs-static-layers>\n\t\t\t\t<\/rs-module>\n\t\t\t\t<script>\n\t\t\t\t\tsetREVStartSize({c: 'rev_slider_17_1',rl:[1240,1024,778,480],el:[300,300,300,300],gw:[1600,1600,778,480],gh:[300,300,300,300],type:'standard',justify:'',layout:'fullwidth',mh:\"0\"});if (window.RS_MODULES!==undefined && window.RS_MODULES.modules!==undefined && window.RS_MODULES.modules[\"revslider171\"]!==undefined) {window.RS_MODULES.modules[\"revslider171\"].once = false;window.revapi17 = undefined;if (window.RS_MODULES.checkMinimal!==undefined) window.RS_MODULES.checkMinimal()}\n\t\t\t\t<\/script>\n\t\t\t<\/rs-module-wrap>\n\t\t\t<!-- END REVOLUTION SLIDER -->\n<\/div><div class=\"fusion-clearfix\"><\/div><\/div><\/div><div class=\"fusion-layout-column fusion_builder_column fusion-builder-column-1 fusion_builder_column_1_4 1_4 fusion-one-fourth fusion-column-first\" style=\"--awb-bg-size:cover;--awb-margin-top:30px;width:25%;width:calc(25% - ( ( 4% ) * 0.25 ) );margin-right: 4%;\"><div class=\"fusion-column-wrapper fusion-flex-column-wrapper-legacy\"><div class=\"fusion-text fusion-text-1\"><p><a href=\"https:\/\/www.facebook.com\/greenchalets\" target=\"_blank\" rel=\"noopener noreferrer\"><img decoding=\"async\" class=\"alignnone size-full wp-image-696\" src=\"https:\/\/greenchalets.com\/wp-content\/uploads\/2016\/01\/facebook.png\" alt=\"facebook\" \/><\/a><\/p>\n<\/div><div class=\"fusion-text fusion-text-2\"><p><a href=\"https:\/\/www.greenchalets.com\/du\/contact\/\"><img decoding=\"async\" class=\"alignnone size-full wp-image-5589\" src=\"https:\/\/greenchalets.com\/wp-content\/uploads\/sites\/3\/2016\/01\/ArrowDE.png\" alt=\"ArrowEN\" width=\"121\" height=\"35\" \/><\/a><\/p>\n<\/div><div class=\"fusion-widget-area awb-widget-area-element fusion-widget-area-1 fusion-content-widget-area\" style=\"--awb-title-size:13px;--awb-title-color:#318d08;--awb-padding:0px 0px 0px 0px;\"><div id=\"nav_menu-8\" class=\"widget widget_nav_menu\"><div class=\"menu-argeles-sur-mer-du-container\"><ul id=\"menu-argeles-sur-mer-du\" class=\"menu\"><li id=\"menu-item-2643\" class=\"menu-item menu-item-type-post_type menu-item-object-page menu-item-2643\"><a href=\"https:\/\/greenchalets.com\/du\/argeles-sur-mer-mobilheim\/\">Argeles sur Mer Mobilheim 6p<\/a><\/li>\n<li id=\"menu-item-2646\" class=\"menu-item menu-item-type-post_type menu-item-object-page menu-item-2646\"><a href=\"https:\/\/greenchalets.com\/du\/camping-de-pujol-argeles\/\">Camping de Pujol Argeles sur Mer<\/a><\/li>\n<li id=\"menu-item-2644\" class=\"menu-item menu-item-type-post_type menu-item-object-page menu-item-2644\"><a href=\"https:\/\/greenchalets.com\/du\/plan-camping-und-platze-argeles-sur-mer\/\">Plan Camping und Pl\u00e4tze Argeles sur Mer<\/a><\/li>\n<li id=\"menu-item-2645\" class=\"menu-item menu-item-type-post_type menu-item-object-page menu-item-2645\"><a href=\"https:\/\/greenchalets.com\/du\/umgebung-argeles-sur-mer\/\">Umgebung Argeles sur Mer<\/a><\/li>\n<\/ul><\/div><\/div><div class=\"fusion-additional-widget-content\"><\/div><\/div><div class=\"fusion-text fusion-text-3\"><p><a href=\"mailto:info@greenchalets.com\"><img decoding=\"async\" class=\"alignnone size-full wp-image-677\" src=\"https:\/\/greenchalets.com\/du\/wp-content\/uploads\/sites\/3\/2016\/01\/Vragen-DU.png\" alt=\"Vragen DU\u201d width=\" height=\"35\" \/><\/a><\/p>\n<\/div><div class=\"fusion-clearfix\"><\/div><\/div><\/div><div class=\"fusion-layout-column fusion_builder_column fusion-builder-column-2 fusion_builder_column_3_4 3_4 fusion-three-fourth fusion-column-last\" style=\"--awb-bg-size:cover;--awb-margin-top:30px;width:75%;width:calc(75% - ( ( 4% ) * 0.75 ) );\"><div class=\"fusion-column-wrapper fusion-flex-column-wrapper-legacy\"><div class=\"fusion-text fusion-text-4\"><h2 style=\"text-align: center;\">FRAGEN SIE F\u00dcR UNSERE LAST MINUTE ANGEBOTE!<\/h2>\n<p style=\"text-align: center;\"><strong>Preise zus\u00e4tzlich Endreinigung 55, &#8211; euro.<\/strong><\/p>\n<p style=\"text-align: center;\"><strong>Kurtaxe 0,86 euro p.p.p.n. (vor Ort)<\/strong><\/p>\n<p style=\"text-align: center;\"><strong>Bettw\u00e4sche optional 12, &#8211; euro p.p. ( vor Ort)<\/strong><\/p>\n<p>\u00a0 \u00a0 \u00a0 \u00a0 \u00a0 \u00a0 \u00a0 \u00a0 \u00a0 \u00a0 \u00a0 \u00a0 \u00a0 \u00a0 \u00a0 \u00a0 \u00a0 \u00a0 \u00a0 \u00a0 \u00a0 \u00a0 \u00a0 \u00a0 \u00a0 \u00a0 \u00a0 \u00a0 \u00a0 \u00a0 \u00a0 \u00a0 \u00a0 \u00a0 \u00a0 \u00a0 \u00a0 \u00a0 \u00a0 \u00a0 \u00a0 \u00a0 \u00a0 \u00a0 \u00a0 \u00a0 \u00a0 \u00a0<strong>Handt\u00fccher optional 12 Euro pro Person (vor Ort)<\/strong><\/p>\n<p style=\"text-align: center;\"><strong>Haustiere auf dem Campingplatz erlaubt (7, &#8211; euro pro Tag)<\/strong><\/p>\n<p style=\"text-align: center;\"><strong>Klima 10,- euro pro Tag (optional)<\/strong><\/p>\n<p style=\"text-align: center;\"><strong>T\u00e4gliche An- und Abreise w\u00e4hrend der gesamten Saison m\u00f6glich.<\/strong><br \/>\n<strong>Mindestaufenthalt 2 N\u00e4chte.<\/strong><\/p>\n<p style=\"text-align: center;\"><strong>Fragen Sie immer nach unseren Sonderpreisen, Last Minute, Seniorenrabatt oder Stammgastrabatt.<\/strong><\/p>\n<p><strong>\u00a0 \u00a0 \u00a0 \u00a0 \u00a0 \u00a0 \u00a0 \u00a0 \u00a0 \u00a0 \u00a0 \u00a0 \u00a0 \u00a0 \u00a0 \u00a0 \u00a0 \u00a0 \u00a0 \u00a0 \u00a0 \u00a0 \u00a0 \u00a0 \u00a0 ACHTUNG! Wenn Sie im Internet einen g\u00fcnstigeren Preis finden, teilen Sie uns dies mit.<\/strong><br \/>\n<strong>\u00a0 \u00a0 \u00a0 \u00a0 Sie erhalten von uns ein Angebot mit 10 % Rabatt auf den niedrigsten Preis, den Sie f\u00fcr die gleiche Greenchalets-Unterkunft finden.<\/strong><\/p>\n<\/div><div class=\"fusion-text fusion-text-5\"><table width=\"680\">\n<tbody>\n<tr>\n<td width=\"171\">Argeles sur Mer<\/td>\n<td width=\"140\">Ex TB\/ TT<\/td>\n<td width=\"187\"><\/td>\n<td width=\"121\">Mobilehome Type S 6p<\/td>\n<td width=\"61\"><\/td>\n<\/tr>\n<tr>\n<td>2026<\/td>\n<td>ex eindschoonmaak\/<\/td>\n<td><\/td>\n<td>Nacht<\/td>\n<td><\/td>\n<\/tr>\n<tr>\n<td><\/td>\n<td>final cleaning.<\/td>\n<td><\/td>\n<td>Night Nuit<\/td>\n<td><\/td>\n<\/tr>\n<tr>\n<td><\/td>\n<td><\/td>\n<td><\/td>\n<td><\/td>\n<td><\/td>\n<\/tr>\n<tr>\n<td>\n<table>\n<tbody>\n<tr>\n<td width=\"171\"><\/td>\n<\/tr>\n<\/tbody>\n<\/table>\n<\/td>\n<td><\/td>\n<td><\/td>\n<td><\/td>\n<td><\/td>\n<\/tr>\n<tr>\n<td><\/td>\n<td>3-04-26<\/td>\n<td width=\"187\">11-04-26<\/td>\n<td>\u20ac 75,00<\/td>\n<td><\/td>\n<\/tr>\n<tr>\n<td><\/td>\n<td width=\"140\">12-04-26<\/td>\n<td width=\"187\">24-04-26<\/td>\n<td>\u20ac 55,00<\/td>\n<td><\/td>\n<\/tr>\n<tr>\n<td><\/td>\n<td width=\"140\">25-04-26<\/td>\n<td width=\"187\">13-05-26<\/td>\n<td>\u20ac 45,00<\/td>\n<td><\/td>\n<\/tr>\n<tr>\n<td><\/td>\n<td width=\"140\">14-05-26<\/td>\n<td width=\"187\">16-05-26<\/td>\n<td>\u20ac 75,00<\/td>\n<td><\/td>\n<\/tr>\n<tr>\n<td><\/td>\n<td width=\"140\">17-05-26<\/td>\n<td width=\"187\">21-05-26<\/td>\n<td>\u20ac 60,00<\/td>\n<td><\/td>\n<\/tr>\n<tr>\n<td><\/td>\n<td width=\"140\">22-05-26<\/td>\n<td width=\"187\">25-05-26<\/td>\n<td>\u20ac 80,00<\/td>\n<td><\/td>\n<\/tr>\n<tr>\n<td><\/td>\n<td width=\"140\">26-05-26<\/td>\n<td width=\"187\">12-06-26<\/td>\n<td>\u20ac 65,00<\/td>\n<td><\/td>\n<\/tr>\n<tr>\n<td><\/td>\n<td width=\"140\">13-06-26<\/td>\n<td width=\"187\">3-07-26<\/td>\n<td>\u20ac 75,00<\/td>\n<td><\/td>\n<\/tr>\n<tr>\n<td><\/td>\n<td width=\"140\">4-07-26<\/td>\n<td width=\"187\">10-07-26<\/td>\n<td>\u20ac 95,00<\/td>\n<td><\/td>\n<\/tr>\n<tr>\n<td><\/td>\n<td width=\"140\">11-07-26<\/td>\n<td width=\"187\">21-08-26<\/td>\n<td>\u20ac 195,00<\/td>\n<td><\/td>\n<\/tr>\n<tr>\n<td><\/td>\n<td width=\"140\">22-08-26<\/td>\n<td width=\"187\">29-08-26<\/td>\n<td>\u20ac 165,00<\/td>\n<td><\/td>\n<\/tr>\n<tr>\n<td><\/td>\n<td width=\"140\">30-08-26<\/td>\n<td width=\"187\">12-09-26<\/td>\n<td>\u20ac 75,00<\/td>\n<td><\/td>\n<\/tr>\n<tr>\n<td><\/td>\n<td>13-09-26<\/td>\n<td>26-09-26<\/td>\n<td>\u20ac 55,00<\/td>\n<td><\/td>\n<\/tr>\n<tr>\n<td><\/td>\n<td>27-09-26<\/td>\n<td>30-10-26<\/td>\n<td>\u20ac 45,00<\/td>\n<td><\/td>\n<\/tr>\n<\/tbody>\n<\/table>\n<\/div><div class=\"fusion-sep-clear\"><\/div><div class=\"fusion-separator fusion-full-width-sep\" style=\"margin-left: auto;margin-right: auto;margin-top:10px;margin-bottom:10px;width:100%;\"><\/div><div class=\"fusion-sep-clear\"><\/div><div class=\"fusion-text fusion-text-6\"><p style=\"text-align: center;\">G\u00fcnstige Fl\u00fcge ab 23 Euro pro Person nach Berziers oder Barcelona.<br \/>\nT\u00e4gliche An- und Abreise ist w\u00e4hrend der gesamten Saison m\u00f6glich.<br \/>\nWochenend- und Wochenmitte-Miete ist m\u00f6glich.<br \/>\nMindestreservierungszeitraum 2 N\u00e4chte.<\/p>\n<\/div><div class=\"fusion-text fusion-text-7\"><p style=\"text-align: center;\">Greenchalets Sonnenurlaub an den sch\u00f6nsten Orten in Italien, Frankreich und Spanien. Greenhalets &#8230;.. dein Urlaub<\/p>\n<\/div><div class=\"fusion-clearfix\"><\/div><\/div><\/div><\/div><\/div>\n","protected":false},"excerpt":{"rendered":"","protected":false},"author":3,"featured_media":0,"parent":0,"menu_order":0,"comment_status":"closed","ping_status":"closed","template":"","meta":{"footnotes":""},"class_list":["post-2640","page","type-page","status-publish","hentry"],"yoast_head":"<!-- This site is optimized with the Yoast SEO plugin v27.3 - https:\/\/yoast.com\/product\/yoast-seo-wordpress\/ -->\n<title>Preise Argeles sur Mer - Greenchalets DU<\/title>\n<meta name=\"robots\" content=\"index, follow, max-snippet:-1, max-image-preview:large, max-video-preview:-1\" \/>\n<link rel=\"canonical\" href=\"https:\/\/greenchalets.com\/du\/preise-argeles-sur-mer\/\" \/>\n<meta property=\"og:locale\" content=\"nl_NL\" \/>\n<meta property=\"og:type\" content=\"article\" \/>\n<meta property=\"og:title\" content=\"Preise Argeles sur Mer - Greenchalets DU\" \/>\n<meta property=\"og:url\" content=\"https:\/\/greenchalets.com\/du\/preise-argeles-sur-mer\/\" \/>\n<meta property=\"og:site_name\" content=\"Greenchalets DU\" \/>\n<meta property=\"article:modified_time\" content=\"2026-02-16T16:17:52+00:00\" \/>\n<meta name=\"twitter:card\" content=\"summary_large_image\" \/>\n<meta name=\"twitter:label1\" content=\"Geschatte leestijd\" \/>\n\t<meta name=\"twitter:data1\" content=\"3 minuten\" \/>\n<script type=\"application\/ld+json\" class=\"yoast-schema-graph\">{\"@context\":\"https:\\\/\\\/schema.org\",\"@graph\":[{\"@type\":\"WebPage\",\"@id\":\"https:\\\/\\\/greenchalets.com\\\/du\\\/preise-argeles-sur-mer\\\/\",\"url\":\"https:\\\/\\\/greenchalets.com\\\/du\\\/preise-argeles-sur-mer\\\/\",\"name\":\"Preise Argeles sur Mer - Greenchalets DU\",\"isPartOf\":{\"@id\":\"https:\\\/\\\/greenchalets.com\\\/du\\\/#website\"},\"primaryImageOfPage\":{\"@id\":\"https:\\\/\\\/greenchalets.com\\\/du\\\/preise-argeles-sur-mer\\\/#primaryimage\"},\"image\":{\"@id\":\"https:\\\/\\\/greenchalets.com\\\/du\\\/preise-argeles-sur-mer\\\/#primaryimage\"},\"thumbnailUrl\":\"https:\\\/\\\/greenchalets.com\\\/wp-content\\\/uploads\\\/2016\\\/01\\\/facebook.png\",\"datePublished\":\"2018-09-03T20:26:59+00:00\",\"dateModified\":\"2026-02-16T16:17:52+00:00\",\"breadcrumb\":{\"@id\":\"https:\\\/\\\/greenchalets.com\\\/du\\\/preise-argeles-sur-mer\\\/#breadcrumb\"},\"inLanguage\":\"nl-NL\",\"potentialAction\":[{\"@type\":\"ReadAction\",\"target\":[\"https:\\\/\\\/greenchalets.com\\\/du\\\/preise-argeles-sur-mer\\\/\"]}]},{\"@type\":\"ImageObject\",\"inLanguage\":\"nl-NL\",\"@id\":\"https:\\\/\\\/greenchalets.com\\\/du\\\/preise-argeles-sur-mer\\\/#primaryimage\",\"url\":\"https:\\\/\\\/greenchalets.com\\\/wp-content\\\/uploads\\\/2016\\\/01\\\/facebook.png\",\"contentUrl\":\"https:\\\/\\\/greenchalets.com\\\/wp-content\\\/uploads\\\/2016\\\/01\\\/facebook.png\"},{\"@type\":\"BreadcrumbList\",\"@id\":\"https:\\\/\\\/greenchalets.com\\\/du\\\/preise-argeles-sur-mer\\\/#breadcrumb\",\"itemListElement\":[{\"@type\":\"ListItem\",\"position\":1,\"name\":\"Home\",\"item\":\"https:\\\/\\\/greenchalets.com\\\/du\\\/\"},{\"@type\":\"ListItem\",\"position\":2,\"name\":\"Preise Argeles sur Mer\"}]},{\"@type\":\"WebSite\",\"@id\":\"https:\\\/\\\/greenchalets.com\\\/du\\\/#website\",\"url\":\"https:\\\/\\\/greenchalets.com\\\/du\\\/\",\"name\":\"Greenchalets DU\",\"description\":\"Greenchalets Mobilheime, Campingurlaub\",\"potentialAction\":[{\"@type\":\"SearchAction\",\"target\":{\"@type\":\"EntryPoint\",\"urlTemplate\":\"https:\\\/\\\/greenchalets.com\\\/du\\\/?s={search_term_string}\"},\"query-input\":{\"@type\":\"PropertyValueSpecification\",\"valueRequired\":true,\"valueName\":\"search_term_string\"}}],\"inLanguage\":\"nl-NL\"}]}<\/script>\n<!-- \/ Yoast SEO plugin. -->","yoast_head_json":{"title":"Preise Argeles sur Mer - Greenchalets DU","robots":{"index":"index","follow":"follow","max-snippet":"max-snippet:-1","max-image-preview":"max-image-preview:large","max-video-preview":"max-video-preview:-1"},"canonical":"https:\/\/greenchalets.com\/du\/preise-argeles-sur-mer\/","og_locale":"nl_NL","og_type":"article","og_title":"Preise Argeles sur Mer - Greenchalets DU","og_url":"https:\/\/greenchalets.com\/du\/preise-argeles-sur-mer\/","og_site_name":"Greenchalets DU","article_modified_time":"2026-02-16T16:17:52+00:00","twitter_card":"summary_large_image","twitter_misc":{"Geschatte leestijd":"3 minuten"},"schema":{"@context":"https:\/\/schema.org","@graph":[{"@type":"WebPage","@id":"https:\/\/greenchalets.com\/du\/preise-argeles-sur-mer\/","url":"https:\/\/greenchalets.com\/du\/preise-argeles-sur-mer\/","name":"Preise Argeles sur Mer - Greenchalets DU","isPartOf":{"@id":"https:\/\/greenchalets.com\/du\/#website"},"primaryImageOfPage":{"@id":"https:\/\/greenchalets.com\/du\/preise-argeles-sur-mer\/#primaryimage"},"image":{"@id":"https:\/\/greenchalets.com\/du\/preise-argeles-sur-mer\/#primaryimage"},"thumbnailUrl":"https:\/\/greenchalets.com\/wp-content\/uploads\/2016\/01\/facebook.png","datePublished":"2018-09-03T20:26:59+00:00","dateModified":"2026-02-16T16:17:52+00:00","breadcrumb":{"@id":"https:\/\/greenchalets.com\/du\/preise-argeles-sur-mer\/#breadcrumb"},"inLanguage":"nl-NL","potentialAction":[{"@type":"ReadAction","target":["https:\/\/greenchalets.com\/du\/preise-argeles-sur-mer\/"]}]},{"@type":"ImageObject","inLanguage":"nl-NL","@id":"https:\/\/greenchalets.com\/du\/preise-argeles-sur-mer\/#primaryimage","url":"https:\/\/greenchalets.com\/wp-content\/uploads\/2016\/01\/facebook.png","contentUrl":"https:\/\/greenchalets.com\/wp-content\/uploads\/2016\/01\/facebook.png"},{"@type":"BreadcrumbList","@id":"https:\/\/greenchalets.com\/du\/preise-argeles-sur-mer\/#breadcrumb","itemListElement":[{"@type":"ListItem","position":1,"name":"Home","item":"https:\/\/greenchalets.com\/du\/"},{"@type":"ListItem","position":2,"name":"Preise Argeles sur Mer"}]},{"@type":"WebSite","@id":"https:\/\/greenchalets.com\/du\/#website","url":"https:\/\/greenchalets.com\/du\/","name":"Greenchalets DU","description":"Greenchalets Mobilheime, Campingurlaub","potentialAction":[{"@type":"SearchAction","target":{"@type":"EntryPoint","urlTemplate":"https:\/\/greenchalets.com\/du\/?s={search_term_string}"},"query-input":{"@type":"PropertyValueSpecification","valueRequired":true,"valueName":"search_term_string"}}],"inLanguage":"nl-NL"}]}},"_links":{"self":[{"href":"https:\/\/greenchalets.com\/du\/wp-json\/wp\/v2\/pages\/2640","targetHints":{"allow":["GET"]}}],"collection":[{"href":"https:\/\/greenchalets.com\/du\/wp-json\/wp\/v2\/pages"}],"about":[{"href":"https:\/\/greenchalets.com\/du\/wp-json\/wp\/v2\/types\/page"}],"author":[{"embeddable":true,"href":"https:\/\/greenchalets.com\/du\/wp-json\/wp\/v2\/users\/3"}],"replies":[{"embeddable":true,"href":"https:\/\/greenchalets.com\/du\/wp-json\/wp\/v2\/comments?post=2640"}],"version-history":[{"count":0,"href":"https:\/\/greenchalets.com\/du\/wp-json\/wp\/v2\/pages\/2640\/revisions"}],"wp:attachment":[{"href":"https:\/\/greenchalets.com\/du\/wp-json\/wp\/v2\/media?parent=2640"}],"curies":[{"name":"wp","href":"https:\/\/api.w.org\/{rel}","templated":true}]}}