{"id":2632,"date":"2018-09-03T21:17:05","date_gmt":"2018-09-03T20:17:05","guid":{"rendered":"http:\/\/greenchalets.com\/du\/?page_id=2632"},"modified":"2025-06-08T09:41:43","modified_gmt":"2025-06-08T08:41:43","slug":"umgebung-argeles-sur-mer","status":"publish","type":"page","link":"https:\/\/greenchalets.com\/du\/umgebung-argeles-sur-mer\/","title":{"rendered":"Umgebung Argeles sur Mer"},"content":{"rendered":"<div class=\"fusion-fullwidth fullwidth-box fusion-builder-row-1 nonhundred-percent-fullwidth non-hundred-percent-height-scrolling\" style=\"--awb-border-radius-top-left:0px;--awb-border-radius-top-right:0px;--awb-border-radius-bottom-right:0px;--awb-border-radius-bottom-left:0px;--awb-flex-wrap:wrap;\" ><div class=\"fusion-builder-row fusion-row\"><div class=\"fusion-layout-column fusion_builder_column fusion-builder-column-0 fusion_builder_column_1_1 1_1 fusion-one-full fusion-column-first fusion-column-last\" style=\"--awb-bg-size:cover;--awb-margin-bottom:0px;\"><div class=\"fusion-column-wrapper fusion-flex-column-wrapper-legacy\">\n<div class=\"fusion-slider-revolution rev_slider_wrapper\">\t\t\t<!-- START Argeles sur Mer REVOLUTION SLIDER 6.6.20 --><p class=\"rs-p-wp-fix\"><\/p>\n\t\t\t<rs-module-wrap id=\"rev_slider_8_1_wrapper\" data-source=\"gallery\" style=\"visibility:hidden;background:transparent;padding:0;margin:0px auto;margin-top:0;margin-bottom:0;\">\n\t\t\t\t<rs-module id=\"rev_slider_8_1\" style=\"\" data-version=\"6.6.20\">\n\t\t\t\t\t<rs-slides style=\"overflow: hidden; position: absolute;\">\n\t\t\t\t\t\t<rs-slide style=\"position: absolute;\" data-key=\"rs-10\" data-title=\"Slide\" data-anim=\"adpr:false;\">\n\t\t\t\t\t\t\t<img decoding=\"async\" src=\"\/\/greenchalets.com\/du\/wp-content\/plugins\/revslider\/public\/assets\/assets\/dummy.png\" alt=\"\" title=\"argeles-Colloiure-greenchalets-hoofdfoto-L-ws-1.jpg\" width=\"5132\" height=\"2077\" class=\"rev-slidebg tp-rs-img rs-lazyload\" data-lazyload=\"\/\/greenchalets.com\/du\/wp-content\/uploads\/sites\/3\/revslider\/argeles-sur-mer\/argeles-Colloiure-greenchalets-hoofdfoto-L-ws-1.jpg\" data-bg=\"p:65% 65%;\" data-no-retina>\n<!--\n\t\t\t\t\t\t\t--><rs-layer\n\t\t\t\t\t\t\t\tid=\"slider-8-slide-10-layer-3\" \n\t\t\t\t\t\t\t\tclass=\"boxshadow\"\n\t\t\t\t\t\t\t\tdata-type=\"text\"\n\t\t\t\t\t\t\t\tdata-color=\"rgba(255,255,255,1)\"\n\t\t\t\t\t\t\t\tdata-rsp_ch=\"on\"\n\t\t\t\t\t\t\t\tdata-xy=\"xo:11px;yo:237px;\"\n\t\t\t\t\t\t\t\tdata-text=\"s:48;l:51;fw:600;a:inherit;\"\n\t\t\t\t\t\t\t\tdata-dim=\"w:515px;h:52px;\"\n\t\t\t\t\t\t\t\tdata-frame_0=\"tp:600;\"\n\t\t\t\t\t\t\t\tdata-frame_1=\"tp:600;st:0;\"\n\t\t\t\t\t\t\t\tdata-frame_999=\"o:0;tp:600;st:w;sR:8700;\"\n\t\t\t\t\t\t\t\tstyle=\"z-index:5;font-family:'Trebuchet MS', 'Helvetica', 'sans-serif';-moz-box-shadow:0px 0px 20px rgba(0, 0, 0, 0.5);-webkit-box-shadow:0px 0px 20px rgba(0, 0, 0, 0.5);box-shadow:0px 0px 20px rgba(0, 0, 0, 0.5);type:text;\"\n\t\t\t\t\t\t\t>Languedoc Roussillion \n\t\t\t\t\t\t\t<\/rs-layer><!--\n-->\t\t\t\t\t\t<\/rs-slide>\n\t\t\t\t\t<\/rs-slides>\n\t\t\t\t\t<rs-static-layers class=\"rs-stl-visible\"><!--\n\n\t\t\t\t\t\t\t--><rs-group\n\t\t\t\t\t\t\t\tid=\"slider-8-slide-3-layer-2\" \n\t\t\t\t\t\t\t\tclass=\"rs-layer-static\"\n\t\t\t\t\t\t\t\tdata-type=\"group\"\n\t\t\t\t\t\t\t\tdata-xy=\"xo:100px;yo:100px;\"\n\t\t\t\t\t\t\t\tdata-text=\"l:22;a:inherit;\"\n\t\t\t\t\t\t\t\tdata-dim=\"w:200px;h:200px;\"\n\t\t\t\t\t\t\t\tdata-onslides=\"s:1;\"\n\t\t\t\t\t\t\t\tdata-frame_0=\"tp:600;\"\n\t\t\t\t\t\t\t\tdata-frame_1=\"tp:600;st:0;\"\n\t\t\t\t\t\t\t\tdata-frame_999=\"o:0;tp:600;st:w;sR:8700;sA:9000;\"\n\t\t\t\t\t\t\t\tstyle=\"z-index:6;\"\n\t\t\t\t\t\t\t><!--\t\t\t\t\t\t\t--><\/rs-group><!--\n\n\t\t\t\t\t\t\t--><rs-layer\n\t\t\t\t\t\t\t\tid=\"slider-8-slide-3-layer-1\" \n\t\t\t\t\t\t\t\tclass=\"rs-layer-static\"\n\t\t\t\t\t\t\t\tdata-type=\"image\"\n\t\t\t\t\t\t\t\tdata-rsp_ch=\"on\"\n\t\t\t\t\t\t\t\tdata-xy=\"xo:-4px;yo:1px;\"\n\t\t\t\t\t\t\t\tdata-text=\"l:22;a:inherit;\"\n\t\t\t\t\t\t\t\tdata-dim=\"w:['1200','1200','1200','1200'];h:['347','347','347','347'];\"\n\t\t\t\t\t\t\t\tdata-onslides=\"s:1;\"\n\t\t\t\t\t\t\t\tdata-frame_0=\"tp:600;\"\n\t\t\t\t\t\t\t\tdata-frame_1=\"tp:600;st:0;\"\n\t\t\t\t\t\t\t\tdata-frame_999=\"o:0;tp:600;st:w;sR:8700;\"\n\t\t\t\t\t\t\t\tstyle=\"z-index:5;\"\n\t\t\t\t\t\t\t><img decoding=\"async\" src=\"\/\/greenchalets.com\/du\/wp-content\/plugins\/revslider\/public\/assets\/assets\/dummy.png\" alt=\"\" class=\"tp-rs-img rs-lazyload\" data-lazyload=\"\/\/greenchalets.com\/du\/wp-content\/uploads\/sites\/3\/2017\/11\/platja-daro-spanje-greenchalets.jpg\" data-no-retina> \n\t\t\t\t\t\t\t<\/rs-layer><!--\n\t\t\t\t\t--><\/rs-static-layers>\n\t\t\t\t<\/rs-module>\n\t\t\t\t<script>\n\t\t\t\t\tsetREVStartSize({c: 'rev_slider_8_1',rl:[1240,1024,778,480],el:[],gw:[1600,1600,778,480],gh:[300,300,300,300],type:'standard',justify:'',layout:'fullwidth',mh:\"0\"});if (window.RS_MODULES!==undefined && window.RS_MODULES.modules!==undefined && window.RS_MODULES.modules[\"revslider81\"]!==undefined) {window.RS_MODULES.modules[\"revslider81\"].once = false;window.revapi8 = undefined;if (window.RS_MODULES.checkMinimal!==undefined) window.RS_MODULES.checkMinimal()}\n\t\t\t\t<\/script>\n\t\t\t<\/rs-module-wrap>\n\t\t\t<!-- END REVOLUTION SLIDER -->\n<\/div><div class=\"fusion-clearfix\"><\/div><\/div><\/div><div class=\"fusion-layout-column fusion_builder_column fusion-builder-column-1 fusion_builder_column_1_5 1_5 fusion-one-fifth fusion-column-first\" style=\"--awb-bg-size:cover;--awb-margin-top:30px;width:20%;width:calc(20% - ( ( 4% + 4% + 4% + 4% ) * 0.2 ) );margin-right: 4%;\"><div class=\"fusion-column-wrapper fusion-flex-column-wrapper-legacy\"><div class=\"fusion-image-element in-legacy-container\" style=\"--awb-caption-title-font-family:var(--h2_typography-font-family);--awb-caption-title-font-weight:var(--h2_typography-font-weight);--awb-caption-title-font-style:var(--h2_typography-font-style);--awb-caption-title-size:var(--h2_typography-font-size);--awb-caption-title-transform:var(--h2_typography-text-transform);--awb-caption-title-line-height:var(--h2_typography-line-height);--awb-caption-title-letter-spacing:var(--h2_typography-letter-spacing);\"><span class=\" fusion-imageframe imageframe-dropshadow imageframe-1 hover-type-none\" style=\"-webkit-box-shadow: 3px 3px 7px rgba(0,0,0,0.3);box-shadow: 3px 3px 7px rgba(0,0,0,0.3);\"><a href=\"https:\/\/greenchalets.com\/wp-content\/uploads\/2018\/01\/argeles-sur-mer-strand-2.jpg\" class=\"fusion-lightbox\" data-rel=\"iLightbox[a56d1609212f71f6703]\"><img decoding=\"async\" alt=\"UMGEBUNG ARGELES SUR MER\" src=\"https:\/\/greenchalets.com\/wp-content\/uploads\/2018\/01\/argeles-sur-mer-strand-klein.jpg\" class=\"img-responsive\"\/><\/a><\/span><\/div><div class=\"fusion-clearfix\"><\/div><\/div><\/div><div class=\"fusion-layout-column fusion_builder_column fusion-builder-column-2 fusion_builder_column_1_5 1_5 fusion-one-fifth\" style=\"--awb-bg-size:cover;--awb-margin-top:30px;width:20%;width:calc(20% - ( ( 4% + 4% + 4% + 4% ) * 0.2 ) );margin-right: 4%;\"><div class=\"fusion-column-wrapper fusion-flex-column-wrapper-legacy\"><div class=\"fusion-image-element in-legacy-container\" style=\"--awb-caption-title-font-family:var(--h2_typography-font-family);--awb-caption-title-font-weight:var(--h2_typography-font-weight);--awb-caption-title-font-style:var(--h2_typography-font-style);--awb-caption-title-size:var(--h2_typography-font-size);--awb-caption-title-transform:var(--h2_typography-text-transform);--awb-caption-title-line-height:var(--h2_typography-line-height);--awb-caption-title-letter-spacing:var(--h2_typography-letter-spacing);\"><span class=\" fusion-imageframe imageframe-dropshadow imageframe-2 hover-type-none\" style=\"-webkit-box-shadow: 3px 3px 7px rgba(0,0,0,0.3);box-shadow: 3px 3px 7px rgba(0,0,0,0.3);\"><a href=\"https:\/\/greenchalets.com\/wp-content\/uploads\/2018\/01\/Collioure-Argeles-sur-mer-L-ws.jpg\" class=\"fusion-lightbox\" data-rel=\"iLightbox[04214080992d461c062]\"><img decoding=\"async\" alt=\"UMGEBUNG ARGELES SUR MER\" src=\"https:\/\/greenchalets.com\/wp-content\/uploads\/2018\/01\/CollioureArgeles-sur-mer-L-ws-klein.jpg\" class=\"img-responsive\"\/><\/a><\/span><\/div><div class=\"fusion-clearfix\"><\/div><\/div><\/div><div class=\"fusion-layout-column fusion_builder_column fusion-builder-column-3 fusion_builder_column_1_5 1_5 fusion-one-fifth\" style=\"--awb-bg-size:cover;--awb-margin-top:30px;width:20%;width:calc(20% - ( ( 4% + 4% + 4% + 4% ) * 0.2 ) );margin-right: 4%;\"><div class=\"fusion-column-wrapper fusion-flex-column-wrapper-legacy\"><div class=\"fusion-image-element in-legacy-container\" style=\"--awb-caption-title-font-family:var(--h2_typography-font-family);--awb-caption-title-font-weight:var(--h2_typography-font-weight);--awb-caption-title-font-style:var(--h2_typography-font-style);--awb-caption-title-size:var(--h2_typography-font-size);--awb-caption-title-transform:var(--h2_typography-text-transform);--awb-caption-title-line-height:var(--h2_typography-line-height);--awb-caption-title-letter-spacing:var(--h2_typography-letter-spacing);\"><span class=\" fusion-imageframe imageframe-dropshadow imageframe-3 hover-type-none\" style=\"-webkit-box-shadow: 3px 3px 7px rgba(0,0,0,0.3);box-shadow: 3px 3px 7px rgba(0,0,0,0.3);\"><a href=\"https:\/\/greenchalets.com\/wp-content\/uploads\/2018\/01\/argeles-sur-mer-winkeltjes-greenchalets-L-ws.jpg\" class=\"fusion-lightbox\" data-rel=\"iLightbox[916ad6f85346e8d8c89]\"><img decoding=\"async\" alt=\"UMGEBUNG ARGELES SUR MER\" src=\"https:\/\/greenchalets.com\/wp-content\/uploads\/2018\/01\/argeles-sur-mer-winkeltjes-greenchalets-L-ws-klein.jpg\" class=\"img-responsive\"\/><\/a><\/span><\/div><div class=\"fusion-clearfix\"><\/div><\/div><\/div><div class=\"fusion-layout-column fusion_builder_column fusion-builder-column-4 fusion_builder_column_1_5 1_5 fusion-one-fifth\" style=\"--awb-bg-size:cover;--awb-margin-top:30px;width:20%;width:calc(20% - ( ( 4% + 4% + 4% + 4% ) * 0.2 ) );margin-right: 4%;\"><div class=\"fusion-column-wrapper fusion-flex-column-wrapper-legacy\"><div class=\"fusion-image-element in-legacy-container\" style=\"--awb-caption-title-font-family:var(--h2_typography-font-family);--awb-caption-title-font-weight:var(--h2_typography-font-weight);--awb-caption-title-font-style:var(--h2_typography-font-style);--awb-caption-title-size:var(--h2_typography-font-size);--awb-caption-title-transform:var(--h2_typography-text-transform);--awb-caption-title-line-height:var(--h2_typography-line-height);--awb-caption-title-letter-spacing:var(--h2_typography-letter-spacing);\"><span class=\" fusion-imageframe imageframe-dropshadow imageframe-4 hover-type-none\" style=\"-webkit-box-shadow: 3px 3px 7px rgba(0,0,0,0.3);box-shadow: 3px 3px 7px rgba(0,0,0,0.3);\"><a href=\"https:\/\/greenchalets.com\/wp-content\/uploads\/2018\/01\/Argeles-strand-en-dorp-greenchalets.jpg\" class=\"fusion-lightbox\" data-rel=\"iLightbox[80a06ecccb608443c45]\"><img decoding=\"async\" alt=\"UMGEBUNG ARGELES SUR MER\" src=\"https:\/\/greenchalets.com\/wp-content\/uploads\/2018\/01\/Argeles-strand-en-dorp-greenchalets-klein.jpg\" class=\"img-responsive\"\/><\/a><\/span><\/div><div class=\"fusion-clearfix\"><\/div><\/div><\/div><div class=\"fusion-layout-column fusion_builder_column fusion-builder-column-5 fusion_builder_column_1_5 1_5 fusion-one-fifth fusion-column-last\" style=\"--awb-bg-size:cover;--awb-margin-top:30px;width:20%;width:calc(20% - ( ( 4% + 4% + 4% + 4% ) * 0.2 ) );\"><div class=\"fusion-column-wrapper fusion-flex-column-wrapper-legacy\"><div class=\"fusion-image-element in-legacy-container\" style=\"--awb-caption-title-font-family:var(--h2_typography-font-family);--awb-caption-title-font-weight:var(--h2_typography-font-weight);--awb-caption-title-font-style:var(--h2_typography-font-style);--awb-caption-title-size:var(--h2_typography-font-size);--awb-caption-title-transform:var(--h2_typography-text-transform);--awb-caption-title-line-height:var(--h2_typography-line-height);--awb-caption-title-letter-spacing:var(--h2_typography-letter-spacing);\"><span class=\" fusion-imageframe imageframe-dropshadow imageframe-5 hover-type-none\" style=\"-webkit-box-shadow: 3px 3px 7px rgba(0,0,0,0.3);box-shadow: 3px 3px 7px rgba(0,0,0,0.3);\"><a href=\"https:\/\/greenchalets.com\/wp-content\/uploads\/2018\/01\/Collioure-burgt-argeles-.jpg\" class=\"fusion-lightbox\" data-rel=\"iLightbox[1046b1450328d8958b8]\"><img decoding=\"async\" alt=\"UMGEBUNG ARGELES SUR MER\" src=\"https:\/\/greenchalets.com\/wp-content\/uploads\/2018\/01\/Collioure-burgt-argeles-klein.jpg\" class=\"img-responsive\"\/><\/a><\/span><\/div><div class=\"fusion-clearfix\"><\/div><\/div><\/div><div class=\"fusion-layout-column fusion_builder_column fusion-builder-column-6 fusion_builder_column_1_4 1_4 fusion-one-fourth fusion-column-first\" style=\"--awb-bg-size:cover;width:25%;width:calc(25% - ( ( 4% ) * 0.25 ) );margin-right: 4%;\"><div class=\"fusion-column-wrapper fusion-flex-column-wrapper-legacy\"><div class=\"fusion-text fusion-text-1\"><p><a href=\"https:\/\/www.facebook.com\/greenchalets\" target=\"_blank\" rel=\"noopener noreferrer\"><img decoding=\"async\" class=\"alignnone size-full wp-image-696\" src=\"https:\/\/greenchalets.com\/wp-content\/uploads\/2016\/01\/facebook.png\" alt=\"facebook\" \/><\/a><\/p>\n<\/div><div class=\"fusion-text fusion-text-2\"><p><a href=\"https:\/\/greenchalets.com\/du\/preise-argeles-sur-mer\/\"><img decoding=\"async\" class=\"alignnone wp-image-5589 size-full\" src=\"https:\/\/greenchalets.com\/wp-content\/uploads\/sites\/3\/2016\/01\/ArrowDE-Preise.png\" alt=\"ArrowNL\" width=\"121\" height=\"35\" \/><\/a><\/p>\n<p><a href=\"https:\/\/www.greenchalets.com\/du\/contact\/\"><img decoding=\"async\" class=\"alignnone size-full wp-image-5589\" src=\"https:\/\/greenchalets.com\/wp-content\/uploads\/sites\/3\/2016\/01\/ArrowDE.png\" alt=\"ArrowEN\" width=\"121\" height=\"35\" \/><\/a><\/p>\n<\/div><div class=\"fusion-widget-area awb-widget-area-element fusion-widget-area-1 fusion-content-widget-area\" style=\"--awb-title-size:13px;--awb-title-color:#318d08;--awb-padding:0px 0px 0px 0px;\"><div id=\"nav_menu-8\" class=\"widget widget_nav_menu\"><div class=\"menu-argeles-sur-mer-du-container\"><ul id=\"menu-argeles-sur-mer-du\" class=\"menu\"><li id=\"menu-item-2643\" class=\"menu-item menu-item-type-post_type menu-item-object-page menu-item-2643\"><a href=\"https:\/\/greenchalets.com\/du\/argeles-sur-mer-mobilheim\/\">Argeles sur Mer Mobilheim 6p<\/a><\/li>\n<li id=\"menu-item-2646\" class=\"menu-item menu-item-type-post_type menu-item-object-page menu-item-2646\"><a href=\"https:\/\/greenchalets.com\/du\/camping-de-pujol-argeles\/\">Camping de Pujol Argeles sur Mer<\/a><\/li>\n<li id=\"menu-item-2644\" class=\"menu-item menu-item-type-post_type menu-item-object-page menu-item-2644\"><a href=\"https:\/\/greenchalets.com\/du\/plan-camping-und-platze-argeles-sur-mer\/\">Plan Camping und Pl\u00e4tze Argeles sur Mer<\/a><\/li>\n<li id=\"menu-item-2645\" class=\"menu-item menu-item-type-post_type menu-item-object-page menu-item-2645\"><a href=\"https:\/\/greenchalets.com\/du\/umgebung-argeles-sur-mer\/\">Umgebung Argeles sur Mer<\/a><\/li>\n<\/ul><\/div><\/div><div class=\"fusion-additional-widget-content\"><\/div><\/div><div class=\"fusion-clearfix\"><\/div><\/div><\/div><div class=\"fusion-layout-column fusion_builder_column fusion-builder-column-7 fusion_builder_column_2_3 2_3 fusion-two-third fusion-column-last\" style=\"--awb-bg-size:cover;width:66.666666666667%;width:calc(66.666666666667% - ( ( 4% ) * 0.66666666666667 ) );\"><div class=\"fusion-column-wrapper fusion-flex-column-wrapper-legacy\"><div class=\"fusion-text fusion-text-3\"><h1>UMGEBUNG ARGELES SUR MER<\/h1>\n<\/div><div class=\"fusion-builder-row fusion-builder-row-inner fusion-row\"><div class=\"fusion-layout-column fusion_builder_column_inner fusion-builder-nested-column-0 fusion_builder_column_inner_1_2 1_2 fusion-one-half fusion-column-first\" style=\"--awb-bg-size:cover;width:50%;width:calc(50% - ( ( 4% ) * 0.5 ) );margin-right: 4%;\"><div class=\"fusion-column-wrapper fusion-flex-column-wrapper-legacy\"><div class=\"fusion-text fusion-text-4\"><p>Urlaub in S\u00fcdfrankreich auf dem Campingplatz in Argel\u00e8s-sur-Mer. Am Fu\u00dfe der Pyren\u00e4en in der Region Roussillon \/ Languedoc.<\/p>\n<p>Sie k\u00f6nnen Sonne, Meer, Natur und Kultur genie\u00dfen. Die Gegend um Argeles-sur-Mer hat viel zu bieten mit eigenem sonnigem Charme, wundersch\u00f6ne Berglandschaft mit vielen Wander-, Rad-, Mountainbike- und Reitwegen.<\/p>\n<p>Dar\u00fcber hinaus gibt es die charakteristischen D\u00f6rfer, zum beispiel Collioure. Und ebenso d\u00f6rfer im Norden Spaniens (Costa Brava) und Andorra sind sch\u00f6ne Ziele f\u00fcr Tagesausfl\u00fcge vom Campingplatz in Argeles sur Mer.<\/p>\n<\/div><div class=\"fusion-clearfix\"><\/div><\/div><\/div><div class=\"fusion-layout-column fusion_builder_column_inner fusion-builder-nested-column-1 fusion_builder_column_inner_1_2 1_2 fusion-one-half fusion-column-last\" style=\"--awb-bg-size:cover;width:50%;width:calc(50% - ( ( 4% ) * 0.5 ) );\"><div class=\"fusion-column-wrapper fusion-flex-column-wrapper-legacy\"><div class=\"fusion-text fusion-text-5\"><p>Vom Camping Pujol in Argel\u00e8s-sur-Mer sind Sie in wenigen Minuten an den sch\u00f6nen Sandstr\u00e4nden von Argeles Plage.<\/p>\n<p>Vom Strand aus k\u00f6nnen Sie die Pyren\u00e4en und die K\u00fcste mit wundersch\u00f6nen Pinien und Geb\u00e4uden sehen.<\/p>\n<p>Die lebhafte Promenade von Argeles l\u00e4dt mit mehreren Gesch\u00e4ften und Restaurants zu einem Imbiss und einem Getr\u00e4nk auf einer der Terrassen ein.<\/p>\n<p>Dank der Vielseitigkeit der Gegend eignet sich das Greenchalets in Argel\u00e8s-sur-Mer f\u00fcr die ganze Familie. Sie werden einen wundersch\u00f6nen Urlaub haben!<\/p>\n<\/div><div class=\"fusion-clearfix\"><\/div><\/div><\/div><\/div><div class=\"fusion-clearfix\"><\/div><\/div><\/div><\/div><\/div>\n","protected":false},"excerpt":{"rendered":"","protected":false},"author":3,"featured_media":0,"parent":0,"menu_order":0,"comment_status":"closed","ping_status":"closed","template":"","meta":{"footnotes":""},"class_list":["post-2632","page","type-page","status-publish","hentry"],"yoast_head":"<!-- This site is optimized with the Yoast SEO plugin v27.3 - https:\/\/yoast.com\/product\/yoast-seo-wordpress\/ -->\n<title>UMGEBUNG ARGELES SUR MER Greenchalets Frankreich<\/title>\n<meta name=\"description\" content=\"UMGEBUNG ARGELES SUR MER Greenchalets Frankreich Urlaub in S\u00fcdfrankreich auf dem Campingplatz am Fu\u00dfe der Pyren\u00e4en in der Region Roussillon \/ Languedoc\" \/>\n<meta name=\"robots\" content=\"index, follow, max-snippet:-1, max-image-preview:large, max-video-preview:-1\" \/>\n<link rel=\"canonical\" href=\"https:\/\/greenchalets.com\/du\/umgebung-argeles-sur-mer\/\" \/>\n<meta property=\"og:locale\" content=\"nl_NL\" \/>\n<meta property=\"og:type\" content=\"article\" \/>\n<meta property=\"og:title\" content=\"UMGEBUNG ARGELES SUR MER Greenchalets Frankreich\" \/>\n<meta property=\"og:description\" content=\"UMGEBUNG ARGELES SUR MER Greenchalets Frankreich Urlaub in S\u00fcdfrankreich auf dem Campingplatz am Fu\u00dfe der Pyren\u00e4en in der Region Roussillon \/ Languedoc\" \/>\n<meta property=\"og:url\" content=\"https:\/\/greenchalets.com\/du\/umgebung-argeles-sur-mer\/\" \/>\n<meta property=\"og:site_name\" content=\"Greenchalets DU\" \/>\n<meta property=\"article:modified_time\" content=\"2025-06-08T08:41:43+00:00\" \/>\n<meta property=\"og:image\" content=\"https:\/\/greenchalets.com\/wp-content\/uploads\/2016\/01\/facebook.png\" \/>\n<meta name=\"twitter:card\" content=\"summary_large_image\" \/>\n<meta name=\"twitter:label1\" content=\"Geschatte leestijd\" \/>\n\t<meta name=\"twitter:data1\" content=\"4 minuten\" \/>\n<script type=\"application\/ld+json\" class=\"yoast-schema-graph\">{\"@context\":\"https:\\\/\\\/schema.org\",\"@graph\":[{\"@type\":\"WebPage\",\"@id\":\"https:\\\/\\\/greenchalets.com\\\/du\\\/umgebung-argeles-sur-mer\\\/\",\"url\":\"https:\\\/\\\/greenchalets.com\\\/du\\\/umgebung-argeles-sur-mer\\\/\",\"name\":\"UMGEBUNG ARGELES SUR MER Greenchalets Frankreich\",\"isPartOf\":{\"@id\":\"https:\\\/\\\/greenchalets.com\\\/du\\\/#website\"},\"primaryImageOfPage\":{\"@id\":\"https:\\\/\\\/greenchalets.com\\\/du\\\/umgebung-argeles-sur-mer\\\/#primaryimage\"},\"image\":{\"@id\":\"https:\\\/\\\/greenchalets.com\\\/du\\\/umgebung-argeles-sur-mer\\\/#primaryimage\"},\"thumbnailUrl\":\"https:\\\/\\\/greenchalets.com\\\/wp-content\\\/uploads\\\/2016\\\/01\\\/facebook.png\",\"datePublished\":\"2018-09-03T20:17:05+00:00\",\"dateModified\":\"2025-06-08T08:41:43+00:00\",\"description\":\"UMGEBUNG ARGELES SUR MER Greenchalets Frankreich Urlaub in S\u00fcdfrankreich auf dem Campingplatz am Fu\u00dfe der Pyren\u00e4en in der Region Roussillon \\\/ Languedoc\",\"breadcrumb\":{\"@id\":\"https:\\\/\\\/greenchalets.com\\\/du\\\/umgebung-argeles-sur-mer\\\/#breadcrumb\"},\"inLanguage\":\"nl-NL\",\"potentialAction\":[{\"@type\":\"ReadAction\",\"target\":[\"https:\\\/\\\/greenchalets.com\\\/du\\\/umgebung-argeles-sur-mer\\\/\"]}]},{\"@type\":\"ImageObject\",\"inLanguage\":\"nl-NL\",\"@id\":\"https:\\\/\\\/greenchalets.com\\\/du\\\/umgebung-argeles-sur-mer\\\/#primaryimage\",\"url\":\"https:\\\/\\\/greenchalets.com\\\/wp-content\\\/uploads\\\/2016\\\/01\\\/facebook.png\",\"contentUrl\":\"https:\\\/\\\/greenchalets.com\\\/wp-content\\\/uploads\\\/2016\\\/01\\\/facebook.png\"},{\"@type\":\"BreadcrumbList\",\"@id\":\"https:\\\/\\\/greenchalets.com\\\/du\\\/umgebung-argeles-sur-mer\\\/#breadcrumb\",\"itemListElement\":[{\"@type\":\"ListItem\",\"position\":1,\"name\":\"Home\",\"item\":\"https:\\\/\\\/greenchalets.com\\\/du\\\/\"},{\"@type\":\"ListItem\",\"position\":2,\"name\":\"Umgebung Argeles sur Mer\"}]},{\"@type\":\"WebSite\",\"@id\":\"https:\\\/\\\/greenchalets.com\\\/du\\\/#website\",\"url\":\"https:\\\/\\\/greenchalets.com\\\/du\\\/\",\"name\":\"Greenchalets DU\",\"description\":\"Greenchalets Mobilheime, Campingurlaub\",\"potentialAction\":[{\"@type\":\"SearchAction\",\"target\":{\"@type\":\"EntryPoint\",\"urlTemplate\":\"https:\\\/\\\/greenchalets.com\\\/du\\\/?s={search_term_string}\"},\"query-input\":{\"@type\":\"PropertyValueSpecification\",\"valueRequired\":true,\"valueName\":\"search_term_string\"}}],\"inLanguage\":\"nl-NL\"}]}<\/script>\n<!-- \/ Yoast SEO plugin. -->","yoast_head_json":{"title":"UMGEBUNG ARGELES SUR MER Greenchalets Frankreich","description":"UMGEBUNG ARGELES SUR MER Greenchalets Frankreich Urlaub in S\u00fcdfrankreich auf dem Campingplatz am Fu\u00dfe der Pyren\u00e4en in der Region Roussillon \/ Languedoc","robots":{"index":"index","follow":"follow","max-snippet":"max-snippet:-1","max-image-preview":"max-image-preview:large","max-video-preview":"max-video-preview:-1"},"canonical":"https:\/\/greenchalets.com\/du\/umgebung-argeles-sur-mer\/","og_locale":"nl_NL","og_type":"article","og_title":"UMGEBUNG ARGELES SUR MER Greenchalets Frankreich","og_description":"UMGEBUNG ARGELES SUR MER Greenchalets Frankreich Urlaub in S\u00fcdfrankreich auf dem Campingplatz am Fu\u00dfe der Pyren\u00e4en in der Region Roussillon \/ Languedoc","og_url":"https:\/\/greenchalets.com\/du\/umgebung-argeles-sur-mer\/","og_site_name":"Greenchalets DU","article_modified_time":"2025-06-08T08:41:43+00:00","og_image":[{"url":"https:\/\/greenchalets.com\/wp-content\/uploads\/2016\/01\/facebook.png","type":"","width":"","height":""}],"twitter_card":"summary_large_image","twitter_misc":{"Geschatte leestijd":"4 minuten"},"schema":{"@context":"https:\/\/schema.org","@graph":[{"@type":"WebPage","@id":"https:\/\/greenchalets.com\/du\/umgebung-argeles-sur-mer\/","url":"https:\/\/greenchalets.com\/du\/umgebung-argeles-sur-mer\/","name":"UMGEBUNG ARGELES SUR MER Greenchalets Frankreich","isPartOf":{"@id":"https:\/\/greenchalets.com\/du\/#website"},"primaryImageOfPage":{"@id":"https:\/\/greenchalets.com\/du\/umgebung-argeles-sur-mer\/#primaryimage"},"image":{"@id":"https:\/\/greenchalets.com\/du\/umgebung-argeles-sur-mer\/#primaryimage"},"thumbnailUrl":"https:\/\/greenchalets.com\/wp-content\/uploads\/2016\/01\/facebook.png","datePublished":"2018-09-03T20:17:05+00:00","dateModified":"2025-06-08T08:41:43+00:00","description":"UMGEBUNG ARGELES SUR MER Greenchalets Frankreich Urlaub in S\u00fcdfrankreich auf dem Campingplatz am Fu\u00dfe der Pyren\u00e4en in der Region Roussillon \/ Languedoc","breadcrumb":{"@id":"https:\/\/greenchalets.com\/du\/umgebung-argeles-sur-mer\/#breadcrumb"},"inLanguage":"nl-NL","potentialAction":[{"@type":"ReadAction","target":["https:\/\/greenchalets.com\/du\/umgebung-argeles-sur-mer\/"]}]},{"@type":"ImageObject","inLanguage":"nl-NL","@id":"https:\/\/greenchalets.com\/du\/umgebung-argeles-sur-mer\/#primaryimage","url":"https:\/\/greenchalets.com\/wp-content\/uploads\/2016\/01\/facebook.png","contentUrl":"https:\/\/greenchalets.com\/wp-content\/uploads\/2016\/01\/facebook.png"},{"@type":"BreadcrumbList","@id":"https:\/\/greenchalets.com\/du\/umgebung-argeles-sur-mer\/#breadcrumb","itemListElement":[{"@type":"ListItem","position":1,"name":"Home","item":"https:\/\/greenchalets.com\/du\/"},{"@type":"ListItem","position":2,"name":"Umgebung Argeles sur Mer"}]},{"@type":"WebSite","@id":"https:\/\/greenchalets.com\/du\/#website","url":"https:\/\/greenchalets.com\/du\/","name":"Greenchalets DU","description":"Greenchalets Mobilheime, Campingurlaub","potentialAction":[{"@type":"SearchAction","target":{"@type":"EntryPoint","urlTemplate":"https:\/\/greenchalets.com\/du\/?s={search_term_string}"},"query-input":{"@type":"PropertyValueSpecification","valueRequired":true,"valueName":"search_term_string"}}],"inLanguage":"nl-NL"}]}},"_links":{"self":[{"href":"https:\/\/greenchalets.com\/du\/wp-json\/wp\/v2\/pages\/2632","targetHints":{"allow":["GET"]}}],"collection":[{"href":"https:\/\/greenchalets.com\/du\/wp-json\/wp\/v2\/pages"}],"about":[{"href":"https:\/\/greenchalets.com\/du\/wp-json\/wp\/v2\/types\/page"}],"author":[{"embeddable":true,"href":"https:\/\/greenchalets.com\/du\/wp-json\/wp\/v2\/users\/3"}],"replies":[{"embeddable":true,"href":"https:\/\/greenchalets.com\/du\/wp-json\/wp\/v2\/comments?post=2632"}],"version-history":[{"count":0,"href":"https:\/\/greenchalets.com\/du\/wp-json\/wp\/v2\/pages\/2632\/revisions"}],"wp:attachment":[{"href":"https:\/\/greenchalets.com\/du\/wp-json\/wp\/v2\/media?parent=2632"}],"curies":[{"name":"wp","href":"https:\/\/api.w.org\/{rel}","templated":true}]}}