{"id":1848,"date":"2017-11-09T09:04:16","date_gmt":"2017-11-09T09:04:16","guid":{"rendered":"http:\/\/greenchalets.com\/?page_id=1848"},"modified":"2025-12-10T16:00:51","modified_gmt":"2025-12-10T15:00:51","slug":"preise-palamos-costa-brava","status":"publish","type":"page","link":"https:\/\/greenchalets.com\/du\/preise-palamos-costa-brava\/","title":{"rendered":"Preise Palamos Costa Brava"},"content":{"rendered":"<div class=\"fusion-fullwidth fullwidth-box fusion-builder-row-1 nonhundred-percent-fullwidth non-hundred-percent-height-scrolling\" style=\"--awb-border-radius-top-left:0px;--awb-border-radius-top-right:0px;--awb-border-radius-bottom-right:0px;--awb-border-radius-bottom-left:0px;--awb-flex-wrap:wrap;\" ><div class=\"fusion-builder-row fusion-row\"><div class=\"fusion-layout-column fusion_builder_column fusion-builder-column-0 fusion_builder_column_1_1 1_1 fusion-one-full fusion-column-first fusion-column-last\" style=\"--awb-bg-size:cover;--awb-margin-bottom:0px;\"><div class=\"fusion-column-wrapper fusion-flex-column-wrapper-legacy\">\n<div class=\"fusion-slider-revolution rev_slider_wrapper\">\t\t\t<!-- START Palamos nieuw REVOLUTION SLIDER 6.6.20 --><p class=\"rs-p-wp-fix\"><\/p>\n\t\t\t<rs-module-wrap id=\"rev_slider_15_1_wrapper\" data-source=\"gallery\" style=\"visibility:hidden;background:transparent;padding:0;margin:0px auto;margin-top:0;margin-bottom:0;\">\n\t\t\t\t<rs-module id=\"rev_slider_15_1\" style=\"\" data-version=\"6.6.20\">\n\t\t\t\t\t<rs-slides style=\"overflow: hidden; position: absolute;\">\n\t\t\t\t\t\t<rs-slide style=\"position: absolute;\" data-key=\"rs-32\" data-title=\"Slide\" data-anim=\"adpr:false;\">\n\t\t\t\t\t\t\t<img decoding=\"async\" src=\"\/\/greenchalets.com\/du\/wp-content\/plugins\/revslider\/public\/assets\/assets\/dummy.png\" alt=\"\" title=\"platja-daro-spanje.jpg\" width=\"200\" height=\"58\" class=\"rev-slidebg tp-rs-img rs-lazyload\" data-lazyload=\"\/\/greenchalets.com\/du\/wp-content\/uploads\/sites\/3\/revslider\/Palamos-nieuw\/platja-daro-spanje.jpg\" data-no-retina>\n<!--\n\t\t\t\t\t\t\t--><rs-layer\n\t\t\t\t\t\t\t\tid=\"slider-15-slide-32-layer-1\" \n\t\t\t\t\t\t\t\tclass=\"boxshadow\"\n\t\t\t\t\t\t\t\tdata-type=\"text\"\n\t\t\t\t\t\t\t\tdata-color=\"rgba(255, 255, 255, 1)\"\n\t\t\t\t\t\t\t\tdata-rsp_ch=\"on\"\n\t\t\t\t\t\t\t\tdata-xy=\"xo:181px;yo:202px;\"\n\t\t\t\t\t\t\t\tdata-text=\"w:normal;s:48;l:51;fw:600;\"\n\t\t\t\t\t\t\t\tdata-dim=\"w:330px;\"\n\t\t\t\t\t\t\t\tdata-padding=\"l:5;\"\n\t\t\t\t\t\t\t\tdata-frame_0=\"tp:600;\"\n\t\t\t\t\t\t\t\tdata-frame_1=\"tp:600;e:power2.inOut;st:500;sR:500;\"\n\t\t\t\t\t\t\t\tdata-frame_999=\"o:0;tp:600;e:nothing;st:w;sR:8200;\"\n\t\t\t\t\t\t\t\tstyle=\"z-index:5;font-family:'Trebuchet MS', 'Helvetica', 'sans-serif';-moz-box-shadow:0px 0px 20px rgba(0, 0, 0, 0.5);-webkit-box-shadow:0px 0px 20px rgba(0, 0, 0, 0.5);box-shadow:0px 0px 20px rgba(0, 0, 0, 0.5);\"\n\t\t\t\t\t\t\t>COSTA BRAVA \n\t\t\t\t\t\t\t<\/rs-layer><!--\n-->\t\t\t\t\t\t<\/rs-slide>\n\t\t\t\t\t<\/rs-slides>\n\t\t\t\t<\/rs-module>\n\t\t\t\t<script>\n\t\t\t\t\tsetREVStartSize({c: 'rev_slider_15_1',rl:[1240,1024,778,480],el:[],gw:[1600,1600,778,480],gh:[300,300,300,300],type:'standard',justify:'',layout:'fullwidth',mh:\"0\"});if (window.RS_MODULES!==undefined && window.RS_MODULES.modules!==undefined && window.RS_MODULES.modules[\"revslider151\"]!==undefined) {window.RS_MODULES.modules[\"revslider151\"].once = false;window.revapi15 = undefined;if (window.RS_MODULES.checkMinimal!==undefined) window.RS_MODULES.checkMinimal()}\n\t\t\t\t<\/script>\n\t\t\t<\/rs-module-wrap>\n\t\t\t<!-- END REVOLUTION SLIDER -->\n<\/div><div class=\"fusion-clearfix\"><\/div><\/div><\/div><div class=\"fusion-layout-column fusion_builder_column fusion-builder-column-1 fusion_builder_column_1_4 1_4 fusion-one-fourth fusion-column-first\" style=\"--awb-bg-size:cover;--awb-margin-top:30px;width:25%;width:calc(25% - ( ( 4% ) * 0.25 ) );margin-right: 4%;\"><div class=\"fusion-column-wrapper fusion-flex-column-wrapper-legacy\"><div class=\"fusion-text fusion-text-1\"><p><a href=\"https:\/\/www.facebook.com\/greenchalets\" target=\"_blank\" rel=\"noopener noreferrer\"><img decoding=\"async\" class=\"alignnone size-full wp-image-696\" src=\"https:\/\/greenchalets.com\/wp-content\/uploads\/2016\/01\/facebook.png\" alt=\"facebook\" \/><\/a><\/p>\n<\/div><div class=\"fusion-text fusion-text-2\"><p><a href=\"https:\/\/www.greenchalets.com\/du\/contact\/\"><img decoding=\"async\" class=\"alignnone size-full wp-image-5589\" src=\"https:\/\/greenchalets.com\/wp-content\/uploads\/sites\/3\/2016\/01\/ArrowDE.png\" alt=\"ArrowEN\" width=\"121\" height=\"35\" \/><\/a><\/p>\n<\/div><div class=\"fusion-widget-area awb-widget-area-element fusion-widget-area-1 fusion-content-widget-area\" style=\"--awb-title-size:13px;--awb-title-color:#318d08;--awb-padding:0px 0px 0px 0px;\"><div id=\"nav_menu-7\" class=\"widget widget_nav_menu\"><div class=\"menu-palamos-du-container\"><ul id=\"menu-palamos-du\" class=\"menu\"><li id=\"menu-item-2560\" class=\"menu-item menu-item-type-post_type menu-item-object-page menu-item-2560\"><a href=\"https:\/\/greenchalets.com\/du\/chalettas-palamos-costa-brava\/\">Palamos Chalettas<\/a><\/li>\n<li id=\"menu-item-2563\" class=\"menu-item menu-item-type-post_type menu-item-object-page menu-item-2563\"><a href=\"https:\/\/greenchalets.com\/du\/camping-internacional-palamos\/\">Camping Internacional Palamos<\/a><\/li>\n<li id=\"menu-item-2561\" class=\"menu-item menu-item-type-post_type menu-item-object-page menu-item-2561\"><a href=\"https:\/\/greenchalets.com\/du\/lage-greenchalets-palamos\/\">Lage Greenchalets Palamos<\/a><\/li>\n<li id=\"menu-item-2562\" class=\"menu-item menu-item-type-post_type menu-item-object-page menu-item-2562\"><a href=\"https:\/\/greenchalets.com\/du\/umgebung-palamos\/\">Umgebung Palamos<\/a><\/li>\n<\/ul><\/div><\/div><div class=\"fusion-additional-widget-content\"><\/div><\/div><div class=\"fusion-text fusion-text-3\"><p><a href=\"mailto:info@greenchalets.com\"><img decoding=\"async\" class=\"alignnone size-full wp-image-726\" src=\"https:\/\/greenchalets.com\/du\/wp-content\/uploads\/sites\/3\/2016\/01\/Vragen-DU.png\" alt=\"\" width=\"178\" height=\"35\" srcset=\"https:\/\/greenchalets.com\/du\/wp-content\/uploads\/sites\/3\/2016\/01\/Vragen-DU-177x35.png 177w, https:\/\/greenchalets.com\/du\/wp-content\/uploads\/sites\/3\/2016\/01\/Vragen-DU.png 178w\" sizes=\"(max-width: 178px) 100vw, 178px\" \/><\/a><\/p>\n<\/div><div class=\"fusion-clearfix\"><\/div><\/div><\/div><div class=\"fusion-layout-column fusion_builder_column fusion-builder-column-2 fusion_builder_column_3_4 3_4 fusion-three-fourth fusion-column-last\" style=\"--awb-bg-size:cover;--awb-margin-top:30px;width:75%;width:calc(75% - ( ( 4% ) * 0.75 ) );\"><div class=\"fusion-column-wrapper fusion-flex-column-wrapper-legacy\"><div class=\"fusion-text fusion-text-4\"><h2 style=\"text-align: center;\">Palamos &#8211; Costa Brava &#8211; Spanien<\/h2>\n<p style=\"text-align: center;\"><strong>Preise zus\u00e4tzlich Endreinigung 75,- euro.<\/strong><\/p>\n<p style=\"text-align: center;\"><strong>Chalettas mit Klima und Heizung ( 10,- euro pro Tag)<\/strong><\/p>\n<p style=\"text-align: center;\"><strong>Kurtax 0,65 euro pro Nacht (vor Ort).<\/strong><\/p>\n<p style=\"text-align: center;\"><strong>Haustiere nicht erlaubt.<\/strong><\/p>\n<p style=\"text-align: center;\"><strong>T\u00e4gliche An- und Abreise w\u00e4hrend der gesamten Saison m\u00f6glich.<\/strong><br \/>\n<strong>Mindestaufenthalt 2 N\u00e4chte.<\/strong><\/p>\n<p style=\"text-align: center;\"><strong>Fragen Sie immer nach unseren Sonderpreisen, Last Minute, Seniorenrabatt oder Stammgastrabatt.<\/strong><\/p>\n<p><strong>\u00a0 \u00a0 \u00a0 \u00a0 \u00a0 \u00a0 \u00a0 \u00a0 \u00a0 \u00a0 \u00a0 \u00a0 \u00a0 \u00a0 \u00a0 \u00a0 \u00a0 \u00a0 \u00a0 \u00a0 \u00a0 \u00a0 \u00a0 \u00a0 \u00a0 \u00a0 \u00a0 ACHTUNG! Wenn Sie im Internet einen g\u00fcnstigeren Preis finden, teilen Sie uns dies mit.<\/strong><br \/>\n<strong>\u00a0 \u00a0 \u00a0 \u00a0Sie erhalten von uns ein Angebot mit 10 % Rabatt auf den niedrigsten Preis, den Sie f\u00fcr die gleiche Greenchalets-Unterkunft finden.<\/strong><\/p>\n<\/div><div class=\"fusion-text fusion-text-5\"><table style=\"width: 57.7834%;\" width=\"628\">\n<tbody>\n<tr>\n<td style=\"width: 31.68%;\" width=\"208\">Palamos<\/td>\n<td style=\"width: 29.44%;\" width=\"186\">Ex TB\/ TT<\/td>\n<td style=\"width: 26.56%;\" width=\"173\">Chaletta 4p<\/td>\n<td style=\"width: 15.84%;\" width=\"61\"><\/td>\n<\/tr>\n<tr>\n<td style=\"width: 31.68%;\">2026<\/td>\n<td style=\"width: 29.44%;\">ex eindschoonmaak\/<\/td>\n<td style=\"width: 26.56%;\">Nacht<\/td>\n<td style=\"width: 15.84%;\"><\/td>\n<\/tr>\n<tr>\n<td style=\"width: 31.68%;\"><\/td>\n<td style=\"width: 29.44%;\">final cleaning.<\/td>\n<td style=\"width: 26.56%;\">Night Nuit<\/td>\n<td style=\"width: 15.84%;\"><\/td>\n<\/tr>\n<tr>\n<td style=\"width: 31.68%;\">\n<table>\n<tbody>\n<tr>\n<td width=\"208\"><\/td>\n<\/tr>\n<\/tbody>\n<\/table>\n<\/td>\n<td style=\"width: 29.44%;\"><\/td>\n<td style=\"width: 26.56%;\"><\/td>\n<td style=\"width: 15.84%;\"><\/td>\n<\/tr>\n<tr>\n<td style=\"width: 31.68%;\"><\/td>\n<td style=\"width: 29.44%;\"><\/td>\n<td style=\"width: 26.56%;\"><\/td>\n<td style=\"width: 15.84%;\"><\/td>\n<\/tr>\n<tr>\n<td style=\"width: 31.68%;\"><\/td>\n<td style=\"width: 29.44%;\">3-04-26<\/td>\n<td style=\"width: 26.56%;\" width=\"173\">11-04-26<\/td>\n<td style=\"width: 15.84%;\">\u20ac 65,00<\/td>\n<\/tr>\n<tr>\n<td style=\"width: 31.68%;\"><\/td>\n<td style=\"width: 29.44%;\" width=\"186\">12-04-26<\/td>\n<td style=\"width: 26.56%;\" width=\"173\">24-04-26<\/td>\n<td style=\"width: 15.84%;\">\u20ac 55,00<\/td>\n<\/tr>\n<tr>\n<td style=\"width: 31.68%;\"><\/td>\n<td style=\"width: 29.44%;\" width=\"186\">25-04-26<\/td>\n<td style=\"width: 26.56%;\" width=\"173\">13-05-26<\/td>\n<td style=\"width: 15.84%;\">\u20ac 55,00<\/td>\n<\/tr>\n<tr>\n<td style=\"width: 31.68%;\"><\/td>\n<td style=\"width: 29.44%;\" width=\"186\">14-05-26<\/td>\n<td style=\"width: 26.56%;\" width=\"173\">16-05-26<\/td>\n<td style=\"width: 15.84%;\">\u20ac 85,00<\/td>\n<\/tr>\n<tr>\n<td style=\"width: 31.68%;\"><\/td>\n<td style=\"width: 29.44%;\" width=\"186\">17-05-26<\/td>\n<td style=\"width: 26.56%;\" width=\"173\">21-05-26<\/td>\n<td style=\"width: 15.84%;\">\u20ac 55,00<\/td>\n<\/tr>\n<tr>\n<td style=\"width: 31.68%;\"><\/td>\n<td style=\"width: 29.44%;\" width=\"186\">22-05-26<\/td>\n<td style=\"width: 26.56%;\" width=\"173\">25-05-26<\/td>\n<td style=\"width: 15.84%;\">\u20ac 95,00<\/td>\n<\/tr>\n<tr>\n<td style=\"width: 31.68%;\"><\/td>\n<td style=\"width: 29.44%;\" width=\"186\">26-05-26<\/td>\n<td style=\"width: 26.56%;\" width=\"173\">12-06-26<\/td>\n<td style=\"width: 15.84%;\">\u20ac 65,00<\/td>\n<\/tr>\n<tr>\n<td style=\"width: 31.68%;\"><\/td>\n<td style=\"width: 29.44%;\" width=\"186\">13-06-26<\/td>\n<td style=\"width: 26.56%;\" width=\"173\">3-07-26<\/td>\n<td style=\"width: 15.84%;\">\u20ac 75,00<\/td>\n<\/tr>\n<tr>\n<td style=\"width: 31.68%;\"><\/td>\n<td style=\"width: 29.44%;\" width=\"186\">4-07-26<\/td>\n<td style=\"width: 26.56%;\" width=\"173\">10-07-26<\/td>\n<td style=\"width: 15.84%;\">\u20ac 100,00<\/td>\n<\/tr>\n<tr>\n<td style=\"width: 31.68%;\"><\/td>\n<td style=\"width: 29.44%;\" width=\"186\">11-07-26<\/td>\n<td style=\"width: 26.56%;\" width=\"173\">29-08-26<\/td>\n<td style=\"width: 15.84%;\">\u20ac 175,00<\/td>\n<\/tr>\n<tr>\n<td style=\"width: 31.68%;\"><\/td>\n<td style=\"width: 29.44%;\" width=\"186\">30-08-26<\/td>\n<td style=\"width: 26.56%;\" width=\"173\">12-09-26<\/td>\n<td style=\"width: 15.84%;\">\u20ac 75,00<\/td>\n<\/tr>\n<tr>\n<td style=\"width: 31.68%;\"><\/td>\n<td style=\"width: 29.44%;\">13-09-26<\/td>\n<td style=\"width: 26.56%;\">26-09-26<\/td>\n<td style=\"width: 15.84%;\">\u20ac 65,00<\/td>\n<\/tr>\n<tr>\n<td style=\"width: 31.68%;\"><\/td>\n<td style=\"width: 29.44%;\">27-09-26<\/td>\n<td style=\"width: 26.56%;\">31-10-26<\/td>\n<td style=\"width: 15.84%;\">\u20ac 75,00<\/td>\n<\/tr>\n<\/tbody>\n<\/table>\n<\/div><div class=\"fusion-sep-clear\"><\/div><div class=\"fusion-separator fusion-full-width-sep\" style=\"margin-left: auto;margin-right: auto;margin-top:10px;margin-bottom:10px;width:100%;\"><\/div><div class=\"fusion-sep-clear\"><\/div><div class=\"fusion-text fusion-text-6\"><p style=\"text-align: center;\">G\u00fcnstige Fl\u00fcge ab 23 Euro pro Person nach Barcelona ode Girona.<\/p>\n<\/div><div class=\"fusion-clearfix\"><\/div><\/div><\/div><\/div><\/div>\n","protected":false},"excerpt":{"rendered":"","protected":false},"author":3,"featured_media":0,"parent":0,"menu_order":0,"comment_status":"closed","ping_status":"closed","template":"","meta":{"footnotes":""},"class_list":["post-1848","page","type-page","status-publish","hentry"],"yoast_head":"<!-- This site is optimized with the Yoast SEO plugin v27.3 - https:\/\/yoast.com\/product\/yoast-seo-wordpress\/ -->\n<title>chalets verhuur prijzen Roquebrune cote d&#039;azur Greenchalets<\/title>\n<meta name=\"description\" content=\"Mobile homes Chalets verhuur prijzen Roquebrune cote d&#039;azur Greenchalets in Roquebrune sur Argens. 4 sterren ANWB-Camping &quot;lei suves&quot;.\" \/>\n<meta name=\"robots\" content=\"index, follow, max-snippet:-1, max-image-preview:large, max-video-preview:-1\" \/>\n<link rel=\"canonical\" href=\"https:\/\/greenchalets.com\/du\/preise-palamos-costa-brava\/\" \/>\n<meta property=\"og:locale\" content=\"nl_NL\" \/>\n<meta property=\"og:type\" content=\"article\" \/>\n<meta property=\"og:title\" content=\"chalets verhuur prijzen Roquebrune cote d&#039;azur Greenchalets\" \/>\n<meta property=\"og:description\" content=\"Mobile homes Chalets verhuur prijzen Roquebrune cote d&#039;azur Greenchalets in Roquebrune sur Argens. 4 sterren ANWB-Camping &quot;lei suves&quot;.\" \/>\n<meta property=\"og:url\" content=\"https:\/\/greenchalets.com\/du\/preise-palamos-costa-brava\/\" \/>\n<meta property=\"og:site_name\" content=\"Greenchalets DU\" \/>\n<meta property=\"article:modified_time\" content=\"2025-12-10T15:00:51+00:00\" \/>\n<meta name=\"twitter:card\" content=\"summary_large_image\" \/>\n<meta name=\"twitter:label1\" content=\"Geschatte leestijd\" \/>\n\t<meta name=\"twitter:data1\" content=\"2 minuten\" \/>\n<script type=\"application\/ld+json\" class=\"yoast-schema-graph\">{\"@context\":\"https:\\\/\\\/schema.org\",\"@graph\":[{\"@type\":\"WebPage\",\"@id\":\"https:\\\/\\\/greenchalets.com\\\/du\\\/preise-palamos-costa-brava\\\/\",\"url\":\"https:\\\/\\\/greenchalets.com\\\/du\\\/preise-palamos-costa-brava\\\/\",\"name\":\"chalets verhuur prijzen Roquebrune cote d'azur Greenchalets\",\"isPartOf\":{\"@id\":\"https:\\\/\\\/greenchalets.com\\\/du\\\/#website\"},\"primaryImageOfPage\":{\"@id\":\"https:\\\/\\\/greenchalets.com\\\/du\\\/preise-palamos-costa-brava\\\/#primaryimage\"},\"image\":{\"@id\":\"https:\\\/\\\/greenchalets.com\\\/du\\\/preise-palamos-costa-brava\\\/#primaryimage\"},\"thumbnailUrl\":\"https:\\\/\\\/greenchalets.com\\\/wp-content\\\/uploads\\\/2016\\\/01\\\/facebook.png\",\"datePublished\":\"2017-11-09T09:04:16+00:00\",\"dateModified\":\"2025-12-10T15:00:51+00:00\",\"description\":\"Mobile homes Chalets verhuur prijzen Roquebrune cote d'azur Greenchalets in Roquebrune sur Argens. 4 sterren ANWB-Camping \\\"lei suves\\\".\",\"breadcrumb\":{\"@id\":\"https:\\\/\\\/greenchalets.com\\\/du\\\/preise-palamos-costa-brava\\\/#breadcrumb\"},\"inLanguage\":\"nl-NL\",\"potentialAction\":[{\"@type\":\"ReadAction\",\"target\":[\"https:\\\/\\\/greenchalets.com\\\/du\\\/preise-palamos-costa-brava\\\/\"]}]},{\"@type\":\"ImageObject\",\"inLanguage\":\"nl-NL\",\"@id\":\"https:\\\/\\\/greenchalets.com\\\/du\\\/preise-palamos-costa-brava\\\/#primaryimage\",\"url\":\"https:\\\/\\\/greenchalets.com\\\/wp-content\\\/uploads\\\/2016\\\/01\\\/facebook.png\",\"contentUrl\":\"https:\\\/\\\/greenchalets.com\\\/wp-content\\\/uploads\\\/2016\\\/01\\\/facebook.png\"},{\"@type\":\"BreadcrumbList\",\"@id\":\"https:\\\/\\\/greenchalets.com\\\/du\\\/preise-palamos-costa-brava\\\/#breadcrumb\",\"itemListElement\":[{\"@type\":\"ListItem\",\"position\":1,\"name\":\"Home\",\"item\":\"https:\\\/\\\/greenchalets.com\\\/du\\\/\"},{\"@type\":\"ListItem\",\"position\":2,\"name\":\"Preise Palamos Costa Brava\"}]},{\"@type\":\"WebSite\",\"@id\":\"https:\\\/\\\/greenchalets.com\\\/du\\\/#website\",\"url\":\"https:\\\/\\\/greenchalets.com\\\/du\\\/\",\"name\":\"Greenchalets DU\",\"description\":\"Greenchalets Mobilheime, Campingurlaub\",\"potentialAction\":[{\"@type\":\"SearchAction\",\"target\":{\"@type\":\"EntryPoint\",\"urlTemplate\":\"https:\\\/\\\/greenchalets.com\\\/du\\\/?s={search_term_string}\"},\"query-input\":{\"@type\":\"PropertyValueSpecification\",\"valueRequired\":true,\"valueName\":\"search_term_string\"}}],\"inLanguage\":\"nl-NL\"}]}<\/script>\n<!-- \/ Yoast SEO plugin. -->","yoast_head_json":{"title":"chalets verhuur prijzen Roquebrune cote d'azur Greenchalets","description":"Mobile homes Chalets verhuur prijzen Roquebrune cote d'azur Greenchalets in Roquebrune sur Argens. 4 sterren ANWB-Camping \"lei suves\".","robots":{"index":"index","follow":"follow","max-snippet":"max-snippet:-1","max-image-preview":"max-image-preview:large","max-video-preview":"max-video-preview:-1"},"canonical":"https:\/\/greenchalets.com\/du\/preise-palamos-costa-brava\/","og_locale":"nl_NL","og_type":"article","og_title":"chalets verhuur prijzen Roquebrune cote d'azur Greenchalets","og_description":"Mobile homes Chalets verhuur prijzen Roquebrune cote d'azur Greenchalets in Roquebrune sur Argens. 4 sterren ANWB-Camping \"lei suves\".","og_url":"https:\/\/greenchalets.com\/du\/preise-palamos-costa-brava\/","og_site_name":"Greenchalets DU","article_modified_time":"2025-12-10T15:00:51+00:00","twitter_card":"summary_large_image","twitter_misc":{"Geschatte leestijd":"2 minuten"},"schema":{"@context":"https:\/\/schema.org","@graph":[{"@type":"WebPage","@id":"https:\/\/greenchalets.com\/du\/preise-palamos-costa-brava\/","url":"https:\/\/greenchalets.com\/du\/preise-palamos-costa-brava\/","name":"chalets verhuur prijzen Roquebrune cote d'azur Greenchalets","isPartOf":{"@id":"https:\/\/greenchalets.com\/du\/#website"},"primaryImageOfPage":{"@id":"https:\/\/greenchalets.com\/du\/preise-palamos-costa-brava\/#primaryimage"},"image":{"@id":"https:\/\/greenchalets.com\/du\/preise-palamos-costa-brava\/#primaryimage"},"thumbnailUrl":"https:\/\/greenchalets.com\/wp-content\/uploads\/2016\/01\/facebook.png","datePublished":"2017-11-09T09:04:16+00:00","dateModified":"2025-12-10T15:00:51+00:00","description":"Mobile homes Chalets verhuur prijzen Roquebrune cote d'azur Greenchalets in Roquebrune sur Argens. 4 sterren ANWB-Camping \"lei suves\".","breadcrumb":{"@id":"https:\/\/greenchalets.com\/du\/preise-palamos-costa-brava\/#breadcrumb"},"inLanguage":"nl-NL","potentialAction":[{"@type":"ReadAction","target":["https:\/\/greenchalets.com\/du\/preise-palamos-costa-brava\/"]}]},{"@type":"ImageObject","inLanguage":"nl-NL","@id":"https:\/\/greenchalets.com\/du\/preise-palamos-costa-brava\/#primaryimage","url":"https:\/\/greenchalets.com\/wp-content\/uploads\/2016\/01\/facebook.png","contentUrl":"https:\/\/greenchalets.com\/wp-content\/uploads\/2016\/01\/facebook.png"},{"@type":"BreadcrumbList","@id":"https:\/\/greenchalets.com\/du\/preise-palamos-costa-brava\/#breadcrumb","itemListElement":[{"@type":"ListItem","position":1,"name":"Home","item":"https:\/\/greenchalets.com\/du\/"},{"@type":"ListItem","position":2,"name":"Preise Palamos Costa Brava"}]},{"@type":"WebSite","@id":"https:\/\/greenchalets.com\/du\/#website","url":"https:\/\/greenchalets.com\/du\/","name":"Greenchalets DU","description":"Greenchalets Mobilheime, Campingurlaub","potentialAction":[{"@type":"SearchAction","target":{"@type":"EntryPoint","urlTemplate":"https:\/\/greenchalets.com\/du\/?s={search_term_string}"},"query-input":{"@type":"PropertyValueSpecification","valueRequired":true,"valueName":"search_term_string"}}],"inLanguage":"nl-NL"}]}},"_links":{"self":[{"href":"https:\/\/greenchalets.com\/du\/wp-json\/wp\/v2\/pages\/1848","targetHints":{"allow":["GET"]}}],"collection":[{"href":"https:\/\/greenchalets.com\/du\/wp-json\/wp\/v2\/pages"}],"about":[{"href":"https:\/\/greenchalets.com\/du\/wp-json\/wp\/v2\/types\/page"}],"author":[{"embeddable":true,"href":"https:\/\/greenchalets.com\/du\/wp-json\/wp\/v2\/users\/3"}],"replies":[{"embeddable":true,"href":"https:\/\/greenchalets.com\/du\/wp-json\/wp\/v2\/comments?post=1848"}],"version-history":[{"count":0,"href":"https:\/\/greenchalets.com\/du\/wp-json\/wp\/v2\/pages\/1848\/revisions"}],"wp:attachment":[{"href":"https:\/\/greenchalets.com\/du\/wp-json\/wp\/v2\/media?parent=1848"}],"curies":[{"name":"wp","href":"https:\/\/api.w.org\/{rel}","templated":true}]}}