{"id":1785,"date":"2017-11-08T22:15:18","date_gmt":"2017-11-08T22:15:18","guid":{"rendered":"http:\/\/greenchalets.com\/?page_id=1785"},"modified":"2025-06-07T17:17:28","modified_gmt":"2025-06-07T16:17:28","slug":"camping-internacional-palamos","status":"publish","type":"page","link":"https:\/\/greenchalets.com\/du\/camping-internacional-palamos\/","title":{"rendered":"Camping Internacional Palamos"},"content":{"rendered":"<div class=\"fusion-fullwidth fullwidth-box fusion-builder-row-1 nonhundred-percent-fullwidth non-hundred-percent-height-scrolling\" style=\"--awb-border-radius-top-left:0px;--awb-border-radius-top-right:0px;--awb-border-radius-bottom-right:0px;--awb-border-radius-bottom-left:0px;--awb-flex-wrap:wrap;\" ><div class=\"fusion-builder-row fusion-row\"><div class=\"fusion-layout-column fusion_builder_column fusion-builder-column-0 fusion_builder_column_1_1 1_1 fusion-one-full fusion-column-first fusion-column-last\" style=\"--awb-bg-size:cover;--awb-margin-bottom:0px;\"><div class=\"fusion-column-wrapper fusion-flex-column-wrapper-legacy\">\n<div class=\"fusion-slider-revolution rev_slider_wrapper\">\t\t\t<!-- START Palamos nieuw REVOLUTION SLIDER 6.6.20 --><p class=\"rs-p-wp-fix\"><\/p>\n\t\t\t<rs-module-wrap id=\"rev_slider_15_1_wrapper\" data-source=\"gallery\" style=\"visibility:hidden;background:transparent;padding:0;margin:0px auto;margin-top:0;margin-bottom:0;\">\n\t\t\t\t<rs-module id=\"rev_slider_15_1\" style=\"\" data-version=\"6.6.20\">\n\t\t\t\t\t<rs-slides style=\"overflow: hidden; position: absolute;\">\n\t\t\t\t\t\t<rs-slide style=\"position: absolute;\" data-key=\"rs-32\" data-title=\"Slide\" data-anim=\"adpr:false;\">\n\t\t\t\t\t\t\t<img decoding=\"async\" src=\"\/\/greenchalets.com\/du\/wp-content\/plugins\/revslider\/public\/assets\/assets\/dummy.png\" alt=\"\" title=\"platja-daro-spanje.jpg\" width=\"200\" height=\"58\" class=\"rev-slidebg tp-rs-img rs-lazyload\" data-lazyload=\"\/\/greenchalets.com\/du\/wp-content\/uploads\/sites\/3\/revslider\/Palamos-nieuw\/platja-daro-spanje.jpg\" data-no-retina>\n<!--\n\t\t\t\t\t\t\t--><rs-layer\n\t\t\t\t\t\t\t\tid=\"slider-15-slide-32-layer-1\" \n\t\t\t\t\t\t\t\tclass=\"boxshadow\"\n\t\t\t\t\t\t\t\tdata-type=\"text\"\n\t\t\t\t\t\t\t\tdata-color=\"rgba(255, 255, 255, 1)\"\n\t\t\t\t\t\t\t\tdata-rsp_ch=\"on\"\n\t\t\t\t\t\t\t\tdata-xy=\"xo:181px;yo:202px;\"\n\t\t\t\t\t\t\t\tdata-text=\"w:normal;s:48;l:51;fw:600;\"\n\t\t\t\t\t\t\t\tdata-dim=\"w:330px;\"\n\t\t\t\t\t\t\t\tdata-padding=\"l:5;\"\n\t\t\t\t\t\t\t\tdata-frame_0=\"tp:600;\"\n\t\t\t\t\t\t\t\tdata-frame_1=\"tp:600;e:power2.inOut;st:500;sR:500;\"\n\t\t\t\t\t\t\t\tdata-frame_999=\"o:0;tp:600;e:nothing;st:w;sR:8200;\"\n\t\t\t\t\t\t\t\tstyle=\"z-index:5;font-family:'Trebuchet MS', 'Helvetica', 'sans-serif';-moz-box-shadow:0px 0px 20px rgba(0, 0, 0, 0.5);-webkit-box-shadow:0px 0px 20px rgba(0, 0, 0, 0.5);box-shadow:0px 0px 20px rgba(0, 0, 0, 0.5);\"\n\t\t\t\t\t\t\t>COSTA BRAVA \n\t\t\t\t\t\t\t<\/rs-layer><!--\n-->\t\t\t\t\t\t<\/rs-slide>\n\t\t\t\t\t<\/rs-slides>\n\t\t\t\t<\/rs-module>\n\t\t\t\t<script>\n\t\t\t\t\tsetREVStartSize({c: 'rev_slider_15_1',rl:[1240,1024,778,480],el:[],gw:[1600,1600,778,480],gh:[300,300,300,300],type:'standard',justify:'',layout:'fullwidth',mh:\"0\"});if (window.RS_MODULES!==undefined && window.RS_MODULES.modules!==undefined && window.RS_MODULES.modules[\"revslider151\"]!==undefined) {window.RS_MODULES.modules[\"revslider151\"].once = false;window.revapi15 = undefined;if (window.RS_MODULES.checkMinimal!==undefined) window.RS_MODULES.checkMinimal()}\n\t\t\t\t<\/script>\n\t\t\t<\/rs-module-wrap>\n\t\t\t<!-- END REVOLUTION SLIDER -->\n<\/div><div class=\"fusion-clearfix\"><\/div><\/div><\/div><div class=\"fusion-layout-column fusion_builder_column fusion-builder-column-1 fusion_builder_column_1_5 1_5 fusion-one-fifth fusion-column-first\" style=\"--awb-bg-size:cover;--awb-margin-top:30px;width:20%;width:calc(20% - ( ( 4% + 4% + 4% + 4% ) * 0.2 ) );margin-right: 4%;\"><div class=\"fusion-column-wrapper fusion-flex-column-wrapper-legacy\"><div class=\"fusion-image-element in-legacy-container\" style=\"--awb-caption-title-font-family:var(--h2_typography-font-family);--awb-caption-title-font-weight:var(--h2_typography-font-weight);--awb-caption-title-font-style:var(--h2_typography-font-style);--awb-caption-title-size:var(--h2_typography-font-size);--awb-caption-title-transform:var(--h2_typography-text-transform);--awb-caption-title-line-height:var(--h2_typography-line-height);--awb-caption-title-letter-spacing:var(--h2_typography-letter-spacing);\"><span class=\" fusion-imageframe imageframe-dropshadow imageframe-1 hover-type-none\" style=\"-webkit-box-shadow: 3px 3px 7px rgba(0,0,0,0.3);box-shadow: 3px 3px 7px rgba(0,0,0,0.3);\"><a href=\"https:\/\/greenchalets.com\/wp-content\/uploads\/2017\/11\/palamos-bord-camping-internatcional.jpg\" class=\"fusion-lightbox\" data-rel=\"iLightbox[c8de119154bf99a3873]\"><img decoding=\"async\" alt=\"Camping Internacional Palamos\" src=\"https:\/\/greenchalets.com\/wp-content\/uploads\/2015\/12\/palamos-bord-camping-internatcional-vk-300x300.jpg\" class=\"img-responsive\"\/><\/a><\/span><\/div><div class=\"fusion-clearfix\"><\/div><\/div><\/div><div class=\"fusion-layout-column fusion_builder_column fusion-builder-column-2 fusion_builder_column_1_5 1_5 fusion-one-fifth\" style=\"--awb-bg-size:cover;--awb-margin-top:30px;width:20%;width:calc(20% - ( ( 4% + 4% + 4% + 4% ) * 0.2 ) );margin-right: 4%;\"><div class=\"fusion-column-wrapper fusion-flex-column-wrapper-legacy\"><div class=\"fusion-image-element in-legacy-container\" style=\"--awb-caption-title-font-family:var(--h2_typography-font-family);--awb-caption-title-font-weight:var(--h2_typography-font-weight);--awb-caption-title-font-style:var(--h2_typography-font-style);--awb-caption-title-size:var(--h2_typography-font-size);--awb-caption-title-transform:var(--h2_typography-text-transform);--awb-caption-title-line-height:var(--h2_typography-line-height);--awb-caption-title-letter-spacing:var(--h2_typography-letter-spacing);\"><span class=\" fusion-imageframe imageframe-dropshadow imageframe-2 hover-type-none\" style=\"-webkit-box-shadow: 3px 3px 7px rgba(0,0,0,0.3);box-shadow: 3px 3px 7px rgba(0,0,0,0.3);\"><a href=\"https:\/\/greenchalets.com\/wp-content\/uploads\/2017\/11\/zwembad-camping-Palamos-Greenchalets-L-ws.jpg\" class=\"fusion-lightbox\" data-rel=\"iLightbox[62c5851c7c008fa8192]\"><img decoding=\"async\" alt=\"Camping Internacional Palamos\" src=\"https:\/\/greenchalets.com\/wp-content\/uploads\/2015\/12\/zwembad-camping-Palamos-Greenchalets-L-ws-vk-300x300.jpg\" class=\"img-responsive\"\/><\/a><\/span><\/div><div class=\"fusion-clearfix\"><\/div><\/div><\/div><div class=\"fusion-layout-column fusion_builder_column fusion-builder-column-3 fusion_builder_column_1_5 1_5 fusion-one-fifth\" style=\"--awb-bg-size:cover;--awb-margin-top:30px;width:20%;width:calc(20% - ( ( 4% + 4% + 4% + 4% ) * 0.2 ) );margin-right: 4%;\"><div class=\"fusion-column-wrapper fusion-flex-column-wrapper-legacy\"><div class=\"fusion-image-element in-legacy-container\" style=\"--awb-caption-title-font-family:var(--h2_typography-font-family);--awb-caption-title-font-weight:var(--h2_typography-font-weight);--awb-caption-title-font-style:var(--h2_typography-font-style);--awb-caption-title-size:var(--h2_typography-font-size);--awb-caption-title-transform:var(--h2_typography-text-transform);--awb-caption-title-line-height:var(--h2_typography-line-height);--awb-caption-title-letter-spacing:var(--h2_typography-letter-spacing);\"><span class=\" fusion-imageframe imageframe-dropshadow imageframe-3 hover-type-none\" style=\"-webkit-box-shadow: 3px 3px 7px rgba(0,0,0,0.3);box-shadow: 3px 3px 7px rgba(0,0,0,0.3);\"><a href=\"https:\/\/greenchalets.com\/wp-content\/uploads\/2017\/11\/Palamos-camping-receptie-Greenchalets-L-ws.jpg\" class=\"fusion-lightbox\" data-rel=\"iLightbox[d47858321543076f0d7]\"><img decoding=\"async\" alt=\"Camping Internacional Palamos\" src=\"https:\/\/greenchalets.com\/wp-content\/uploads\/2015\/12\/Palamos-camping-receptie-Greenchalets-L-ws-vk-300x300.jpg\" class=\"img-responsive\"\/><\/a><\/span><\/div><div class=\"fusion-clearfix\"><\/div><\/div><\/div><div class=\"fusion-layout-column fusion_builder_column fusion-builder-column-4 fusion_builder_column_1_5 1_5 fusion-one-fifth\" style=\"--awb-bg-size:cover;--awb-margin-top:30px;width:20%;width:calc(20% - ( ( 4% + 4% + 4% + 4% ) * 0.2 ) );margin-right: 4%;\"><div class=\"fusion-column-wrapper fusion-flex-column-wrapper-legacy\"><div class=\"fusion-image-element in-legacy-container\" style=\"--awb-caption-title-font-family:var(--h2_typography-font-family);--awb-caption-title-font-weight:var(--h2_typography-font-weight);--awb-caption-title-font-style:var(--h2_typography-font-style);--awb-caption-title-size:var(--h2_typography-font-size);--awb-caption-title-transform:var(--h2_typography-text-transform);--awb-caption-title-line-height:var(--h2_typography-line-height);--awb-caption-title-letter-spacing:var(--h2_typography-letter-spacing);\"><span class=\" fusion-imageframe imageframe-dropshadow imageframe-4 hover-type-none\" style=\"-webkit-box-shadow: 3px 3px 7px rgba(0,0,0,0.3);box-shadow: 3px 3px 7px rgba(0,0,0,0.3);\"><a href=\"https:\/\/greenchalets.com\/wp-content\/uploads\/2017\/11\/Palamos-terras-restaurant-camping-9.jpg\" class=\"fusion-lightbox\" data-rel=\"iLightbox[213928c122651fe044d]\"><img decoding=\"async\" alt=\"Camping Internacional Palamos\" src=\"https:\/\/greenchalets.com\/wp-content\/uploads\/2017\/11\/Palamos-terras-restaurant-camping-9-300x300.jpg\" class=\"img-responsive\"\/><\/a><\/span><\/div><div class=\"fusion-clearfix\"><\/div><\/div><\/div><div class=\"fusion-layout-column fusion_builder_column fusion-builder-column-5 fusion_builder_column_1_5 1_5 fusion-one-fifth fusion-column-last\" style=\"--awb-bg-size:cover;--awb-margin-top:30px;width:20%;width:calc(20% - ( ( 4% + 4% + 4% + 4% ) * 0.2 ) );\"><div class=\"fusion-column-wrapper fusion-flex-column-wrapper-legacy\"><div class=\"fusion-image-element in-legacy-container\" style=\"--awb-caption-title-font-family:var(--h2_typography-font-family);--awb-caption-title-font-weight:var(--h2_typography-font-weight);--awb-caption-title-font-style:var(--h2_typography-font-style);--awb-caption-title-size:var(--h2_typography-font-size);--awb-caption-title-transform:var(--h2_typography-text-transform);--awb-caption-title-line-height:var(--h2_typography-line-height);--awb-caption-title-letter-spacing:var(--h2_typography-letter-spacing);\"><span class=\" fusion-imageframe imageframe-dropshadow imageframe-5 hover-type-none\" style=\"-webkit-box-shadow: 3px 3px 7px rgba(0,0,0,0.3);box-shadow: 3px 3px 7px rgba(0,0,0,0.3);\"><a href=\"https:\/\/greenchalets.com\/wp-content\/uploads\/2017\/11\/palamos-hoofdstraat-camping-L-ws.jpg\" class=\"fusion-lightbox\" data-rel=\"iLightbox[16483d02b24e8ada5f8]\"><img decoding=\"async\" alt=\"Camping Internacional Palamos\" src=\"https:\/\/greenchalets.com\/wp-content\/uploads\/2017\/11\/palamos-hoofdstraat-camping-L-ws.jpg\" class=\"img-responsive\"\/><\/a><\/span><\/div><div class=\"fusion-clearfix\"><\/div><\/div><\/div><div class=\"fusion-layout-column fusion_builder_column fusion-builder-column-6 fusion_builder_column_1_4 1_4 fusion-one-fourth fusion-column-first\" style=\"--awb-bg-size:cover;width:25%;width:calc(25% - ( ( 4% ) * 0.25 ) );margin-right: 4%;\"><div class=\"fusion-column-wrapper fusion-flex-column-wrapper-legacy\"><div class=\"fusion-text fusion-text-1\"><p><a href=\"https:\/\/www.facebook.com\/greenchalets\" target=\"_blank\" rel=\"noopener noreferrer\"><img decoding=\"async\" class=\"alignnone size-full wp-image-696\" src=\"https:\/\/greenchalets.com\/wp-content\/uploads\/2016\/01\/facebook.png\" alt=\"facebook\" \/><\/a><\/p>\n<\/div><div class=\"fusion-text fusion-text-2\"><p><a href=\"https:\/\/greenchalets.com\/du\/preise-palamos-costa-brava\/\"><img decoding=\"async\" class=\"alignnone wp-image-5589 size-full\" src=\"https:\/\/greenchalets.com\/wp-content\/uploads\/sites\/3\/2016\/01\/ArrowDE-Preise.png\" alt=\"ArrowNL\" width=\"121\" height=\"35\" \/><\/a><\/p>\n<p><a href=\"https:\/\/www.greenchalets.com\/du\/contact\/\"><img decoding=\"async\" class=\"alignnone size-full wp-image-5589\" src=\"https:\/\/greenchalets.com\/wp-content\/uploads\/sites\/3\/2016\/01\/ArrowDE.png\" alt=\"ArrowEN\" width=\"121\" height=\"35\" \/><\/a><\/p>\n<\/div><div class=\"fusion-widget-area awb-widget-area-element fusion-widget-area-1 fusion-content-widget-area\" style=\"--awb-title-size:13px;--awb-title-color:#318d08;--awb-padding:0px 0px 0px 0px;\"><div id=\"nav_menu-7\" class=\"widget widget_nav_menu\"><div class=\"menu-palamos-du-container\"><ul id=\"menu-palamos-du\" class=\"menu\"><li id=\"menu-item-2560\" class=\"menu-item menu-item-type-post_type menu-item-object-page menu-item-2560\"><a href=\"https:\/\/greenchalets.com\/du\/chalettas-palamos-costa-brava\/\">Palamos Chalettas<\/a><\/li>\n<li id=\"menu-item-2563\" class=\"menu-item menu-item-type-post_type menu-item-object-page menu-item-2563\"><a href=\"https:\/\/greenchalets.com\/du\/camping-internacional-palamos\/\">Camping Internacional Palamos<\/a><\/li>\n<li id=\"menu-item-2561\" class=\"menu-item menu-item-type-post_type menu-item-object-page menu-item-2561\"><a href=\"https:\/\/greenchalets.com\/du\/lage-greenchalets-palamos\/\">Lage Greenchalets Palamos<\/a><\/li>\n<li id=\"menu-item-2562\" class=\"menu-item menu-item-type-post_type menu-item-object-page menu-item-2562\"><a href=\"https:\/\/greenchalets.com\/du\/umgebung-palamos\/\">Umgebung Palamos<\/a><\/li>\n<\/ul><\/div><\/div><div class=\"fusion-additional-widget-content\"><\/div><\/div><div class=\"fusion-clearfix\"><\/div><\/div><\/div><div class=\"fusion-layout-column fusion_builder_column fusion-builder-column-7 fusion_builder_column_2_3 2_3 fusion-two-third fusion-column-last\" style=\"--awb-bg-size:cover;width:66.666666666667%;width:calc(66.666666666667% - ( ( 4% ) * 0.66666666666667 ) );\"><div class=\"fusion-column-wrapper fusion-flex-column-wrapper-legacy\"><div class=\"fusion-text fusion-text-3\"><h1>CAMPING INTERNACIONAL PALAMOS<\/h1>\n<\/div><div class=\"fusion-builder-row fusion-builder-row-inner fusion-row\"><div class=\"fusion-layout-column fusion_builder_column_inner fusion-builder-nested-column-0 fusion_builder_column_inner_1_2 1_2 fusion-one-half fusion-column-first\" style=\"--awb-bg-size:cover;width:50%;width:calc(50% - ( ( 4% ) * 0.5 ) );margin-right: 4%;\"><div class=\"fusion-column-wrapper fusion-flex-column-wrapper-legacy\"><div class=\"fusion-text fusion-text-4\"><p>Die Costa Brava in Nordspanien ist ein sehr beliebtes Urlaubsziel f\u00fcr Sonnenanbeter, die einen Strandurlaub machen m\u00f6chten.<\/p>\n<p>Auf dem ruhigen Familiencampingplatz Internacional in Palamos vermieten wir einige kleineChalets in einem gem\u00fctlichen und kleinen (400 Pl\u00e4tze) Familiencamping an der Costa Brava. Die kleine Challetas befinden sich in Palamos, in der N\u00e4he von Platja d&#8217;Aro und nur wenige Gehminuten von den sch\u00f6nen Sandstr\u00e4nden entfernt !!<\/p>\n<p>Die g\u00fcnstige Lage, das wunderbare Klima und die wundersch\u00f6ne Umgebung machen Camping Internacional Palamos zu einem idealen Ausgangspunkt, um die spanische Costa Brava zu entdecken. Es gibt viele sch\u00f6ne Orte in der Gegend zu besuchen. Besuchen Sie die mittelalterlichen D\u00f6rfer Peratallada oder Pals, oder sorgen Sie f\u00fcr etwas Aufregung und Sensation und bringen Sie Ihre Kinder zu den gro\u00dfen Wasserparks in der Umgebung, wie Aquabrava, Aquadiver oder Marineworld.<\/p>\n<p>Die ruhige Familie Camping Internacional Palamos liegt in der N\u00e4he des Strandes (ca. 350 m Fu\u00dfweg), Sie k\u00f6nnen den feinen Sandstrand bequem mit dem Fahrrad oder zu Fu\u00df erreichen.<\/p>\n<\/div><div class=\"fusion-clearfix\"><\/div><\/div><\/div><div class=\"fusion-layout-column fusion_builder_column_inner fusion-builder-nested-column-1 fusion_builder_column_inner_1_2 1_2 fusion-one-half fusion-column-last\" style=\"--awb-bg-size:cover;width:50%;width:calc(50% - ( ( 4% ) * 0.5 ) );\"><div class=\"fusion-column-wrapper fusion-flex-column-wrapper-legacy\"><div class=\"fusion-text fusion-text-5\"><p>Kinder werden sich in der entspannten Atmosph\u00e4re des Camping Internacional Palamos sofort wie zu Hause f\u00fchlen. Durch die \u00dcbersichtlichkeit und den kleinen Umfang werden sie schnell Freunde und Freundinnen finden und nat\u00fcrlich k\u00f6nnen sie w\u00e4hrend der Hauptsaison am Tag und am Abend an der Hochsaison teilnehmen.<\/p>\n<p>Wenn Sie nicht kochen m\u00f6chten, gibt es eine Snackbar zum Mitnehmen und ein einfaches Restaurant auf dem Campingplatz. Wenn Sie etwas kulinarisch essen m\u00f6chten, finden Sie einen Boulevard und ein kleines Einkaufszentrum mit verschiedenen Restaurants, Gesch\u00e4ften und einem gro\u00dfen Supermarkt in etwa 500 m Entfernung vom Campingplatz.<\/p>\n<p>Die warme, freundliche und friedliche Atmosph\u00e4re und die wundersch\u00f6ne Umgebung der Costa Brava machen diesen Park zu einem idealen Ferienort.<\/p>\n<\/div><div class=\"fusion-clearfix\"><\/div><\/div><\/div><\/div><div class=\"fusion-clearfix\"><\/div><\/div><\/div><\/div><\/div>\n","protected":false},"excerpt":{"rendered":"","protected":false},"author":3,"featured_media":0,"parent":0,"menu_order":0,"comment_status":"closed","ping_status":"closed","template":"","meta":{"footnotes":""},"class_list":["post-1785","page","type-page","status-publish","hentry"],"yoast_head":"<!-- This site is optimized with the Yoast SEO plugin v27.4 - https:\/\/yoast.com\/product\/yoast-seo-wordpress\/ -->\n<title>Camping Internacional Palamos costa brava Spanien<\/title>\n<meta name=\"description\" content=\"Camping Internacional Palamos Die Costa Brava in Nordspanien ist ein sehr beliebtes Urlaubsziel f\u00fcr Sonnenanbeter, die einen Strandurlaub machen m\u00f6chten.\" \/>\n<meta name=\"robots\" content=\"index, follow, max-snippet:-1, max-image-preview:large, max-video-preview:-1\" \/>\n<link rel=\"canonical\" href=\"https:\/\/greenchalets.com\/du\/camping-internacional-palamos\/\" \/>\n<meta property=\"og:locale\" content=\"nl_NL\" \/>\n<meta property=\"og:type\" content=\"article\" \/>\n<meta property=\"og:title\" content=\"Camping Internacional Palamos costa brava Spanien\" \/>\n<meta property=\"og:description\" content=\"Camping Internacional Palamos Die Costa Brava in Nordspanien ist ein sehr beliebtes Urlaubsziel f\u00fcr Sonnenanbeter, die einen Strandurlaub machen m\u00f6chten.\" \/>\n<meta property=\"og:url\" content=\"https:\/\/greenchalets.com\/du\/camping-internacional-palamos\/\" \/>\n<meta property=\"og:site_name\" content=\"Greenchalets DU\" \/>\n<meta property=\"article:modified_time\" content=\"2025-06-07T16:17:28+00:00\" \/>\n<meta property=\"og:image\" content=\"https:\/\/greenchalets.com\/wp-content\/uploads\/2016\/01\/facebook.png\" \/>\n<meta name=\"twitter:card\" content=\"summary_large_image\" \/>\n<meta name=\"twitter:label1\" content=\"Geschatte leestijd\" \/>\n\t<meta name=\"twitter:data1\" content=\"4 minuten\" \/>\n<script type=\"application\/ld+json\" class=\"yoast-schema-graph\">{\"@context\":\"https:\\\/\\\/schema.org\",\"@graph\":[{\"@type\":\"WebPage\",\"@id\":\"https:\\\/\\\/greenchalets.com\\\/du\\\/camping-internacional-palamos\\\/\",\"url\":\"https:\\\/\\\/greenchalets.com\\\/du\\\/camping-internacional-palamos\\\/\",\"name\":\"Camping Internacional Palamos costa brava Spanien\",\"isPartOf\":{\"@id\":\"https:\\\/\\\/greenchalets.com\\\/du\\\/#website\"},\"primaryImageOfPage\":{\"@id\":\"https:\\\/\\\/greenchalets.com\\\/du\\\/camping-internacional-palamos\\\/#primaryimage\"},\"image\":{\"@id\":\"https:\\\/\\\/greenchalets.com\\\/du\\\/camping-internacional-palamos\\\/#primaryimage\"},\"thumbnailUrl\":\"https:\\\/\\\/greenchalets.com\\\/wp-content\\\/uploads\\\/2016\\\/01\\\/facebook.png\",\"datePublished\":\"2017-11-08T22:15:18+00:00\",\"dateModified\":\"2025-06-07T16:17:28+00:00\",\"description\":\"Camping Internacional Palamos Die Costa Brava in Nordspanien ist ein sehr beliebtes Urlaubsziel f\u00fcr Sonnenanbeter, die einen Strandurlaub machen m\u00f6chten.\",\"breadcrumb\":{\"@id\":\"https:\\\/\\\/greenchalets.com\\\/du\\\/camping-internacional-palamos\\\/#breadcrumb\"},\"inLanguage\":\"nl-NL\",\"potentialAction\":[{\"@type\":\"ReadAction\",\"target\":[\"https:\\\/\\\/greenchalets.com\\\/du\\\/camping-internacional-palamos\\\/\"]}]},{\"@type\":\"ImageObject\",\"inLanguage\":\"nl-NL\",\"@id\":\"https:\\\/\\\/greenchalets.com\\\/du\\\/camping-internacional-palamos\\\/#primaryimage\",\"url\":\"https:\\\/\\\/greenchalets.com\\\/wp-content\\\/uploads\\\/2016\\\/01\\\/facebook.png\",\"contentUrl\":\"https:\\\/\\\/greenchalets.com\\\/wp-content\\\/uploads\\\/2016\\\/01\\\/facebook.png\"},{\"@type\":\"BreadcrumbList\",\"@id\":\"https:\\\/\\\/greenchalets.com\\\/du\\\/camping-internacional-palamos\\\/#breadcrumb\",\"itemListElement\":[{\"@type\":\"ListItem\",\"position\":1,\"name\":\"Home\",\"item\":\"https:\\\/\\\/greenchalets.com\\\/du\\\/\"},{\"@type\":\"ListItem\",\"position\":2,\"name\":\"Camping Internacional Palamos\"}]},{\"@type\":\"WebSite\",\"@id\":\"https:\\\/\\\/greenchalets.com\\\/du\\\/#website\",\"url\":\"https:\\\/\\\/greenchalets.com\\\/du\\\/\",\"name\":\"Greenchalets DU\",\"description\":\"Greenchalets Mobilheime, Campingurlaub\",\"potentialAction\":[{\"@type\":\"SearchAction\",\"target\":{\"@type\":\"EntryPoint\",\"urlTemplate\":\"https:\\\/\\\/greenchalets.com\\\/du\\\/?s={search_term_string}\"},\"query-input\":{\"@type\":\"PropertyValueSpecification\",\"valueRequired\":true,\"valueName\":\"search_term_string\"}}],\"inLanguage\":\"nl-NL\"}]}<\/script>\n<!-- \/ Yoast SEO plugin. -->","yoast_head_json":{"title":"Camping Internacional Palamos costa brava Spanien","description":"Camping Internacional Palamos Die Costa Brava in Nordspanien ist ein sehr beliebtes Urlaubsziel f\u00fcr Sonnenanbeter, die einen Strandurlaub machen m\u00f6chten.","robots":{"index":"index","follow":"follow","max-snippet":"max-snippet:-1","max-image-preview":"max-image-preview:large","max-video-preview":"max-video-preview:-1"},"canonical":"https:\/\/greenchalets.com\/du\/camping-internacional-palamos\/","og_locale":"nl_NL","og_type":"article","og_title":"Camping Internacional Palamos costa brava Spanien","og_description":"Camping Internacional Palamos Die Costa Brava in Nordspanien ist ein sehr beliebtes Urlaubsziel f\u00fcr Sonnenanbeter, die einen Strandurlaub machen m\u00f6chten.","og_url":"https:\/\/greenchalets.com\/du\/camping-internacional-palamos\/","og_site_name":"Greenchalets DU","article_modified_time":"2025-06-07T16:17:28+00:00","og_image":[{"url":"https:\/\/greenchalets.com\/wp-content\/uploads\/2016\/01\/facebook.png","type":"","width":"","height":""}],"twitter_card":"summary_large_image","twitter_misc":{"Geschatte leestijd":"4 minuten"},"schema":{"@context":"https:\/\/schema.org","@graph":[{"@type":"WebPage","@id":"https:\/\/greenchalets.com\/du\/camping-internacional-palamos\/","url":"https:\/\/greenchalets.com\/du\/camping-internacional-palamos\/","name":"Camping Internacional Palamos costa brava Spanien","isPartOf":{"@id":"https:\/\/greenchalets.com\/du\/#website"},"primaryImageOfPage":{"@id":"https:\/\/greenchalets.com\/du\/camping-internacional-palamos\/#primaryimage"},"image":{"@id":"https:\/\/greenchalets.com\/du\/camping-internacional-palamos\/#primaryimage"},"thumbnailUrl":"https:\/\/greenchalets.com\/wp-content\/uploads\/2016\/01\/facebook.png","datePublished":"2017-11-08T22:15:18+00:00","dateModified":"2025-06-07T16:17:28+00:00","description":"Camping Internacional Palamos Die Costa Brava in Nordspanien ist ein sehr beliebtes Urlaubsziel f\u00fcr Sonnenanbeter, die einen Strandurlaub machen m\u00f6chten.","breadcrumb":{"@id":"https:\/\/greenchalets.com\/du\/camping-internacional-palamos\/#breadcrumb"},"inLanguage":"nl-NL","potentialAction":[{"@type":"ReadAction","target":["https:\/\/greenchalets.com\/du\/camping-internacional-palamos\/"]}]},{"@type":"ImageObject","inLanguage":"nl-NL","@id":"https:\/\/greenchalets.com\/du\/camping-internacional-palamos\/#primaryimage","url":"https:\/\/greenchalets.com\/wp-content\/uploads\/2016\/01\/facebook.png","contentUrl":"https:\/\/greenchalets.com\/wp-content\/uploads\/2016\/01\/facebook.png"},{"@type":"BreadcrumbList","@id":"https:\/\/greenchalets.com\/du\/camping-internacional-palamos\/#breadcrumb","itemListElement":[{"@type":"ListItem","position":1,"name":"Home","item":"https:\/\/greenchalets.com\/du\/"},{"@type":"ListItem","position":2,"name":"Camping Internacional Palamos"}]},{"@type":"WebSite","@id":"https:\/\/greenchalets.com\/du\/#website","url":"https:\/\/greenchalets.com\/du\/","name":"Greenchalets DU","description":"Greenchalets Mobilheime, Campingurlaub","potentialAction":[{"@type":"SearchAction","target":{"@type":"EntryPoint","urlTemplate":"https:\/\/greenchalets.com\/du\/?s={search_term_string}"},"query-input":{"@type":"PropertyValueSpecification","valueRequired":true,"valueName":"search_term_string"}}],"inLanguage":"nl-NL"}]}},"_links":{"self":[{"href":"https:\/\/greenchalets.com\/du\/wp-json\/wp\/v2\/pages\/1785","targetHints":{"allow":["GET"]}}],"collection":[{"href":"https:\/\/greenchalets.com\/du\/wp-json\/wp\/v2\/pages"}],"about":[{"href":"https:\/\/greenchalets.com\/du\/wp-json\/wp\/v2\/types\/page"}],"author":[{"embeddable":true,"href":"https:\/\/greenchalets.com\/du\/wp-json\/wp\/v2\/users\/3"}],"replies":[{"embeddable":true,"href":"https:\/\/greenchalets.com\/du\/wp-json\/wp\/v2\/comments?post=1785"}],"version-history":[{"count":0,"href":"https:\/\/greenchalets.com\/du\/wp-json\/wp\/v2\/pages\/1785\/revisions"}],"wp:attachment":[{"href":"https:\/\/greenchalets.com\/du\/wp-json\/wp\/v2\/media?parent=1785"}],"curies":[{"name":"wp","href":"https:\/\/api.w.org\/{rel}","templated":true}]}}